{"id":10994,"date":"2020-06-03T12:17:37","date_gmt":"2020-06-03T12:17:37","guid":{"rendered":"https:\/\/lfipalma.es\/libros\/"},"modified":"2021-06-17T06:53:47","modified_gmt":"2021-06-17T06:53:47","slug":"livres","status":"publish","type":"page","link":"https:\/\/lfipalma.es\/fr\/livres\/","title":{"rendered":"Bourse aux Livres"},"content":{"rendered":"<p>[vc_row][vc_column width=\u00a0\u00bb1\/6&Prime;][\/vc_column][vc_column width=\u00a0\u00bb1\/3&Prime;][vc_btn title=\u00a0\u00bbAjouter un livre\u00a0\u00bb color=\u00a0\u00bbgreen\u00a0\u00bb size=\u00a0\u00bblg\u00a0\u00bb align=\u00a0\u00bbright\u00a0\u00bb i_icon_fontawesome=\u00a0\u00bbfas fa-book-medical\u00a0\u00bb add_icon=\u00a0\u00bbtrue\u00a0\u00bb link=\u00a0\u00bburl:https%3A%2F%2Flfipalma.es%2Ffr%2Fajouter-un-livre%2F|title:Ajouter%20un%20livre||\u00a0\u00bb][\/vc_column][vc_column width=\u00a0\u00bb1\/3&Prime;][vc_btn title=\u00a0\u00bbEditer mes livres\u00a0\u00bb color=\u00a0\u00bbsky\u00a0\u00bb size=\u00a0\u00bblg\u00a0\u00bb i_icon_fontawesome=\u00a0\u00bbfas fa-book\u00a0\u00bb add_icon=\u00a0\u00bbtrue\u00a0\u00bb link=\u00a0\u00bburl:https%3A%2F%2Flfipalma.es%2Ffr%2Fmes-livres%2F|title:Editer%20mes%20livres||\u00a0\u00bb][\/vc_column][vc_column width=\u00a0\u00bb1\/6&Prime;][\/vc_column][\/vc_row][vc_row][vc_column width=\u00a0\u00bb1\/6&Prime;][\/vc_column][vc_column width=\u00a0\u00bb2\/3&Prime;][vc_column_text]<div class=\"job_listings\" data-location=\"\" data-keywords=\"\" data-show_filters=\"true\" data-show_pagination=\"false\" data-per_page=\"30\" data-orderby=\"featured\" data-order=\"DESC\" data-categories=\"\" data-disable-form-state-storage=\"\" data-featured_first=\"false\" data-post_id=\"10994\" >\n<form class=\"job_filters\">\n\t\n\t<div class=\"search_jobs\">\n\t\t\n\t\t<div class=\"search_keywords\">\n\t\t\t<label for=\"search_keywords\">Mots-cl\u00e9s<\/label>\n\t\t\t<input type=\"text\" name=\"search_keywords\" id=\"search_keywords\" placeholder=\"Mots-cl\u00e9s\" value=\"\" \/>\n\t\t<\/div>\n\n\t\t<div class=\"search_location\">\n\t\t\t<label for=\"search_location\">Localisation<\/label>\n\t\t\t<input type=\"text\" name=\"search_location\" id=\"search_location\" placeholder=\"Localisation\" value=\"\" \/>\n\t\t<\/div>\n\n\t\t\t\t\t<div class=\"search_remote_position\">\n\t\t\t\t<input type=\"checkbox\" class=\"input-checkbox\" name=\"remote_position\" id=\"remote_position\" placeholder=\"Localisation\" value=\"1\"  \/>\n\t\t\t\t<label for=\"remote_position\" id=\"remote_position_label\">Postes en t\u00e9l\u00e9travail uniquement<\/label>\n\t\t\t<\/div>\n\t\t\n\t\t<div style=\"clear: both\"><\/div>\n\n\t\t\t\t\t<div class=\"search_categories\">\n\t\t\t\t<label for=\"search_categories\">Cat\u00e9gorie<\/label>\n\t\t\t\t\t\t\t\t\t<select name='search_categories[]' id='search_categories' class='job-manager-category-dropdown ' multiple='multiple' data-placeholder='Choisissez une cat\u00e9gorie&hellip;' data-no_results_text='Aucun r\u00e9sultat' data-multiple_text='Choisir une option'>\n\t<option class=\"level-0\" value=\"81\">1 \u00e8re<\/option>\n\t<option class=\"level-0\" value=\"80\">2 nd<\/option>\n\t<option class=\"level-0\" value=\"79\">3 \u00e8me<\/option>\n\t<option class=\"level-0\" value=\"78\">4 \u00e8me<\/option>\n\t<option class=\"level-0\" value=\"77\">5 \u00e8me<\/option>\n\t<option class=\"level-0\" value=\"76\">6 \u00e8me<\/option>\n\t<option class=\"level-0\" value=\"62\">CE1<\/option>\n\t<option class=\"level-0\" value=\"73\">CE2<\/option>\n\t<option class=\"level-0\" value=\"82\">Terminale<\/option>\n<\/select>\n\t\t\t\t\t\t\t<\/div>\n\t\t\n\t\t\t\t\t<div class=\"search_submit\">\n\t\t\t\t<input type=\"submit\" value=\"Rechercher des offres d\u2019emploi\">\n\t\t\t<\/div>\n\t\t\n\t\t\t<\/div>\n\n\t\t<ul class=\"job_types\">\n\t\t\t\t\t<li><label for=\"job_type_allemand\" class=\"allemand\"><input type=\"checkbox\" name=\"filter_job_type[]\" value=\"allemand\"  checked='checked' id=\"job_type_allemand\" \/> Allemand<\/label><\/li>\n\t\t\t\t\t<li><label for=\"job_type_anglais\" class=\"anglais\"><input type=\"checkbox\" name=\"filter_job_type[]\" value=\"anglais\"  checked='checked' id=\"job_type_anglais\" \/> Anglais<\/label><\/li>\n\t\t\t\t\t<li><label for=\"job_type_autre\" class=\"autre\"><input type=\"checkbox\" name=\"filter_job_type[]\" value=\"autre\"  checked='checked' id=\"job_type_autre\" \/> Autre<\/label><\/li>\n\t\t\t\t\t<li><label for=\"job_type_catalan-fr\" class=\"catalan\"><input type=\"checkbox\" name=\"filter_job_type[]\" value=\"catalan-fr\"  checked='checked' id=\"job_type_catalan-fr\" \/> Catalan<\/label><\/li>\n\t\t\t\t\t<li><label for=\"job_type_espagnol\" class=\"espagnol\"><input type=\"checkbox\" name=\"filter_job_type[]\" value=\"espagnol\"  checked='checked' id=\"job_type_espagnol\" \/> Espagnol<\/label><\/li>\n\t\t\t\t\t<li><label for=\"job_type_francais\" class=\"francais\"><input type=\"checkbox\" name=\"filter_job_type[]\" value=\"francais\"  checked='checked' id=\"job_type_francais\" \/> Fran\u00e7ais<\/label><\/li>\n\t\t\t\t\t<li><label for=\"job_type_histoires-geographie\" class=\"histoires-geographie\"><input type=\"checkbox\" name=\"filter_job_type[]\" value=\"histoires-geographie\"  checked='checked' id=\"job_type_histoires-geographie\" \/> Histoires G\u00e9ographie<\/label><\/li>\n\t\t\t\t\t<li><label for=\"job_type_mathemathiques\" class=\"mathemathiques\"><input type=\"checkbox\" name=\"filter_job_type[]\" value=\"mathemathiques\"  checked='checked' id=\"job_type_mathemathiques\" \/> Mathemathiques<\/label><\/li>\n\t\t\t\t\t<li><label for=\"job_type_physique\" class=\"physique\"><input type=\"checkbox\" name=\"filter_job_type[]\" value=\"physique\"  checked='checked' id=\"job_type_physique\" \/> Physique<\/label><\/li>\n\t\t\t\t\t<li><label for=\"job_type_sciences-de-la-vie-et-de-la-terre-s-v-t\" class=\"sciences-de-la-vie-et-de-la-terre-s-v-t\"><input type=\"checkbox\" name=\"filter_job_type[]\" value=\"sciences-de-la-vie-et-de-la-terre-s-v-t\"  checked='checked' id=\"job_type_sciences-de-la-vie-et-de-la-terre-s-v-t\" \/> Sciences de la Vie et de la Terre S.V.T.<\/label><\/li>\n\t\t\t\t\t<li><label for=\"job_type_technologie\" class=\"technologie\"><input type=\"checkbox\" name=\"filter_job_type[]\" value=\"technologie\"  checked='checked' id=\"job_type_technologie\" \/> Technologie<\/label><\/li>\n\t\t\t<\/ul>\n\t<input type=\"hidden\" name=\"filter_job_type[]\" value=\"\" \/>\n<div class=\"showing_jobs\"><\/div><\/form>\n\n\n<noscript>Votre navigateur ne supporte pas JavaScript, ou bien JavaScript est d\u00e9sactiv\u00e9. JavaScript doit \u00eatre activ\u00e9 pour pouvoir visualiser des postes.<\/noscript>\n<ul class=\"job_listings\">\n<\/ul>\n<a class=\"load_more_jobs\" href=\"#\" style=\"display:none;\"><strong>Afficher plus d\u2019offres<\/strong><\/a><\/div>[\/vc_column_text][\/vc_column][vc_column width=\u00a0\u00bb1\/6&Prime;][\/vc_column][\/vc_row]<\/p>\n","protected":false},"excerpt":{"rendered":"<p>[vc_row][vc_column width=\u00a0\u00bb1\/6&Prime;][\/vc_column][vc_column width=\u00a0\u00bb1\/3&Prime;][vc_btn title=\u00a0\u00bbAjouter un livre\u00a0\u00bb color=\u00a0\u00bbgreen\u00a0\u00bb size=\u00a0\u00bblg\u00a0\u00bb align=\u00a0\u00bbright\u00a0\u00bb i_icon_fontawesome=\u00a0\u00bbfas fa-book-medical\u00a0\u00bb add_icon=\u00a0\u00bbtrue\u00a0\u00bb link=\u00a0\u00bburl:https%3A%2F%2Flfipalma.es%2Ffr%2Fajouter-un-livre%2F|title:Ajouter%20un%20livre||\u00a0\u00bb][\/vc_column][vc_column width=\u00a0\u00bb1\/3&Prime;][vc_btn title=\u00a0\u00bbEditer mes livres\u00a0\u00bb color=\u00a0\u00bbsky\u00a0\u00bb size=\u00a0\u00bblg\u00a0\u00bb i_icon_fontawesome=\u00a0\u00bbfas fa-book\u00a0\u00bb add_icon=\u00a0\u00bbtrue\u00a0\u00bb link=\u00a0\u00bburl:https%3A%2F%2Flfipalma.es%2Ffr%2Fmes-livres%2F|title:Editer%20mes%20livres||\u00a0\u00bb][\/vc_column][vc_column width=\u00a0\u00bb1\/6&Prime;][\/vc_column][\/vc_row][vc_row][vc_column width=\u00a0\u00bb1\/6&Prime;][\/vc_column][vc_column width=\u00a0\u00bb2\/3&Prime;][vc_column_text][\/vc_column_text][\/vc_column][vc_column width=\u00a0\u00bb1\/6&Prime;][\/vc_column][\/vc_row]<\/p>\n","protected":false},"author":1,"featured_media":0,"parent":0,"menu_order":0,"comment_status":"closed","ping_status":"closed","template":"","meta":{"_monsterinsights_skip_tracking":false,"_monsterinsights_sitenote_active":false,"_monsterinsights_sitenote_note":"","_monsterinsights_sitenote_category":0,"_uf_show_specific_survey":0,"_uf_disable_surveys":false,"footnotes":""},"aioseo_notices":[],"_links":{"self":[{"href":"https:\/\/lfipalma.es\/fr\/wp-json\/wp\/v2\/pages\/10994"}],"collection":[{"href":"https:\/\/lfipalma.es\/fr\/wp-json\/wp\/v2\/pages"}],"about":[{"href":"https:\/\/lfipalma.es\/fr\/wp-json\/wp\/v2\/types\/page"}],"author":[{"embeddable":true,"href":"https:\/\/lfipalma.es\/fr\/wp-json\/wp\/v2\/users\/1"}],"replies":[{"embeddable":true,"href":"https:\/\/lfipalma.es\/fr\/wp-json\/wp\/v2\/comments?post=10994"}],"version-history":[{"count":0,"href":"https:\/\/lfipalma.es\/fr\/wp-json\/wp\/v2\/pages\/10994\/revisions"}],"wp:attachment":[{"href":"https:\/\/lfipalma.es\/fr\/wp-json\/wp\/v2\/media?parent=10994"}],"curies":[{"name":"wp","href":"https:\/\/api.w.org\/{rel}","templated":true}]}}