{"id":11007,"date":"2020-06-03T12:13:42","date_gmt":"2020-06-03T12:13:42","guid":{"rendered":"https:\/\/lfipalma.es\/agregar-libro\/"},"modified":"2020-06-19T09:17:03","modified_gmt":"2020-06-19T09:17:03","slug":"ajouter-un-livre","status":"publish","type":"page","link":"https:\/\/lfipalma.es\/fr\/ajouter-un-livre\/","title":{"rendered":"Ajouter un livre"},"content":{"rendered":"<p>[vc_row][vc_column width=\u00a0\u00bb1\/6&Prime;][\/vc_column][vc_column width=\u00a0\u00bb2\/3&Prime;][vc_column_text]<form action=\"\/fr\/wp-json\/wp\/v2\/pages\/11007\" method=\"post\" id=\"submit-job-form\" class=\"job-manager-form\" enctype=\"multipart\/form-data\">\n\n\t\n\t\n\t\n\t\t\t<fieldset class=\"fieldset-login_required\">\n\t\t<label>Avez-vous d\u00e9j\u00e0 un compte\u00a0?<\/label>\n\t\t<div class=\"field account-sign-in\">\n\t\t\t<a class=\"button\" href=\"https:\/\/lfipalma.es\/wp-login.php?redirect_to=https%3A%2F%2Flfipalma.es%2Ffr%2Fajouter-un-livre%2F\">Connectez-vous<\/a>\n\n\t\t\t\n\t\t\t\tSi vous n\u2019avez pas encore de compte vous pouvez en cr\u00e9er un ci-dessous en saisissant votre adresse e-mail ou identifiant.\t\t\t\t\t\t\t\t\tLes d\u00e9tails de votre compte seront confirm\u00e9s par e-mail.\t\t\t\t\n\t\t\t\t\t<\/div>\n\t<\/fieldset>\n\t\t\t\t<fieldset class=\"fieldset-create_account_email\">\n\t\t\t\t<label\n\t\t\t\t\tfor=\"create_account_email\">Votre adresse e-mail <small>(optionnel)<\/small><\/label>\n\t\t\t\t<div class=\"field \">\n\t\t\t\t\t<input type=\"text\" class=\"input-text\" name=\"create_account_email\" id=\"create_account_email\" placeholder=\"you@yourdomain.com\" value=\"\" maxlength=\"\"  \/>\n\t\t\t\t<\/div>\n\t\t\t<\/fieldset>\n\t\t\t\n\t\n\t\n\t\t<!-- Job Information Fields -->\n\t\t\n\t\t\t\t\t<fieldset class=\"fieldset-job_title fieldset-type-text\">\n\t\t\t\t<label for=\"job_title\">Nom de l\u2019offre d\u2019emploi<\/label>\n\t\t\t\t<div class=\"field required-field\">\n\t\t\t\t\t<input type=\"text\" class=\"input-text\" name=\"job_title\" id=\"job_title\" placeholder=\"\" value=\"\" maxlength=\"\" required \/>\n\t\t\t\t<\/div>\n\t\t\t<\/fieldset>\n\t\t\t\t\t<fieldset class=\"fieldset-job_location fieldset-type-text\">\n\t\t\t\t<label for=\"job_location\">Localisation <small>(optionnel)<\/small><\/label>\n\t\t\t\t<div class=\"field \">\n\t\t\t\t\t<input type=\"text\" class=\"input-text\" name=\"job_location\" id=\"job_location\" placeholder=\"Par exemple \u00ab\u00a0Paris\u00a0\u00bb\" value=\"\" maxlength=\"\"  \/>\n<small class=\"description\">Laissez vide si l\u2019offre peut \u00eatre pourvue depuis n\u2019importe o\u00f9 (ex\u00a0: t\u00e9l\u00e9travail)<\/small>\t\t\t\t<\/div>\n\t\t\t<\/fieldset>\n\t\t\t\t\t<fieldset class=\"fieldset-remote_position fieldset-type-checkbox\">\n\t\t\t\t<label for=\"remote_position\">Emploi en distanciel <small>(optionnel)<\/small><\/label>\n\t\t\t\t<div class=\"field \">\n\t\t\t\t\t<input type=\"checkbox\" class=\"input-checkbox\" name=\"remote_position\" id=\"remote_position\"  value=\"1\"  \/>\n<small class=\"description\">S\u00e9lectionnez ceci si le poste est en distanciel.<\/small>\t\t\t\t<\/div>\n\t\t\t<\/fieldset>\n\t\t\t\t\t<fieldset class=\"fieldset-job_type fieldset-type-term-multiselect\">\n\t\t\t\t<label for=\"job_type\">Type d\u2019offre d\u2019emploi<\/label>\n\t\t\t\t<div class=\"field required-field\">\n\t\t\t\t\t<select name='job_type[]' id='job_type' class='job-manager-category-dropdown ' multiple='multiple' data-placeholder='Choisir le type d\u2019offre d\u2019emploi&hellip;' data-no_results_text='Aucun r\u00e9sultat' data-multiple_text='Choisir une option'>\n\t<option class=\"level-0\" value=\"99\">Allemand<\/option>\n\t<option class=\"level-0\" value=\"97\">Anglais<\/option>\n\t<option class=\"level-0\" value=\"114\">Autre<\/option>\n\t<option class=\"level-0\" value=\"100\">Catalan<\/option>\n\t<option class=\"level-0\" value=\"60\">Espagnol<\/option>\n\t<option class=\"level-0\" value=\"101\">Fran\u00e7ais<\/option>\n\t<option class=\"level-0\" value=\"104\">Histoires G\u00e9ographie<\/option>\n\t<option class=\"level-0\" value=\"83\">Mathemathiques<\/option>\n\t<option class=\"level-0\" value=\"107\">Physique<\/option>\n\t<option class=\"level-0\" value=\"106\">Sciences de la Vie et de la Terre S.V.T.<\/option>\n\t<option class=\"level-0\" value=\"108\">Technologie<\/option>\n<\/select>\n\t\t\t\t<\/div>\n\t\t\t<\/fieldset>\n\t\t\t\t\t<fieldset class=\"fieldset-job_category fieldset-type-term-multiselect\">\n\t\t\t\t<label for=\"job_category\">Cat\u00e9gorie d\u2019offre d\u2019emploi<\/label>\n\t\t\t\t<div class=\"field required-field\">\n\t\t\t\t\t<select name='job_category[]' id='job_category' class='job-manager-category-dropdown ' multiple='multiple' data-placeholder='Choisissez une cat\u00e9gorie&hellip;' data-no_results_text='Aucun r\u00e9sultat' data-multiple_text='Choisir une option'>\n\t<option class=\"level-0\" value=\"81\">1 \u00e8re<\/option>\n\t<option class=\"level-0\" value=\"80\">2 nd<\/option>\n\t<option class=\"level-0\" value=\"79\">3 \u00e8me<\/option>\n\t<option class=\"level-0\" value=\"78\">4 \u00e8me<\/option>\n\t<option class=\"level-0\" value=\"77\">5 \u00e8me<\/option>\n\t<option class=\"level-0\" value=\"76\">6 \u00e8me<\/option>\n\t<option class=\"level-0\" value=\"62\">CE1<\/option>\n\t<option class=\"level-0\" value=\"73\">CE2<\/option>\n\t<option class=\"level-0\" value=\"74\">CM1<\/option>\n\t<option class=\"level-0\" value=\"75\">CM2<\/option>\n\t<option class=\"level-0\" value=\"61\">CP<\/option>\n\t<option class=\"level-0\" value=\"82\">Terminale<\/option>\n<\/select>\n\t\t\t\t<\/div>\n\t\t\t<\/fieldset>\n\t\t\t\t\t<fieldset class=\"fieldset-job_description fieldset-type-wp-editor\">\n\t\t\t\t<label for=\"job_description\">Description<\/label>\n\t\t\t\t<div class=\"field required-field\">\n\t\t\t\t\t<div id=\"wp-job_description-wrap\" class=\"wp-core-ui wp-editor-wrap tmce-active\"><link rel='stylesheet' id='dashicons-css' href='https:\/\/lfipalma.es\/wp-includes\/css\/dashicons.min.css?ver=6.5.2' type='text\/css' media='all' \/>\n<link rel='stylesheet' id='editor-buttons-css' href='https:\/\/lfipalma.es\/wp-includes\/css\/editor.min.css?ver=6.5.2' type='text\/css' media='all' \/>\n<style> .mce-top-part button { background-color: rgba(0,0,0,0.0) !important; } <\/style>\n<div id=\"wp-job_description-editor-container\" class=\"wp-editor-container\"><textarea class=\"wp-editor-area\" rows=\"8\" autocomplete=\"off\" cols=\"40\" name=\"job_description\" id=\"job_description\"><\/textarea><\/div>\n<\/div>\n\n\t\t\t\t<\/div>\n\t\t\t<\/fieldset>\n\t\t\t\t\t<fieldset class=\"fieldset-application fieldset-type-text\">\n\t\t\t\t<label for=\"application\">Courriel de candidature<\/label>\n\t\t\t\t<div class=\"field required-field\">\n\t\t\t\t\t<input type=\"text\" class=\"input-text\" name=\"application\" id=\"application\" placeholder=\"vous@exemple.com\" value=\"\" maxlength=\"\" required \/>\n\t\t\t\t<\/div>\n\t\t\t<\/fieldset>\n\t\t\n\t\t\n\t\t<!-- Company Information Fields -->\n\t\t\t\t\t<h2>D\u00e9tail de l\u2019entreprise\/organisation<\/h2>\n\n\t\t\t\n\t\t\t\t\t\t\t<fieldset class=\"fieldset-company_name fieldset-type-text\">\n\t\t\t\t\t<label for=\"company_name\">Nom de l\u2019entreprise<\/label>\n\t\t\t\t\t<div class=\"field required-field\">\n\t\t\t\t\t\t<input type=\"text\" class=\"input-text\" name=\"company_name\" id=\"company_name\" placeholder=\"Saisir le nom de l\u2019entreprise\" value=\"\" maxlength=\"\" required \/>\n\t\t\t\t\t<\/div>\n\t\t\t\t<\/fieldset>\n\t\t\t\t\t\t\t<fieldset class=\"fieldset-company_website fieldset-type-text\">\n\t\t\t\t\t<label for=\"company_website\">Site <small>(optionnel)<\/small><\/label>\n\t\t\t\t\t<div class=\"field \">\n\t\t\t\t\t\t<input type=\"text\" class=\"input-text\" name=\"company_website\" id=\"company_website\" placeholder=\"http:\/\/\" value=\"\" maxlength=\"\"  \/>\n\t\t\t\t\t<\/div>\n\t\t\t\t<\/fieldset>\n\t\t\t\t\t\t\t<fieldset class=\"fieldset-company_tagline fieldset-type-text\">\n\t\t\t\t\t<label for=\"company_tagline\">Slogan <small>(optionnel)<\/small><\/label>\n\t\t\t\t\t<div class=\"field \">\n\t\t\t\t\t\t<input type=\"text\" class=\"input-text\" name=\"company_tagline\" id=\"company_tagline\" placeholder=\"D\u00e9crire rapidement l\u2019entreprise\" value=\"\" maxlength=\"64\"  \/>\n\t\t\t\t\t<\/div>\n\t\t\t\t<\/fieldset>\n\t\t\t\t\t\t\t<fieldset class=\"fieldset-company_video fieldset-type-text\">\n\t\t\t\t\t<label for=\"company_video\">Vid\u00e9o <small>(optionnel)<\/small><\/label>\n\t\t\t\t\t<div class=\"field \">\n\t\t\t\t\t\t<input type=\"text\" class=\"input-text\" name=\"company_video\" id=\"company_video\" placeholder=\"Lien vers une vid\u00e9o pr\u00e9sentant votre soci\u00e9t\u00e9\" value=\"\" maxlength=\"\"  \/>\n\t\t\t\t\t<\/div>\n\t\t\t\t<\/fieldset>\n\t\t\t\t\t\t\t<fieldset class=\"fieldset-company_twitter fieldset-type-text\">\n\t\t\t\t\t<label for=\"company_twitter\">Compte Twitter <small>(optionnel)<\/small><\/label>\n\t\t\t\t\t<div class=\"field \">\n\t\t\t\t\t\t<input type=\"text\" class=\"input-text\" name=\"company_twitter\" id=\"company_twitter\" placeholder=\"@votreentreprise\" value=\"\" maxlength=\"\"  \/>\n\t\t\t\t\t<\/div>\n\t\t\t\t<\/fieldset>\n\t\t\t\t\t\t\t<fieldset class=\"fieldset-company_logo fieldset-type-file\">\n\t\t\t\t\t<label for=\"company_logo\">Logo <small>(optionnel)<\/small><\/label>\n\t\t\t\t\t<div class=\"field \">\n\t\t\t\t\t\t<div class=\"job-manager-uploaded-files\">\n\t<\/div>\n\n<input\n\ttype=\"file\"\n\tclass=\"input-text\"\n\tdata-file_types=\"jpg|jpeg|gif|png\"\n\t\t\t\tname=\"company_logo\"\n\tid=\"company_logo\"\n\tplaceholder=\"\"\n\/>\n<small class=\"description\">\n\t\t\tTaille maximale du fichier\u00a0: 128 Mo.\t<\/small>\n\t\t\t\t\t<\/div>\n\t\t\t\t<\/fieldset>\n\t\t\t\n\t\t\t\t\t\n\t\t\n\t\t<p>\n\t\t\t<input type=\"hidden\" name=\"job_manager_form\" value=\"submit-job\" \/>\n\t\t\t<input type=\"hidden\" name=\"job_id\" value=\"0\" \/>\n\t\t\t<input type=\"hidden\" name=\"step\" value=\"0\" \/>\n\t\t\t<input type=\"submit\" name=\"submit_job\" class=\"button\" value=\"Pr\u00e9visualiser\" \/>\n\t\t\t\t\t\t<span class=\"spinner\" style=\"background-image: url(https:\/\/lfipalma.es\/wp-includes\/images\/spinner.gif);\"><\/span>\n\t\t<\/p>\n\n\t<\/form>\n[\/vc_column_text][\/vc_column][vc_column width=\u00a0\u00bb1\/6&Prime;][\/vc_column][\/vc_row]<\/p>\n","protected":false},"excerpt":{"rendered":"<p>[vc_row][vc_column width=\u00a0\u00bb1\/6&Prime;][\/vc_column][vc_column width=\u00a0\u00bb2\/3&Prime;][vc_column_text][\/vc_column_text][\/vc_column][vc_column width=\u00a0\u00bb1\/6&Prime;][\/vc_column][\/vc_row]<\/p>\n","protected":false},"author":1,"featured_media":0,"parent":0,"menu_order":0,"comment_status":"closed","ping_status":"closed","template":"","meta":{"_monsterinsights_skip_tracking":false,"_monsterinsights_sitenote_active":false,"_monsterinsights_sitenote_note":"","_monsterinsights_sitenote_category":0,"_uf_show_specific_survey":0,"_uf_disable_surveys":false,"footnotes":""},"aioseo_notices":[],"_links":{"self":[{"href":"https:\/\/lfipalma.es\/fr\/wp-json\/wp\/v2\/pages\/11007"}],"collection":[{"href":"https:\/\/lfipalma.es\/fr\/wp-json\/wp\/v2\/pages"}],"about":[{"href":"https:\/\/lfipalma.es\/fr\/wp-json\/wp\/v2\/types\/page"}],"author":[{"embeddable":true,"href":"https:\/\/lfipalma.es\/fr\/wp-json\/wp\/v2\/users\/1"}],"replies":[{"embeddable":true,"href":"https:\/\/lfipalma.es\/fr\/wp-json\/wp\/v2\/comments?post=11007"}],"version-history":[{"count":0,"href":"https:\/\/lfipalma.es\/fr\/wp-json\/wp\/v2\/pages\/11007\/revisions"}],"wp:attachment":[{"href":"https:\/\/lfipalma.es\/fr\/wp-json\/wp\/v2\/media?parent=11007"}],"curies":[{"name":"wp","href":"https:\/\/api.w.org\/{rel}","templated":true}]}}