{"id":13967,"date":"2021-09-08T13:23:49","date_gmt":"2021-09-08T11:23:49","guid":{"rendered":"https:\/\/lfipalma.es\/?page_id=13967"},"modified":"2024-09-20T13:53:13","modified_gmt":"2024-09-20T11:53:13","slug":"flm","status":"publish","type":"page","link":"https:\/\/lfipalma.es\/fr\/flm\/","title":{"rendered":"FLM"},"content":{"rendered":"<p>[vc_row][vc_column]<h2 style=\"color:;\" class=\" ztl-accent-font ztl-center ztl-font-normal\">Dispositif Fran\u00e7ais Langue Maternelle<\/h2><div class=\"ztl-divider  center primary \">\r\n                <span style=\"border-color:; \" class=\"circle\">\r\n                    <span style=\"background-color:; \"><\/span>\r\n                    <span style=\"background-color:; \"><\/span>\r\n                <\/span>\r\n            <\/div>[vc_empty_space height=\u00a0\u00bb60px\u00a0\u00bb][vc_empty_space height=\u00a0\u00bb460px\u00a0\u00bb css=\u00a0\u00bb.vc_custom_1631098994460{background-image: url(https:\/\/lfipalma.es\/wp-content\/uploads\/2021\/09\/DSC09560-scaled.jpg?id=13974) !important;background-position: center !important;background-repeat: no-repeat !important;background-size: cover !important;}\u00a0\u00bb][vc_empty_space height=\u00a0\u00bb20px\u00a0\u00bb][\/vc_column][\/vc_row][vc_row][vc_column]<h3 style=\"color:#cc2626;\" class=\" ztl-accent-font ztl-left ztl-font-normal\">1. Objectifs du dispositif<\/h3>[vc_column_text]Le programme Fran\u00e7ais Langue Maternelle est destin\u00e9 notamment aux enfants de Fran\u00e7ais scolaris\u00e9s dans le syst\u00e8me local non francophone ou dans une \u00e9cole internationale de langue anglaise pour leur permettre de maintenir ou d\u00e9velopper leur connaissance de la langue fran\u00e7aise.<\/p>\n<p>Il s\u2019adresse aux enfants d\u2019un niveau scolaire correspondant \u00e0 la grande section de maternelle jusqu&rsquo;\u00e0 la fin de l\u2019\u00e9l\u00e9mentaire.<\/p>\n<p>L\u2019objectif est l\u2019acquisition de la litt\u00e9ratie en langue fran\u00e7aise d\u2019enfants qui parlent d\u00e9j\u00e0 la langue. Il ne s\u2019agit pas de cours de fran\u00e7ais de langue \u00e9trang\u00e8re.<\/p>\n<p>Qu\u2019est-ce que la litt\u00e9ratie\u00a0? C\u2019est la capacit\u00e9 \u00e0 lire un texte simple en le comprenant, \u00e0 utiliser et \u00e0 communiquer une information \u00e9crite dans la vie courante.[\/vc_column_text][\/vc_column][\/vc_row][vc_row][vc_column]<h3 style=\"color:#cc2626;\" class=\" ztl-accent-font ztl-left ztl-font-normal\">2. Public<\/h3>[vc_column_text]Enfants francophones \u00e2g\u00e9s de 5 \u00e0 10 r\u00e9partis en deux groupes\u00a0(minimum 8 \u00e9l\u00e8ves \/ groupe) :<\/p>\n<ul>\n<li><strong>5 \u00e0 7 ans<\/strong><\/li>\n<li><strong>8 \u00e0 11 ans<\/strong><\/li>\n<\/ul>\n<p>[\/vc_column_text][\/vc_column][\/vc_row][vc_row][vc_column][vc_empty_space height=\u00a0\u00bb60px\u00a0\u00bb][vc_empty_space height=\u00a0\u00bb460px\u00a0\u00bb css=\u00a0\u00bb.vc_custom_1631099901308{background-image: url(https:\/\/lfipalma.es\/wp-content\/uploads\/2021\/09\/MG_6279-scaled.jpg?id=13968) !important;background-position: center !important;background-repeat: no-repeat !important;background-size: cover !important;}\u00a0\u00bb][vc_empty_space height=\u00a0\u00bb20px\u00a0\u00bb][\/vc_column][\/vc_row][vc_row][vc_column]<h3 style=\"color:#cc2626;\" class=\" ztl-accent-font ztl-left ztl-font-normal\">3. Enseignants<\/h3>[vc_column_text]Professeurs de primaire du Lyc\u00e9e fran\u00e7ais international de Palma[\/vc_column_text][\/vc_column][\/vc_row][vc_row][vc_column]<h3 style=\"color:#cc2626;\" class=\" ztl-accent-font ztl-left ztl-font-normal\">4. Co\u00fbt &amp; Inscriptions<\/h3>[vc_column_text]50 euros \/ mois (9 mois), soit 450 euros par an.<\/p>\n<p>Le dispositif est g\u00e9r\u00e9 par <a href=\"https:\/\/www.thebrainfactory.eu\/es\/\"><strong>The Brain Factory<\/strong><\/a>, le partenaire du LFiP pour les activit\u00e9s extra scolaires.<\/p>\n<p>Inscriptions : <a title=\"alta online\" href=\"https:\/\/thebrainfactory.simun.es\/crm\/altaonline\/altap.asp?id=482&amp;pid=3140C26F-7C06-4327-B2F6-2AF2AD5FB209\" target=\"_blank\" rel=\"noopener\">en ligne<\/a><\/p>\n<p>Plus d&rsquo;informations sur <a class=\"\" href=\"mailto:mallorca@thebrainfactory.eu\" data-linkindex=\"1\">mallorca@thebrainfactory.eu<\/a><span class=\"\">\u00a0<\/span>[\/vc_column_text][\/vc_column][\/vc_row][vc_row][vc_column][vc_empty_space height=\u00a0\u00bb60px\u00a0\u00bb][vc_empty_space height=\u00a0\u00bb460px\u00a0\u00bb css=\u00a0\u00bb.vc_custom_1631100175440{background-image: url(https:\/\/lfipalma.es\/wp-content\/uploads\/2021\/09\/DSC09496-scaled.jpg?id=13970) !important;background-position: center !important;background-repeat: no-repeat !important;background-size: cover !important;}\u00a0\u00bb][vc_empty_space height=\u00a0\u00bb20px\u00a0\u00bb][\/vc_column][\/vc_row][vc_row][vc_column]<h3 style=\"color:#cc2626;\" class=\" ztl-accent-font ztl-left ztl-font-normal\">5. Calendrier<\/h3>[vc_column_text]Deux heures par semaine,<\/p>\n<ul>\n<li>Mardi apr\u00e8s-midi de 17h15 \u00e0 19h15<\/li>\n<li>Samedi matin, de 10h \u00e0 12h.<\/li>\n<\/ul>\n<p>32 semaines par an[\/vc_column_text][\/vc_column][\/vc_row][vc_row][vc_column][vc_empty_space height=\u00a0\u00bb60px\u00a0\u00bb][vc_empty_space height=\u00a0\u00bb460px\u00a0\u00bb css=\u00a0\u00bb.vc_custom_1631100190796{background-image: url(https:\/\/lfipalma.es\/wp-content\/uploads\/2021\/09\/DSC09529-scaled.jpg?id=13972) !important;background-position: center !important;background-repeat: no-repeat !important;background-size: cover !important;}\u00a0\u00bb][vc_empty_space height=\u00a0\u00bb60px\u00a0\u00bb][\/vc_column][\/vc_row]<\/p>\n","protected":false},"excerpt":{"rendered":"<p>[vc_row][vc_column][vc_empty_space height=\u00a0\u00bb60px\u00a0\u00bb][vc_empty_space height=\u00a0\u00bb460px\u00a0\u00bb css=\u00a0\u00bb.vc_custom_1631098994460{background-image: url(https:\/\/lfipalma.es\/wp-content\/uploads\/2021\/09\/DSC09560-scaled.jpg?id=13974) !important;background-position: center !important;background-repeat: no-repeat !important;background-size: cover !important;}\u00a0\u00bb][vc_empty_space height=\u00a0\u00bb20px\u00a0\u00bb][\/vc_column][\/vc_row][vc_row][vc_column][vc_column_text]Le programme Fran\u00e7ais Langue Maternelle est destin\u00e9 notamment aux enfants de Fran\u00e7ais scolaris\u00e9s dans le syst\u00e8me local non francophone ou dans une \u00e9cole internationale de langue anglaise pour leur permettre de maintenir ou d\u00e9velopper leur connaissance de la langue fran\u00e7aise. Il s\u2019adresse aux [&hellip;]<\/p>\n","protected":false},"author":1,"featured_media":0,"parent":0,"menu_order":0,"comment_status":"closed","ping_status":"closed","template":"","meta":{"_monsterinsights_skip_tracking":false,"_monsterinsights_sitenote_active":false,"_monsterinsights_sitenote_note":"","_monsterinsights_sitenote_category":0,"_uf_show_specific_survey":0,"_uf_disable_surveys":false,"footnotes":""},"aioseo_notices":[],"_links":{"self":[{"href":"https:\/\/lfipalma.es\/fr\/wp-json\/wp\/v2\/pages\/13967"}],"collection":[{"href":"https:\/\/lfipalma.es\/fr\/wp-json\/wp\/v2\/pages"}],"about":[{"href":"https:\/\/lfipalma.es\/fr\/wp-json\/wp\/v2\/types\/page"}],"author":[{"embeddable":true,"href":"https:\/\/lfipalma.es\/fr\/wp-json\/wp\/v2\/users\/1"}],"replies":[{"embeddable":true,"href":"https:\/\/lfipalma.es\/fr\/wp-json\/wp\/v2\/comments?post=13967"}],"version-history":[{"count":3,"href":"https:\/\/lfipalma.es\/fr\/wp-json\/wp\/v2\/pages\/13967\/revisions"}],"predecessor-version":[{"id":19606,"href":"https:\/\/lfipalma.es\/fr\/wp-json\/wp\/v2\/pages\/13967\/revisions\/19606"}],"wp:attachment":[{"href":"https:\/\/lfipalma.es\/fr\/wp-json\/wp\/v2\/media?parent=13967"}],"curies":[{"name":"wp","href":"https:\/\/api.w.org\/{rel}","templated":true}]}}