{"id":16762,"date":"2023-05-25T15:37:18","date_gmt":"2023-05-25T13:37:18","guid":{"rendered":"https:\/\/lfipalma.es\/colegio-sostenible\/"},"modified":"2024-10-07T14:26:36","modified_gmt":"2024-10-07T12:26:36","slug":"colegio-sostenible","status":"publish","type":"page","link":"https:\/\/lfipalma.es\/fr\/colegio-sostenible\/","title":{"rendered":"\u00c9cole durable"},"content":{"rendered":"\t\t<div data-elementor-type=\"wp-page\" data-elementor-id=\"16762\" class=\"elementor elementor-16762\" data-elementor-post-type=\"page\">\n\t\t\t\t\t\t<section class=\"elementor-section elementor-top-section elementor-element elementor-element-2fbd5bf elementor-section-boxed elementor-section-height-default elementor-section-height-default\" data-id=\"2fbd5bf\" data-element_type=\"section\">\n\t\t\t\t\t\t<div class=\"elementor-container elementor-column-gap-default\">\n\t\t\t\t\t<div class=\"elementor-column elementor-col-100 elementor-top-column elementor-element elementor-element-f60b009\" data-id=\"f60b009\" data-element_type=\"column\">\n\t\t\t<div class=\"elementor-widget-wrap elementor-element-populated\">\n\t\t\t\t\t\t<div class=\"elementor-element elementor-element-f06300b elementor-widget elementor-widget-spacer\" data-id=\"f06300b\" data-element_type=\"widget\" data-widget_type=\"spacer.default\">\n\t\t\t\t<div class=\"elementor-widget-container\">\n\t\t\t<style>\/*! elementor - v3.20.0 - 10-04-2024 *\/\n.elementor-column .elementor-spacer-inner{height:var(--spacer-size)}.e-con{--container-widget-width:100%}.e-con-inner>.elementor-widget-spacer,.e-con>.elementor-widget-spacer{width:var(--container-widget-width,var(--spacer-size));--align-self:var(--container-widget-align-self,initial);--flex-shrink:0}.e-con-inner>.elementor-widget-spacer>.elementor-widget-container,.e-con>.elementor-widget-spacer>.elementor-widget-container{height:100%;width:100%}.e-con-inner>.elementor-widget-spacer>.elementor-widget-container>.elementor-spacer,.e-con>.elementor-widget-spacer>.elementor-widget-container>.elementor-spacer{height:100%}.e-con-inner>.elementor-widget-spacer>.elementor-widget-container>.elementor-spacer>.elementor-spacer-inner,.e-con>.elementor-widget-spacer>.elementor-widget-container>.elementor-spacer>.elementor-spacer-inner{height:var(--container-widget-height,var(--spacer-size))}.e-con-inner>.elementor-widget-spacer.elementor-widget-empty,.e-con>.elementor-widget-spacer.elementor-widget-empty{position:relative;min-height:22px;min-width:22px}.e-con-inner>.elementor-widget-spacer.elementor-widget-empty .elementor-widget-empty-icon,.e-con>.elementor-widget-spacer.elementor-widget-empty .elementor-widget-empty-icon{position:absolute;top:0;bottom:0;left:0;right:0;margin:auto;padding:0;width:22px;height:22px}<\/style>\t\t<div class=\"elementor-spacer\">\n\t\t\t<div class=\"elementor-spacer-inner\"><\/div>\n\t\t<\/div>\n\t\t\t\t<\/div>\n\t\t\t\t<\/div>\n\t\t\t\t\t<\/div>\n\t\t<\/div>\n\t\t\t\t\t<\/div>\n\t\t<\/section>\n\t\t\t\t<section class=\"elementor-section elementor-top-section elementor-element elementor-element-40addaf elementor-section-boxed elementor-section-height-default elementor-section-height-default\" data-id=\"40addaf\" data-element_type=\"section\">\n\t\t\t\t\t\t<div class=\"elementor-container elementor-column-gap-default\">\n\t\t\t\t\t<div class=\"elementor-column elementor-col-100 elementor-top-column elementor-element elementor-element-68fd369\" data-id=\"68fd369\" data-element_type=\"column\">\n\t\t\t<div class=\"elementor-widget-wrap elementor-element-populated\">\n\t\t\t\t\t\t<div class=\"elementor-element elementor-element-b96fd73 elementor-widget elementor-widget-text-editor\" data-id=\"b96fd73\" data-element_type=\"widget\" data-widget_type=\"text-editor.default\">\n\t\t\t\t<div class=\"elementor-widget-container\">\n\t\t\t<style>\/*! elementor - v3.20.0 - 10-04-2024 *\/\n.elementor-widget-text-editor.elementor-drop-cap-view-stacked .elementor-drop-cap{background-color:#69727d;color:#fff}.elementor-widget-text-editor.elementor-drop-cap-view-framed .elementor-drop-cap{color:#69727d;border:3px solid;background-color:transparent}.elementor-widget-text-editor:not(.elementor-drop-cap-view-default) .elementor-drop-cap{margin-top:8px}.elementor-widget-text-editor:not(.elementor-drop-cap-view-default) .elementor-drop-cap-letter{width:1em;height:1em}.elementor-widget-text-editor .elementor-drop-cap{float:left;text-align:center;line-height:1;font-size:50px}.elementor-widget-text-editor .elementor-drop-cap-letter{display:inline-block}<\/style>\t\t\t\t<p>Le d\u00e9veloppement durable est un enjeu majeur pour notre soci\u00e9t\u00e9. Et le lyc\u00e9e FRAN\u00c7AIS INTERNATIONAL DE PALMA s&rsquo;engage \u00e0 sensibiliser ses \u00e9l\u00e8ves \u00e0 cette probl\u00e9matique et \u00e0 leur donner les moyens d&rsquo;agir de mani\u00e8re responsable. Pour cela, des actions sont men\u00e9es par notre \u00e9tablissement pour promouvoir l&rsquo;\u00e9ducation au d\u00e9veloppement durable et essayer ainsi de sensibiliser aux 17 Objectifs de D\u00e9veloppement Durable.\u00a0<\/p><p>Pour r\u00e9pondre \u00e0 l\u2019importance de cette th\u00e9matique et int\u00e9grer notre \u00e9tablissement dans la d\u00e9marche E3D, un comit\u00e9 de pilotage a \u00e9t\u00e9 cr\u00e9e au sein du LFiP.<\/p><p>Le comit\u00e9 pilotage \u00e0 la d\u00e9marche E3D du Lyc\u00e9e Fran\u00e7ais international de Palma (CELFiP) a pour r\u00f4le d&rsquo;aider au d\u00e9veloppement des domaines cl\u00e9s pour l&rsquo;int\u00e9gration d&rsquo;une d\u00e9marche de d\u00e9veloppement durable E3D au sein de l&rsquo;\u00e9tablissement. Ce comit\u00e9 est compos\u00e9 de plusieurs acteurs, notamment les \u00e9l\u00e8ves \u00e9co-d\u00e9l\u00e9gu\u00e9s, qui sont les repr\u00e9sentants des \u00e9l\u00e8ves de l&rsquo;E3D au sein de l&rsquo;\u00e9tablissement.\u00a0<\/p><p>Le projet principal de ce comit\u00e9 est de faire du Lyc\u00e9e Fran\u00e7ais international de Palma un \u00e9tablissement \u00e9co-responsable, int\u00e9gr\u00e9 dans une d\u00e9marche de d\u00e9veloppement durable E3D et essayer ainsi de sensibiliser aux 17 Objectifs de D\u00e9veloppement Durable.<\/p><p>\u00a0Pour ce faire, les \u00e9l\u00e8ves, coll\u00e9giens, lyc\u00e9ens, \u00e9quipes administratives, \u00e9ducatives et techniques sont invit\u00e9s \u00e0 s&rsquo;investir \u00e0 leur \u00e9chelle sur diff\u00e9rentes th\u00e9matiques telles que la pr\u00e9vention et la gestion des d\u00e9chets, l&rsquo;alimentation-sant\u00e9, la gestion de l&rsquo;\u00e9nergie et la biodiversit\u00e9. Le comit\u00e9 est \u00e9galement accompagn\u00e9 par des soci\u00e9t\u00e9s et des associations partenaires pour assurer un accompagnement diagnostique, technique, p\u00e9dagogique, mat\u00e9riel, logistique, voire financier.<\/p><p>Le r\u00f4le du comit\u00e9 est donc de piloter l&rsquo;Education au D\u00e9veloppement Durable au sein de l&rsquo;\u00e9cole ou de l&rsquo;\u00e9tablissement, d&rsquo;assurer une action p\u00e9dagogique, \u00e9ducative et de formation et de garantir une gestion durable de l&rsquo;\u00e9cole ou de l&rsquo;\u00e9tablissement. Ce projet s&rsquo;inscrit dans un axe important du projet d&rsquo;\u00e9tablissement, \u00e0 savoir d\u00e9velopper l&rsquo;ouverture de l&rsquo;\u00e9tablissement sur le monde et sensibiliser les \u00e9l\u00e8ves aux enjeux environnementaux.<\/p>\t\t\t\t\t\t<\/div>\n\t\t\t\t<\/div>\n\t\t\t\t\t<\/div>\n\t\t<\/div>\n\t\t\t\t\t<\/div>\n\t\t<\/section>\n\t\t\t\t<section class=\"elementor-section elementor-top-section elementor-element elementor-element-b33c8cd elementor-section-boxed elementor-section-height-default elementor-section-height-default\" data-id=\"b33c8cd\" data-element_type=\"section\">\n\t\t\t\t\t\t<div class=\"elementor-container elementor-column-gap-default\">\n\t\t\t\t\t<div class=\"elementor-column elementor-col-33 elementor-top-column elementor-element elementor-element-f4806d0\" data-id=\"f4806d0\" data-element_type=\"column\">\n\t\t\t<div class=\"elementor-widget-wrap\">\n\t\t\t\t\t\t\t<\/div>\n\t\t<\/div>\n\t\t\t\t<div class=\"elementor-column elementor-col-33 elementor-top-column elementor-element elementor-element-e11ab33\" data-id=\"e11ab33\" data-element_type=\"column\">\n\t\t\t<div class=\"elementor-widget-wrap elementor-element-populated\">\n\t\t\t\t\t\t<div class=\"elementor-element elementor-element-335f48f elementor-align-center elementor-widget elementor-widget-button\" data-id=\"335f48f\" data-element_type=\"widget\" data-widget_type=\"button.default\">\n\t\t\t\t<div class=\"elementor-widget-container\">\n\t\t\t\t\t<div class=\"elementor-button-wrapper\">\n\t\t\t<a class=\"elementor-button elementor-button-link elementor-size-sm\" href=\"https:\/\/lfipalma.es\/wp-content\/uploads\/2023\/05\/dossier-sostenibilidad.pdf\">\n\t\t\t\t\t\t<span class=\"elementor-button-content-wrapper\">\n\t\t\t\t\t\t<span class=\"elementor-button-text\">Telecharger<\/span>\n\t\t<\/span>\n\t\t\t\t\t<\/a>\n\t\t<\/div>\n\t\t\t\t<\/div>\n\t\t\t\t<\/div>\n\t\t\t\t\t<\/div>\n\t\t<\/div>\n\t\t\t\t<div class=\"elementor-column elementor-col-33 elementor-top-column elementor-element elementor-element-64305c1\" data-id=\"64305c1\" data-element_type=\"column\">\n\t\t\t<div class=\"elementor-widget-wrap\">\n\t\t\t\t\t\t\t<\/div>\n\t\t<\/div>\n\t\t\t\t\t<\/div>\n\t\t<\/section>\n\t\t\t\t<section class=\"elementor-section elementor-top-section elementor-element elementor-element-c4ad4b0 elementor-section-boxed elementor-section-height-default elementor-section-height-default\" data-id=\"c4ad4b0\" data-element_type=\"section\">\n\t\t\t\t\t\t<div class=\"elementor-container elementor-column-gap-default\">\n\t\t\t\t\t<div class=\"elementor-column elementor-col-33 elementor-top-column elementor-element elementor-element-bb3b098\" data-id=\"bb3b098\" data-element_type=\"column\">\n\t\t\t<div class=\"elementor-widget-wrap elementor-element-populated\">\n\t\t\t\t\t\t<div class=\"elementor-element elementor-element-b512686 elementor-widget elementor-widget-image\" data-id=\"b512686\" data-element_type=\"widget\" data-widget_type=\"image.default\">\n\t\t\t\t<div class=\"elementor-widget-container\">\n\t\t\t<style>\/*! elementor - v3.20.0 - 10-04-2024 *\/\n.elementor-widget-image{text-align:center}.elementor-widget-image a{display:inline-block}.elementor-widget-image a img[src$=\".svg\"]{width:48px}.elementor-widget-image img{vertical-align:middle;display:inline-block}<\/style>\t\t\t\t\t\t\t\t\t\t<img fetchpriority=\"high\" decoding=\"async\" width=\"768\" height=\"1024\" src=\"https:\/\/lfipalma.es\/wp-content\/uploads\/2023\/05\/WhatsApp-Image-2023-05-24-a-15.29.12-768x1024.jpg\" class=\"attachment-large size-large wp-image-16755\" alt=\"\" srcset=\"https:\/\/lfipalma.es\/wp-content\/uploads\/2023\/05\/WhatsApp-Image-2023-05-24-a-15.29.12-768x1024.jpg 768w, https:\/\/lfipalma.es\/wp-content\/uploads\/2023\/05\/WhatsApp-Image-2023-05-24-a-15.29.12-225x300.jpg 225w, https:\/\/lfipalma.es\/wp-content\/uploads\/2023\/05\/WhatsApp-Image-2023-05-24-a-15.29.12-1152x1536.jpg 1152w, https:\/\/lfipalma.es\/wp-content\/uploads\/2023\/05\/WhatsApp-Image-2023-05-24-a-15.29.12.jpg 1500w\" sizes=\"(max-width: 768px) 100vw, 768px\" \/>\t\t\t\t\t\t\t\t\t\t\t\t\t<\/div>\n\t\t\t\t<\/div>\n\t\t\t\t\t<\/div>\n\t\t<\/div>\n\t\t\t\t<div class=\"elementor-column elementor-col-33 elementor-top-column elementor-element elementor-element-236a162\" data-id=\"236a162\" data-element_type=\"column\">\n\t\t\t<div class=\"elementor-widget-wrap elementor-element-populated\">\n\t\t\t\t\t\t<div class=\"elementor-element elementor-element-ff82a7b elementor-widget elementor-widget-image\" data-id=\"ff82a7b\" data-element_type=\"widget\" data-widget_type=\"image.default\">\n\t\t\t\t<div class=\"elementor-widget-container\">\n\t\t\t\t\t\t\t\t\t\t\t\t\t<img decoding=\"async\" width=\"723\" height=\"1024\" src=\"https:\/\/lfipalma.es\/wp-content\/uploads\/2023\/05\/Green-Friday-1-723x1024.png\" class=\"attachment-large size-large wp-image-16753\" alt=\"\" srcset=\"https:\/\/lfipalma.es\/wp-content\/uploads\/2023\/05\/Green-Friday-1-723x1024.png 723w, https:\/\/lfipalma.es\/wp-content\/uploads\/2023\/05\/Green-Friday-1-212x300.png 212w, https:\/\/lfipalma.es\/wp-content\/uploads\/2023\/05\/Green-Friday-1-768x1087.png 768w, https:\/\/lfipalma.es\/wp-content\/uploads\/2023\/05\/Green-Friday-1.png 904w\" sizes=\"(max-width: 723px) 100vw, 723px\" \/>\t\t\t\t\t\t\t\t\t\t\t\t\t<\/div>\n\t\t\t\t<\/div>\n\t\t\t\t\t<\/div>\n\t\t<\/div>\n\t\t\t\t<div class=\"elementor-column elementor-col-33 elementor-top-column elementor-element elementor-element-0f511b5\" data-id=\"0f511b5\" data-element_type=\"column\">\n\t\t\t<div class=\"elementor-widget-wrap elementor-element-populated\">\n\t\t\t\t\t\t<div class=\"elementor-element elementor-element-704888c elementor-widget elementor-widget-image\" data-id=\"704888c\" data-element_type=\"widget\" data-widget_type=\"image.default\">\n\t\t\t\t<div class=\"elementor-widget-container\">\n\t\t\t\t\t\t\t\t\t\t\t\t\t<img decoding=\"async\" width=\"768\" height=\"1024\" src=\"https:\/\/lfipalma.es\/wp-content\/uploads\/2023\/05\/WhatsApp-Image-2023-05-24-a-15.29.13-768x1024.jpg\" class=\"attachment-large size-large wp-image-16757\" alt=\"\" srcset=\"https:\/\/lfipalma.es\/wp-content\/uploads\/2023\/05\/WhatsApp-Image-2023-05-24-a-15.29.13-768x1024.jpg 768w, https:\/\/lfipalma.es\/wp-content\/uploads\/2023\/05\/WhatsApp-Image-2023-05-24-a-15.29.13-225x300.jpg 225w, https:\/\/lfipalma.es\/wp-content\/uploads\/2023\/05\/WhatsApp-Image-2023-05-24-a-15.29.13-1152x1536.jpg 1152w, https:\/\/lfipalma.es\/wp-content\/uploads\/2023\/05\/WhatsApp-Image-2023-05-24-a-15.29.13.jpg 1500w\" sizes=\"(max-width: 768px) 100vw, 768px\" \/>\t\t\t\t\t\t\t\t\t\t\t\t\t<\/div>\n\t\t\t\t<\/div>\n\t\t\t\t\t<\/div>\n\t\t<\/div>\n\t\t\t\t\t<\/div>\n\t\t<\/section>\n\t\t\t\t<section class=\"elementor-section elementor-top-section elementor-element elementor-element-08c95f3 elementor-section-boxed elementor-section-height-default elementor-section-height-default\" data-id=\"08c95f3\" data-element_type=\"section\">\n\t\t\t\t\t\t<div class=\"elementor-container elementor-column-gap-default\">\n\t\t\t\t\t<div class=\"elementor-column elementor-col-100 elementor-top-column elementor-element elementor-element-a892610\" data-id=\"a892610\" data-element_type=\"column\">\n\t\t\t<div class=\"elementor-widget-wrap elementor-element-populated\">\n\t\t\t\t\t\t<div class=\"elementor-element elementor-element-cf382b1 elementor-widget elementor-widget-image\" data-id=\"cf382b1\" data-element_type=\"widget\" data-widget_type=\"image.default\">\n\t\t\t\t<div class=\"elementor-widget-container\">\n\t\t\t\t\t\t\t\t\t\t\t\t\t<img loading=\"lazy\" decoding=\"async\" width=\"600\" height=\"450\" src=\"https:\/\/lfipalma.es\/wp-content\/uploads\/2024\/02\/diploma-sostenible-600x450.jpg\" class=\"attachment-enfant-4-3 size-enfant-4-3 wp-image-17512\" alt=\"\" \/>\t\t\t\t\t\t\t\t\t\t\t\t\t<\/div>\n\t\t\t\t<\/div>\n\t\t\t\t\t<\/div>\n\t\t<\/div>\n\t\t\t\t\t<\/div>\n\t\t<\/section>\n\t\t\t\t<\/div>\n\t\t","protected":false},"excerpt":{"rendered":"<p>Le d\u00e9veloppement durable est un enjeu majeur pour notre soci\u00e9t\u00e9. Et le lyc\u00e9e FRAN\u00c7AIS INTERNATIONAL DE PALMA s&rsquo;engage \u00e0 sensibiliser ses \u00e9l\u00e8ves \u00e0 cette probl\u00e9matique et \u00e0 leur donner les moyens d&rsquo;agir de mani\u00e8re responsable. Pour cela, des actions sont men\u00e9es par notre \u00e9tablissement pour promouvoir l&rsquo;\u00e9ducation au d\u00e9veloppement durable et essayer ainsi de sensibiliser [&hellip;]<\/p>\n","protected":false},"author":67,"featured_media":0,"parent":0,"menu_order":0,"comment_status":"closed","ping_status":"closed","template":"","meta":{"_monsterinsights_skip_tracking":false,"_monsterinsights_sitenote_active":false,"_monsterinsights_sitenote_note":"","_monsterinsights_sitenote_category":0,"_uf_show_specific_survey":0,"_uf_disable_surveys":false,"footnotes":""},"aioseo_notices":[],"_links":{"self":[{"href":"https:\/\/lfipalma.es\/fr\/wp-json\/wp\/v2\/pages\/16762"}],"collection":[{"href":"https:\/\/lfipalma.es\/fr\/wp-json\/wp\/v2\/pages"}],"about":[{"href":"https:\/\/lfipalma.es\/fr\/wp-json\/wp\/v2\/types\/page"}],"author":[{"embeddable":true,"href":"https:\/\/lfipalma.es\/fr\/wp-json\/wp\/v2\/users\/67"}],"replies":[{"embeddable":true,"href":"https:\/\/lfipalma.es\/fr\/wp-json\/wp\/v2\/comments?post=16762"}],"version-history":[{"count":13,"href":"https:\/\/lfipalma.es\/fr\/wp-json\/wp\/v2\/pages\/16762\/revisions"}],"predecessor-version":[{"id":19680,"href":"https:\/\/lfipalma.es\/fr\/wp-json\/wp\/v2\/pages\/16762\/revisions\/19680"}],"wp:attachment":[{"href":"https:\/\/lfipalma.es\/fr\/wp-json\/wp\/v2\/media?parent=16762"}],"curies":[{"name":"wp","href":"https:\/\/api.w.org\/{rel}","templated":true}]}}