{"id":17185,"date":"2023-07-18T11:58:09","date_gmt":"2023-07-18T09:58:09","guid":{"rendered":"https:\/\/lfipalma.es\/ambiente-escolar-y-prevencion-de-la-violencia\/"},"modified":"2024-06-17T12:40:33","modified_gmt":"2024-06-17T10:40:33","slug":"ambiente-escolar-y-prevencion-de-la-violencia","status":"publish","type":"page","link":"https:\/\/lfipalma.es\/fr\/ambiente-escolar-y-prevencion-de-la-violencia\/","title":{"rendered":"Climat scolaire et pr\u00e9vention des violences"},"content":{"rendered":"<p>[vc_row][vc_column][vc_column_text]<\/p>\n<h2><span class=\"\" lang=\"ES\">PROGRAMME DE M\u00c9DIATION PAR LES PAIRS:<\/span><\/h2>\n<p>[\/vc_column_text][vc_btn title=\u00a0\u00bbVer Programa\u00a0\u00bb color=\u00a0\u00bbjuicy-pink\u00a0\u00bb link=\u00a0\u00bburl:https%3A%2F%2Flfipalma.es%2Fwp-content%2Fuploads%2F2023%2F07%2FProgramme-Mediation-22-23.pdf\u00a0\u00bb][vc_column_text]<\/p>\n<h2>PROJET D\u2019INTERVENTION CONTRE LE HARC\u00c8LEMENT ET LE CYBERHARC\u00c8LEMENT:<\/h2>\n<p>[\/vc_column_text][vc_btn title=\u00a0\u00bbVer Programa\u00a0\u00bb color=\u00a0\u00bbjuicy-pink\u00a0\u00bb link=\u00a0\u00bburl:https%3A%2F%2Flfipalma.es%2Fwp-content%2Fuploads%2F2023%2F07%2FProjet-dharcelement.pdf\u00a0\u00bb][vc_column_text]<\/p>\n<h2><span class=\"\" lang=\"ES\">\u00c9DUCATION \u00c0 LA SEXUALIT\u00c9:<br \/>\n<\/span><\/h2>\n<p>[\/vc_column_text][vc_btn title=\u00a0\u00bbVer Programa\u00a0\u00bb color=\u00a0\u00bbjuicy-pink\u00a0\u00bb link=\u00a0\u00bburl:https%3A%2F%2Flfipalma.es%2Fwp-content%2Fuploads%2F2023%2F07%2FProgramme-sexualite.pdf\u00a0\u00bb][vc_column_text]<\/p>\n<h2><span class=\"\" lang=\"ES\">PROTOCOLE DE TRAITEMENT DES SITUATIONS DE HARC\u00c8LEMENT:<\/span><\/h2>\n<p>[\/vc_column_text][vc_btn title=\u00a0\u00bbVer Programa\u00a0\u00bb color=\u00a0\u00bbjuicy-pink\u00a0\u00bb link=\u00a0\u00bburl:https%3A%2F%2Flfipalma.es%2Fwp-content%2Fuploads%2F2024%2F06%2FProtocole-harcelement-LFiP-3.pdf\u00a0\u00bb][\/vc_column][\/vc_row]<\/p>\n","protected":false},"excerpt":{"rendered":"<p>[vc_row][vc_column][vc_column_text] PROGRAMME DE M\u00c9DIATION PAR LES PAIRS: [\/vc_column_text][vc_btn title=\u00a0\u00bbVer Programa\u00a0\u00bb color=\u00a0\u00bbjuicy-pink\u00a0\u00bb link=\u00a0\u00bburl:https%3A%2F%2Flfipalma.es%2Fwp-content%2Fuploads%2F2023%2F07%2FProgramme-Mediation-22-23.pdf\u00a0\u00bb][vc_column_text] PROJET D\u2019INTERVENTION CONTRE LE HARC\u00c8LEMENT ET LE CYBERHARC\u00c8LEMENT: [\/vc_column_text][vc_btn title=\u00a0\u00bbVer Programa\u00a0\u00bb color=\u00a0\u00bbjuicy-pink\u00a0\u00bb link=\u00a0\u00bburl:https%3A%2F%2Flfipalma.es%2Fwp-content%2Fuploads%2F2023%2F07%2FProjet-dharcelement.pdf\u00a0\u00bb][vc_column_text] \u00c9DUCATION \u00c0 LA SEXUALIT\u00c9: [\/vc_column_text][vc_btn title=\u00a0\u00bbVer Programa\u00a0\u00bb color=\u00a0\u00bbjuicy-pink\u00a0\u00bb link=\u00a0\u00bburl:https%3A%2F%2Flfipalma.es%2Fwp-content%2Fuploads%2F2023%2F07%2FProgramme-sexualite.pdf\u00a0\u00bb][vc_column_text] PROTOCOLE DE TRAITEMENT DES SITUATIONS DE HARC\u00c8LEMENT: [\/vc_column_text][vc_btn title=\u00a0\u00bbVer Programa\u00a0\u00bb color=\u00a0\u00bbjuicy-pink\u00a0\u00bb link=\u00a0\u00bburl:https%3A%2F%2Flfipalma.es%2Fwp-content%2Fuploads%2F2024%2F06%2FProtocole-harcelement-LFiP-3.pdf\u00a0\u00bb][\/vc_column][\/vc_row]<\/p>\n","protected":false},"author":67,"featured_media":0,"parent":0,"menu_order":0,"comment_status":"closed","ping_status":"closed","template":"","meta":{"_monsterinsights_skip_tracking":false,"_monsterinsights_sitenote_active":false,"_monsterinsights_sitenote_note":"","_monsterinsights_sitenote_category":0,"_uf_show_specific_survey":0,"_uf_disable_surveys":false,"footnotes":""},"aioseo_notices":[],"_links":{"self":[{"href":"https:\/\/lfipalma.es\/fr\/wp-json\/wp\/v2\/pages\/17185"}],"collection":[{"href":"https:\/\/lfipalma.es\/fr\/wp-json\/wp\/v2\/pages"}],"about":[{"href":"https:\/\/lfipalma.es\/fr\/wp-json\/wp\/v2\/types\/page"}],"author":[{"embeddable":true,"href":"https:\/\/lfipalma.es\/fr\/wp-json\/wp\/v2\/users\/67"}],"replies":[{"embeddable":true,"href":"https:\/\/lfipalma.es\/fr\/wp-json\/wp\/v2\/comments?post=17185"}],"version-history":[{"count":7,"href":"https:\/\/lfipalma.es\/fr\/wp-json\/wp\/v2\/pages\/17185\/revisions"}],"predecessor-version":[{"id":19384,"href":"https:\/\/lfipalma.es\/fr\/wp-json\/wp\/v2\/pages\/17185\/revisions\/19384"}],"wp:attachment":[{"href":"https:\/\/lfipalma.es\/fr\/wp-json\/wp\/v2\/media?parent=17185"}],"curies":[{"name":"wp","href":"https:\/\/api.w.org\/{rel}","templated":true}]}}