{"id":18302,"date":"2024-04-09T11:22:04","date_gmt":"2024-04-09T09:22:04","guid":{"rendered":"https:\/\/lfipalma.es\/?page_id=18302"},"modified":"2024-11-17T22:10:15","modified_gmt":"2024-11-17T20:10:15","slug":"equipo-tle-spe-hggsp","status":"publish","type":"page","link":"https:\/\/lfipalma.es\/fr\/equipo-tle-spe-hggsp\/","title":{"rendered":"EQUIPO : Tle sp\u00e9 HGGSP"},"content":{"rendered":"\t\t<div data-elementor-type=\"wp-page\" data-elementor-id=\"18302\" class=\"elementor elementor-18302\" data-elementor-post-type=\"page\">\n\t\t\t\t\t\t<section class=\"elementor-section elementor-top-section elementor-element elementor-element-7150e1d elementor-section-boxed elementor-section-height-default elementor-section-height-default\" data-id=\"7150e1d\" data-element_type=\"section\">\n\t\t\t\t\t\t<div class=\"elementor-container elementor-column-gap-default\">\n\t\t\t\t\t<div class=\"elementor-column elementor-col-100 elementor-top-column elementor-element elementor-element-9adbd1a\" data-id=\"9adbd1a\" data-element_type=\"column\">\n\t\t\t<div class=\"elementor-widget-wrap elementor-element-populated\">\n\t\t\t\t\t\t<div class=\"elementor-element elementor-element-3add1db elementor-widget-divider--view-line elementor-widget elementor-widget-divider\" data-id=\"3add1db\" data-element_type=\"widget\" data-widget_type=\"divider.default\">\n\t\t\t\t<div class=\"elementor-widget-container\">\n\t\t\t<style>\/*! elementor - v3.20.0 - 10-04-2024 *\/\n.elementor-widget-divider{--divider-border-style:none;--divider-border-width:1px;--divider-color:#0c0d0e;--divider-icon-size:20px;--divider-element-spacing:10px;--divider-pattern-height:24px;--divider-pattern-size:20px;--divider-pattern-url:none;--divider-pattern-repeat:repeat-x}.elementor-widget-divider .elementor-divider{display:flex}.elementor-widget-divider .elementor-divider__text{font-size:15px;line-height:1;max-width:95%}.elementor-widget-divider .elementor-divider__element{margin:0 var(--divider-element-spacing);flex-shrink:0}.elementor-widget-divider .elementor-icon{font-size:var(--divider-icon-size)}.elementor-widget-divider .elementor-divider-separator{display:flex;margin:0;direction:ltr}.elementor-widget-divider--view-line_icon .elementor-divider-separator,.elementor-widget-divider--view-line_text .elementor-divider-separator{align-items:center}.elementor-widget-divider--view-line_icon .elementor-divider-separator:after,.elementor-widget-divider--view-line_icon .elementor-divider-separator:before,.elementor-widget-divider--view-line_text .elementor-divider-separator:after,.elementor-widget-divider--view-line_text .elementor-divider-separator:before{display:block;content:\"\";border-block-end:0;flex-grow:1;border-block-start:var(--divider-border-width) var(--divider-border-style) var(--divider-color)}.elementor-widget-divider--element-align-left .elementor-divider .elementor-divider-separator>.elementor-divider__svg:first-of-type{flex-grow:0;flex-shrink:100}.elementor-widget-divider--element-align-left .elementor-divider-separator:before{content:none}.elementor-widget-divider--element-align-left .elementor-divider__element{margin-left:0}.elementor-widget-divider--element-align-right .elementor-divider .elementor-divider-separator>.elementor-divider__svg:last-of-type{flex-grow:0;flex-shrink:100}.elementor-widget-divider--element-align-right .elementor-divider-separator:after{content:none}.elementor-widget-divider--element-align-right .elementor-divider__element{margin-right:0}.elementor-widget-divider--element-align-start .elementor-divider .elementor-divider-separator>.elementor-divider__svg:first-of-type{flex-grow:0;flex-shrink:100}.elementor-widget-divider--element-align-start .elementor-divider-separator:before{content:none}.elementor-widget-divider--element-align-start .elementor-divider__element{margin-inline-start:0}.elementor-widget-divider--element-align-end .elementor-divider .elementor-divider-separator>.elementor-divider__svg:last-of-type{flex-grow:0;flex-shrink:100}.elementor-widget-divider--element-align-end .elementor-divider-separator:after{content:none}.elementor-widget-divider--element-align-end .elementor-divider__element{margin-inline-end:0}.elementor-widget-divider:not(.elementor-widget-divider--view-line_text):not(.elementor-widget-divider--view-line_icon) .elementor-divider-separator{border-block-start:var(--divider-border-width) var(--divider-border-style) var(--divider-color)}.elementor-widget-divider--separator-type-pattern{--divider-border-style:none}.elementor-widget-divider--separator-type-pattern.elementor-widget-divider--view-line .elementor-divider-separator,.elementor-widget-divider--separator-type-pattern:not(.elementor-widget-divider--view-line) .elementor-divider-separator:after,.elementor-widget-divider--separator-type-pattern:not(.elementor-widget-divider--view-line) .elementor-divider-separator:before,.elementor-widget-divider--separator-type-pattern:not([class*=elementor-widget-divider--view]) .elementor-divider-separator{width:100%;min-height:var(--divider-pattern-height);-webkit-mask-size:var(--divider-pattern-size) 100%;mask-size:var(--divider-pattern-size) 100%;-webkit-mask-repeat:var(--divider-pattern-repeat);mask-repeat:var(--divider-pattern-repeat);background-color:var(--divider-color);-webkit-mask-image:var(--divider-pattern-url);mask-image:var(--divider-pattern-url)}.elementor-widget-divider--no-spacing{--divider-pattern-size:auto}.elementor-widget-divider--bg-round{--divider-pattern-repeat:round}.rtl .elementor-widget-divider .elementor-divider__text{direction:rtl}.e-con-inner>.elementor-widget-divider,.e-con>.elementor-widget-divider{width:var(--container-widget-width,100%);--flex-grow:var(--container-widget-flex-grow)}<\/style>\t\t<div class=\"elementor-divider\">\n\t\t\t<span class=\"elementor-divider-separator\">\n\t\t\t\t\t\t<\/span>\n\t\t<\/div>\n\t\t\t\t<\/div>\n\t\t\t\t<\/div>\n\t\t\t\t\t<\/div>\n\t\t<\/div>\n\t\t\t\t\t<\/div>\n\t\t<\/section>\n\t\t\t\t<section class=\"elementor-section elementor-top-section elementor-element elementor-element-ac9d9f1 elementor-section-boxed elementor-section-height-default elementor-section-height-default\" data-id=\"ac9d9f1\" data-element_type=\"section\">\n\t\t\t\t\t\t<div class=\"elementor-container elementor-column-gap-default\">\n\t\t\t\t\t<div class=\"elementor-column elementor-col-16 elementor-top-column elementor-element elementor-element-a8f508b\" data-id=\"a8f508b\" data-element_type=\"column\">\n\t\t\t<div class=\"elementor-widget-wrap elementor-element-populated\">\n\t\t\t\t\t\t<div class=\"elementor-element elementor-element-d70983b elementor-widget elementor-widget-image\" data-id=\"d70983b\" data-element_type=\"widget\" data-widget_type=\"image.default\">\n\t\t\t\t<div class=\"elementor-widget-container\">\n\t\t\t<style>\/*! elementor - v3.20.0 - 10-04-2024 *\/\n.elementor-widget-image{text-align:center}.elementor-widget-image a{display:inline-block}.elementor-widget-image a img[src$=\".svg\"]{width:48px}.elementor-widget-image img{vertical-align:middle;display:inline-block}<\/style>\t\t\t\t\t\t\t\t\t\t<img fetchpriority=\"high\" decoding=\"async\" width=\"1000\" height=\"864\" src=\"https:\/\/lfipalma.es\/wp-content\/uploads\/2024\/11\/TLE-1-1024x885.jpg\" class=\"attachment-large size-large wp-image-19808\" alt=\"\" srcset=\"https:\/\/lfipalma.es\/wp-content\/uploads\/2024\/11\/TLE-1-1024x885.jpg 1024w, https:\/\/lfipalma.es\/wp-content\/uploads\/2024\/11\/TLE-1-300x259.jpg 300w, https:\/\/lfipalma.es\/wp-content\/uploads\/2024\/11\/TLE-1-768x663.jpg 768w, https:\/\/lfipalma.es\/wp-content\/uploads\/2024\/11\/TLE-1-1536x1327.jpg 1536w, https:\/\/lfipalma.es\/wp-content\/uploads\/2024\/11\/TLE-1.jpg 2048w\" sizes=\"(max-width: 1000px) 100vw, 1000px\" \/>\t\t\t\t\t\t\t\t\t\t\t\t\t<\/div>\n\t\t\t\t<\/div>\n\t\t\t\t\t<\/div>\n\t\t<\/div>\n\t\t\t\t<div class=\"elementor-column elementor-col-66 elementor-top-column elementor-element elementor-element-699b22f\" data-id=\"699b22f\" data-element_type=\"column\">\n\t\t\t<div class=\"elementor-widget-wrap elementor-element-populated\">\n\t\t\t\t\t\t<div class=\"elementor-element elementor-element-aeb5732 elementor-widget elementor-widget-text-editor\" data-id=\"aeb5732\" data-element_type=\"widget\" data-widget_type=\"text-editor.default\">\n\t\t\t\t<div class=\"elementor-widget-container\">\n\t\t\t<style>\/*! elementor - v3.20.0 - 10-04-2024 *\/\n.elementor-widget-text-editor.elementor-drop-cap-view-stacked .elementor-drop-cap{background-color:#69727d;color:#fff}.elementor-widget-text-editor.elementor-drop-cap-view-framed .elementor-drop-cap{color:#69727d;border:3px solid;background-color:transparent}.elementor-widget-text-editor:not(.elementor-drop-cap-view-default) .elementor-drop-cap{margin-top:8px}.elementor-widget-text-editor:not(.elementor-drop-cap-view-default) .elementor-drop-cap-letter{width:1em;height:1em}.elementor-widget-text-editor .elementor-drop-cap{float:left;text-align:center;line-height:1;font-size:50px}.elementor-widget-text-editor .elementor-drop-cap-letter{display:inline-block}<\/style>\t\t\t\t<div><span style=\"color: #000000;\"><b data-olk-copy-source=\"MessageBody\">LES TERMINALES SP\u00c9 HGGSP 2024-2025<\/b><\/span><\/div><div><span style=\"color: #000000;\"><b>\u00a0<\/b><\/span><\/div><div><span style=\"color: #000000;\"><strong>Sabina Alert Parra<\/strong>\u00a0: Passionn\u00e9e par l&rsquo;histoire, la g\u00e9opolitique et les sciences politiques, Sabina d\u00e9fend ses id\u00e9es avec une d\u00e9termination impressionnante. C&rsquo;est notre moteur dynamique, toujours pr\u00eate \u00e0 faire avancer la r\u00e9flexion !<\/span><\/div><div>\u00a0<\/div><div><p><span style=\"color: #000000;\"><strong>Mila Apesteguia Dryvers<\/strong>\u00a0: Mila est fascin\u00e9e par l&rsquo;histoire, en particulier celle du Japon et de la Seconde Guerre mondiale. Son talent pour le dessin est in\u00e9gal\u00e9, elle est notre artiste ador\u00e9e.<\/span><\/p><p><span style=\"color: #000000;\"><strong>Jaime de Caceres Garcia<\/strong>\u00a0: Orateur hors pair, Jaime est un expert en politique, notamment celle de l&rsquo;Espagne. Sa m\u00e9moire pour les dates est ph\u00e9nom\u00e9nale!<\/span><\/p><p><span style=\"color: #000000;\"><strong>Jaime Paul<\/strong>\u00a0: Avec son int\u00e9r\u00eat pour l\u2019histoire, l\u2019actualit\u00e9 et la g\u00e9opolitique, Jaime se distingue par son calme et sa sagesse. Toujours positif et mesur\u00e9, il est notre force tranquille.<\/span><\/p><p><span style=\"color: #000000;\"><strong>William Racle<\/strong>\u00a0: William est un passionn\u00e9 de discussions anim\u00e9es et un fervent int\u00e9ress\u00e9 par l\u2019\u00e9conomie, les sciences sociales et le droit. C\u2019est notre esprit f\u00e9d\u00e9rateur, capable de cr\u00e9er du lien entre tous.<\/span><\/p><\/div>\t\t\t\t\t\t<\/div>\n\t\t\t\t<\/div>\n\t\t\t\t\t<\/div>\n\t\t<\/div>\n\t\t\t\t<div class=\"elementor-column elementor-col-16 elementor-top-column elementor-element elementor-element-57febc9\" data-id=\"57febc9\" data-element_type=\"column\">\n\t\t\t<div class=\"elementor-widget-wrap elementor-element-populated\">\n\t\t\t\t\t\t<div class=\"elementor-element elementor-element-c94c6b7 elementor-widget elementor-widget-image\" data-id=\"c94c6b7\" data-element_type=\"widget\" data-widget_type=\"image.default\">\n\t\t\t\t<div class=\"elementor-widget-container\">\n\t\t\t\t\t\t\t\t\t\t\t\t\t<img decoding=\"async\" width=\"1000\" height=\"750\" src=\"https:\/\/lfipalma.es\/wp-content\/uploads\/2024\/11\/TLE-2-1024x768.jpg\" class=\"attachment-large size-large wp-image-19810\" alt=\"\" srcset=\"https:\/\/lfipalma.es\/wp-content\/uploads\/2024\/11\/TLE-2-1024x768.jpg 1024w, https:\/\/lfipalma.es\/wp-content\/uploads\/2024\/11\/TLE-2-300x225.jpg 300w, https:\/\/lfipalma.es\/wp-content\/uploads\/2024\/11\/TLE-2-768x576.jpg 768w, https:\/\/lfipalma.es\/wp-content\/uploads\/2024\/11\/TLE-2-1536x1152.jpg 1536w, https:\/\/lfipalma.es\/wp-content\/uploads\/2024\/11\/TLE-2-600x450.jpg 600w, https:\/\/lfipalma.es\/wp-content\/uploads\/2024\/11\/TLE-2.jpg 2048w\" sizes=\"(max-width: 1000px) 100vw, 1000px\" \/>\t\t\t\t\t\t\t\t\t\t\t\t\t<\/div>\n\t\t\t\t<\/div>\n\t\t\t\t\t<\/div>\n\t\t<\/div>\n\t\t\t\t\t<\/div>\n\t\t<\/section>\n\t\t\t\t<section class=\"elementor-section elementor-top-section elementor-element elementor-element-1e773ae elementor-section-boxed elementor-section-height-default elementor-section-height-default\" data-id=\"1e773ae\" data-element_type=\"section\">\n\t\t\t\t\t\t<div class=\"elementor-container elementor-column-gap-default\">\n\t\t\t\t\t<div class=\"elementor-column elementor-col-100 elementor-top-column elementor-element elementor-element-46a5cf1\" data-id=\"46a5cf1\" data-element_type=\"column\">\n\t\t\t<div class=\"elementor-widget-wrap elementor-element-populated\">\n\t\t\t\t\t\t<div class=\"elementor-element elementor-element-4740bfd elementor-widget-divider--view-line elementor-widget elementor-widget-divider\" data-id=\"4740bfd\" data-element_type=\"widget\" data-widget_type=\"divider.default\">\n\t\t\t\t<div class=\"elementor-widget-container\">\n\t\t\t\t\t<div class=\"elementor-divider\">\n\t\t\t<span class=\"elementor-divider-separator\">\n\t\t\t\t\t\t<\/span>\n\t\t<\/div>\n\t\t\t\t<\/div>\n\t\t\t\t<\/div>\n\t\t\t\t\t<\/div>\n\t\t<\/div>\n\t\t\t\t\t<\/div>\n\t\t<\/section>\n\t\t\t\t<\/div>\n\t\t","protected":false},"excerpt":{"rendered":"<p>LES TERMINALES SP\u00c9 HGGSP 2024-2025\u00a0Sabina Alert Parra\u00a0: Passionn\u00e9e par l&rsquo;histoire, la g\u00e9opolitique et les sciences politiques, Sabina d\u00e9fend ses id\u00e9es avec une d\u00e9termination impressionnante. C&rsquo;est notre moteur dynamique, toujours pr\u00eate \u00e0 faire avancer la r\u00e9flexion !\u00a0 Mila Apesteguia Dryvers\u00a0: Mila est fascin\u00e9e par l&rsquo;histoire, en particulier celle du Japon et de la Seconde Guerre mondiale. [&hellip;]<\/p>\n","protected":false},"author":1,"featured_media":0,"parent":0,"menu_order":0,"comment_status":"closed","ping_status":"closed","template":"","meta":{"_monsterinsights_skip_tracking":false,"_monsterinsights_sitenote_active":false,"_monsterinsights_sitenote_note":"","_monsterinsights_sitenote_category":0,"_uf_show_specific_survey":0,"_uf_disable_surveys":false,"footnotes":""},"aioseo_notices":[],"_links":{"self":[{"href":"https:\/\/lfipalma.es\/fr\/wp-json\/wp\/v2\/pages\/18302"}],"collection":[{"href":"https:\/\/lfipalma.es\/fr\/wp-json\/wp\/v2\/pages"}],"about":[{"href":"https:\/\/lfipalma.es\/fr\/wp-json\/wp\/v2\/types\/page"}],"author":[{"embeddable":true,"href":"https:\/\/lfipalma.es\/fr\/wp-json\/wp\/v2\/users\/1"}],"replies":[{"embeddable":true,"href":"https:\/\/lfipalma.es\/fr\/wp-json\/wp\/v2\/comments?post=18302"}],"version-history":[{"count":7,"href":"https:\/\/lfipalma.es\/fr\/wp-json\/wp\/v2\/pages\/18302\/revisions"}],"predecessor-version":[{"id":19815,"href":"https:\/\/lfipalma.es\/fr\/wp-json\/wp\/v2\/pages\/18302\/revisions\/19815"}],"wp:attachment":[{"href":"https:\/\/lfipalma.es\/fr\/wp-json\/wp\/v2\/media?parent=18302"}],"curies":[{"name":"wp","href":"https:\/\/api.w.org\/{rel}","templated":true}]}}