{"id":20260,"date":"2025-02-18T13:50:44","date_gmt":"2025-02-18T11:50:44","guid":{"rendered":"https:\/\/lfipalma.es\/?page_id=20260"},"modified":"2025-02-18T14:01:58","modified_gmt":"2025-02-18T12:01:58","slug":"aviso-legal","status":"publish","type":"page","link":"https:\/\/lfipalma.es\/fr\/aviso-legal\/","title":{"rendered":"Aviso Legal"},"content":{"rendered":"<p>[vc_row][vc_column][vc_column_text]<strong>AVISO LEGAL WEB<\/strong><\/p>\n<p>&nbsp;<\/p>\n<p><strong>I. OBJETO <\/strong><\/p>\n<p>Las presentes condiciones legales son establecidas por Lyc\u00e9eFran\u00e7ais International de Palma en adelante LFIP, con el fin de determinar los criterios y condiciones de uso de la p\u00e1gina web: www.lfipalma.es.<\/p>\n<p><strong>Datos del Titular<\/strong><\/p>\n<p>Seg\u00fan lo establecido en la Ley de Servicios de la Sociedad de la informaci\u00f3n y Comercio Electr\u00f3nico LSSICE 34\/2002, LFIP, pone a disposici\u00f3n los datos del titular de la presente p\u00e1gina web:<\/p>\n<p><strong>Identificaci\u00f3n y contacto<\/strong><\/p>\n<p>Lyc\u00e9e Fran\u00e7ais International de Palma<\/p>\n<p>NIF: G57658379<\/p>\n<p>Domicilio en: Carrer de les Illes Balears, 142-A, 07014 &#8211; Palma, Illes Balears<\/p>\n<p>Tel\u00e9fono: 971 739 260<\/p>\n<p>Correo electr\u00f3nico: <a href=\"mailto:secretariat.palma@mlfmonde.org\">secretariat.palma@mlfmonde.org<\/a><\/p>\n<p><strong>\u00a0<\/strong><\/p>\n<p>Al ingresar a esta p\u00e1gina web, el navegante adquiere la condici\u00f3n de usuario. Con el acceso, uso y disfrute de esta p\u00e1gina web, el usuario acepta las condiciones planteadas en el presente apartado, en la versi\u00f3n publicada en el momento en que el acceda al mismo. LFIP se reserva el derecho a modificar en cualquier momento, sus condiciones legales, as\u00ed como a realizar cuanta mejora t\u00e9cnica o visual considere oportuno. En caso de que las modificaciones infieran en la privacidad de los usuarios, se avisar\u00e1 con antelaci\u00f3n a la entrada en vigor de los cambios.<\/p>\n<p><strong>II. POL\u00cdTICA DE PRIVACIDAD <\/strong><\/p>\n<p>Puede conocer nuestra pol\u00edtica de privacidad visitando el siguiente enlace: <a href=\"https:\/\/lfipalma.es\/politica-de-privacidad\/\">https:\/\/lfipalma.es\/politica-de-privacidad\/<\/a><\/p>\n<p><strong>III. POL\u00cdTICA DE ENLACES<\/strong><\/p>\n<p>En esta web existen enlaces a p\u00e1ginas de terceros, con la finalidad de facilitar informaci\u00f3n adicional sobre los temas que se tratan en nuestro blog; ampliar la informaci\u00f3n sobre nuestros servicios, eventos y actividades; incluir informaci\u00f3n sobre nuestros proveedores y p\u00e1ginas de confianza; facilitar el acceso de los usuarios a los perfiles con los que cuenta LFIP en las distintas redes sociales y servicios de plataformas en internet.<\/p>\n<p>LFIP solo gestiona y es responsable de la p\u00e1gina web www.lfipalma.es. Los enlaces que ha puesto en su web han sido elegidos con buena fe, poniendo el cuidado debido, pero bajo ning\u00fan concepto es responsable de los contenidos, ofertas y\/o productos y servicios que pueda encontrar el usuario en las p\u00e1ginas a los que redirigen.<\/p>\n<p><strong>IV. PROPIEDAD INTELECTUAL<\/strong><\/p>\n<p>Todo el contenido de la web, dise\u00f1o, aplicaciones, contenido gr\u00e1fico y multimedia, publicaciones en el blog, contenido escrito de los distintos apartados, desarrollo web, logos, marcas, productos, y cualquier otro objeto sujeto de portar derechos de propiedad intelectual e industrial, mencionado o no en el anterior listado que es a t\u00edtulo enunciativo, no limitativo, son propiedad de Lyc\u00e9e Fran\u00e7ais International de Palma, o de terceros. No se permite la reproducci\u00f3n total ni parcial, la copia, distribuci\u00f3n, divulgaci\u00f3n, transformaci\u00f3n, comercializaci\u00f3n, o cualquier otra actividad que menoscabe los derechos del titular de la web, o titulares de los derechos de propiedad intelectual o industrial. Los usuarios solo pueden hacer un uso privado de esta web.<\/p>\n<p><strong>V. OBLIGACIONES DEL USUARIO<\/strong><\/p>\n<p>Al ingresar y hacer uso de esta p\u00e1gina web, el usuario acepta impl\u00edcitamente las siguientes condiciones generales:<\/p>\n<p><strong>a) Propiedad Intelectual<\/strong>: El usuario no podr\u00e1 utilizar la informaci\u00f3n aqu\u00ed contenida, ni el dise\u00f1o, ni su contenido gr\u00e1fico sin la autorizaci\u00f3n de los titulares de la web, o de los titulares de los derechos de propiedad intelectual e industrial. En caso de lo contrario estar\u00eda faltando a los derechos de propiedad intelectual e industrial.<\/p>\n<ul>\n<li>No se permite la reproducci\u00f3n total, ni parcial de los contenidos de la web.<\/li>\n<li>No se permite el uso del nombre comercial, marca, imagen, ni del logotipo de LFIP<\/li>\n<li>Si usted quiere reproducir o utilizar las publicaciones del blog, deber\u00e1 solicitar el consentimiento del titular de la web.<\/li>\n<\/ul>\n<p>b)El usuario se har\u00e1 responsable de la veracidad de los datos que suministra y se compromete a comunicar cualquier cambio que surja en ellos.<\/p>\n<p>c)La aceptaci\u00f3n de la instalaci\u00f3n de cookies es voluntaria, el usuario deber\u00e1 bloquearlas o salir de la p\u00e1gina antes de su instalaci\u00f3n, la cu\u00e1l ser\u00e1 un pasado un tiempo prudencial luego de su acceso a la web.<\/p>\n<p>d)El usuario es responsable de los comentarios que realiza en las publicaciones de nuestro blog, as\u00ed como de los datos que pudiera revelar a trav\u00e9s de ellos. Rogamos se abstenga de publicar informaci\u00f3n personal, o privada.<\/p>\n<p><strong>VI. EXCLUSIONES DE RESPONSABILIDAD<\/strong><\/p>\n<p><strong>Protecci\u00f3n De Datos: <\/strong>LFIP, ha establecido e implantado las medidas de \u00edndole t\u00e9cnica y organizativas necesarias que garanticen la seguridad de los datos de car\u00e1cter personal suministrados por el usuario, de tal manera que eviten su alteraci\u00f3n, p\u00e9rdida, tratamiento y\/o acceso no autorizado, habida cuenta del estado de la tecnolog\u00eda, la naturaleza de los datos almacenados y los riesgos a que est\u00e1n expuestos, ya provengan de la acci\u00f3n humana o del medio f\u00edsico o natural.<\/p>\n<p><strong>Cookies: <\/strong>El usuario que tenga bloqueo de cookies o tecnolog\u00edas similares, debe saber que dicho bloqueo puede acarrear deficiencias en la navegaci\u00f3n y uso de esta web. En este sentido LFIP no ser\u00e1 responsable ni en todo ni en parte de dicha incidencia. Puedes conocer nuestra pol\u00edtica de privacidad en <a href=\"https:\/\/lfipalma.es\/politica-de-privacidad\/\">https:\/\/lfipalma.es\/politica-de-privacidad\/<\/a><\/p>\n<p><strong>Comentarios: <\/strong>LFIP no es responsable de los contenidos de los comentarios que dejan los usuarios en su web y\/o su blog. No se realiza seguimiento activo de los comentarios y por lo tanto, LFIP, no es responsable del tiempo que un comentario inadecuado permanezca publicado en esta web\/blog. En caso de que el titular de la web, o un usuario encuentre un comentario que lesione derechos de terceros, o que atente contra la seguridad, integridad, o la moral de la colectividad, podr\u00e1 ser eliminado.<\/p>\n<p><strong>VII. LEY APLICABLE Y JURISDICCI\u00d3N<\/strong><\/p>\n<p>Ser\u00e1n aplicables las normas del Ordenamiento jur\u00eddico espa\u00f1ol.<\/p>\n<p><u>Consumidores y usuarios:<\/u> En caso de controversia, los Juzgados y Tribunales que conocer\u00e1n del asunto, ser\u00e1n lo que dispone la normativa legal aplicable: el domicilio del comprador o el lugar del cumplimiento de la obligaci\u00f3n.<\/p>\n<p><u>Comprador profesional o empresa:<\/u> En caso de controversia entre las partes, ambas, con renuncia expresa a su propio fuero se someten a la jurisdicci\u00f3n de los Tribunales y Juzgados de Palma.[\/vc_column_text][\/vc_column][\/vc_row]<\/p>\n","protected":false},"excerpt":{"rendered":"<p>[vc_row][vc_column][vc_column_text]AVISO LEGAL WEB &nbsp; I. OBJETO Las presentes condiciones legales son establecidas por Lyc\u00e9eFran\u00e7ais International de Palma en adelante LFIP, con el fin de determinar los criterios y condiciones de uso de la p\u00e1gina web: www.lfipalma.es. Datos del Titular Seg\u00fan lo establecido en la Ley de Servicios de la Sociedad de la informaci\u00f3n y Comercio [&hellip;]<\/p>\n","protected":false},"author":1,"featured_media":0,"parent":0,"menu_order":0,"comment_status":"closed","ping_status":"closed","template":"","meta":{"_monsterinsights_skip_tracking":false,"_monsterinsights_sitenote_active":false,"_monsterinsights_sitenote_note":"","_monsterinsights_sitenote_category":0,"_uf_show_specific_survey":0,"_uf_disable_surveys":false,"footnotes":""},"aioseo_notices":[],"_links":{"self":[{"href":"https:\/\/lfipalma.es\/fr\/wp-json\/wp\/v2\/pages\/20260"}],"collection":[{"href":"https:\/\/lfipalma.es\/fr\/wp-json\/wp\/v2\/pages"}],"about":[{"href":"https:\/\/lfipalma.es\/fr\/wp-json\/wp\/v2\/types\/page"}],"author":[{"embeddable":true,"href":"https:\/\/lfipalma.es\/fr\/wp-json\/wp\/v2\/users\/1"}],"replies":[{"embeddable":true,"href":"https:\/\/lfipalma.es\/fr\/wp-json\/wp\/v2\/comments?post=20260"}],"version-history":[{"count":2,"href":"https:\/\/lfipalma.es\/fr\/wp-json\/wp\/v2\/pages\/20260\/revisions"}],"predecessor-version":[{"id":20262,"href":"https:\/\/lfipalma.es\/fr\/wp-json\/wp\/v2\/pages\/20260\/revisions\/20262"}],"wp:attachment":[{"href":"https:\/\/lfipalma.es\/fr\/wp-json\/wp\/v2\/media?parent=20260"}],"curies":[{"name":"wp","href":"https:\/\/api.w.org\/{rel}","templated":true}]}}