{"id":20263,"date":"2025-02-18T14:03:38","date_gmt":"2025-02-18T12:03:38","guid":{"rendered":"https:\/\/lfipalma.es\/?page_id=20263"},"modified":"2025-03-11T13:58:35","modified_gmt":"2025-03-11T11:58:35","slug":"politica-de-cookies","status":"publish","type":"page","link":"https:\/\/lfipalma.es\/fr\/politica-de-cookies\/","title":{"rendered":"Pol\u00edtica de cookies"},"content":{"rendered":"\t\t<div data-elementor-type=\"wp-page\" data-elementor-id=\"20263\" class=\"elementor elementor-20263\" data-elementor-post-type=\"page\">\n\t\t\t\t\t\t<section class=\"elementor-section elementor-top-section elementor-element elementor-element-ea2de19 elementor-section-boxed elementor-section-height-default elementor-section-height-default\" data-id=\"ea2de19\" data-element_type=\"section\">\n\t\t\t\t\t\t<div class=\"elementor-container elementor-column-gap-default\">\n\t\t\t\t\t<div class=\"elementor-column elementor-col-100 elementor-top-column elementor-element elementor-element-bc743f4\" data-id=\"bc743f4\" data-element_type=\"column\">\n\t\t\t<div class=\"elementor-widget-wrap elementor-element-populated\">\n\t\t\t\t\t\t<div class=\"elementor-element elementor-element-1b1c565 elementor-widget elementor-widget-text-editor\" data-id=\"1b1c565\" data-element_type=\"widget\" data-widget_type=\"text-editor.default\">\n\t\t\t\t<div class=\"elementor-widget-container\">\n\t\t\t<style>\/*! elementor - v3.20.0 - 10-04-2024 *\/\n.elementor-widget-text-editor.elementor-drop-cap-view-stacked .elementor-drop-cap{background-color:#69727d;color:#fff}.elementor-widget-text-editor.elementor-drop-cap-view-framed .elementor-drop-cap{color:#69727d;border:3px solid;background-color:transparent}.elementor-widget-text-editor:not(.elementor-drop-cap-view-default) .elementor-drop-cap{margin-top:8px}.elementor-widget-text-editor:not(.elementor-drop-cap-view-default) .elementor-drop-cap-letter{width:1em;height:1em}.elementor-widget-text-editor .elementor-drop-cap{float:left;text-align:center;line-height:1;font-size:50px}.elementor-widget-text-editor .elementor-drop-cap-letter{display:inline-block}<\/style>\t\t\t\t<p><strong>POL\u00cdTICA DE COOKIES<\/strong><\/p><p><strong>\u00a0<\/strong><\/p><p><strong>Informaci\u00f3n b\u00e1sica de protecci\u00f3n de datos<\/strong><\/p><p>Responsable: Lyc\u00e9e Fran\u00e7ais International de Palma <a href=\"https:\/\/lfipalma.es\/\">(+Info)<\/a><\/p><p>Finalidad: gesti\u00f3n de datos de navegaci\u00f3n y an\u00e1lisis de las visitas de la web. <a href=\"https:\/\/lfipalma.es\/politica-de-privacidad\/\">(+Info)<\/a><\/p><p>Derechos: puede ejercitar su derecho de acceso, rectificaci\u00f3n, supresi\u00f3n y otros, tal como aparece en la informaci\u00f3n ampliada que puede conocer visitando nuestra <a href=\"https:\/\/lfipalma.es\/politica-de-privacidad\/\">pol\u00edtica de privacidad.<\/a><\/p><p><strong>POL\u00cdTICA DE COOKIES<\/strong><\/p><p>En cumplimiento de lo establecido el art. 22.2 de la Ley 34\/2002 de Servicios de la Sociedad de la informaci\u00f3n (LSSI), desde LFIP le informamos que para la correcta navegaci\u00f3n y uso de esta p\u00e1gina web se requiere de la instalaci\u00f3n de cookies.<\/p><p><strong>Informaci\u00f3n sobre protecci\u00f3n de datos. Art\u00edculo 13 RGPD:<\/strong><\/p><p>Los datos recabados a trav\u00e9s de la tecnolog\u00eda cookie ser\u00e1n tratados con lalegitimaci\u00f3n del consentimiento del interesado, en aquellos casos en que sea necesario (no lo ser\u00e1 para las cookies t\u00e9cnicas y de personalizaci\u00f3n), y la finalidad de la instalaci\u00f3n y por ende tratamiento de datos personales asociados al uso de esta tecnolog\u00eda ser\u00e1:<\/p><ol><li>La configuraci\u00f3n de medidas t\u00e9cnicas de seguridad, personalizaci\u00f3n, cumplimentaci\u00f3n de formularios, y en general funcionamiento b\u00e1sico de la web, a trav\u00e9s de la instalaci\u00f3n de cookies t\u00e9cnicas.<\/li><li>La realizaci\u00f3n de an\u00e1lisis estad\u00edsticos del uso de la web por parte de los visitantes y usuarios, a trav\u00e9s de la instalaci\u00f3n de cookies anal\u00edticas.<\/li><li>Facilitar a los usuarios el acceso a las cuentas oficiales del titular de la web en las distintas redes sociales, o su llegada a las dependencias a trav\u00e9s de servicios de mapas online; facilitar informaci\u00f3n y contenidos multimedia de terceros, todo ello a trav\u00e9s de la instalaci\u00f3n de cookies tanto t\u00e9cnicas como anal\u00edticas, de terceros.<\/li><\/ol><p>El plazo de conservaci\u00f3n de los datos recogidos por las cookies ser\u00e1 por regla general el que se indica en la tabla que aparece m\u00e1s adelante en este mismo documento. La informaci\u00f3n de este documento se actualizar\u00e1 peri\u00f3dicamente. El plazo de conservaci\u00f3n contar\u00e1 a partir de la finalizaci\u00f3n de cada sesi\u00f3n del usuario en la p\u00e1gina web.<\/p><p><em>\u00bfQu\u00e9 son las Cookies?<\/em><\/p><p>Las cookies son peque\u00f1os ficheros de texto, que guardan informaci\u00f3n del usuario y se almacenan de su propio dispositivo bien sea PC, Tablet o m\u00f3vil, para luego remitir dicha informaci\u00f3n a los servidores de las p\u00e1ginas web desde donde han sido descargadas.<\/p><p>En los casos que corresponda, usted puede elegir prestar o no su consentimiento a la instalaci\u00f3n de las cookies de LFIP. En el caso de no aceptarlas, o de bloquearlas, su navegaci\u00f3n por la p\u00e1gina puede no ser correcta. Entre los fallos m\u00e1s habituales por la no instalaci\u00f3n de las cookies se encuentra el error en la carga de contenidos multimedia, la imposibilidad de entrar en la zona cliente o de configurar las preferencias de uso de la p\u00e1gina.<\/p><p><em>\u00bfQu\u00e9 tipos de cookies existen?<\/em><\/p><p>Las cookies pueden catalogarse seg\u00fan 3 criterios:<\/p><ol><li>Entidad que las gestiona: pueden ser del titular de la web (propias) o de otros socios o colaboradores, grandes plataformas de internet, y un largo etc\u00e9tera de (terceros).<\/li><li>Plazo en que permanecen activas: Las cookies pueden durar solo lo que dure la sesi\u00f3n del usuario en la p\u00e1gina web (de sesi\u00f3n) o permanecer por m\u00e1s tiempo que la sesi\u00f3n (cookies persistentes).<\/li><li>Seg\u00fan su finalidad.<ol><li><u>Cookies t\u00e9cnicas y cookies de personalizaci\u00f3n.<\/u> Se instalan con fines de seguridad, configuraci\u00f3n t\u00e9cnica, personalizaci\u00f3n de la web por parte del usuario, y en general funcionamiento b\u00e1sico de la web. Sin ellas la web puede no funcionar adecuadamente, y por lo tanto no requieren consentimiento del interesado.<\/li><li><u>Cookies de an\u00e1lisis.<\/u> Son cookies que recaban informaci\u00f3n sobre datos estad\u00edsticos de uso y utilizaci\u00f3n de la web. Requieren que el usuario consienta su instalaci\u00f3n.<\/li><li><u>Cookies publicitarias<\/u>. Son cookies que muestran a los usuarios publicidad de terceros a trav\u00e9s de marcos, pop ups, barras o cualquier otra modalidad, a trav\u00e9s de la web, as\u00ed como del navegador. Requieren que el usuario consienta su instalaci\u00f3n.<\/li><li><u>Cookies de publicidad comportamental.<\/u> Igual que en el caso anterior, pero recabando mayor informaci\u00f3n del usuario, tanto del uso de la web, como de otras acciones realizadas en el navegador u otras webs. Requieren que el usuario consienta su instalaci\u00f3n.<\/li><\/ol><\/li><\/ol><p><em>\u00bfC\u00f3mo administro las cookies de mis dispositivos?<\/em><\/p><p>Usted elige si acepta o no la instalaci\u00f3n de cookies de esta p\u00e1gina web en sus dispositivos. Puede elegir el bloqueo directo de la instalaci\u00f3n de las cookies desde su navegador, as\u00ed como tambi\u00e9n puede elegir la instalaci\u00f3n de unas y el borrado de otras.<\/p><p><em>C\u00f3mo configurar las cookies seg\u00fan su navegador:<\/em><\/p><ol><li>Internet Explorer: Herramientas &gt; Opciones de Internet &gt; Privacidad &gt; Configuraci\u00f3n. Para m\u00e1s informaci\u00f3n, puede consultar el <a href=\"http:\/\/windows.microsoft.com\/es-ES\/windows\/support#1TC=windows-7\">soporte de Microsoft<\/a> o la Ayuda del navegador.<\/li><li>Firefox: Herramientas &gt; Opciones &gt; Privacidad &gt; Historial &gt; Configuraci\u00f3n Personalizada. Para m\u00e1s informaci\u00f3n, puede consultar el <a href=\"https:\/\/support.mozilla.org\/es\/\">soporte de Mozilla<\/a> o la Ayuda del navegador.<\/li><li>Chrome: Configuraci\u00f3n &gt; Mostrar opciones avanzadas &gt; Privacidad -&gt; Configuraci\u00f3n de contenido. Para m\u00e1s informaci\u00f3n, puede consultar el <a href=\"https:\/\/support.google.com\/chrome\/?hl=es#topic=3227046\">soporte de Google<\/a> o la Ayuda del navegador.<\/li><li>Safari: Preferencias &gt; Seguridad. Para m\u00e1s informaci\u00f3n, puede consultar el <a href=\"http:\/\/www.apple.com\/es\/support\/mac-apps\/safari\/\">soporte de Apple<\/a> o la Ayuda del navegador.<\/li><li>Opera: Configuraci\u00f3n &gt; Opciones &gt; Avanzado &gt; Para m\u00e1s informaci\u00f3n, puede consultar el <a href=\"http:\/\/help.opera.com\/Windows\/11.50\/es-ES\/cookies.html\">soporte de Opera<\/a> o la Ayuda del navegador.<\/li><\/ol><p>*Estas configuraciones pueden no estar disponibles en dispositivos m\u00f3viles tales como tablets o smartphones.<\/p><p>*Si usa otro navegador distinto a los anteriores, consulte su pol\u00edtica de instalaci\u00f3n, uso y bloqueo de cookies.<\/p><p><strong>Informaci\u00f3n sobre cookies utilizadas en esta web<\/strong><\/p><p><em>La siguiente es una relaci\u00f3n de las cookies usadas en esta p\u00e1gina web. Esta lista no tiene car\u00e1cter limitativo y su contenido se actualizar\u00e1 peri\u00f3dicamente.<\/em><\/p><p><strong><em>COOKIES PROPIAS <\/em><\/strong><\/p><table width=\"709\"><tbody><tr><td width=\"201\"><p><strong>COOKIE<\/strong><\/p><\/td><td width=\"83\"><p><strong>DURACI\u00d3N<\/strong><\/p><\/td><td width=\"330\"><p><strong>INFORMACI\u00d3N QUE NOS FACILITA<\/strong><\/p><\/td><td width=\"95\"><p><strong>TIPO<\/strong><\/p><\/td><\/tr><tr><td width=\"201\"><p>__icl_visitor_lang_js<\/p><\/td><td width=\"83\"><p>1 d\u00eda<\/p><\/td><td width=\"330\"><p>Gesti\u00f3n de los idiomas en la web.<\/p><\/td><td width=\"95\"><p>T\u00e9cnica<\/p><\/td><\/tr><tr><td width=\"201\"><p>wpml_browser_redirect_test<\/p><\/td><td width=\"83\"><p>Sesi\u00f3n<\/p><\/td><td width=\"330\"><p>Permite detectar el idioma del usuario y mostrarle la p\u00e1gina o redirigirlo al idioma correcto.<\/p><\/td><td width=\"95\"><p>T\u00e9cnica<\/p><\/td><\/tr><tr><td width=\"201\"><p>cookieyes-consent<\/p><\/td><td width=\"83\"><p>1 a\u00f1o<\/p><\/td><td width=\"330\"><p>Establecida por el plugin GDPR Cookie Consent, esta cookie registra el consentimiento del usuario para las cookies en la categor\u00eda \u00abNecesarias\u00bb<\/p><\/td><td width=\"95\"><p>T\u00e9cnica<\/p><\/td><\/tr><tr><td width=\"201\"><p>cmplz_statistics<\/p><\/td><td width=\"83\"><p>1 a\u00f1o<\/p><\/td><td width=\"330\"><p>Esta cookie se utiliza para almacenar las preferencias de consentimiento de cookies otorgadas por el usuario en cuanto a cookies de estad\u00edsticas o anal\u00edticas.<\/p><\/td><td width=\"95\"><p>T\u00e9cnica<\/p><\/td><\/tr><tr><td width=\"201\"><p>cmplz_preferences<\/p><\/td><td width=\"83\"><p>1 a\u00f1o<\/p><\/td><td width=\"330\"><p>Esta cookie se utiliza para almacenar las preferencias de consentimiento de cookies otorgadas por el usuario en cuanto a cookies de preferencia.<\/p><\/td><td width=\"95\"><p>T\u00e9cnica<\/p><\/td><\/tr><tr><td width=\"201\"><p>cmplz_policy_id<\/p><\/td><td width=\"83\"><p>1 a\u00f1o<\/p><\/td><td width=\"330\"><p>Cookie usada para gestionar y recordar la aceptaci\u00f3n de la pol\u00edtica de cookies por parte del usuario<\/p><\/td><td width=\"95\"><p>T\u00e9cnica<\/p><\/td><\/tr><tr><td width=\"201\"><p>cmplz_marketing<\/p><\/td><td width=\"83\"><p>1 a\u00f1o<\/p><\/td><td width=\"330\"><p>Esta cookie se utiliza para almacenar las preferencias de consentimiento de cookies otorgadas por el usuario en cuanto a cookies publicitarias.<\/p><\/td><td width=\"95\"><p>T\u00e9cnica<\/p><\/td><\/tr><tr><td width=\"201\"><p>cmplz_functional<\/p><\/td><td width=\"83\"><p>1 a\u00f1o<\/p><\/td><td width=\"330\"><p>Esta cookie se utiliza para almacenar las preferencias de consentimiento de cookies otorgadas por el usuario en cuanto a cookies de funcionalidad.<\/p><\/td><td width=\"95\"><p>T\u00e9cnica<\/p><\/td><\/tr><tr><td width=\"201\"><p>cmplz_consented_services<\/p><\/td><td width=\"83\"><p>1 a\u00f1o<\/p><\/td><td width=\"330\"><p>Esta cookie se utiliza para almacenar las preferencias de consentimiento de cookies otorgadas por el usuario.<\/p><\/td><td width=\"95\"><p>T\u00e9cnica<\/p><\/td><\/tr><tr><td width=\"201\"><p>cmplz_banner-status<\/p><\/td><td width=\"83\"><p>1 a\u00f1o<\/p><\/td><td width=\"330\"><p>Cookie t\u00e9cnica, esta cookie se utiliza para recordar la aceptaci\u00f3n de la pol\u00edtica de cookies por parte del usuario.<\/p><\/td><td width=\"95\"><p>T\u00e9cnica<\/p><\/td><\/tr><\/tbody><\/table><p><strong><em>\u00a0<\/em><\/strong><\/p><p><strong><em>COOKIESDE TERCEROS<\/em><\/strong><\/p><ul><li><strong><em><u>Cookies con finalidades t\u00e9cnicas:<\/u><\/em><\/strong><\/li><\/ul><table width=\"614\"><tbody><tr><td width=\"106\"><p><strong>NOMBRE<\/strong><\/p><\/td><td width=\"130\"><p><strong>PROPIETARIO<\/strong><\/p><\/td><td width=\"95\"><p><strong>DURACI\u00d3N<\/strong><\/p><\/td><td width=\"283\"><p><strong>ACCI\u00d3N QUE REALIZA<\/strong><\/p><\/td><\/tr><tr><td width=\"106\"><p>PHPSESSID<\/p><\/td><td width=\"130\"><p>mlfespagne.eduka.school<\/p><\/td><td width=\"95\"><p>Sesi\u00f3n<\/p><\/td><td width=\"283\"><p>Cookie usada por el lenguaje de encriptado PHP para permitir que las variables de SESI\u00d3N sean guardadas en el servidor web.Esta cookie es esencial para el funcionamiento de la web.<\/p><\/td><\/tr><tr><td width=\"106\"><p>__autologin<\/p><\/td><td width=\"130\"><p>mlfespagne.eduka.school<\/p><\/td><td width=\"95\"><p>1 a\u00f1o<\/p><\/td><td width=\"283\"><p>Cookie utilizada para recordar que el usuario ha iniciado sesi\u00f3n, y que no lo tenga que hacer nuevamente<\/p><\/td><\/tr><\/tbody><\/table><p><em>\u00a0<\/em><\/p><p><em>LFIP y Google Analytics<\/em><\/p><p>Con el fin de mejorar los servicios que prestamos, hacemos uso del servicio anal\u00edtica web de Google Inc.: Google Analytics, que nos permite realizar un seguimiento ANONIMO de las acciones de un usuario en nuestra web.<\/p><p>Las cookies que se instalan al hacer uso del servicio de Google Analytics son:<\/p><table width=\"721\"><tbody><tr><td width=\"720\">\u00a0<\/td><td width=\"1\">\u00a0<\/td><td width=\"1\">\u00a0<\/td><\/tr><\/tbody><\/table><table width=\"721\"><tbody><tr><td width=\"66\"><p><strong>COOKIE<\/strong><\/p><\/td><td width=\"144\"><p><strong>DURACI\u00d3N<\/strong><\/p><\/td><td width=\"510\"><p><strong>INFORMACI\u00d3N QUE NOS FACILITA<\/strong><\/p><\/td><\/tr><tr><td width=\"66\"><p>_ga<\/p><\/td><td width=\"144\"><p>2 a\u00f1os<\/p><\/td><td width=\"510\"><p>Cookie de Google Analytics que se utiliza para diferencias usuarios, puesto que habilita la funci\u00f3n de control de visitas \u00fanicas. La primera vez que un usuario entre en el sitio web a trav\u00e9s de un navegador se instalar\u00e1 esta cookie. Cuando este usuario vuelva a entrar en la web con el mismo navegador, la cookie considerar\u00e1 que es el mismo usuario. Solo en el caso de que el usuario cambie de navegador, se considerar\u00e1 otro usuario.<\/p><\/td><\/tr><\/tbody><\/table><p><em>\u00a0<\/em><\/p><p><em>Cookies en Redes sociales y servicios de Internet<\/em><\/p><p>As\u00ed mismo, debe tener en cuenta que en el momento en que un usuario visite un perfil de LFIP en una red social, dicha plataforma de internet instalar\u00e1 sus cookies en los dispositivos de los interesados. Para facilitar informaci\u00f3n previa de sus pol\u00edticas de privacidad y cookies le facilitamos una lista de las plataformas en las que LFIP cuenta con perfil oficial:<\/p><ol><li>Facebook: Cookies, p\u00edxeles y otras tecnolog\u00edas similares <a href=\"https:\/\/www.facebook.com\/help\/cookies\">https:\/\/www.facebook.com\/help\/cookies<\/a><\/li><li>Instagram: Sobre cookies <a href=\"https:\/\/help.instagram.com\/1896641480634370?ref=ig\">https:\/\/help.instagram.com\/1896641480634370?ref=ig<\/a><\/li><li>LinkedIn: Las cookies en el sitio web de LinkedIn <a href=\"http:\/\/es.linkedin.com\/legal\/cookie-policy\">http:\/\/es.linkedin.com\/legal\/cookie-policy<\/a><\/li><li>Youtube: <a href=\"http:\/\/www.google.com\/policies\/privacy\/\">http:\/\/www.google.com\/policies\/privacy\/<\/a><\/li><\/ol><p><em>\u00a0<\/em><\/p><p><em>Actualizaci\u00f3n de la pol\u00edtica de cookies y uso de otras cookies.<\/em><\/p><p>Las plataformas web y todas las herramientas online evolucionan continuamente y con ellas la tecnolog\u00eda que aplican para maximizar el rendimiento de sus servicios, por tanto, es muy posible que a futuro existan cambios asociados tanto a la tipolog\u00eda de cookies, como de los partners con los que trabajamos, o de plazos de conservaci\u00f3n o legitimaciones para los tratamientos realizados. LFIP se compromete a mantener lo m\u00e1s actualizada posible esta pol\u00edtica de privacidad, as\u00ed como la informaci\u00f3n facilitada a trav\u00e9s de la herramienta de gesti\u00f3n de cookies instalada.<\/p><p>Si alg\u00fan cambio de los introducidos requiere de su consentimiento, le informaremos de dicha situaci\u00f3n previamente, o bien durante su acceso a la propia web.<\/p>\t\t\t\t\t\t<\/div>\n\t\t\t\t<\/div>\n\t\t\t\t\t<\/div>\n\t\t<\/div>\n\t\t\t\t\t<\/div>\n\t\t<\/section>\n\t\t\t\t<\/div>\n\t\t","protected":false},"excerpt":{"rendered":"<p>POL\u00cdTICA DE COOKIES \u00a0 Informaci\u00f3n b\u00e1sica de protecci\u00f3n de datos Responsable: Lyc\u00e9e Fran\u00e7ais International de Palma (+Info) Finalidad: gesti\u00f3n de datos de navegaci\u00f3n y an\u00e1lisis de las visitas de la web. (+Info) Derechos: puede ejercitar su derecho de acceso, rectificaci\u00f3n, supresi\u00f3n y otros, tal como aparece en la informaci\u00f3n ampliada que puede conocer visitando nuestra [&hellip;]<\/p>\n","protected":false},"author":1,"featured_media":0,"parent":0,"menu_order":0,"comment_status":"closed","ping_status":"closed","template":"","meta":{"_monsterinsights_skip_tracking":false,"_monsterinsights_sitenote_active":false,"_monsterinsights_sitenote_note":"","_monsterinsights_sitenote_category":0,"_uf_show_specific_survey":0,"_uf_disable_surveys":false,"footnotes":""},"aioseo_notices":[],"_links":{"self":[{"href":"https:\/\/lfipalma.es\/fr\/wp-json\/wp\/v2\/pages\/20263"}],"collection":[{"href":"https:\/\/lfipalma.es\/fr\/wp-json\/wp\/v2\/pages"}],"about":[{"href":"https:\/\/lfipalma.es\/fr\/wp-json\/wp\/v2\/types\/page"}],"author":[{"embeddable":true,"href":"https:\/\/lfipalma.es\/fr\/wp-json\/wp\/v2\/users\/1"}],"replies":[{"embeddable":true,"href":"https:\/\/lfipalma.es\/fr\/wp-json\/wp\/v2\/comments?post=20263"}],"version-history":[{"count":23,"href":"https:\/\/lfipalma.es\/fr\/wp-json\/wp\/v2\/pages\/20263\/revisions"}],"predecessor-version":[{"id":20402,"href":"https:\/\/lfipalma.es\/fr\/wp-json\/wp\/v2\/pages\/20263\/revisions\/20402"}],"wp:attachment":[{"href":"https:\/\/lfipalma.es\/fr\/wp-json\/wp\/v2\/media?parent=20263"}],"curies":[{"name":"wp","href":"https:\/\/api.w.org\/{rel}","templated":true}]}}