{"id":21306,"date":"2025-10-13T18:19:15","date_gmt":"2025-10-13T16:19:15","guid":{"rendered":"https:\/\/lfipalma.es\/?page_id=21306"},"modified":"2025-10-13T18:31:25","modified_gmt":"2025-10-13T16:31:25","slug":"activites-doctobre","status":"publish","type":"page","link":"https:\/\/lfipalma.es\/fr\/activites-doctobre\/","title":{"rendered":"Activit\u00e9s D\u00b4Octobre"},"content":{"rendered":"\t\t<div data-elementor-type=\"wp-page\" data-elementor-id=\"21306\" class=\"elementor elementor-21306\" data-elementor-post-type=\"page\">\n\t\t\t\t\t\t<section class=\"elementor-section elementor-top-section elementor-element elementor-element-d673371 elementor-section-boxed elementor-section-height-default elementor-section-height-default\" data-id=\"d673371\" data-element_type=\"section\">\n\t\t\t\t\t\t<div class=\"elementor-container elementor-column-gap-default\">\n\t\t\t\t\t<div class=\"elementor-column elementor-col-100 elementor-top-column elementor-element elementor-element-563c9bc\" data-id=\"563c9bc\" data-element_type=\"column\">\n\t\t\t<div class=\"elementor-widget-wrap elementor-element-populated\">\n\t\t\t\t\t\t<div class=\"elementor-element elementor-element-e047ee3 elementor-widget elementor-widget-text-editor\" data-id=\"e047ee3\" data-element_type=\"widget\" data-widget_type=\"text-editor.default\">\n\t\t\t\t<div class=\"elementor-widget-container\">\n\t\t\t<style>\/*! elementor - v3.20.0 - 10-04-2024 *\/\n.elementor-widget-text-editor.elementor-drop-cap-view-stacked .elementor-drop-cap{background-color:#69727d;color:#fff}.elementor-widget-text-editor.elementor-drop-cap-view-framed .elementor-drop-cap{color:#69727d;border:3px solid;background-color:transparent}.elementor-widget-text-editor:not(.elementor-drop-cap-view-default) .elementor-drop-cap{margin-top:8px}.elementor-widget-text-editor:not(.elementor-drop-cap-view-default) .elementor-drop-cap-letter{width:1em;height:1em}.elementor-widget-text-editor .elementor-drop-cap{float:left;text-align:center;line-height:1;font-size:50px}.elementor-widget-text-editor .elementor-drop-cap-letter{display:inline-block}<\/style>\t\t\t\t<div style=\"font-style: normal; font-variant-numeric: inherit; font-variant-east-asian: inherit; font-variant-alternates: inherit; font-variant-position: inherit; font-variant-emoji: inherit; font-weight: 400; font-stretch: inherit; font-size: 15px; line-height: inherit; font-family: 'Segoe UI', 'Segoe UI Web (West European)', -apple-system, BlinkMacSystemFont, Roboto, 'Helvetica Neue', sans-serif; font-optical-sizing: inherit; font-size-adjust: inherit; font-kerning: inherit; font-feature-settings: inherit; font-variation-settings: inherit; color: #242424;\"><p style=\"font-family: 'Segoe UI', 'Segoe UI Web (West European)', -apple-system, BlinkMacSystemFont, Roboto, 'Helvetica Neue', sans-serif; font-size: 15px; font-style: normal; font-weight: 400;\" data-olk-copy-source=\"MessageBody\">Ch\u00e8res familles,<\/p><p style=\"font-family: 'Segoe UI', 'Segoe UI Web (West European)', -apple-system, BlinkMacSystemFont, Roboto, 'Helvetica Neue', sans-serif; font-size: 15px; font-style: normal; font-weight: 400;\">\u00c0 l\u2019occasion des prochaines vacances scolaires d\u2019octobre, nous vous proposons une solution pour accueillir vos enfants au sein de l\u2019\u00e9tablissement.<br \/>L\u2019atelier sera organis\u00e9 par l\u2019entreprise The Brain Factory, et s\u2019adresse aux \u00e9l\u00e8ves de maternelle et de primaire.<\/p><p style=\"font-family: 'Segoe UI', 'Segoe UI Web (West European)', -apple-system, BlinkMacSystemFont, Roboto, 'Helvetica Neue', sans-serif; font-size: 15px; font-style: normal; font-weight: 400;\">\ud83d\udc49 Cette fois-ci, le th\u00e8me de l\u2019atelier est \u201cLes exp\u00e9riences de Mademoiselle Fara Conti\u201d, une scientifique un peu farfelue qui initiera les enfants \u00e0 des exp\u00e9riences amusantes et p\u00e9dagogiques !<br \/>En compl\u00e9ment, les enfants participeront \u00e0 des jeux, activit\u00e9s sportives, bricolages, etc.<\/p><hr style=\"background-color: #ffffff;\" \/><h3 style=\"color: #242424; font-family: 'Segoe UI', 'Segoe UI Web (West European)', -apple-system, BlinkMacSystemFont, Roboto, 'Helvetica Neue', sans-serif; font-style: normal;\">\ud83e\uddea\u00a0<strong>Informations pratiques :<\/strong><\/h3><p style=\"font-family: 'Segoe UI', 'Segoe UI Web (West European)', -apple-system, BlinkMacSystemFont, Roboto, 'Helvetica Neue', sans-serif; font-size: 15px; font-style: normal; font-weight: 400;\">\ud83d\udcc5\u00a0<strong>Dates au choix :<\/strong><\/p><ul style=\"font-family: 'Segoe UI', 'Segoe UI Web (West European)', -apple-system, BlinkMacSystemFont, Roboto, 'Helvetica Neue', sans-serif; font-size: 15px; font-style: normal; font-weight: 400;\"><li><p><strong>1\u00e8re semaine :<\/strong>\u00a0du 22 au 24 octobre (3 jours)<\/p><\/li><li><p><strong>2\u00e8me semaine\u00a0 :<\/strong>\u00a0du 27 au 31 octobre (5 jours)<\/p><\/li><li><p><strong>Formule compl\u00e8te :<\/strong>\u00a0du 22 au 31 octobre (8 jours)<\/p><\/li><\/ul><div><h3 style=\"color: #242424; font-family: 'Segoe UI', 'Segoe UI Web (West European)', -apple-system, BlinkMacSystemFont, Roboto, 'Helvetica Neue', sans-serif; font-style: normal;\" data-olk-copy-source=\"MessageBody\">\ud83d\udcb0\u00a0<strong>Tarifs :<\/strong><\/h3><div style=\"font-style: normal; font-variant-numeric: inherit; font-variant-east-asian: inherit; font-variant-alternates: inherit; font-variant-position: inherit; font-variant-emoji: inherit; font-weight: 400; font-stretch: inherit; font-size: 15px; line-height: inherit; font-family: 'Segoe UI', 'Segoe UI Web (West European)', -apple-system, BlinkMacSystemFont, Roboto, 'Helvetica Neue', sans-serif; font-optical-sizing: inherit; font-size-adjust: inherit; font-kerning: inherit; font-feature-settings: inherit; font-variation-settings: inherit;\"><div style=\"font-variant: inherit; font-stretch: inherit; font-size: inherit; line-height: inherit; font-optical-sizing: inherit; font-size-adjust: inherit; font-kerning: inherit; font-feature-settings: inherit; font-variation-settings: inherit; color: inherit;\"><table style=\"font-variant: inherit; font-stretch: inherit; font-size: inherit; line-height: inherit; font-optical-sizing: inherit; font-size-adjust: inherit; font-kerning: inherit; font-feature-settings: inherit; font-variation-settings: inherit;\"><tbody><tr><th>\u00a0<\/th><th>\u00c9l\u00e8ves du centre<\/th><th>\u00a0 \u00a0 \u00a0 \u00a0\u00c9l\u00e8ves externes<\/th><\/tr><tr><td>Atelier 9h \u00e0 14h \u2013 3 jours<\/td><td>60 \u20ac\u00a0 \u00a0 \u00a0 \u00a0 \u00a0 \u00a0\u00a0<\/td><td>\u00a0 \u00a0 \u00a0 \u00a075 \u20ac<\/td><\/tr><tr><td>Atelier 9h \u00e0 14h \u2013 5 jours<\/td><td>80 \u20ac<\/td><td>\u00a0 \u00a0 \u00a0 100 \u20ac<\/td><\/tr><tr><td>Atelier 9h \u00e0 14h \u2013 8 jours<\/td><td>120 \u20ac<\/td><td>\u00a0 \u00a0 \u00a0 150 \u20ac<\/td><\/tr><tr><td>Garderie 8h \u00e0 9h \u2013 3 jours<\/td><td>6 \u20ac<\/td><td>\u00a0 \u00a0 \u00a0 6 \u20ac<\/td><\/tr><tr><td>Garderie 8h \u00e0 9h \u2013 5 jours<\/td><td>8 \u20ac<\/td><td>\u00a0 \u00a0 \u00a0 8 \u20ac<\/td><\/tr><tr><td>Garderie 8h \u00e0 9h \u2013 8 jours<\/td><td>12 \u20ac<\/td><td>\u00a0 \u00a0 \u00a0 12 \u20ac<\/td><\/tr><tr><td><strong>Frais de mat\u00e9riel<\/strong><\/td><td>5, 6 ou bien 10 \u20ac\u00a0 \u00a0 \u00a0 \u00a0 \u00a0 \u00a0 \u00a05, 6 ou bien 10 \u20ac<\/td><td>\u00a0<\/td><\/tr><\/tbody><\/table><\/div><\/div><p style=\"font-family: 'Segoe UI', 'Segoe UI Web (West European)', -apple-system, BlinkMacSystemFont, Roboto, 'Helvetica Neue', sans-serif; font-size: 15px; font-style: normal; font-weight: 400;\">\ud83d\udd57\u00a0<strong>Option de garderie<\/strong>\u00a0possible de\u00a0<strong>8h \u00e0 9h<\/strong>.<br \/>\ud83d\udccc\u00a0<strong>Les places sont limit\u00e9es<\/strong>\u00a0et seront attribu\u00e9es\u00a0<strong>par ordre d\u2019inscription<\/strong>.<br \/>\ud83d\udce3 L\u2019atelier est\u00a0<strong>ouvert aux familles ext\u00e9rieures<\/strong>, mais\u00a0<strong>la priorit\u00e9 sera donn\u00e9e aux \u00e9l\u00e8ves de l\u2019\u00e9tablissement<\/strong>.<\/p><\/div><\/div><div style=\"font-style: normal; font-variant-numeric: inherit; font-variant-east-asian: inherit; font-variant-alternates: inherit; font-variant-position: inherit; font-variant-emoji: inherit; font-weight: 400; font-stretch: inherit; font-size: 15px; line-height: inherit; font-family: 'Segoe UI', 'Segoe UI Web (West European)', -apple-system, BlinkMacSystemFont, Roboto, 'Helvetica Neue', sans-serif; font-optical-sizing: inherit; font-size-adjust: inherit; font-kerning: inherit; font-feature-settings: inherit; font-variation-settings: inherit; color: #242424;\"><div dir=\"ltr\" style=\"font-variant: inherit; font-stretch: inherit; font-size: inherit; line-height: inherit; font-optical-sizing: inherit; font-size-adjust: inherit; font-kerning: inherit; font-feature-settings: inherit; font-variation-settings: inherit; color: inherit;\"><div style=\"font-variant: inherit; font-stretch: inherit; font-size: inherit; line-height: inherit; font-optical-sizing: inherit; font-size-adjust: inherit; font-kerning: inherit; font-feature-settings: inherit; font-variation-settings: inherit; color: inherit;\"><div dir=\"ltr\" style=\"font-variant: inherit; font-stretch: inherit; font-size: inherit; line-height: inherit; font-optical-sizing: inherit; font-size-adjust: inherit; font-kerning: inherit; font-feature-settings: inherit; font-variation-settings: inherit; color: inherit;\"><div style=\"font-variant: inherit; font-stretch: inherit; font-size: inherit; line-height: inherit; font-optical-sizing: inherit; font-size-adjust: inherit; font-kerning: inherit; font-feature-settings: inherit; font-variation-settings: inherit; color: inherit;\"><div style=\"font-variant: inherit; font-stretch: inherit; font-size: inherit; line-height: inherit; font-optical-sizing: inherit; font-size-adjust: inherit; font-kerning: inherit; font-feature-settings: inherit; font-variation-settings: inherit; color: inherit;\"><div lang=\"es\" style=\"font-variant: inherit; font-stretch: inherit; font-size: inherit; line-height: inherit; font-optical-sizing: inherit; font-size-adjust: inherit; font-kerning: inherit; font-feature-settings: inherit; font-variation-settings: inherit; color: inherit;\"><div style=\"font-variant: inherit; font-stretch: inherit; font-size: inherit; line-height: inherit; font-optical-sizing: inherit; font-size-adjust: inherit; font-kerning: inherit; font-feature-settings: inherit; font-variation-settings: inherit; color: inherit;\">\u00a0<\/div><\/div><\/div><\/div><\/div><\/div><\/div><\/div>\t\t\t\t\t\t<\/div>\n\t\t\t\t<\/div>\n\t\t\t\t<div class=\"elementor-element elementor-element-5100985 elementor-widget elementor-widget-text-editor\" data-id=\"5100985\" data-element_type=\"widget\" data-widget_type=\"text-editor.default\">\n\t\t\t\t<div class=\"elementor-widget-container\">\n\t\t\t\t\t\t\t<div style=\"font-style: normal; font-variant-numeric: inherit; font-variant-east-asian: inherit; font-variant-alternates: inherit; font-variant-position: inherit; font-variant-emoji: inherit; font-weight: 400; font-stretch: inherit; font-size: 15px; line-height: inherit; font-family: 'Segoe UI', 'Segoe UI Web (West European)', -apple-system, BlinkMacSystemFont, Roboto, 'Helvetica Neue', sans-serif; font-optical-sizing: inherit; font-size-adjust: inherit; font-kerning: inherit; font-feature-settings: inherit; font-variation-settings: inherit; color: #242424;\"><h3 style=\"color: #242424; font-family: 'Segoe UI', 'Segoe UI Web (West European)', -apple-system, BlinkMacSystemFont, Roboto, 'Helvetica Neue', sans-serif; font-style: normal; text-align: left;\" data-olk-copy-source=\"MessageBody\">\ud83d\udcdd\u00a0<strong>Inscription en ligne :<\/strong><\/h3><div style=\"font-style: normal; font-variant-numeric: inherit; font-variant-east-asian: inherit; font-variant-alternates: inherit; font-variant-position: inherit; font-variant-emoji: inherit; font-weight: 400; font-stretch: inherit; font-size: 15px; line-height: inherit; font-family: 'Segoe UI', 'Segoe UI Web (West European)', -apple-system, BlinkMacSystemFont, Roboto, 'Helvetica Neue', sans-serif; font-optical-sizing: inherit; font-size-adjust: inherit; font-kerning: inherit; font-feature-settings: inherit; font-variation-settings: inherit;\"><p><i style=\"font-family: inherit; font-weight: inherit;\"><a style=\"font-variant: inherit; font-stretch: inherit; font-size: inherit; line-height: inherit; font-optical-sizing: inherit; font-size-adjust: inherit; font-kerning: inherit; font-feature-settings: inherit; font-variation-settings: inherit;\" title=\"https:\/\/thebrainfactory.simun.es\/crm\/altaonline\/altap.asp?id=482&amp;pid=6D60D7C6-1D3F-4B10-BF28-2D72E1DB14B4\" href=\"https:\/\/thebrainfactory.simun.es\/crm\/altaonline\/altap.asp?id=482&amp;pid=6D60D7C6-1D3F-4B10-BF28-2D72E1DB14B4\" data-auth=\"NotApplicable\" data-linkindex=\"2\">https:\/\/thebrainfactory.simun.es\/crm\/altaonline\/altap.asp?id=482&amp;pid=6D60D7C6-1D3F-4B10-BF28-2D72E1DB14B4<\/a><\/i><u><\/u><\/p><\/div><\/div><div style=\"font-style: normal; font-variant-numeric: inherit; font-variant-east-asian: inherit; font-variant-alternates: inherit; font-variant-position: inherit; font-variant-emoji: inherit; font-weight: 400; font-stretch: inherit; font-size: 15px; line-height: inherit; font-family: 'Segoe UI', 'Segoe UI Web (West European)', -apple-system, BlinkMacSystemFont, Roboto, 'Helvetica Neue', sans-serif; font-optical-sizing: inherit; font-size-adjust: inherit; font-kerning: inherit; font-feature-settings: inherit; font-variation-settings: inherit; color: #242424;\"><div dir=\"ltr\" style=\"font-variant: inherit; font-stretch: inherit; font-size: inherit; line-height: inherit; font-optical-sizing: inherit; font-size-adjust: inherit; font-kerning: inherit; font-feature-settings: inherit; font-variation-settings: inherit; color: inherit;\"><div style=\"font-variant: inherit; font-stretch: inherit; font-size: inherit; line-height: inherit; font-optical-sizing: inherit; font-size-adjust: inherit; font-kerning: inherit; font-feature-settings: inherit; font-variation-settings: inherit; color: inherit;\"><div dir=\"ltr\" style=\"font-variant: inherit; font-stretch: inherit; font-size: inherit; line-height: inherit; font-optical-sizing: inherit; font-size-adjust: inherit; font-kerning: inherit; font-feature-settings: inherit; font-variation-settings: inherit; color: inherit;\"><div style=\"font-variant: inherit; font-stretch: inherit; font-size: inherit; line-height: inherit; font-optical-sizing: inherit; font-size-adjust: inherit; font-kerning: inherit; font-feature-settings: inherit; font-variation-settings: inherit; color: inherit;\"><div style=\"font-variant: inherit; font-stretch: inherit; font-size: inherit; line-height: inherit; font-optical-sizing: inherit; font-size-adjust: inherit; font-kerning: inherit; font-feature-settings: inherit; font-variation-settings: inherit; color: inherit;\"><div lang=\"es\" style=\"font-variant: inherit; font-stretch: inherit; font-size: inherit; line-height: inherit; font-optical-sizing: inherit; font-size-adjust: inherit; font-kerning: inherit; font-feature-settings: inherit; font-variation-settings: inherit; color: inherit;\">\u00a0<\/div><\/div><\/div><\/div><\/div><\/div><\/div>\t\t\t\t\t\t<\/div>\n\t\t\t\t<\/div>\n\t\t\t\t\t<\/div>\n\t\t<\/div>\n\t\t\t\t\t<\/div>\n\t\t<\/section>\n\t\t\t\t<section class=\"elementor-section elementor-top-section elementor-element elementor-element-0ffb748 elementor-section-boxed elementor-section-height-default elementor-section-height-default\" data-id=\"0ffb748\" data-element_type=\"section\">\n\t\t\t\t\t\t<div class=\"elementor-container elementor-column-gap-default\">\n\t\t\t\t\t<div class=\"elementor-column elementor-col-50 elementor-top-column elementor-element elementor-element-f933381\" data-id=\"f933381\" data-element_type=\"column\">\n\t\t\t<div class=\"elementor-widget-wrap elementor-element-populated\">\n\t\t\t\t\t\t<div class=\"elementor-element elementor-element-41e44dc elementor-widget elementor-widget-image\" data-id=\"41e44dc\" data-element_type=\"widget\" data-widget_type=\"image.default\">\n\t\t\t\t<div class=\"elementor-widget-container\">\n\t\t\t<style>\/*! elementor - v3.20.0 - 10-04-2024 *\/\n.elementor-widget-image{text-align:center}.elementor-widget-image a{display:inline-block}.elementor-widget-image a img[src$=\".svg\"]{width:48px}.elementor-widget-image img{vertical-align:middle;display:inline-block}<\/style>\t\t\t\t\t\t\t\t\t\t<img decoding=\"async\" width=\"121\" height=\"124\" src=\"https:\/\/lfipalma.es\/wp-content\/uploads\/2025\/10\/descargar.png\" class=\"attachment-large size-large wp-image-21291\" alt=\"\" \/>\t\t\t\t\t\t\t\t\t\t\t\t\t<\/div>\n\t\t\t\t<\/div>\n\t\t\t\t\t<\/div>\n\t\t<\/div>\n\t\t\t\t<div class=\"elementor-column elementor-col-50 elementor-top-column elementor-element elementor-element-ae2bff9\" data-id=\"ae2bff9\" data-element_type=\"column\">\n\t\t\t<div class=\"elementor-widget-wrap\">\n\t\t\t\t\t\t\t<\/div>\n\t\t<\/div>\n\t\t\t\t\t<\/div>\n\t\t<\/section>\n\t\t\t\t<section class=\"elementor-section elementor-top-section elementor-element elementor-element-2c2b5ca elementor-section-boxed elementor-section-height-default elementor-section-height-default\" data-id=\"2c2b5ca\" data-element_type=\"section\">\n\t\t\t\t\t\t<div class=\"elementor-container elementor-column-gap-default\">\n\t\t\t\t\t<div class=\"elementor-column elementor-col-100 elementor-top-column elementor-element elementor-element-70235cd\" data-id=\"70235cd\" data-element_type=\"column\">\n\t\t\t<div class=\"elementor-widget-wrap elementor-element-populated\">\n\t\t\t\t\t\t<div class=\"elementor-element elementor-element-68ae014 elementor-widget elementor-widget-text-editor\" data-id=\"68ae014\" data-element_type=\"widget\" data-widget_type=\"text-editor.default\">\n\t\t\t\t<div class=\"elementor-widget-container\">\n\t\t\t\t\t\t\t<div style=\"font-style: normal; font-variant-numeric: inherit; font-variant-east-asian: inherit; font-variant-alternates: inherit; font-variant-position: inherit; font-variant-emoji: inherit; font-weight: 400; font-stretch: inherit; font-size: 15px; line-height: inherit; font-family: 'Segoe UI', 'Segoe UI Web (West European)', -apple-system, BlinkMacSystemFont, Roboto, 'Helvetica Neue', sans-serif; font-optical-sizing: inherit; font-size-adjust: inherit; font-kerning: inherit; font-feature-settings: inherit; font-variation-settings: inherit; color: #242424;\"><p style=\"font-family: 'Segoe UI', 'Segoe UI Web (West European)', -apple-system, BlinkMacSystemFont, Roboto, 'Helvetica Neue', sans-serif; font-size: 15px; font-style: normal; font-weight: 400;\" data-olk-copy-source=\"MessageBody\">\ud83d\udcc5\u00a0<strong>Date limite d\u2019inscription : 19 octobre<\/strong><\/p><hr style=\"background-color: #ffffff;\" \/><p style=\"font-family: 'Segoe UI', 'Segoe UI Web (West European)', -apple-system, BlinkMacSystemFont, Roboto, 'Helvetica Neue', sans-serif; font-size: 15px; font-style: normal; font-weight: 400;\">Nous esp\u00e9rons que cette proposition r\u00e9pondra \u00e0 vos besoins et vous aidera \u00e0 concilier vie familiale et organisation scolaire.<br \/>N\u2019h\u00e9sitez pas \u00e0 nous contacter pour toute question compl\u00e9mentaire.<\/p><p style=\"font-family: 'Segoe UI', 'Segoe UI Web (West European)', -apple-system, BlinkMacSystemFont, Roboto, 'Helvetica Neue', sans-serif; font-size: 15px; font-style: normal; font-weight: 400;\">\u00a0<\/p><p style=\"font-family: 'Segoe UI', 'Segoe UI Web (West European)', -apple-system, BlinkMacSystemFont, Roboto, 'Helvetica Neue', sans-serif; font-size: 15px; font-style: normal; font-weight: 400;\"><strong>Cordialement,<\/strong><\/p><\/div><div style=\"font-style: normal; font-variant-numeric: inherit; font-variant-east-asian: inherit; font-variant-alternates: inherit; font-variant-position: inherit; font-variant-emoji: inherit; font-weight: 400; font-stretch: inherit; font-size: 15px; line-height: inherit; font-family: 'Segoe UI', 'Segoe UI Web (West European)', -apple-system, BlinkMacSystemFont, Roboto, 'Helvetica Neue', sans-serif; font-optical-sizing: inherit; font-size-adjust: inherit; font-kerning: inherit; font-feature-settings: inherit; font-variation-settings: inherit; color: #242424;\"><div dir=\"ltr\" style=\"font-variant: inherit; font-stretch: inherit; font-size: inherit; line-height: inherit; font-optical-sizing: inherit; font-size-adjust: inherit; font-kerning: inherit; font-feature-settings: inherit; font-variation-settings: inherit; color: inherit;\"><div style=\"font-variant: inherit; font-stretch: inherit; font-size: inherit; line-height: inherit; font-optical-sizing: inherit; font-size-adjust: inherit; font-kerning: inherit; font-feature-settings: inherit; font-variation-settings: inherit; color: inherit;\"><div dir=\"ltr\" style=\"font-variant: inherit; font-stretch: inherit; font-size: inherit; line-height: inherit; font-optical-sizing: inherit; font-size-adjust: inherit; font-kerning: inherit; font-feature-settings: inherit; font-variation-settings: inherit; color: inherit;\"><div style=\"font-variant: inherit; font-stretch: inherit; font-size: inherit; line-height: inherit; font-optical-sizing: inherit; font-size-adjust: inherit; font-kerning: inherit; font-feature-settings: inherit; font-variation-settings: inherit; color: inherit;\"><div style=\"font-variant: inherit; font-stretch: inherit; font-size: inherit; line-height: inherit; font-optical-sizing: inherit; font-size-adjust: inherit; font-kerning: inherit; font-feature-settings: inherit; font-variation-settings: inherit; color: inherit;\"><div lang=\"es\" style=\"font-variant: inherit; font-stretch: inherit; font-size: inherit; line-height: inherit; font-optical-sizing: inherit; font-size-adjust: inherit; font-kerning: inherit; font-feature-settings: inherit; font-variation-settings: inherit; color: inherit;\">\u00a0<\/div><\/div><\/div><\/div><\/div><\/div><\/div>\t\t\t\t\t\t<\/div>\n\t\t\t\t<\/div>\n\t\t\t\t\t<\/div>\n\t\t<\/div>\n\t\t\t\t\t<\/div>\n\t\t<\/section>\n\t\t\t\t<section class=\"elementor-section elementor-top-section elementor-element elementor-element-886b710 elementor-section-boxed elementor-section-height-default elementor-section-height-default\" data-id=\"886b710\" data-element_type=\"section\">\n\t\t\t\t\t\t<div class=\"elementor-container elementor-column-gap-default\">\n\t\t\t\t\t<div class=\"elementor-column elementor-col-100 elementor-top-column elementor-element elementor-element-4e3c01d\" data-id=\"4e3c01d\" data-element_type=\"column\">\n\t\t\t<div class=\"elementor-widget-wrap elementor-element-populated\">\n\t\t\t\t\t\t<div class=\"elementor-element elementor-element-48dc171 elementor-widget elementor-widget-image\" data-id=\"48dc171\" data-element_type=\"widget\" data-widget_type=\"image.default\">\n\t\t\t\t<div class=\"elementor-widget-container\">\n\t\t\t\t\t\t\t\t\t\t\t\t\t<img fetchpriority=\"high\" decoding=\"async\" width=\"768\" height=\"1086\" src=\"https:\/\/lfipalma.es\/wp-content\/uploads\/2025\/10\/TallerersFaraContiV02-768x1086.jpg\" class=\"attachment-medium_large size-medium_large wp-image-21289\" alt=\"\" srcset=\"https:\/\/lfipalma.es\/wp-content\/uploads\/2025\/10\/TallerersFaraContiV02-768x1086.jpg 768w, https:\/\/lfipalma.es\/wp-content\/uploads\/2025\/10\/TallerersFaraContiV02-212x300.jpg 212w, https:\/\/lfipalma.es\/wp-content\/uploads\/2025\/10\/TallerersFaraContiV02-724x1024.jpg 724w, https:\/\/lfipalma.es\/wp-content\/uploads\/2025\/10\/TallerersFaraContiV02-1086x1536.jpg 1086w, https:\/\/lfipalma.es\/wp-content\/uploads\/2025\/10\/TallerersFaraContiV02.jpg 1358w\" sizes=\"(max-width: 768px) 100vw, 768px\" \/>\t\t\t\t\t\t\t\t\t\t\t\t\t<\/div>\n\t\t\t\t<\/div>\n\t\t\t\t<section class=\"elementor-section elementor-inner-section elementor-element elementor-element-8185911 elementor-section-boxed elementor-section-height-default elementor-section-height-default\" data-id=\"8185911\" data-element_type=\"section\">\n\t\t\t\t\t\t<div class=\"elementor-container elementor-column-gap-default\">\n\t\t\t\t\t<div class=\"elementor-column elementor-col-33 elementor-inner-column elementor-element elementor-element-8e08ac4\" data-id=\"8e08ac4\" data-element_type=\"column\">\n\t\t\t<div class=\"elementor-widget-wrap\">\n\t\t\t\t\t\t\t<\/div>\n\t\t<\/div>\n\t\t\t\t<div class=\"elementor-column elementor-col-33 elementor-inner-column elementor-element elementor-element-a5ce73d\" data-id=\"a5ce73d\" data-element_type=\"column\">\n\t\t\t<div class=\"elementor-widget-wrap\">\n\t\t\t\t\t\t\t<\/div>\n\t\t<\/div>\n\t\t\t\t<div class=\"elementor-column elementor-col-33 elementor-inner-column elementor-element elementor-element-9ba9be6\" data-id=\"9ba9be6\" data-element_type=\"column\">\n\t\t\t<div class=\"elementor-widget-wrap\">\n\t\t\t\t\t\t\t<\/div>\n\t\t<\/div>\n\t\t\t\t\t<\/div>\n\t\t<\/section>\n\t\t\t\t\t<\/div>\n\t\t<\/div>\n\t\t\t\t\t<\/div>\n\t\t<\/section>\n\t\t\t\t<\/div>\n\t\t","protected":false},"excerpt":{"rendered":"<p>Ch\u00e8res familles, \u00c0 l\u2019occasion des prochaines vacances scolaires d\u2019octobre, nous vous proposons une solution pour accueillir vos enfants au sein de l\u2019\u00e9tablissement.L\u2019atelier sera organis\u00e9 par l\u2019entreprise The Brain Factory, et s\u2019adresse aux \u00e9l\u00e8ves de maternelle et de primaire. ???? Cette fois-ci, le th\u00e8me de l\u2019atelier est \u201cLes exp\u00e9riences de Mademoiselle Fara Conti\u201d, une scientifique un [&hellip;]<\/p>\n","protected":false},"author":1,"featured_media":0,"parent":0,"menu_order":0,"comment_status":"closed","ping_status":"closed","template":"","meta":{"_monsterinsights_skip_tracking":false,"_monsterinsights_sitenote_active":false,"_monsterinsights_sitenote_note":"","_monsterinsights_sitenote_category":0,"_uf_show_specific_survey":0,"_uf_disable_surveys":false,"footnotes":""},"aioseo_notices":[],"_links":{"self":[{"href":"https:\/\/lfipalma.es\/fr\/wp-json\/wp\/v2\/pages\/21306"}],"collection":[{"href":"https:\/\/lfipalma.es\/fr\/wp-json\/wp\/v2\/pages"}],"about":[{"href":"https:\/\/lfipalma.es\/fr\/wp-json\/wp\/v2\/types\/page"}],"author":[{"embeddable":true,"href":"https:\/\/lfipalma.es\/fr\/wp-json\/wp\/v2\/users\/1"}],"replies":[{"embeddable":true,"href":"https:\/\/lfipalma.es\/fr\/wp-json\/wp\/v2\/comments?post=21306"}],"version-history":[{"count":5,"href":"https:\/\/lfipalma.es\/fr\/wp-json\/wp\/v2\/pages\/21306\/revisions"}],"predecessor-version":[{"id":21313,"href":"https:\/\/lfipalma.es\/fr\/wp-json\/wp\/v2\/pages\/21306\/revisions\/21313"}],"wp:attachment":[{"href":"https:\/\/lfipalma.es\/fr\/wp-json\/wp\/v2\/media?parent=21306"}],"curies":[{"name":"wp","href":"https:\/\/api.w.org\/{rel}","templated":true}]}}