{"id":21341,"date":"2025-10-27T14:50:12","date_gmt":"2025-10-27T12:50:12","guid":{"rendered":"https:\/\/lfipalma.es\/?page_id=21341"},"modified":"2025-12-18T14:56:42","modified_gmt":"2025-12-18T12:56:42","slug":"formulaire-dinscription","status":"publish","type":"page","link":"https:\/\/lfipalma.es\/fr\/formulaire-dinscription\/","title":{"rendered":"Formulaire d&rsquo;inscription"},"content":{"rendered":"<style>\/*! elementor - v3.20.0 - 10-04-2024 *\/\n.elementor-widget-image{text-align:center}.elementor-widget-image a{display:inline-block}.elementor-widget-image a img[src$=\".svg\"]{width:48px}.elementor-widget-image img{vertical-align:middle;display:inline-block}<\/style>\n<p>\t\t\t\t\t\t\t\t\t\t<img fetchpriority=\"high\" decoding=\"async\" width=\"1000\" height=\"316\" src=\"https:\/\/lfipalma.es\/wp-content\/uploads\/2025\/12\/PUERTAS-ABIERTAS-_-web_2-1024x324.jpg\" alt=\"\" srcset=\"https:\/\/lfipalma.es\/wp-content\/uploads\/2025\/12\/PUERTAS-ABIERTAS-_-web_2-1024x324.jpg 1024w, https:\/\/lfipalma.es\/wp-content\/uploads\/2025\/12\/PUERTAS-ABIERTAS-_-web_2-300x95.jpg 300w, https:\/\/lfipalma.es\/wp-content\/uploads\/2025\/12\/PUERTAS-ABIERTAS-_-web_2-768x243.jpg 768w, https:\/\/lfipalma.es\/wp-content\/uploads\/2025\/12\/PUERTAS-ABIERTAS-_-web_2-1536x486.jpg 1536w, https:\/\/lfipalma.es\/wp-content\/uploads\/2025\/12\/PUERTAS-ABIERTAS-_-web_2.jpg 1901w\" sizes=\"(max-width: 1000px) 100vw, 1000px\" \/><br \/>\n\t\t\n<div class=\"wpcf7 no-js\" id=\"wpcf7-f21349-o1\" lang=\"es-ES\" dir=\"ltr\">\n<div class=\"screen-reader-response\"><p role=\"status\" aria-live=\"polite\" aria-atomic=\"true\"><\/p> <ul><\/ul><\/div>\n<form action=\"\/fr\/wp-json\/wp\/v2\/pages\/21341#wpcf7-f21349-o1\" method=\"post\" class=\"wpcf7-form init\" aria-label=\"Formulario de contacto\" novalidate=\"novalidate\" data-status=\"init\">\n<div style=\"display: none;\">\n<input type=\"hidden\" name=\"_wpcf7\" value=\"21349\" \/>\n<input type=\"hidden\" name=\"_wpcf7_version\" value=\"5.9.3\" \/>\n<input type=\"hidden\" name=\"_wpcf7_locale\" value=\"es_ES\" \/>\n<input type=\"hidden\" name=\"_wpcf7_unit_tag\" value=\"wpcf7-f21349-o1\" \/>\n<input type=\"hidden\" name=\"_wpcf7_container_post\" value=\"0\" \/>\n<input type=\"hidden\" name=\"_wpcf7_posted_data_hash\" value=\"\" \/>\n<\/div>\n<p><br \/>\nAfin de pouvoir vous accueillir dans les meilleures conditions, nous vous envoyons ce formulaire \u00e0 compl\u00e9ter.<br \/>\nMerci beaucoup d\u2019avance.\n<\/p>\n<p><span class=\"wpcf7-form-control-wrap\" data-name=\"your-name\"><input size=\"40\" class=\"wpcf7-form-control wpcf7-text wpcf7-validates-as-required\" aria-required=\"true\" aria-invalid=\"false\" placeholder=\"Nom du repr\u00e9sentant l\u00e9gal *\" value=\"\" type=\"text\" name=\"your-name\" \/><\/span>\n<\/p>\n<p><span class=\"wpcf7-form-control-wrap\" data-name=\"your-subject\"><input size=\"40\" class=\"wpcf7-form-control wpcf7-text wpcf7-validates-as-required\" aria-required=\"true\" aria-invalid=\"false\" placeholder=\"Nom de famille *\" value=\"\" type=\"text\" name=\"your-subject\" \/><\/span>\n<\/p>\n<p><span class=\"wpcf7-form-control-wrap\" data-name=\"your-email\"><input size=\"40\" class=\"wpcf7-form-control wpcf7-email wpcf7-validates-as-required wpcf7-text wpcf7-validates-as-email\" aria-required=\"true\" aria-invalid=\"false\" placeholder=\"Email *\" value=\"\" type=\"email\" name=\"your-email\" \/><\/span>\n<\/p>\n<p><span class=\"wpcf7-form-control-wrap\" data-name=\"your-tel\"><input size=\"40\" class=\"wpcf7-form-control wpcf7-tel wpcf7-validates-as-required wpcf7-text wpcf7-validates-as-tel\" aria-required=\"true\" aria-invalid=\"false\" placeholder=\"T\u00e9l\u00e9phone *\" value=\"\" type=\"tel\" name=\"your-tel\" \/><\/span>\n<\/p>\n<p><span class=\"wpcf7-form-control-wrap\" data-name=\"child-name\"><input size=\"40\" class=\"wpcf7-form-control wpcf7-text wpcf7-validates-as-required\" aria-required=\"true\" aria-invalid=\"false\" placeholder=\"Pr\u00e9nom de l\u2019enfant *\" value=\"\" type=\"text\" name=\"child-name\" \/><\/span>\n<\/p>\n<p><span class=\"wpcf7-form-control-wrap\" data-name=\"child-birth\"><input size=\"40\" class=\"wpcf7-form-control wpcf7-text wpcf7-validates-as-required\" aria-required=\"true\" aria-invalid=\"false\" placeholder=\"Date de naissance de l\u2019enfant *\" value=\"\" type=\"text\" name=\"child-birth\" \/><\/span>\n<\/p>\n<p><span class=\"wpcf7-form-control-wrap\" data-name=\"child-nationality\"><input size=\"40\" class=\"wpcf7-form-control wpcf7-text wpcf7-validates-as-required\" aria-required=\"true\" aria-invalid=\"false\" placeholder=\"Nationalit\u00e9 de l\u2019enfant *\" value=\"\" type=\"text\" name=\"child-nationality\" \/><\/span>\n<\/p>\n<p><span class=\"wpcf7-form-control-wrap\" data-name=\"child-school\"><input size=\"40\" class=\"wpcf7-form-control wpcf7-text wpcf7-validates-as-required\" aria-required=\"true\" aria-invalid=\"false\" placeholder=\"Nom de la cr\u00e8che \/ \u00e9cole *\" value=\"\" type=\"text\" name=\"child-school\" \/><\/span>\n<\/p>\n<p><span class=\"wpcf7-form-control-wrap\" data-name=\"child-dia\"><input size=\"40\" class=\"wpcf7-form-control wpcf7-text wpcf7-validates-as-required\" aria-required=\"true\" aria-invalid=\"false\" placeholder=\"Jour souhait\u00e9 pour la visite *\" value=\"\" type=\"text\" name=\"child-dia\" \/><\/span>\n<\/p>\n<p><br \/>\nHoraire\n<\/p>\n<p><span class=\"wpcf7-form-control-wrap\" data-name=\"attendance-time\"><select class=\"wpcf7-form-control wpcf7-select wpcf7-validates-as-required\" aria-required=\"true\" aria-invalid=\"false\" name=\"attendance-time\"><option value=\"Matin\">Matin<\/option><option value=\"Apr\u00e8s-midi\">Apr\u00e8s-midi<\/option><\/select><\/span>\n<\/p>\n<p><br \/>\nLangue pour la visite\n<\/p>\n<p><span class=\"wpcf7-form-control-wrap\" data-name=\"language\"><select class=\"wpcf7-form-control wpcf7-select wpcf7-validates-as-required\" aria-required=\"true\" aria-invalid=\"false\" name=\"language\"><option value=\"Fran\u00e7ais\">Fran\u00e7ais<\/option><option value=\"Espagnol \/ Catalan\">Espagnol \/ Catalan<\/option><option value=\"Anglais\">Anglais<\/option><\/select><\/span>\n<\/p>\n<p><br \/>\nComment avez-vous connu le LFiPalma ?\n<\/p>\n<p><span class=\"wpcf7-form-control-wrap\" data-name=\"info-source\"><select class=\"wpcf7-form-control wpcf7-select wpcf7-validates-as-required\" aria-required=\"true\" aria-invalid=\"false\" name=\"info-source\"><option value=\"Bouche \u00e0 oreille\">Bouche \u00e0 oreille<\/option><option value=\"Dans la presse\">Dans la presse<\/option><option value=\"Sur les r\u00e9seaux sociaux\">Sur les r\u00e9seaux sociaux<\/option><option value=\"Par notre campagne d\u2019affichage\">Par notre campagne d\u2019affichage<\/option><option value=\"Autre\">Autre<\/option><\/select><\/span>\n<\/p>\n<p><span class=\"wpcf7-form-control-wrap\" data-name=\"your-message\"><textarea cols=\"40\" rows=\"10\" class=\"wpcf7-form-control wpcf7-textarea wpcf7-validates-as-required\" aria-required=\"true\" aria-invalid=\"false\" placeholder=\"Message *\" name=\"your-message\"><\/textarea><\/span>\n<\/p>\n<div class=\"ztl-button-three\">\n\t<p><button type=\"submit\">Envoyer le message<\/button>\n\t<\/p>\n<\/div>\n<p><span class=\"wpcf7-form-control-wrap\" data-name=\"checkbox-831\"><span class=\"wpcf7-form-control wpcf7-checkbox wpcf7-validates-as-required\"><span class=\"wpcf7-list-item first last\"><label><input type=\"checkbox\" name=\"checkbox-831[]\" value=\"J\u2019accepte la politique de confidentialit\u00e9\" \/><span class=\"wpcf7-list-item-label\">J\u2019accepte la politique de confidentialit\u00e9<\/span><\/label><\/span><\/span><\/span>\n<\/p>\n<p><strong>Informations de base sur la protection des donn\u00e9es<\/strong>\n<\/p>\n<p><br \/>\nResponsable du traitement : Lyc\u00e9e Fran\u00e7ais international de Palma\n<\/p>\n<p>Contact du d\u00e9l\u00e9gu\u00e9 \u00e0 la protection des donn\u00e9es : <a href=\"mailto:dpolfip@dataseg.es\">dpolfip@dataseg.es<\/a>\n<\/p>\n<p>Finalit\u00e9 : traiter, g\u00e9rer et r\u00e9pondre \u00e0 votre demande, y compris vous contacter pour fixer un rendez-vous ou une visite.\n<\/p>\n<p>Droits : acc\u00e8s, rectification, suppression et autres, comme indiqu\u00e9 dans les informations suppl\u00e9mentaires disponibles sur notre <a href=\"https:\/\/lfipalma.es\/politica-de-privacidad\/\" target=\"_blank\">Politique de confidentialit\u00e9<\/a>.\n<\/p>\n<p><strong>Protection des donn\u00e9es \u2013 Informations de base :<\/strong>\n<\/p>\n<p><br \/>\nResponsable du traitement : Dataseg.\n<\/p>\n<p>Finalit\u00e9 du traitement : gestion de la relation contractuelle ; gestion des demandes de devis, \u00e9laboration et suivi par email, t\u00e9l\u00e9phone ou en personne ; d\u00e9veloppement de la prestation de services ; gestion de l\u2019agenda de contacts.\n<\/p>\n<p>Droits : vous avez le droit d\u2019acc\u00e9der, de rectifier et de supprimer vos donn\u00e9es, ainsi que d\u2019exercer d\u2019autres droits, comme indiqu\u00e9 dans les informations compl\u00e9mentaires disponibles sur <a href=\"https:\/\/www.dataseg.es\" target=\"_blank\">dataseg<\/a>.\n<\/p>\n<p><strong>Confidentialit\u00e9 du contenu :<\/strong> Les informations contenues dans cet e-mail sont CONFIDENTIELLES. Toute utilisation, divulgation, distribution et\/ou reproduction est interdite sans notre autorisation ou celle du destinataire. Si vous avez re\u00e7u ce message par erreur, merci de nous en informer imm\u00e9diatement et de proc\u00e9der \u00e0 sa suppression.\n<\/p>\n<p><em>Ne pas imprimer cet e-mail sauf si n\u00e9cessaire. Prot\u00e9gez l\u2019environnement.<\/em>\n<\/p><div class=\"wpcf7-response-output\" aria-hidden=\"true\"><\/div>\n<\/form>\n<\/div>\n","protected":false},"excerpt":{"rendered":"Afin de pouvoir vous accueillir dans les meilleures conditions, nous vous envoyons ce formulaire \u00e0 compl\u00e9ter. Merci beaucoup d\u2019avance. Horaire MatinApr\u00e8s-midi Langue pour la visite Fran\u00e7aisEspagnol \/ CatalanAnglais Comment avez-vous connu le LFiPalma ? Bouche \u00e0 oreilleDans la presseSur les r\u00e9seaux sociauxPar notre campagne d\u2019affichageAutre Envoyer le message J\u2019accepte la politique de confidentialit\u00e9 Informations de [...]","protected":false},"author":1,"featured_media":0,"parent":0,"menu_order":0,"comment_status":"closed","ping_status":"closed","template":"","meta":{"_monsterinsights_skip_tracking":false,"_monsterinsights_sitenote_active":false,"_monsterinsights_sitenote_note":"","_monsterinsights_sitenote_category":0,"_uf_show_specific_survey":0,"_uf_disable_surveys":false,"footnotes":""},"aioseo_notices":[],"_links":{"self":[{"href":"https:\/\/lfipalma.es\/fr\/wp-json\/wp\/v2\/pages\/21341"}],"collection":[{"href":"https:\/\/lfipalma.es\/fr\/wp-json\/wp\/v2\/pages"}],"about":[{"href":"https:\/\/lfipalma.es\/fr\/wp-json\/wp\/v2\/types\/page"}],"author":[{"embeddable":true,"href":"https:\/\/lfipalma.es\/fr\/wp-json\/wp\/v2\/users\/1"}],"replies":[{"embeddable":true,"href":"https:\/\/lfipalma.es\/fr\/wp-json\/wp\/v2\/comments?post=21341"}],"version-history":[{"count":10,"href":"https:\/\/lfipalma.es\/fr\/wp-json\/wp\/v2\/pages\/21341\/revisions"}],"predecessor-version":[{"id":21705,"href":"https:\/\/lfipalma.es\/fr\/wp-json\/wp\/v2\/pages\/21341\/revisions\/21705"}],"wp:attachment":[{"href":"https:\/\/lfipalma.es\/fr\/wp-json\/wp\/v2\/media?parent=21341"}],"curies":[{"name":"wp","href":"https:\/\/api.w.org\/{rel}","templated":true}]}}