{"id":21625,"date":"2025-11-28T16:34:25","date_gmt":"2025-11-28T14:34:25","guid":{"rendered":"https:\/\/lfipalma.es\/?page_id=21625"},"modified":"2025-11-28T16:36:42","modified_gmt":"2025-11-28T14:36:42","slug":"activites-de-noel","status":"publish","type":"page","link":"https:\/\/lfipalma.es\/fr\/activites-de-noel\/","title":{"rendered":"Activit\u00e9s de No\u00ebl"},"content":{"rendered":"\t\t<div data-elementor-type=\"wp-page\" data-elementor-id=\"21625\" class=\"elementor elementor-21625\" data-elementor-post-type=\"page\">\n\t\t\t\t\t\t<section class=\"elementor-section elementor-top-section elementor-element elementor-element-3150de8 elementor-section-boxed elementor-section-height-default elementor-section-height-default\" data-id=\"3150de8\" data-element_type=\"section\">\n\t\t\t\t\t\t<div class=\"elementor-container elementor-column-gap-default\">\n\t\t\t\t\t<div class=\"elementor-column elementor-col-100 elementor-top-column elementor-element elementor-element-aa34415\" data-id=\"aa34415\" data-element_type=\"column\">\n\t\t\t<div class=\"elementor-widget-wrap elementor-element-populated\">\n\t\t\t\t\t\t<div class=\"elementor-element elementor-element-c644fe0 elementor-widget elementor-widget-heading\" data-id=\"c644fe0\" data-element_type=\"widget\" data-widget_type=\"heading.default\">\n\t\t\t\t<div class=\"elementor-widget-container\">\n\t\t\t<style>\/*! elementor - v3.20.0 - 10-04-2024 *\/\n.elementor-heading-title{padding:0;margin:0;line-height:1}.elementor-widget-heading .elementor-heading-title[class*=elementor-size-]>a{color:inherit;font-size:inherit;line-height:inherit}.elementor-widget-heading .elementor-heading-title.elementor-size-small{font-size:15px}.elementor-widget-heading .elementor-heading-title.elementor-size-medium{font-size:19px}.elementor-widget-heading .elementor-heading-title.elementor-size-large{font-size:29px}.elementor-widget-heading .elementor-heading-title.elementor-size-xl{font-size:39px}.elementor-widget-heading .elementor-heading-title.elementor-size-xxl{font-size:59px}<\/style><h1 class=\"elementor-heading-title elementor-size-default\"><!--StartFragment--><span data-olk-copy-source=\"MessageBody\">\ud83c\udf84 Atelier de No\u00ebl \u201cShaky Flake\u201d \u2013 Vacances de No\u00ebl<\/span><!--EndFragment--><\/h1>\t\t<\/div>\n\t\t\t\t<\/div>\n\t\t\t\t<div class=\"elementor-element elementor-element-a623c46 elementor-widget elementor-widget-text-editor\" data-id=\"a623c46\" data-element_type=\"widget\" data-widget_type=\"text-editor.default\">\n\t\t\t\t<div class=\"elementor-widget-container\">\n\t\t\t<style>\/*! elementor - v3.20.0 - 10-04-2024 *\/\n.elementor-widget-text-editor.elementor-drop-cap-view-stacked .elementor-drop-cap{background-color:#69727d;color:#fff}.elementor-widget-text-editor.elementor-drop-cap-view-framed .elementor-drop-cap{color:#69727d;border:3px solid;background-color:transparent}.elementor-widget-text-editor:not(.elementor-drop-cap-view-default) .elementor-drop-cap{margin-top:8px}.elementor-widget-text-editor:not(.elementor-drop-cap-view-default) .elementor-drop-cap-letter{width:1em;height:1em}.elementor-widget-text-editor .elementor-drop-cap{float:left;text-align:center;line-height:1;font-size:50px}.elementor-widget-text-editor .elementor-drop-cap-letter{display:inline-block}<\/style>\t\t\t\t<p style=\"font-family: 'Segoe UI', 'Segoe UI Web (West European)', -apple-system, BlinkMacSystemFont, Roboto, 'Helvetica Neue', sans-serif; font-size: 15px; font-style: normal; font-weight: 400; text-align: start;\"><strong data-olk-copy-source=\"MessageBody\">Ch\u00e8res familles,<\/strong><\/p><p style=\"font-family: 'Segoe UI', 'Segoe UI Web (West European)', -apple-system, BlinkMacSystemFont, Roboto, 'Helvetica Neue', sans-serif; font-size: 15px; font-style: normal; font-weight: 400; text-align: start;\">Pour ces vacances de No\u00ebl, nous vous proposons un programme\u00a0<strong>amusant et \u00e9ducatif<\/strong>\u00a0pour vos enfants. L\u2019atelier sera anim\u00e9 par\u00a0<strong>The Brain Factory<\/strong>, et s\u2019adresse aux enfants d\u2019<strong>\u00e9cole maternelle et primaire<\/strong>.<\/p><p style=\"font-family: 'Segoe UI', 'Segoe UI Web (West European)', -apple-system, BlinkMacSystemFont, Roboto, 'Helvetica Neue', sans-serif; font-size: 15px; font-style: normal; font-weight: 400; text-align: start;\">Cette ann\u00e9e, le th\u00e8me est\u00a0<strong>no\u00ebl<\/strong>, et notre protagoniste\u00a0<strong>\u201cShaky Flake\u201d<\/strong>\u00a0adore\u00a0<strong>l\u2019art, le mouvement et surtout s\u2019amuser<\/strong>\u00a0! Les participants profiteront \u00e9galement de\u00a0<strong>jeux, gymkanas, activit\u00e9s manuelles<\/strong>\u00a0et bien d\u2019autres surprises.<\/p><hr style=\"font-size: 15px; text-align: start; background-color: #ffffff;\" \/><h2 style=\"color: #242424; font-family: 'Segoe UI', 'Segoe UI Web (West European)', -apple-system, BlinkMacSystemFont, Roboto, 'Helvetica Neue', sans-serif; font-style: normal;\">\u2139\ufe0f Informations importantes<\/h2><ul style=\"font-family: 'Segoe UI', 'Segoe UI Web (West European)', -apple-system, BlinkMacSystemFont, Roboto, 'Helvetica Neue', sans-serif; font-size: 15px; font-style: normal; font-weight: 400; text-align: start;\"><li><p>Les places sont\u00a0<strong>limit\u00e9es<\/strong>\u00a0et seront attribu\u00e9es par\u00a0<strong>ordre d\u2019inscription<\/strong>.<\/p><\/li><li><p>Les familles externes peuvent participer, mais les\u00a0<strong>\u00e9l\u00e8ves de l\u2019\u00e9tablissement auront la priorit\u00e9<\/strong>.<\/p><\/li><li><p>L\u2019inscription se fait\u00a0<strong>en ligne<\/strong>\u00a0via le lien ou le QR code suivant :<br \/>\ud83d\udc49\u00a0<a style=\"font-variant: inherit; font-stretch: inherit; font-size: inherit; line-height: inherit; font-optical-sizing: inherit; font-size-adjust: inherit; font-kerning: inherit; font-feature-settings: inherit; font-variation-settings: inherit;\" title=\"https:\/\/thebrainfactory.simun.es\/crm\/altaonline\/altap.asp?id=482&amp;pid=B9D0558D-0C85-4067-BC44-319DD456FF78\" href=\"https:\/\/thebrainfactory.simun.es\/crm\/altaonline\/altap.asp?id=482&amp;pid=B9D0558D-0C85-4067-BC44-319DD456FF78\" rel=\"noopener\" data-auth=\"NotApplicable\" data-linkindex=\"1\">Formulaire d\u2019inscription<\/a><\/p><\/li><li><p><strong>Date limite d\u2019inscription : 17 d\u00e9cembre<\/strong><\/p><\/li><\/ul><hr style=\"font-size: 15px; text-align: start; background-color: #ffffff;\" \/><p style=\"font-family: 'Segoe UI', 'Segoe UI Web (West European)', -apple-system, BlinkMacSystemFont, Roboto, 'Helvetica Neue', sans-serif; font-size: 15px; font-style: normal; font-weight: 400; text-align: start;\">Nous esp\u00e9rons que cette proposition vous plaira et facilitera la\u00a0<strong>conciliation entre vie familiale et scolaire<\/strong>\u00a0pendant les vacances de No\u00ebl.<\/p><p style=\"font-family: 'Segoe UI', 'Segoe UI Web (West European)', -apple-system, BlinkMacSystemFont, Roboto, 'Helvetica Neue', sans-serif; font-size: 15px; font-style: normal; font-weight: 400; text-align: start;\">\u00a0<\/p><p style=\"font-family: 'Segoe UI', 'Segoe UI Web (West European)', -apple-system, BlinkMacSystemFont, Roboto, 'Helvetica Neue', sans-serif; font-size: 15px; font-style: normal; font-weight: 400; text-align: start;\"><strong>\u00c0 tr\u00e8s bient\u00f4t \u00e0 l\u2019atelier ! \ud83c\udf84\u2728<\/strong><\/p>\t\t\t\t\t\t<\/div>\n\t\t\t\t<\/div>\n\t\t\t\t\t<\/div>\n\t\t<\/div>\n\t\t\t\t\t<\/div>\n\t\t<\/section>\n\t\t\t\t<section class=\"elementor-section elementor-top-section elementor-element elementor-element-7af90c8 elementor-section-boxed elementor-section-height-default elementor-section-height-default\" data-id=\"7af90c8\" data-element_type=\"section\">\n\t\t\t\t\t\t<div class=\"elementor-container elementor-column-gap-default\">\n\t\t\t\t\t<div class=\"elementor-column elementor-col-100 elementor-top-column elementor-element elementor-element-887a6cd\" data-id=\"887a6cd\" data-element_type=\"column\">\n\t\t\t<div class=\"elementor-widget-wrap elementor-element-populated\">\n\t\t\t\t\t\t<div class=\"elementor-element elementor-element-d7d692e elementor-widget elementor-widget-image\" data-id=\"d7d692e\" data-element_type=\"widget\" data-widget_type=\"image.default\">\n\t\t\t\t<div class=\"elementor-widget-container\">\n\t\t\t<style>\/*! elementor - v3.20.0 - 10-04-2024 *\/\n.elementor-widget-image{text-align:center}.elementor-widget-image a{display:inline-block}.elementor-widget-image a img[src$=\".svg\"]{width:48px}.elementor-widget-image img{vertical-align:middle;display:inline-block}<\/style>\t\t\t\t\t\t\t\t\t\t<img fetchpriority=\"high\" decoding=\"async\" width=\"636\" height=\"900\" src=\"https:\/\/lfipalma.es\/wp-content\/uploads\/2025\/11\/Navidad-the-brain.jpg\" class=\"attachment-medium_large size-medium_large wp-image-21609\" alt=\"\" srcset=\"https:\/\/lfipalma.es\/wp-content\/uploads\/2025\/11\/Navidad-the-brain.jpg 636w, https:\/\/lfipalma.es\/wp-content\/uploads\/2025\/11\/Navidad-the-brain-212x300.jpg 212w\" sizes=\"(max-width: 636px) 100vw, 636px\" \/>\t\t\t\t\t\t\t\t\t\t\t\t\t<\/div>\n\t\t\t\t<\/div>\n\t\t\t\t\t<\/div>\n\t\t<\/div>\n\t\t\t\t\t<\/div>\n\t\t<\/section>\n\t\t\t\t<section class=\"elementor-section elementor-top-section elementor-element elementor-element-3a037d9 elementor-section-boxed elementor-section-height-default elementor-section-height-default\" data-id=\"3a037d9\" data-element_type=\"section\">\n\t\t\t\t\t\t<div class=\"elementor-container elementor-column-gap-default\">\n\t\t\t\t\t<div class=\"elementor-column elementor-col-100 elementor-top-column elementor-element elementor-element-e4ae97e\" data-id=\"e4ae97e\" data-element_type=\"column\">\n\t\t\t<div class=\"elementor-widget-wrap elementor-element-populated\">\n\t\t\t\t\t\t<div class=\"elementor-element elementor-element-770a358 elementor-widget elementor-widget-image\" data-id=\"770a358\" data-element_type=\"widget\" data-widget_type=\"image.default\">\n\t\t\t\t<div class=\"elementor-widget-container\">\n\t\t\t\t\t\t\t\t\t\t\t\t\t<img decoding=\"async\" width=\"112\" height=\"112\" src=\"https:\/\/lfipalma.es\/wp-content\/uploads\/2025\/11\/image001.png\" class=\"attachment-large size-large wp-image-21611\" alt=\"\" \/>\t\t\t\t\t\t\t\t\t\t\t\t\t<\/div>\n\t\t\t\t<\/div>\n\t\t\t\t\t<\/div>\n\t\t<\/div>\n\t\t\t\t\t<\/div>\n\t\t<\/section>\n\t\t\t\t<section class=\"elementor-section elementor-top-section elementor-element elementor-element-3af3ef1 elementor-section-boxed elementor-section-height-default elementor-section-height-default\" data-id=\"3af3ef1\" data-element_type=\"section\">\n\t\t\t\t\t\t<div class=\"elementor-container elementor-column-gap-default\">\n\t\t\t\t\t<div class=\"elementor-column elementor-col-100 elementor-top-column elementor-element elementor-element-0cfe3a3\" data-id=\"0cfe3a3\" data-element_type=\"column\">\n\t\t\t<div class=\"elementor-widget-wrap elementor-element-populated\">\n\t\t\t\t\t\t<section class=\"elementor-section elementor-inner-section elementor-element elementor-element-5e59607 elementor-section-boxed elementor-section-height-default elementor-section-height-default\" data-id=\"5e59607\" data-element_type=\"section\">\n\t\t\t\t\t\t<div class=\"elementor-container elementor-column-gap-default\">\n\t\t\t\t\t<div class=\"elementor-column elementor-col-100 elementor-inner-column elementor-element elementor-element-6277ebd\" data-id=\"6277ebd\" data-element_type=\"column\">\n\t\t\t<div class=\"elementor-widget-wrap elementor-element-populated\">\n\t\t\t\t\t\t<div class=\"elementor-element elementor-element-8d19484 elementor-widget elementor-widget-text-editor\" data-id=\"8d19484\" data-element_type=\"widget\" data-widget_type=\"text-editor.default\">\n\t\t\t\t<div class=\"elementor-widget-container\">\n\t\t\t\t\t\t\t<h3 style=\"text-align: center;\">Inscription QRR<\/h3>\t\t\t\t\t\t<\/div>\n\t\t\t\t<\/div>\n\t\t\t\t\t<\/div>\n\t\t<\/div>\n\t\t\t\t\t<\/div>\n\t\t<\/section>\n\t\t\t\t\t<\/div>\n\t\t<\/div>\n\t\t\t\t\t<\/div>\n\t\t<\/section>\n\t\t\t\t<\/div>\n\t\t","protected":false},"excerpt":{"rendered":"<p>???? Atelier de No\u00ebl \u201cShaky Flake\u201d \u2013 Vacances de No\u00ebl Ch\u00e8res familles, Pour ces vacances de No\u00ebl, nous vous proposons un programme\u00a0amusant et \u00e9ducatif\u00a0pour vos enfants. L\u2019atelier sera anim\u00e9 par\u00a0The Brain Factory, et s\u2019adresse aux enfants d\u2019\u00e9cole maternelle et primaire. Cette ann\u00e9e, le th\u00e8me est\u00a0no\u00ebl, et notre protagoniste\u00a0\u201cShaky Flake\u201d\u00a0adore\u00a0l\u2019art, le mouvement et surtout s\u2019amuser\u00a0! Les [&hellip;]<\/p>\n","protected":false},"author":1,"featured_media":0,"parent":0,"menu_order":0,"comment_status":"closed","ping_status":"closed","template":"","meta":{"_monsterinsights_skip_tracking":false,"_monsterinsights_sitenote_active":false,"_monsterinsights_sitenote_note":"","_monsterinsights_sitenote_category":0,"_uf_show_specific_survey":0,"_uf_disable_surveys":false,"footnotes":""},"aioseo_notices":[],"_links":{"self":[{"href":"https:\/\/lfipalma.es\/fr\/wp-json\/wp\/v2\/pages\/21625"}],"collection":[{"href":"https:\/\/lfipalma.es\/fr\/wp-json\/wp\/v2\/pages"}],"about":[{"href":"https:\/\/lfipalma.es\/fr\/wp-json\/wp\/v2\/types\/page"}],"author":[{"embeddable":true,"href":"https:\/\/lfipalma.es\/fr\/wp-json\/wp\/v2\/users\/1"}],"replies":[{"embeddable":true,"href":"https:\/\/lfipalma.es\/fr\/wp-json\/wp\/v2\/comments?post=21625"}],"version-history":[{"count":4,"href":"https:\/\/lfipalma.es\/fr\/wp-json\/wp\/v2\/pages\/21625\/revisions"}],"predecessor-version":[{"id":21629,"href":"https:\/\/lfipalma.es\/fr\/wp-json\/wp\/v2\/pages\/21625\/revisions\/21629"}],"wp:attachment":[{"href":"https:\/\/lfipalma.es\/fr\/wp-json\/wp\/v2\/media?parent=21625"}],"curies":[{"name":"wp","href":"https:\/\/api.w.org\/{rel}","templated":true}]}}