{"id":22039,"date":"2026-02-27T19:46:33","date_gmt":"2026-02-27T17:46:33","guid":{"rendered":"https:\/\/lfipalma.es\/?page_id=22039"},"modified":"2026-03-16T12:09:29","modified_gmt":"2026-03-16T10:09:29","slug":"specialites-au-lfipalma","status":"publish","type":"page","link":"https:\/\/lfipalma.es\/fr\/specialites-au-lfipalma\/","title":{"rendered":"Sp\u00e9cialit\u00e9s au LFiPalma"},"content":{"rendered":"<p>[vc_row][vc_column][vc_column_text]<\/p>\n<ul>\n<li>\n<h3><a href=\"https:\/\/lfipalma.es\/wp-content\/uploads\/2026\/02\/Presentation-Spe-Langues.pdf\">Pr\u00e9sentation Spe Langues, litt\u00e9ratures et cultures \u00e9trang\u00e8res et r\u00e9gionales- Lengua, Literatura y Culturas Extranjeras y Regionales<\/a><\/h3>\n<\/li>\n<li>\n<h3><a id=\"OWA5a65acf0-58c2-7f94-45cc-2f8789ae53aa\" class=\"OWAAutoLink\" href=\"https:\/\/lfipalma.es\/wp-content\/uploads\/2026\/02\/Presentation-SPE-HGGSP-Histoire-Geographie-Geopolitique-et-Sciences-Politiques-Historia-y-Geografia-Geopolitica-y-Ciencias-Politicas.pdf\" data-olk-copy-source=\"MailCompose\">Pr\u00e9sentation SP\u00c9 HGGSP Histoire-G\u00e9ographie, G\u00e9opolitique et Sciences Politiques -Historia y Geograf\u00eda, Geopol\u00edtica y Ciencias Pol\u00edticas<\/a><\/h3>\n<\/li>\n<li>\n<h3><a id=\"OWA39179e8c-aefc-009d-1714-fc43a62d64c8\" class=\"OWAAutoLink\" href=\"https:\/\/lfipalma.es\/wp-content\/uploads\/2026\/02\/Presentation-SPE-Mathematiques-matematicas.pdf\" data-olk-copy-source=\"MailCompose\">Pr\u00e9sentation SP\u00c9 Math\u00e9matiques &#8211; Matem\u00e1ticas<\/a><\/h3>\n<\/li>\n<li>\n<h3><a id=\"OWAe060fe77-57bf-d01f-3305-a23f62c1b415\" class=\"OWAAutoLink\" href=\"https:\/\/lfipalma.es\/wp-content\/uploads\/2026\/02\/Presentation-SPE-NSI-Numerique-et-Sciences-Informatiques-Digital-y-Ciencias-Informaticas.pdf\" data-olk-copy-source=\"MailCompose\">Pr\u00e9sentation SP\u00c9 NSI Num\u00e9rique et Sciences Informatiques -Digital y Ciencias Inform\u00e1ticas<\/a><\/h3>\n<\/li>\n<li>\n<h3><a id=\"OWAea4301d0-fd65-2f47-2d58-24ab0626f8fa\" class=\"OWAAutoLink\" href=\"https:\/\/lfipalma.es\/wp-content\/uploads\/2026\/02\/Presentation-SPE-PC-Physique-Chimie-Fisica-y-Quimica.pdf\" data-olk-copy-source=\"MailCompose\">Pr\u00e9sentation SP\u00c9 PC Physique-Chimie &#8211; F\u00edsica y Qu\u00edmica<\/a><\/h3>\n<\/li>\n<li>\n<h3><a id=\"OWAe4c5cdda-b218-f9ad-fe4b-09a4c77cf71e\" class=\"OWAAutoLink\" href=\"https:\/\/lfipalma.es\/wp-content\/uploads\/2026\/02\/Presentation-SPE-SES-sciences-economiques-et-sociales-Ciencias-Economicas-y-Sociales.pdf\" data-olk-copy-source=\"MailCompose\">SP\u00c9 SES sciences \u00e9conomiques et sociales &#8211; Ciencias Econ\u00f3micas y Sociales<\/a><\/h3>\n<\/li>\n<li>\n<h3><a id=\"OWA29ff3b10-7c73-bc62-a8e1-d9f872825b79\" class=\"OWAAutoLink\" href=\"https:\/\/lfipalma.es\/wp-content\/uploads\/2026\/02\/Presentation-SPE-Art.pdf\" data-olk-copy-source=\"MailCompose\">Pr\u00e9sentation option Artes pl\u00e1sticas \/ Art<\/a><\/h3>\n<\/li>\n<li>\n<h3><a href=\"https:\/\/lfipalma.es\/wp-content\/uploads\/2026\/03\/Presentation-SPE-Anglais-Monde-Contemporain-Ingles-del-Mundo-Contemporaneo.pdf\">Pr\u00e9sentation SP\u00c9 Anglais Monde Contemporain &#8211; Ingl\u00e9s del Mundo Contempor\u00e1neo<\/a><\/h3>\n<\/li>\n<li>\n<h3><a href=\"https:\/\/lfipalma.es\/wp-content\/uploads\/2026\/03\/Presentation-SVT-sciences-et-vie-de-la-terre-biologia.pdf\">Pr\u00e9sentation SVT Sciences et Vie de la Terre &#8211; Biolog\u00eda<\/a><\/h3>\n<\/li>\n<\/ul>\n<p>[\/vc_column_text][\/vc_column][\/vc_row]<\/p>\n","protected":false},"excerpt":{"rendered":"<p>[vc_row][vc_column][vc_column_text] Pr\u00e9sentation Spe Langues, litt\u00e9ratures et cultures \u00e9trang\u00e8res et r\u00e9gionales- Lengua, Literatura y Culturas Extranjeras y Regionales Pr\u00e9sentation SP\u00c9 HGGSP Histoire-G\u00e9ographie, G\u00e9opolitique et Sciences Politiques -Historia y Geograf\u00eda, Geopol\u00edtica y Ciencias Pol\u00edticas Pr\u00e9sentation SP\u00c9 Math\u00e9matiques &#8211; Matem\u00e1ticas Pr\u00e9sentation SP\u00c9 NSI Num\u00e9rique et Sciences Informatiques -Digital y Ciencias Inform\u00e1ticas Pr\u00e9sentation SP\u00c9 PC Physique-Chimie &#8211; F\u00edsica y [&hellip;]<\/p>\n","protected":false},"author":1,"featured_media":0,"parent":0,"menu_order":0,"comment_status":"closed","ping_status":"closed","template":"","meta":{"_monsterinsights_skip_tracking":false,"_monsterinsights_sitenote_active":false,"_monsterinsights_sitenote_note":"","_monsterinsights_sitenote_category":0,"_uf_show_specific_survey":0,"_uf_disable_surveys":false,"footnotes":""},"aioseo_notices":[],"_links":{"self":[{"href":"https:\/\/lfipalma.es\/fr\/wp-json\/wp\/v2\/pages\/22039"}],"collection":[{"href":"https:\/\/lfipalma.es\/fr\/wp-json\/wp\/v2\/pages"}],"about":[{"href":"https:\/\/lfipalma.es\/fr\/wp-json\/wp\/v2\/types\/page"}],"author":[{"embeddable":true,"href":"https:\/\/lfipalma.es\/fr\/wp-json\/wp\/v2\/users\/1"}],"replies":[{"embeddable":true,"href":"https:\/\/lfipalma.es\/fr\/wp-json\/wp\/v2\/comments?post=22039"}],"version-history":[{"count":9,"href":"https:\/\/lfipalma.es\/fr\/wp-json\/wp\/v2\/pages\/22039\/revisions"}],"predecessor-version":[{"id":22127,"href":"https:\/\/lfipalma.es\/fr\/wp-json\/wp\/v2\/pages\/22039\/revisions\/22127"}],"wp:attachment":[{"href":"https:\/\/lfipalma.es\/fr\/wp-json\/wp\/v2\/media?parent=22039"}],"curies":[{"name":"wp","href":"https:\/\/api.w.org\/{rel}","templated":true}]}}