{"id":22139,"date":"2026-03-24T12:53:09","date_gmt":"2026-03-24T10:53:09","guid":{"rendered":"https:\/\/lfipalma.es\/?page_id=22139"},"modified":"2026-03-24T13:00:52","modified_gmt":"2026-03-24T11:00:52","slug":"activites-vacances-de-paques","status":"publish","type":"page","link":"https:\/\/lfipalma.es\/fr\/activites-vacances-de-paques\/","title":{"rendered":"Activit\u00e9s vacances de p\u00e2ques"},"content":{"rendered":"\n<figure class=\"wp-block-image size-large\"><img fetchpriority=\"high\" decoding=\"async\" width=\"724\" height=\"1024\" src=\"https:\/\/lfipalma.es\/wp-content\/uploads\/2026\/03\/BfCamSemanaSanta26Lyceev00-1-724x1024.jpg\" alt=\"\" class=\"wp-image-22141\" srcset=\"https:\/\/lfipalma.es\/wp-content\/uploads\/2026\/03\/BfCamSemanaSanta26Lyceev00-1-724x1024.jpg 724w, https:\/\/lfipalma.es\/wp-content\/uploads\/2026\/03\/BfCamSemanaSanta26Lyceev00-1-212x300.jpg 212w, https:\/\/lfipalma.es\/wp-content\/uploads\/2026\/03\/BfCamSemanaSanta26Lyceev00-1-768x1086.jpg 768w, https:\/\/lfipalma.es\/wp-content\/uploads\/2026\/03\/BfCamSemanaSanta26Lyceev00-1-1086x1536.jpg 1086w, https:\/\/lfipalma.es\/wp-content\/uploads\/2026\/03\/BfCamSemanaSanta26Lyceev00-1.jpg 1358w\" sizes=\"(max-width: 724px) 100vw, 724px\" \/><\/figure>\n\n\n\n<p><strong>Ch\u00e8res familles,<\/strong><\/p>\n\n\n\n<p>Pour ces vacances scolaires de&nbsp;<strong>P\u00e2ques<\/strong>, nous vous proposons une activit\u00e9 afin que vous puissiez amener vos enfants au centre scolaire. L\u2019entreprise&nbsp;<strong>The Brain Factory<\/strong>&nbsp;sera charg\u00e9e d\u2019animer cet atelier, qui s\u2019adresse aux enfants de&nbsp;<strong>maternelle et de primaire<\/strong>.<\/p>\n\n\n\n<p>Cette fois-ci, l\u2019atelier a pour th\u00e8me la nature :<br><strong>\u00ab PRIMAVERA-VER\u00c1S. UN VOYAGE \u00c0 TRAVERS LA NATURE \u00bb<\/strong>.<br>Les \u00e9l\u00e8ves apprendront comment&nbsp;<strong>prendre soin de la nature et en profiter<\/strong>. De plus, il y aura&nbsp;<strong>des jeux, du sport, de la musique, etc.<\/strong><\/p>\n\n\n\n<p><strong>\u00ab PRIMAVERA-VER\u00c1S. UN VOYAGE \u00c0 TRAVERS LA NATURE \u00bb<\/strong><\/p>\n\n\n\n<p><strong>Dates :<\/strong>&nbsp;du&nbsp;<strong>30\/03 au 10\/04<\/strong>&nbsp;(7 jours)<br><\/p>\n\n\n\n<p>Les places sont&nbsp;<strong>limit\u00e9es<\/strong>&nbsp;et seront attribu\u00e9es&nbsp;<strong>par ordre de r\u00e9ception des inscriptions<\/strong>.<\/p>\n\n\n\n<p>L\u2019inscription \u00e0 l\u2019atelier se fait&nbsp;<strong>en ligne<\/strong>&nbsp;via le lien ou le QR code suivant :<\/p>\n\n\n\n<figure class=\"wp-block-image size-full\"><img decoding=\"async\" width=\"112\" height=\"112\" src=\"https:\/\/lfipalma.es\/wp-content\/uploads\/2026\/03\/a44252ac-49eb-4cba-83c6-7da15187a7ed-1.png\" alt=\"\" class=\"wp-image-22135\"\/><\/figure>\n\n\n\n<div style=\"height:21px\" aria-hidden=\"true\" class=\"wp-block-spacer\"><\/div>\n\n\n\n<div class=\"wp-block-buttons is-layout-flex wp-block-buttons-is-layout-flex\">\n<div class=\"wp-block-button is-style-fill\"><a class=\"wp-block-button__link has-white-color has-text-color has-background has-link-color wp-element-button\" href=\"https:\/\/tracking.eduka.school\/f\/a\/wzoXJfxpWDjEZHE0XCr1Gg~~\/AAK4YxA~\/jreouDcPE2z0hWY1ng1eB4GRZHfctnyrX5ZEo37mMY5AAixtIuHlqkV76xX8YyEYUls5CYi6d56KzrLBhRjJ6qDnbRe1VTkc4UETmaDzThEfrw_COEWASK-SBZSuxfBO6PS6l-cKhxanhh2c6pJHKhs7C4-9U6FmycyxzleW5nYmsO46PEE1oAAW27llpxbuV6V1k6pZd2RHcdRlt1PC-Ivr8uoieROKROygl3yOJ-Q~\" style=\"border-radius:18px;background-color:#00d118\">INSCRIPTIONS<\/a><\/div>\n<\/div>\n\n\n\n<p><strong>Date limite d\u2019inscription : 25 MARS.<\/strong><\/p>\n\n\n\n<p>Nous esp\u00e9rons que cette proposition vous plaira et qu\u2019elle vous aidera \u00e0&nbsp;<strong>faciliter la conciliation entre vie familiale et scolaire<\/strong>.<\/p>\n\n\n\n<p><strong>Cordialement<\/strong>.<\/p>\n","protected":false},"excerpt":{"rendered":"<p>Ch\u00e8res familles, Pour ces vacances scolaires de&nbsp;P\u00e2ques, nous vous proposons une activit\u00e9 afin que vous puissiez amener vos enfants au centre scolaire. L\u2019entreprise&nbsp;The Brain Factory&nbsp;sera charg\u00e9e d\u2019animer cet atelier, qui s\u2019adresse aux enfants de&nbsp;maternelle et de primaire. Cette fois-ci, l\u2019atelier a pour th\u00e8me la nature :\u00ab PRIMAVERA-VER\u00c1S. UN VOYAGE \u00c0 TRAVERS LA NATURE \u00bb.Les \u00e9l\u00e8ves [&hellip;]<\/p>\n","protected":false},"author":1,"featured_media":0,"parent":0,"menu_order":0,"comment_status":"closed","ping_status":"closed","template":"","meta":{"_monsterinsights_skip_tracking":false,"_monsterinsights_sitenote_active":false,"_monsterinsights_sitenote_note":"","_monsterinsights_sitenote_category":0,"_uf_show_specific_survey":0,"_uf_disable_surveys":false,"footnotes":""},"aioseo_notices":[],"_links":{"self":[{"href":"https:\/\/lfipalma.es\/fr\/wp-json\/wp\/v2\/pages\/22139"}],"collection":[{"href":"https:\/\/lfipalma.es\/fr\/wp-json\/wp\/v2\/pages"}],"about":[{"href":"https:\/\/lfipalma.es\/fr\/wp-json\/wp\/v2\/types\/page"}],"author":[{"embeddable":true,"href":"https:\/\/lfipalma.es\/fr\/wp-json\/wp\/v2\/users\/1"}],"replies":[{"embeddable":true,"href":"https:\/\/lfipalma.es\/fr\/wp-json\/wp\/v2\/comments?post=22139"}],"version-history":[{"count":4,"href":"https:\/\/lfipalma.es\/fr\/wp-json\/wp\/v2\/pages\/22139\/revisions"}],"predecessor-version":[{"id":22148,"href":"https:\/\/lfipalma.es\/fr\/wp-json\/wp\/v2\/pages\/22139\/revisions\/22148"}],"wp:attachment":[{"href":"https:\/\/lfipalma.es\/fr\/wp-json\/wp\/v2\/media?parent=22139"}],"curies":[{"name":"wp","href":"https:\/\/api.w.org\/{rel}","templated":true}]}}