{"id":7544,"date":"2019-04-10T09:30:25","date_gmt":"2019-04-10T09:30:25","guid":{"rendered":"https:\/\/lfipalma.es\/?page_id=7544"},"modified":"2023-10-04T16:18:56","modified_gmt":"2023-10-04T14:18:56","slug":"los-valores-del-centro","status":"publish","type":"page","link":"https:\/\/lfipalma.es\/fr\/los-valores-del-centro\/","title":{"rendered":"LES VALEURS DU LYC\u00c9E"},"content":{"rendered":"<p>[vc_row][vc_column][vc_video link=\u00a0\u00bbhttps:\/\/www.youtube.com\/watch?v=J0_vnQjWJAw\u00a0\u00bb][\/vc_column][\/vc_row][vc_row][vc_column][vc_row_inner][vc_column_inner el_class=\u00a0\u00bbztl-mobile-container ztl-mobile-center\u00a0\u00bb width=\u00a0\u00bb1\/3&Prime;][vc_empty_space height=\u00a0\u00bb60px\u00a0\u00bb][vc_icon color=\u00a0\u00bbcustom\u00a0\u00bb background_style=\u00a0\u00bbrounded\u00a0\u00bb background_color=\u00a0\u00bbcustom\u00a0\u00bb size=\u00a0\u00bbztl-lg\u00a0\u00bb align=\u00a0\u00bbcenter\u00a0\u00bb icon_flaticon=\u00a0\u00bbflaticon-physics\u00a0\u00bb custom_color=\u00a0\u00bb#ffffff\u00a0\u00bb css=\u00a0\u00bb.vc_custom_1494879266214{margin-bottom: 0px !important;}\u00a0\u00bb custom_background_color=\u00a0\u00bb#002749&Prime;][vc_empty_space height=\u00a0\u00bb20px\u00a0\u00bb]<h5 style=\"color:;line-height:1.3;\" class=\" ztl-accent-font ztl-center ztl-font-normal\">Solidarit\u00e9<\/h5>[vc_empty_space height=\u00a0\u00bb20px\u00a0\u00bb][vc_icon color=\u00a0\u00bbcustom\u00a0\u00bb background_style=\u00a0\u00bbrounded\u00a0\u00bb background_color=\u00a0\u00bbcustom\u00a0\u00bb size=\u00a0\u00bbztl-lg\u00a0\u00bb align=\u00a0\u00bbcenter\u00a0\u00bb icon_flaticon=\u00a0\u00bbflaticon-bonfire\u00a0\u00bb custom_color=\u00a0\u00bb#ffffff\u00a0\u00bb css=\u00a0\u00bb.vc_custom_1495482613857{margin-bottom: 0px !important;}\u00a0\u00bb custom_background_color=\u00a0\u00bb#ff4e31&Prime;][vc_empty_space height=\u00a0\u00bb20px\u00a0\u00bb]<h5 style=\"color:;line-height:1.3;\" class=\" ztl-accent-font ztl-center ztl-font-normal\">Respect mutuel<\/h5>[vc_empty_space height=\u00a0\u00bb20px\u00a0\u00bb][vc_icon color=\u00a0\u00bbcustom\u00a0\u00bb background_style=\u00a0\u00bbrounded\u00a0\u00bb background_color=\u00a0\u00bbcustom\u00a0\u00bb size=\u00a0\u00bbztl-lg\u00a0\u00bb align=\u00a0\u00bbcenter\u00a0\u00bb icon_flaticon=\u00a0\u00bbflaticon-physics\u00a0\u00bb custom_color=\u00a0\u00bb#ffffff\u00a0\u00bb css=\u00a0\u00bb.vc_custom_1494879266214{margin-bottom: 0px !important;}\u00a0\u00bb custom_background_color=\u00a0\u00bb#002749&Prime;][vc_empty_space height=\u00a0\u00bb20px\u00a0\u00bb]<h5 style=\"color:;line-height:1.3;\" class=\" ztl-accent-font ztl-center ztl-font-normal\">La\u00efcit\u00e9<\/h5>[vc_empty_space height=\u00a0\u00bb20px\u00a0\u00bb][vc_icon color=\u00a0\u00bbcustom\u00a0\u00bb background_style=\u00a0\u00bbrounded\u00a0\u00bb background_color=\u00a0\u00bbcustom\u00a0\u00bb size=\u00a0\u00bbztl-lg\u00a0\u00bb align=\u00a0\u00bbcenter\u00a0\u00bb icon_flaticon=\u00a0\u00bbflaticon-bonfire\u00a0\u00bb custom_color=\u00a0\u00bb#ffffff\u00a0\u00bb css=\u00a0\u00bb.vc_custom_1495482613857{margin-bottom: 0px !important;}\u00a0\u00bb custom_background_color=\u00a0\u00bb#ff4e31&Prime;][vc_empty_space height=\u00a0\u00bb20px\u00a0\u00bb]<h5 style=\"color:;line-height:1.3;\" class=\" ztl-accent-font ztl-center ztl-font-normal\">Citoyennet\u00e9<\/h5>[vc_empty_space height=\u00a0\u00bb20px\u00a0\u00bb][vc_icon color=\u00a0\u00bbcustom\u00a0\u00bb background_style=\u00a0\u00bbrounded\u00a0\u00bb background_color=\u00a0\u00bbcustom\u00a0\u00bb size=\u00a0\u00bbztl-lg\u00a0\u00bb align=\u00a0\u00bbcenter\u00a0\u00bb icon_flaticon=\u00a0\u00bbflaticon-physics\u00a0\u00bb custom_color=\u00a0\u00bb#ffffff\u00a0\u00bb css=\u00a0\u00bb.vc_custom_1494879266214{margin-bottom: 0px !important;}\u00a0\u00bb custom_background_color=\u00a0\u00bb#002749&Prime;][vc_empty_space height=\u00a0\u00bb20px\u00a0\u00bb]<h5 style=\"color:;line-height:1.3;\" class=\" ztl-accent-font ztl-center ztl-font-normal\">Dialogue entre les cultures<\/h5>[vc_empty_space height=\u00a0\u00bb20px\u00a0\u00bb][\/vc_column_inner][vc_column_inner width=\u00a0\u00bb2\/3&Prime;]<h3 style=\"color:;\" class=\"ztl-mobile-center ztl-accent-font ztl-left ztl-font-normal\">LES VALEURS DU LYC\u00c9E FRAN\u00c7AIS INTERNATIONAL DE PALMA<\/h3>[vc_empty_space height=\u00a0\u00bb20px\u00a0\u00bb][vc_column_text]<span style=\"font-weight: 400;\">Le Lyc\u00e9e Fran\u00e7ais international de Palma accueille des enfants de toutes origines et de toutes cultures. <\/span><\/p>\n<p><span style=\"font-weight: 400;\">Au-del\u00e0 de la r\u00e9ussite scolaire et de l\u2019\u00e9panouissement individuel des \u00e9l\u00e8ves, il cherche \u00e0 d\u00e9velopper chez eux l\u2019exercice du libre jugement, le respect de l\u2019autre, la compr\u00e9hension des h\u00e9ritages de l\u2018histoire, l\u2019ouverture au monde dans sa diversit\u00e9 gr\u00e2ce \u00e0 la ma\u00eetrise de plusieurs langues.<\/span><\/p>\n<p><span style=\"font-weight: 400;\">Il les initie \u00e0 l\u2019usage des droits et des devoirs de la citoyennet\u00e9.<\/span><\/p>\n<p><span style=\"font-weight: 400;\">\u00a0<\/span>[\/vc_column_text][vc_column_text]<\/p>\n<p style=\"text-align: center;\"><span style=\"font-weight: 400;\">Opportunity <span style=\"color: #fc503a;\">\u2261<\/span> Futur <span style=\"color: #fc503a;\">\u2261<\/span> Egalit\u00e9\u00a0<span style=\"color: #fc503a;\">\u2261<\/span> Libertad\u00a0<span style=\"color: #fc503a;\">\u2261<\/span> Il\u00b7lusi\u00f3\u00a0<span style=\"color: #fc503a;\">\u2261<\/span> Educar\u00a0<span style=\"color: #fc503a;\">\u2261<\/span> La\u00efque\u00a0<span style=\"color: #fc503a;\">\u2261<\/span> Convivencia\u00a0<span style=\"color: #fc503a;\">\u2261<\/span> Aventure\u00a0<span style=\"color: #fc503a;\">\u2261<\/span> Solidarity\u00a0<span style=\"color: #fc503a;\">\u2261<\/span> Respect\u00a0<span style=\"color: #fc503a;\">\u2261<\/span> Open-minded\u00a0<span style=\"color: #fc503a;\">\u2261<\/span> Innovador\u00a0<span style=\"color: #fc503a;\">\u2261<\/span> Rire\u00a0<span style=\"color: #fc503a;\">\u2261<\/span> Cultura\u00a0<span style=\"color: #fc503a;\">\u2261<\/span> Happiness\u00a0<span style=\"color: #fc503a;\">\u2261<\/span> Amistad\u00a0<span style=\"color: #fc503a;\">\u2261<\/span> Fraternitat\u00a0<span style=\"color: #fc503a;\">\u2261<\/span> Languages\u00a0<span style=\"color: #fc503a;\">\u2261<\/span> Aprender\u00a0<span style=\"color: #fc503a;\">\u2261<\/span> Jugar\u00a0<span style=\"color: #fc503a;\">\u2261<\/span> Espace\u00a0<span style=\"color: #fc503a;\">\u2261<\/span> Travailler\u00a0<span style=\"color: #fc503a;\">\u2261<\/span> Familia<\/span><\/p>\n<p>[\/vc_column_text][vc_single_image image=\u00a0\u00bb5612&Prime; img_size=\u00a0\u00bbfull\u00a0\u00bb alignment=\u00a0\u00bbcenter\u00a0\u00bb][\/vc_column_inner][\/vc_row_inner][\/vc_column][vc_column][\/vc_column][\/vc_row]<\/p>\n","protected":false},"excerpt":{"rendered":"<p>[vc_row][vc_column][vc_video link=\u00a0\u00bbhttps:\/\/www.youtube.com\/watch?v=J0_vnQjWJAw\u00a0\u00bb][\/vc_column][\/vc_row][vc_row][vc_column][vc_row_inner][vc_column_inner el_class=\u00a0\u00bbztl-mobile-container ztl-mobile-center\u00a0\u00bb width=\u00a0\u00bb1\/3&Prime;][vc_empty_space height=\u00a0\u00bb60px\u00a0\u00bb][vc_icon color=\u00a0\u00bbcustom\u00a0\u00bb background_style=\u00a0\u00bbrounded\u00a0\u00bb background_color=\u00a0\u00bbcustom\u00a0\u00bb size=\u00a0\u00bbztl-lg\u00a0\u00bb align=\u00a0\u00bbcenter\u00a0\u00bb icon_flaticon=\u00a0\u00bbflaticon-physics\u00a0\u00bb custom_color=\u00a0\u00bb#ffffff\u00a0\u00bb css=\u00a0\u00bb.vc_custom_1494879266214{margin-bottom: 0px !important;}\u00a0\u00bb custom_background_color=\u00a0\u00bb#002749&Prime;][vc_empty_space height=\u00a0\u00bb20px\u00a0\u00bb][vc_empty_space height=\u00a0\u00bb20px\u00a0\u00bb][vc_icon color=\u00a0\u00bbcustom\u00a0\u00bb background_style=\u00a0\u00bbrounded\u00a0\u00bb background_color=\u00a0\u00bbcustom\u00a0\u00bb size=\u00a0\u00bbztl-lg\u00a0\u00bb align=\u00a0\u00bbcenter\u00a0\u00bb icon_flaticon=\u00a0\u00bbflaticon-bonfire\u00a0\u00bb custom_color=\u00a0\u00bb#ffffff\u00a0\u00bb css=\u00a0\u00bb.vc_custom_1495482613857{margin-bottom: 0px !important;}\u00a0\u00bb custom_background_color=\u00a0\u00bb#ff4e31&Prime;][vc_empty_space height=\u00a0\u00bb20px\u00a0\u00bb][vc_empty_space height=\u00a0\u00bb20px\u00a0\u00bb][vc_icon color=\u00a0\u00bbcustom\u00a0\u00bb background_style=\u00a0\u00bbrounded\u00a0\u00bb background_color=\u00a0\u00bbcustom\u00a0\u00bb size=\u00a0\u00bbztl-lg\u00a0\u00bb align=\u00a0\u00bbcenter\u00a0\u00bb icon_flaticon=\u00a0\u00bbflaticon-physics\u00a0\u00bb custom_color=\u00a0\u00bb#ffffff\u00a0\u00bb css=\u00a0\u00bb.vc_custom_1494879266214{margin-bottom: 0px !important;}\u00a0\u00bb custom_background_color=\u00a0\u00bb#002749&Prime;][vc_empty_space height=\u00a0\u00bb20px\u00a0\u00bb][vc_empty_space height=\u00a0\u00bb20px\u00a0\u00bb][vc_icon color=\u00a0\u00bbcustom\u00a0\u00bb background_style=\u00a0\u00bbrounded\u00a0\u00bb background_color=\u00a0\u00bbcustom\u00a0\u00bb size=\u00a0\u00bbztl-lg\u00a0\u00bb align=\u00a0\u00bbcenter\u00a0\u00bb icon_flaticon=\u00a0\u00bbflaticon-bonfire\u00a0\u00bb custom_color=\u00a0\u00bb#ffffff\u00a0\u00bb css=\u00a0\u00bb.vc_custom_1495482613857{margin-bottom: 0px !important;}\u00a0\u00bb [&hellip;]<\/p>\n","protected":false},"author":1,"featured_media":0,"parent":0,"menu_order":0,"comment_status":"closed","ping_status":"closed","template":"","meta":{"_monsterinsights_skip_tracking":false,"_monsterinsights_sitenote_active":false,"_monsterinsights_sitenote_note":"","_monsterinsights_sitenote_category":0,"_uf_show_specific_survey":0,"_uf_disable_surveys":false,"footnotes":""},"aioseo_notices":[],"_links":{"self":[{"href":"https:\/\/lfipalma.es\/fr\/wp-json\/wp\/v2\/pages\/7544"}],"collection":[{"href":"https:\/\/lfipalma.es\/fr\/wp-json\/wp\/v2\/pages"}],"about":[{"href":"https:\/\/lfipalma.es\/fr\/wp-json\/wp\/v2\/types\/page"}],"author":[{"embeddable":true,"href":"https:\/\/lfipalma.es\/fr\/wp-json\/wp\/v2\/users\/1"}],"replies":[{"embeddable":true,"href":"https:\/\/lfipalma.es\/fr\/wp-json\/wp\/v2\/comments?post=7544"}],"version-history":[{"count":1,"href":"https:\/\/lfipalma.es\/fr\/wp-json\/wp\/v2\/pages\/7544\/revisions"}],"predecessor-version":[{"id":17361,"href":"https:\/\/lfipalma.es\/fr\/wp-json\/wp\/v2\/pages\/7544\/revisions\/17361"}],"wp:attachment":[{"href":"https:\/\/lfipalma.es\/fr\/wp-json\/wp\/v2\/media?parent=7544"}],"curies":[{"name":"wp","href":"https:\/\/api.w.org\/{rel}","templated":true}]}}