{"id":7552,"date":"2019-04-10T09:53:02","date_gmt":"2019-04-10T09:53:02","guid":{"rendered":"https:\/\/lfipalma.es\/?page_id=7552"},"modified":"2026-01-14T12:18:35","modified_gmt":"2026-01-14T10:18:35","slug":"organigramme","status":"publish","type":"page","link":"https:\/\/lfipalma.es\/fr\/organigramme\/","title":{"rendered":"Organigramme"},"content":{"rendered":"<p>[vc_row full_width=\u00a0\u00bbstretch_row_content_no_spaces\u00a0\u00bb css=\u00a0\u00bb.vc_custom_1537455634250{background-color: #f2f2f2 !important;}\u00a0\u00bb][vc_column][vc_empty_space height=\u00a0\u00bb20px\u00a0\u00bb]<h2 style=\"color:;\" class=\" ztl-accent-font ztl-center ztl-font-normal\">L'\u00c9QUIPE<\/h2><div class=\"ztl-divider  center primary \">\r\n                <span style=\"border-color:; \" class=\"circle\">\r\n                    <span style=\"background-color:; \"><\/span>\r\n                    <span style=\"background-color:; \"><\/span>\r\n                <\/span>\r\n            <\/div>[vc_empty_space height=\u00a0\u00bb60px\u00a0\u00bb][\/vc_column][\/vc_row][vc_row 0=\u00a0\u00bb\u00a0\u00bb][vc_column width=\u00a0\u00bb1\/3&Prime;][vc_single_image image=\u00a0\u00bb5622&Prime; img_size=\u00a0\u00bbenfant-column\u00a0\u00bb alignment=\u00a0\u00bbcenter\u00a0\u00bb][vc_raw_html 0=\u00a0\u00bb\u00a0\u00bb][\/vc_raw_html][vc_empty_space height=\u00a0\u00bb40px\u00a0\u00bb][\/vc_column][vc_column width=\u00a0\u00bb2\/3&Prime;][vc_tta_accordion style=\u00a0\u00bboutline\u00a0\u00bb shape=\u00a0\u00bbsquare\u00a0\u00bb active_section=\u00a0\u00bb1231&Prime; no_fill=\u00a0\u00bbtrue\u00a0\u00bb collapsible_all=\u00a0\u00bbtrue\u00a0\u00bb el_class=\u00a0\u00bbztl-accordion\u00a0\u00bb][vc_tta_section title=\u00a0\u00bbDirection &amp; administration\u00a0\u00bb tab_id=\u00a0\u00bb1492714211238-7eac1c8e-cb54&Prime;][vc_column_text 0=\u00a0\u00bb\u00a0\u00bb]Proviseure: Soraya Kh\u00e9niche<br \/>\nDirecteur du Primaire: Alexandre Debarre<br \/>\nConseill\u00e8re d\u2019\u00c9ducation: : Marie Wilmann<br \/>\nSecr\u00e9taire de Direction: Claire Rodr\u00edguez \u2013 Annabelle Prime \u2013 Myriam Mailly<br \/>\nGestionnaire: Emilio Martin<br \/>\nComptabilit\u00e9: Isabel Serrano[\/vc_column_text][\/vc_tta_section][vc_tta_section title=\u00a0\u00bbAssistants d\u2019\u00e9ducation\u00a0\u00bb tab_id=\u00a0\u00bb1706879194905-44b93dbc-14ad\u00a0\u00bb][vc_column_text]Assistants d\u2019\u00e9ducation: C\u00e9dric Cazaud &#8211; Giovanna Duminuco &#8211; C\u00e9dric Catherine &#8211; Vanesa Garcia &#8211; Bruno Scotto &#8211; Benoit Varney &#8211; Rasha Naga<br \/>\nServices Civiques: Victoire Morel &#8211; Luna Lamiot &#8211; Sarah Dahine &#8211; Juliette Peretti<br \/>\nMaintenance: Miguel Salord &#8211; Jose Navarro<br \/>\nProfesseur Documentaliste: Jorge Rullan<br \/>\nCoordinatrice climat scolaire: Shannon de Jesus<\/p>\n<p>Pr\u00e9vention orientation: S\u00e9bastien Lasternas[\/vc_column_text][\/vc_tta_section][vc_tta_section title=\u00a0\u00bbMaternelle\u00a0\u00bb tab_id=\u00a0\u00bb1492714278176-dbc511f9-a2e7&Prime;][vc_column_text 0=\u00a0\u00bb\u00a0\u00bb]<strong>Maternelle:<\/strong><\/p>\n<p>Professeure TPS-PSA: Muriel Noualhac<br \/>\nATSEM TPS-PSA: Patricia Morro<\/p>\n<p>Professeure TPS-PSB: Florence Berthier<br \/>\nATSEM TPS-PSB: Claudia Fornes<\/p>\n<p>Professeure MSA: Emilie Da Rosa<br \/>\nATSEM MSA: Carmen Garcia<\/p>\n<p>Professeure MSB: Emilie Orero<br \/>\nATSEM MSB: Nad\u00e8ge Langlois &#8211; Fanny Thibault<\/p>\n<p>Professeure GSA: Aurore Martel<br \/>\nProfesseure GSB: Lauren Wiame<br \/>\nATSEM GS A\/B: Catherine Tribondeau<\/p>\n<p><strong>Maternelle professeurs de langues:<\/strong><br \/>\nProfesseure d\u2019espagnol et ELE: Angela Pascual<br \/>\nProfesseure d\u2019anglais: Sandrine Jackson &#8211; Sara Picornell<br \/>\nProfesseure De FLE: Sandy Herrera &#8211; Alice Gledel[\/vc_column_text][\/vc_tta_section][vc_tta_section title=\u00a0\u00bbEl\u00e9mentaire\u00a0\u00bb tab_id=\u00a0\u00bb1495393785236-cab00421-e577&Prime;][vc_column_text 0=\u00a0\u00bb\u00a0\u00bb]<strong>\u00c9l\u00e9mentaire:<\/strong><br \/>\nProfesseure CP A: Magali Amblard<br \/>\nProfesseure CP B: Camillle Giraud \u2013 Vinet<br \/>\nProfesseure CE 1 A: Fiona Periot<br \/>\nProfesseur CE1 B: Yves Salin<br \/>\nProfesseure CE2 A: Laetitia Surgens<br \/>\nProfesseure CE2 B: Magali Molinier<br \/>\nProfesseure CM1 A: Anne Massardier<br \/>\nProfesseure CM1 B: Marie-Anita Bales<br \/>\nProfesseure CM2 A; Marie-Anne Leteurtois<br \/>\nProfesseure CM2 B: Bernard Dufay &#8211; Yona Longaretti<\/p>\n<p>&nbsp;<\/p>\n<p><strong>\u00c9l\u00e9mentaire professeurs de langues:<\/strong><br \/>\nProfesseure anglais: Sandrine Jackson &#8211; Sara Picornell<br \/>\nProfesseur espagnol: Alejandro Ramos<br \/>\nProfesseure catalan \/ espagnol: Marta L\u00f3pez<br \/>\nProfesseure catalan \/ ELE \/ espagnol: Mar Caldentey<br \/>\nProfesseure ELE \/ espagnol: Angela Pascual<br \/>\nProfesseure fran\u00e7ais langue \u00e9trang\u00e8re: Aline Gledel<br \/>\nProfesseure fran\u00e7ais langue \u00e9trang\u00e8re: Sandy Herrera[\/vc_column_text][\/vc_tta_section][vc_tta_section title=\u00a0\u00bbSecondaire\u00a0\u00bb tab_id=\u00a0\u00bb1495393786073-94f111aa-8739&Prime;][vc_column_text 0=\u00a0\u00bb\u00a0\u00bb]<strong>Secondaire :<\/strong><\/p>\n<p><strong>D\u00e9partement histoire- g\u00e9ographie et sciences sociales :<\/strong><br \/>\nProfesseurs Histoire &#8211; G\u00e9ographie : Vincent Daireaux &#8211; Alejandro Ramos &#8211; Anne-Lise Boyer<br \/>\nProfesseure de G\u00e9opolitique et Sciences politiques : Anne-Lise Boyer<br \/>\nProfesseurs d&rsquo;education morale et civique : Anne Lise Boyer &#8211; Alejandro Ramos &#8211; Vincent Daireaux<br \/>\nProfesseurs de sciences \u00e9conomiques et sociales : Bernard Dufay &#8211; Vincent Daireaux<\/p>\n<p><strong>D\u00e9partement d\u2019educations physiques et artistiques :<\/strong><br \/>\nProfesseure d\u2019arts plastiques : Ana\u00eblle Camillo<br \/>\nProfesseur de musique : Thomas Fontin<br \/>\nProfesseurs d\u2019EPS : Magali Audoin &#8211; Arnaud Camuzard<\/p>\n<p><strong>Departement des lettres :<\/strong><br \/>\nProfesseure : Louise Betton &#8211; St\u00e9phanie Jaunet &#8211; Floriane Roux &#8211; Karine Corlay<\/p>\n<p><strong>Departement de langues et litt\u00e9ratures espagnole et catalane : <\/strong>Karine Corlay \u2013 Juan Carlos Triay &#8211; Violeta Bibiloni &#8211; Francesca Bennasar &#8211; Emma Serentill<\/p>\n<p><strong>Departement des langues vivantes : <\/strong><br \/>\nProfesseures d\u2019anglais: Lesley Harris &#8211; Luisa Picornell<br \/>\nProfesseure de FLE: Aline Gledel<br \/>\nProfesseure d\u2019allemand: Ilse HAGER<\/p>\n<p><strong>Math\u00e9matiques &#8211; Sciences \u2013 Technologies:<\/strong><br \/>\nProfesseur de math\u00e9matiques : Maxime Guerin &#8211; Marc Lubat<br \/>\nProfesseur de math\u00e9matiques \/ physique chimie : S\u00e9bastien Scala<br \/>\nProfesseur de physiques &#8211; chimie : Paolo Rumori<br \/>\nProfesseur de technologies : Pierre Becogn\u00e9e<br \/>\nProfesseurs de SVT : Ana\u00eblle Camillo &#8211; S\u00e9bastien Lasternas[\/vc_column_text][\/vc_tta_section][\/vc_tta_accordion][vc_empty_space height=\u00a0\u00bb40px\u00a0\u00bb][\/vc_column][\/vc_row]<\/p>\n","protected":false},"excerpt":{"rendered":"<p>[vc_row full_width=\u00a0\u00bbstretch_row_content_no_spaces\u00a0\u00bb css=\u00a0\u00bb.vc_custom_1537455634250{background-color: #f2f2f2 !important;}\u00a0\u00bb][vc_column][vc_empty_space height=\u00a0\u00bb20px\u00a0\u00bb][vc_empty_space height=\u00a0\u00bb60px\u00a0\u00bb][\/vc_column][\/vc_row][vc_row 0=\u00a0\u00bb\u00a0\u00bb][vc_column width=\u00a0\u00bb1\/3&Prime;][vc_single_image image=\u00a0\u00bb5622&Prime; img_size=\u00a0\u00bbenfant-column\u00a0\u00bb alignment=\u00a0\u00bbcenter\u00a0\u00bb][vc_raw_html 0=\u00a0\u00bb\u00a0\u00bb][\/vc_raw_html][vc_empty_space height=\u00a0\u00bb40px\u00a0\u00bb][\/vc_column][vc_column width=\u00a0\u00bb2\/3&Prime;][vc_tta_accordion style=\u00a0\u00bboutline\u00a0\u00bb shape=\u00a0\u00bbsquare\u00a0\u00bb active_section=\u00a0\u00bb1231&Prime; no_fill=\u00a0\u00bbtrue\u00a0\u00bb collapsible_all=\u00a0\u00bbtrue\u00a0\u00bb el_class=\u00a0\u00bbztl-accordion\u00a0\u00bb][vc_tta_section title=\u00a0\u00bbDirection &amp; administration\u00a0\u00bb tab_id=\u00a0\u00bb1492714211238-7eac1c8e-cb54&Prime;][vc_column_text 0=\u00a0\u00bb\u00a0\u00bb]Proviseure: Soraya Kh\u00e9niche Directeur du Primaire: Alexandre Debarre Conseill\u00e8re d\u2019\u00c9ducation: : Marie Wilmann Secr\u00e9taire de Direction: Claire Rodr\u00edguez \u2013 Annabelle Prime \u2013 Myriam Mailly Gestionnaire: Emilio Martin Comptabilit\u00e9: Isabel Serrano[\/vc_column_text][\/vc_tta_section][vc_tta_section [&hellip;]<\/p>\n","protected":false},"author":1,"featured_media":0,"parent":0,"menu_order":0,"comment_status":"closed","ping_status":"closed","template":"","meta":{"_monsterinsights_skip_tracking":false,"_monsterinsights_sitenote_active":false,"_monsterinsights_sitenote_note":"","_monsterinsights_sitenote_category":0,"_uf_show_specific_survey":0,"_uf_disable_surveys":false,"footnotes":""},"aioseo_notices":[],"_links":{"self":[{"href":"https:\/\/lfipalma.es\/fr\/wp-json\/wp\/v2\/pages\/7552"}],"collection":[{"href":"https:\/\/lfipalma.es\/fr\/wp-json\/wp\/v2\/pages"}],"about":[{"href":"https:\/\/lfipalma.es\/fr\/wp-json\/wp\/v2\/types\/page"}],"author":[{"embeddable":true,"href":"https:\/\/lfipalma.es\/fr\/wp-json\/wp\/v2\/users\/1"}],"replies":[{"embeddable":true,"href":"https:\/\/lfipalma.es\/fr\/wp-json\/wp\/v2\/comments?post=7552"}],"version-history":[{"count":22,"href":"https:\/\/lfipalma.es\/fr\/wp-json\/wp\/v2\/pages\/7552\/revisions"}],"predecessor-version":[{"id":21763,"href":"https:\/\/lfipalma.es\/fr\/wp-json\/wp\/v2\/pages\/7552\/revisions\/21763"}],"wp:attachment":[{"href":"https:\/\/lfipalma.es\/fr\/wp-json\/wp\/v2\/media?parent=7552"}],"curies":[{"name":"wp","href":"https:\/\/api.w.org\/{rel}","templated":true}]}}