{"id":7558,"date":"2019-04-10T10:10:45","date_gmt":"2019-04-10T10:10:45","guid":{"rendered":"https:\/\/lfipalma.es\/?page_id=7558"},"modified":"2021-02-15T10:18:12","modified_gmt":"2021-02-15T10:18:12","slug":"lhistoire","status":"publish","type":"page","link":"https:\/\/lfipalma.es\/fr\/lhistoire\/","title":{"rendered":"L\u2019HISTOIRE"},"content":{"rendered":"<p>[vc_row 0=\u00a0\u00bb\u00a0\u00bb][vc_column 0=\u00a0\u00bb\u00a0\u00bb][vc_row_inner 0=\u00a0\u00bb\u00a0\u00bb][vc_column_inner 0=\u00a0\u00bb\u00a0\u00bb][vc_empty_space height=\u00a0\u00bb40px\u00a0\u00bb]<h3 style=\"color:;\" class=\"ztl-mobile-center ztl-accent-font ztl-center ztl-font-normal\">L\u2019HISTOIRE DU LYCEE FRAN\u00c7AIS<\/h3><div class=\"ztl-divider  center primary \">\r\n                <span style=\"border-color:; \" class=\"circle\">\r\n                    <span style=\"background-color:; \"><\/span>\r\n                    <span style=\"background-color:; \"><\/span>\r\n                <\/span>\r\n            <\/div>[vc_empty_space height=\u00a0\u00bb40px\u00a0\u00bb][\/vc_column_inner][\/vc_row_inner][vc_row_inner 0=\u00a0\u00bb\u00a0\u00bb][vc_column_inner]<h3 style=\"color:;\" class=\"ztl-mobile-center ztl-accent-font ztl-center ztl-font-normal\">1966<\/h3><div class=\"ztl-divider  center primary \">\r\n                <span style=\"border-color:; \" class=\"circle\">\r\n                    <span style=\"background-color:; \"><\/span>\r\n                    <span style=\"background-color:; \"><\/span>\r\n                <\/span>\r\n            <\/div>[vc_empty_space height=\u00a0\u00bb40px\u00a0\u00bb][vc_column_text 0=\u00a0\u00bb\u00a0\u00bb]<span style=\"font-weight: 400;\">L\u2019enseignement fran\u00e7ais \u00e0 Palma a commenc\u00e9 en 1966 \u00e0 l\u2019initiative de quelques familles fran\u00e7aises qui se donnaient pour objectif la promotion de la langue et de la culture fran\u00e7aise en assurant \u00e0 leurs enfants une scolarit\u00e9 conforme \u00e0 l\u2019enseignement fran\u00e7ais. Au d\u00e9but, les classes, qui regroupaient une trentaine d\u2019\u00e9l\u00e8ves, avaient lieu dans un garage.<\/span>[\/vc_column_text]<h3 style=\"color:;\" class=\"ztl-mobile-center ztl-accent-font ztl-center ztl-font-normal\">1970<\/h3><div class=\"ztl-divider  center primary \">\r\n                <span style=\"border-color:; \" class=\"circle\">\r\n                    <span style=\"background-color:; \"><\/span>\r\n                    <span style=\"background-color:; \"><\/span>\r\n                <\/span>\r\n            <\/div>[vc_column_text 0=\u00a0\u00bb\u00a0\u00bb]<span style=\"font-weight: 400;\">L\u2019Ecole Fran\u00e7aise de Palma a ouvert en janvier 1970 dans le quartier de G\u00e9nova, dans une ancienne \u00e9cole catholique devenue depuis le Queen\u2019s College. \u00c0 cette \u00e9poque, l\u2019\u00e9tablissement, g\u00e9r\u00e9 par une Association de Parents d\u2019El\u00e8ves, accueillait quarante \u00e9l\u00e8ves avec 5 classes en Primaire et 4 en Secondaire. Les cours du secondaire \u00e9taient assur\u00e9s par le Centre National de T\u00e9l\u00e9-enseignement (CNTE). En 1972, trois nouvelles salles de classe sont construites dans la cour pour accueillir les 72 \u00e9l\u00e8ves scolaris\u00e9s.<\/span>[\/vc_column_text][vc_empty_space height=\u00a0\u00bb20px\u00a0\u00bb][vc_images_carousel images=\u00a0\u00bb6649,6632&Prime; img_size=\u00a0\u00bbfull\u00a0\u00bb speed=\u00a0\u00bb20000&Prime; slides_per_view=\u00a0\u00bb2&Prime; hide_pagination_control=\u00a0\u00bbyes\u00a0\u00bb hide_prev_next_buttons=\u00a0\u00bbyes\u00a0\u00bb css_animation=\u00a0\u00bbfadeInUpBig\u00a0\u00bb][vc_empty_space height=\u00a0\u00bb40px\u00a0\u00bb]<h3 style=\"color:;\" class=\"ztl-mobile-center ztl-accent-font ztl-center ztl-font-normal\">1975<\/h3><div class=\"ztl-divider  center primary \">\r\n                <span style=\"border-color:; \" class=\"circle\">\r\n                    <span style=\"background-color:; \"><\/span>\r\n                    <span style=\"background-color:; \"><\/span>\r\n                <\/span>\r\n            <\/div>[vc_empty_space height=\u00a0\u00bb40px\u00a0\u00bb][vc_column_text 0=\u00a0\u00bb\u00a0\u00bb]<span style=\"font-weight: 400;\">En 1975, l\u2019augmentation significative des effectifs (175 \u00e9l\u00e8ves) et une m\u00e9sentente entre certains parents et enseignants conduit \u00e0 la cr\u00e9ation d\u2019une nouvelle association\u00a0: l\u2019Association Culturelle Fran\u00e7aise des Bal\u00e9ares (ACFB) afin de cr\u00e9er un nouvel \u00e9tablissement, le Coll\u00e8ge Fran\u00e7ais de Palma install\u00e9 \u00e0 la rentr\u00e9e de septembre 1975 \u00e0 la villa Mercedes. Cette belle demeure construite en 1933, calle Salud, est situ\u00e9e dans le quartier du Terreno, un quartier proche du centre historique de Palma. L\u2019enseignement est assur\u00e9 en direct jusqu\u2019en 3<\/span><span style=\"font-weight: 400;\">\u00e8me<\/span><span style=\"font-weight: 400;\"> sous la responsabilit\u00e9 de la Mission La\u00efque Fran\u00e7aise, association d\u2019utilit\u00e9 publique fond\u00e9e en 1902 pour promouvoir la langue et la culture fran\u00e7aise dans le monde et qui g\u00e8re une centaine d\u2019\u00e9tablissements scolaires. <\/span>[\/vc_column_text][vc_empty_space height=\u00a0\u00bb20px\u00a0\u00bb][vc_images_carousel images=\u00a0\u00bb6636,6640&Prime; img_size=\u00a0\u00bbfull\u00a0\u00bb speed=\u00a0\u00bb20000&Prime; slides_per_view=\u00a0\u00bb2&Prime; hide_pagination_control=\u00a0\u00bbyes\u00a0\u00bb hide_prev_next_buttons=\u00a0\u00bbyes\u00a0\u00bb css_animation=\u00a0\u00bbfadeInUpBig\u00a0\u00bb][vc_empty_space height=\u00a0\u00bb40px\u00a0\u00bb]<h3 style=\"color:;\" class=\"ztl-mobile-center ztl-accent-font ztl-center ztl-font-normal\">1977<\/h3><div class=\"ztl-divider  center primary \">\r\n                <span style=\"border-color:; \" class=\"circle\">\r\n                    <span style=\"background-color:; \"><\/span>\r\n                    <span style=\"background-color:; \"><\/span>\r\n                <\/span>\r\n            <\/div>[vc_empty_space height=\u00a0\u00bb40px\u00a0\u00bb][vc_column_text 0=\u00a0\u00bb\u00a0\u00bb]<span style=\"font-weight: 400;\">Ce nouvel \u00e9tablissement re\u00e7oit l\u2019agr\u00e9ment du Minist\u00e8re de l\u2019Education espagnol en 1977 et l\u2019homologation du Minist\u00e8re de l\u2019Education fran\u00e7ais en 1979.<\/span><\/p>\n<p>&nbsp;<\/p>\n<p><span style=\"font-weight: 400;\">D\u00e8s 1977, l\u2019ACFB et la direction du Coll\u00e8ge envisagent la construction d\u2019un nouvel \u00e9tablissement sur autre site. Le co\u00fbt \u00e9lev\u00e9 de ce projet et le nombre encore restreint d\u2019\u00e9l\u00e8ves (199 \u00e0 la rentr\u00e9e 1977) en permettent pas de le mener \u00e0 bien. Des solutions de d\u00e9veloppement sont donc mises en place pour am\u00e9liorer les conditions d\u2019accueil. <\/span><\/p>\n<p>&nbsp;<\/p>\n<p><span style=\"font-weight: 400;\">D\u00e8s 1977, le CFP ouvre une premi\u00e8re annexe au 3 de la Calle Salud pour y accueillir trois classes de primaire. En 1985, avec plus de 280 \u00e9l\u00e8ves, deux nouveaux b\u00e2timents, un laboratoire de sciences et de technologie sont construits dans la cour de la villa. En 1990, le Coll\u00e8ge accueille d\u00e9sormais 316 \u00e9l\u00e8ves et int\u00e8gre le r\u00e9seau des \u00e9coles fran\u00e7aises de l\u2019\u00e9tranger en signant une convention avec l\u2019Agence pour l\u2019Enseignement Fran\u00e7ais \u00e0 l\u2019Etranger (AEFE) qui vient d\u2019\u00eatre cr\u00e9\u00e9e. <\/span><\/p>\n<p><span style=\"font-weight: 400;\">En septembre 2005, le Coll\u00e8ge passe la barre des 400 \u00e9l\u00e8ves. En 2008, l \u2019AEFE c\u00e8de la gestion de l\u2019\u00e9tablissement \u00e0 la Mission La\u00efque Fran\u00e7aise. Les classes de 2<\/span><span style=\"font-weight: 400;\">nde<\/span><span style=\"font-weight: 400;\">, 1<\/span><span style=\"font-weight: 400;\">\u00e8re<\/span><span style=\"font-weight: 400;\"> et Terminale sont homologu\u00e9es en 2009 et le Coll\u00e8ge change de nom pour devenir le Lyc\u00e9e Fran\u00e7ais de Palma. <\/span>[\/vc_column_text][vc_empty_space height=\u00a0\u00bb20px\u00a0\u00bb][vc_images_carousel images=\u00a0\u00bb6642,6644&Prime; img_size=\u00a0\u00bbfull\u00a0\u00bb speed=\u00a0\u00bb20000&Prime; slides_per_view=\u00a0\u00bb2&Prime; hide_pagination_control=\u00a0\u00bbyes\u00a0\u00bb hide_prev_next_buttons=\u00a0\u00bbyes\u00a0\u00bb css_animation=\u00a0\u00bbfadeInUpBig\u00a0\u00bb][vc_empty_space height=\u00a0\u00bb40px\u00a0\u00bb]<h3 style=\"color:;\" class=\"ztl-mobile-center ztl-accent-font ztl-center ztl-font-normal\">2011<\/h3><div class=\"ztl-divider  center primary \">\r\n                <span style=\"border-color:; \" class=\"circle\">\r\n                    <span style=\"background-color:; \"><\/span>\r\n                    <span style=\"background-color:; \"><\/span>\r\n                <\/span>\r\n            <\/div>[vc_empty_space height=\u00a0\u00bb40px\u00a0\u00bb][vc_column_text 0=\u00a0\u00bb\u00a0\u00bb]<span style=\"font-weight: 400;\">Inaugur\u00e9e \u00e0 la rentr\u00e9e 2011, l\u2019annexe de la calle F\u00e1bregas, permet de pallier le manque d\u2019espace qui se fait \u00e0 nouveau sentir. Cette annexe accueille de nouvelles salles de classe, un labo de sciences, une salle motricit\u00e9 et une salle informatique totalement \u00e9quip\u00e9e. Les b\u00e2timents de la calle Salud sont d\u00e9sormais d\u00e9di\u00e9s aux classes de Maternelle, Primaire et \u00e0 l\u2019Administration. Au cours de cette m\u00eame ann\u00e9e, le Lyc\u00e9e devient \u00e9galement centre d\u2019examen pour le baccalaur\u00e9at et nos \u00e9l\u00e8ves, qui devaient jusqu\u2019alors se rendre \u00e0 Barcelone, passent pour la premi\u00e8re fois les \u00e9preuves du baccalaur\u00e9at sur place lors de la session de juin 2012. <\/span><\/p>\n<p><span style=\"font-weight: 400;\">La construction d\u2019un nouvel \u00e9tablissement est \u00e0 nouveau s\u00e9rieusement envisag\u00e9e par le Lyc\u00e9e au cours de l\u2019ann\u00e9e 2010-2011 afin d\u2019accro\u00eetre sa capacit\u00e9 d\u2019accueil. Au printemps 2011, un concours d\u2019architectes est lanc\u00e9. Le Lyc\u00e9e se met \u00e0 la recherche d\u2019un site pour construire enfin un \u00e9tablissement adapt\u00e9. La Mairie de Palma avec le concours du consul honoraire de France \u00e0 Palma met \u00e0 disposition du LFP un terrain situ\u00e9 \u00e0 deux kilom\u00e8tres du lyc\u00e9e actuel dans le quartier de Sa Teulera. Le projet du cabinet Zanobia est retenu mais la r\u00e9alisation en est suspendue face aux difficult\u00e9s financi\u00e8res que conna\u00eet l\u2019\u00e9tablissement \u00e0 une \u00e9poque o\u00f9 la crise \u00e9conomique frappe durement l\u2019Espagne. <\/span><\/p>\n<p><span style=\"font-weight: 400;\">Au printemps 2013, la Mission La\u00efque Fran\u00e7aise vote la fin de la gestion financi\u00e8re du Lyc\u00e9e qui est alors menac\u00e9 de fermeture. La mobilisation sera grande de la part des \u00e9l\u00e8ves, des parents, des personnels du lyc\u00e9e et de plusieurs personnalit\u00e9s du monde politique, artistique et sportif, dont Paco de Lucia et Rafael Nadal.<\/span>[\/vc_column_text]<h3 style=\"color:;\" class=\"ztl-mobile-center ztl-accent-font ztl-center ztl-font-normal\">2016<\/h3><div class=\"ztl-divider  center primary \">\r\n                <span style=\"border-color:; \" class=\"circle\">\r\n                    <span style=\"background-color:; \"><\/span>\r\n                    <span style=\"background-color:; \"><\/span>\r\n                <\/span>\r\n            <\/div>[vc_empty_space height=\u00a0\u00bb40px\u00a0\u00bb][vc_column_text 0=\u00a0\u00bb\u00a0\u00bb]<span style=\"font-weight: 400;\">En faisant preuve de d\u00e9termination, d\u2019engagement et gr\u00e2ce \u00e0 une \u00e9quipe d\u2019enseignants volontaires et de parents investis, une strat\u00e9gie nouvelle est d\u00e9finie. Deux ans d\u2019efforts, d\u2019investissement et d\u2019initiatives ont permis d\u2019inverser la tendance et d\u2019annoncer la reprise du projet de construction en raison de la progression de pr\u00e8s de 30% des effectifs qui atteignent 510 \u00e9l\u00e8ves \u00e0 la rentr\u00e9e 2016.\u00a0Apr\u00e8s avoir effectu\u00e9 les d\u00e9marches n\u00e9cessaires pour r\u00e9cup\u00e9rer la concession perdue du terrain, la construction du nouveau lyc\u00e9e est vot\u00e9e \u00e0 l\u2019unanimit\u00e9 par le Conseil d\u2019Administration de la MLF en juin 2016.<\/span><\/p>\n<p><span style=\"font-weight: 400;\">Une troisi\u00e8me annexe est install\u00e9e sur l\u2019avenue Mir\u00f3 \u00e0 la rentr\u00e9e 2017 afin d\u2019accueillir les lyc\u00e9ens en attendant l\u2019installation dans le nouveau lyc\u00e9e dont la premi\u00e8re pierre est pos\u00e9e le 27 janvier 2018.<\/span>[\/vc_column_text][vc_single_image image=\u00a0\u00bb5939&Prime; img_size=\u00a0\u00bbfull\u00a0\u00bb][vc_single_image image=\u00a0\u00bb5942&Prime; img_size=\u00a0\u00bbfull\u00a0\u00bb][vc_empty_space height=\u00a0\u00bb90px\u00a0\u00bb][\/vc_column_inner][\/vc_row_inner][\/vc_column][\/vc_row]<\/p>\n","protected":false},"excerpt":{"rendered":"<p>[vc_row 0=\u00a0\u00bb\u00a0\u00bb][vc_column 0=\u00a0\u00bb\u00a0\u00bb][vc_row_inner 0=\u00a0\u00bb\u00a0\u00bb][vc_column_inner 0=\u00a0\u00bb\u00a0\u00bb][vc_empty_space height=\u00a0\u00bb40px\u00a0\u00bb][vc_empty_space height=\u00a0\u00bb40px\u00a0\u00bb][\/vc_column_inner][\/vc_row_inner][vc_row_inner 0=\u00a0\u00bb\u00a0\u00bb][vc_column_inner][vc_empty_space height=\u00a0\u00bb40px\u00a0\u00bb][vc_column_text 0=\u00a0\u00bb\u00a0\u00bb]L\u2019enseignement fran\u00e7ais \u00e0 Palma a commenc\u00e9 en 1966 \u00e0 l\u2019initiative de quelques familles fran\u00e7aises qui se donnaient pour objectif la promotion de la langue et de la culture fran\u00e7aise en assurant \u00e0 leurs enfants une scolarit\u00e9 conforme \u00e0 l\u2019enseignement fran\u00e7ais. Au d\u00e9but, les classes, qui regroupaient [&hellip;]<\/p>\n","protected":false},"author":1,"featured_media":0,"parent":0,"menu_order":0,"comment_status":"closed","ping_status":"closed","template":"","meta":{"_monsterinsights_skip_tracking":false,"_monsterinsights_sitenote_active":false,"_monsterinsights_sitenote_note":"","_monsterinsights_sitenote_category":0,"_uf_show_specific_survey":0,"_uf_disable_surveys":false,"footnotes":""},"aioseo_notices":[],"_links":{"self":[{"href":"https:\/\/lfipalma.es\/fr\/wp-json\/wp\/v2\/pages\/7558"}],"collection":[{"href":"https:\/\/lfipalma.es\/fr\/wp-json\/wp\/v2\/pages"}],"about":[{"href":"https:\/\/lfipalma.es\/fr\/wp-json\/wp\/v2\/types\/page"}],"author":[{"embeddable":true,"href":"https:\/\/lfipalma.es\/fr\/wp-json\/wp\/v2\/users\/1"}],"replies":[{"embeddable":true,"href":"https:\/\/lfipalma.es\/fr\/wp-json\/wp\/v2\/comments?post=7558"}],"version-history":[{"count":0,"href":"https:\/\/lfipalma.es\/fr\/wp-json\/wp\/v2\/pages\/7558\/revisions"}],"wp:attachment":[{"href":"https:\/\/lfipalma.es\/fr\/wp-json\/wp\/v2\/media?parent=7558"}],"curies":[{"name":"wp","href":"https:\/\/api.w.org\/{rel}","templated":true}]}}