{"id":7562,"date":"2019-04-10T10:16:52","date_gmt":"2019-04-10T10:16:52","guid":{"rendered":"https:\/\/lfipalma.es\/?page_id=7562"},"modified":"2021-04-06T10:22:42","modified_gmt":"2021-04-06T10:22:42","slug":"la-mission-laique-francaise","status":"publish","type":"page","link":"https:\/\/lfipalma.es\/fr\/la-mission-laique-francaise\/","title":{"rendered":"La Mission la\u00efque fran\u00e7aise"},"content":{"rendered":"<p>[vc_row][vc_column width=\u00a0\u00bb1\/5&Prime;][\/vc_column][vc_column width=\u00a0\u00bb1\/5&Prime;][\/vc_column][vc_column width=\u00a0\u00bb1\/5&Prime;][vc_single_image image=\u00a0\u00bb10970&Prime; img_size=\u00a0\u00bbmedium\u00a0\u00bb alignment=\u00a0\u00bbcenter\u00a0\u00bb onclick=\u00a0\u00bbcustom_link\u00a0\u00bb img_link_target=\u00a0\u00bb_blank\u00a0\u00bb link=\u00a0\u00bbhttps:\/\/www.mlfmonde.org\/\u00a0\u00bb][\/vc_column][vc_column width=\u00a0\u00bb1\/5&Prime;][\/vc_column][vc_column width=\u00a0\u00bb1\/5&Prime;][\/vc_column][\/vc_row][vc_row 0=\u00a0\u00bb\u00a0\u00bb][vc_column 0=\u00a0\u00bb\u00a0\u00bb][vc_tta_tabs alignment=\u00a0\u00bbcenter\u00a0\u00bb active_section=\u00a0\u00bb1&Prime; el_class=\u00a0\u00bbztl-tabs\u00a0\u00bb][vc_tta_section title=\u00a0\u00bbLa Mission la\u00efque fran\u00e7aise\u00a0\u00bb tab_id=\u00a0\u00bb1617704337212-5042203e-1a4f\u00a0\u00bb][vc_empty_space height=\u00a0\u00bb50px\u00a0\u00bb][vc_column_text 0=\u00a0\u00bb\u00a0\u00bb]<b>LA MISSION LAIQUE FRANCAISE<\/b><\/p>\n<p>&nbsp;<\/p>\n<p><i><span style=\"font-weight: 400;\">Association \u00e0 but non lucratif reconnue d\u2019utilit\u00e9 publique, la Mission la\u00efque fran\u00e7aise est \u00e0 la t\u00eate d\u2019un r\u00e9seau de 109 \u00e9tablissements d\u2019enseignement fran\u00e7ais \u00e0 l\u2019\u00e9tranger scolarisant plus de 60 000 \u00e9l\u00e8ves dans 38 pays. Elle m\u00e8ne \u00e9galement 19 actions de coop\u00e9ration \u00e9ducative dans 9 pays.<\/span><\/i><\/p>\n<p><i><span style=\"font-weight: 400;\">Partenaire de l\u2019\u00c9tat, op\u00e9rateur pour le compte des entreprises fran\u00e7aises et de l\u2019\u00c9tat dans certaines op\u00e9rations de d\u00e9veloppement, la Mission la\u00efque fran\u00e7aise (Mlf) cr\u00e9e et g\u00e8re des \u00e9coles, coll\u00e8ges, lyc\u00e9es dans le monde. <\/span><\/i><\/p>\n<p><i><span style=\"font-weight: 400;\">Ses \u00e9tablissements sur programme fran\u00e7ais sont partie int\u00e9grante du r\u00e9seau des \u00e9tablissements fran\u00e7ais \u00e0 l\u2019\u00e9tranger, aux c\u00f4t\u00e9s des \u00e9coles g\u00e9r\u00e9es par l\u2019Agence pour l\u2019Enseignement Fran\u00e7ais \u00e0 l\u2019Etranger (AEFE).<\/span><\/i><\/p>\n<p>&nbsp;<\/p>\n<p><b>UNE ASSOCIATION RECONNUE<\/b><\/p>\n<p><span style=\"font-weight: 400;\">N\u00e9e en 1902 et reconnue d\u2019utilit\u00e9 publique d\u00e8s 1907, la Mission la\u00efque fran\u00e7aise est une association \u00e0 but non lucratif. Elle a conduit tout au long de son histoire une mission de service public d\u00e9di\u00e9e \u00e0 la scolarisation des jeunes Fran\u00e7ais dans le monde, et de rayonnement au service de la scolarisation des jeunes nationaux dont les familles choisissent de les former dans la langue et la culture fran\u00e7aises.<\/span><\/p>\n<p><span style=\"font-weight: 400;\">La Mission la\u00efque fran\u00e7aise est li\u00e9e \u00e0 l\u2019\u00c9tat par deux conventions, avec le minist\u00e8re de l\u2019Europe et des Affaires \u00e9trang\u00e8res et avec le minist\u00e8re de l\u2019\u00c9ducation nationale. Elle s\u2019inscrit r\u00e9solument dans les grandes orientations de la politique \u00e9trang\u00e8re de la France et suit les directives du minist\u00e8re de l\u2019\u00c9ducation nationale sur la conformit\u00e9 des programmes des \u00e9tablissements scolaires homologu\u00e9s.<\/span><\/p>\n<p>&nbsp;<\/p>\n<p><b>SON EXPERTISE<\/b><\/p>\n<p><span style=\"font-weight: 400;\">La Mlf cr\u00e9e des \u00e9coles, coll\u00e8ges et lyc\u00e9es \u00e0 travers le monde.<\/span><\/p>\n<p><span style=\"font-weight: 400;\">Elle propose une expertise et des services d\u2019ing\u00e9nierie p\u00e9dagogique aux entreprises et aux \u00e9tablissements qui souhaitent \u00eatre affili\u00e9s \u00e0 son r\u00e9seau.<\/span><\/p>\n<p><span style=\"font-weight: 400;\">Elle conduit des actions de coop\u00e9ration \u00e9ducative notamment \u00e0 la demande du minist\u00e8re de l\u2019Europe et des Affaires \u00e9trang\u00e8res qui la sollicite pour cr\u00e9er des \u00e9tablissements scolaires, parfois dans l\u2019urgence, en raison de sa capacit\u00e9 de r\u00e9action et de sa souplesse de gestion.<\/span><\/p>\n<p>&nbsp;<\/p>\n<p><b>Ses valeurs : la\u00efcit\u00e9, plurilinguisme, citoyennet\u00e9 et humanisme<\/b><\/p>\n<p><b><br \/>\n<\/b><b><i>Une devise\u00a0: \u00ab\u00a0deux cultures, trois langues\u00a0\u00bb<\/i><\/b><\/p>\n<p><span style=\"font-weight: 400;\">La Mlf accueille et r\u00e9unit dans son r\u00e9seau d\u2019\u00e9tablissements des enfants de toutes les origines et de toutes les cultures. Autour de la la\u00efcit\u00e9, elle a d\u00e9velopp\u00e9 une p\u00e9dagogie de la rencontre entre deux cultures, renforc\u00e9e par l\u2019apprentissage de trois langues. Scolaris\u00e9s en fran\u00e7ais, les \u00e9l\u00e8ves apprennent dans la langue du pays d\u2019accueil d\u00e8s la maternelle tout en acqu\u00e9rant une troisi\u00e8me langue de communication internationale, en g\u00e9n\u00e9ral l\u2019anglais.<\/span><\/p>\n<p><span style=\"font-weight: 400;\">Au-del\u00e0 de la r\u00e9ussite scolaire et de l\u2019\u00e9panouissement individuel des \u00e9l\u00e8ves, la Mlf cherche \u00e0 d\u00e9velopper chez eux l\u2019exercice du libre jugement, le respect de l\u2019autre, la compr\u00e9hension des h\u00e9ritages de l\u2019histoire et l\u2019ouverture au monde dans sa diversit\u00e9.<\/span><\/p>\n<p>&nbsp;<\/p>\n<p><span style=\"font-weight: 400;\">Son r\u00e9seau d\u2019\u00e9tablissements<\/span><\/p>\n<p><span style=\"font-weight: 400;\">Implant\u00e9es dans 38 pays, les 109 \u00e9coles du r\u00e9seau Mlfmonde scolarisent, de la maternelle \u00e0 la terminale, plus de 60 000 \u00e9l\u00e8ves dont 71% sont \u00e9trangers. Elles font partie des 492 \u00e9tablissements qui composent le r\u00e9seau d\u2019enseignement fran\u00e7ais \u00e0 l\u2019\u00e9tranger dont l\u2019autre grand acteur est l\u2019AEFE, l\u2019op\u00e9rateur public du minist\u00e8re de l\u2019Europe et des Affaires \u00e9trang\u00e8res. Elle m\u00e8ne \u00e9galement 19 actions de coop\u00e9ration \u00e9ducative dans 9 pays.<\/span>[\/vc_column_text][\/vc_tta_section][vc_tta_section title=\u00a0\u00bbCharte de l\u2019association\u00a0\u00bb tab_id=\u00a0\u00bb1617704337235-db46e89d-b2e8&Prime;][vc_empty_space height=\u00a0\u00bb50px\u00a0\u00bb][vc_column_text]1)\u00a0La Mission la\u00efque fran\u00e7aise, association \u00e0 but non lucratif, reconnue d\u2019utilit\u00e9 publique depuis 1907, a pour objet la diffusion de la langue et de la culture fran\u00e7aises dans le monde, par un enseignement la\u00efque, plurilingue et interculturel. Elle cr\u00e9e et anime des \u00e9tablissements scolaires, culturels ou universitaires, soit par ses propres moyens, soit en partenariat. Elle est partenaire d\u2019institutions publiques ou d\u2019entreprises pour des actions de coop\u00e9ration et de d\u00e9veloppement.<\/p>\n<p>&nbsp;<\/p>\n<p>2)\u00a0Les valeurs de la Mission la\u00efque fran\u00e7aise sont la la\u00efcit\u00e9, la solidarit\u00e9 et le dialogue des cultures. Ce sont celles de l\u2019humanisme et de la D\u00e9claration universelle des droits de l\u2019homme.<\/p>\n<p>&nbsp;<\/p>\n<p>3)\u00a0Partenaire de l\u2019\u00e9tat, la Mission la\u00efque fran\u00e7aise est solidaire du r\u00e9seau d\u2019enseignement fran\u00e7ais dans le monde auquel elle apporte l\u2019identit\u00e9 de son projet propre. Elle s\u2019appuie sur les minist\u00e8res de l\u2019\u00e9ducation nationale et des Affaires \u00e9trang\u00e8res et europ\u00e9ennes et agit en \u00e9troite coop\u00e9ration avec les syst\u00e8mes \u00e9ducatifs des pays d\u2019accueil de ses \u00e9tablissements.<\/p>\n<p>&nbsp;<\/p>\n<p>4)\u00a0La Mission la\u00efque fran\u00e7aise accueille et r\u00e9unit dans son r\u00e9seau d\u2019\u00e9tablissements des enfants de toutes origines et de toutes cultures. Au-del\u00e0 de la r\u00e9ussite scolaire et de l\u2019\u00e9panouissement individuel des \u00e9l\u00e8ves, elle cherche \u00e0 d\u00e9velopper chez eux l\u2019exercice du libre jugement, le respect de l\u2019autre, la compr\u00e9hension des h\u00e9ritages de l\u2018histoire, l\u2019ouverture au monde dans sa diversit\u00e9 gr\u00e2ce \u00e0 la ma\u00eetrise de plusieurs langues. Elle les initie \u00e0 l\u2019usage des droits et des devoirs de la citoyennet\u00e9.<\/p>\n<p>&nbsp;<\/p>\n<p>5)\u00a0La Mission la\u00efque fran\u00e7aise mobilise des personnels poss\u00e9dant des cultures et des exp\u00e9riences diverses. Tous adh\u00e8rent \u00e0 son \u00e9thique et \u00e0 son projet \u00e9ducatif. Elle met en oeuvre ce projet dans le respect du droit, dans l\u2019\u00e9coute et le dialogue social. Elle se pr\u00e9occupe de la formation de ses personnels et de la valorisation de leurs comp\u00e9tences individuelles et collectives.<\/p>\n<p>&nbsp;<\/p>\n<p>6)\u00a0La Mission la\u00efque fran\u00e7aise garantit la qualit\u00e9 du projet \u00e9ducatif propos\u00e9 aux familles par ses \u00e9tablissements. Elle veille \u00e0 la transparence de leurs proc\u00e9dures de gestion et au bon usage des moyens qu\u2019ils recueillent.<\/p>\n<p>&nbsp;<\/p>\n<p>7)\u00a0La Mission la\u00efque fran\u00e7aise encourage ses \u00e9tablissements \u00e0 mettre en place les dispositifs de solidarit\u00e9 et toutes les actions susceptibles de renforcer la coh\u00e9sion de la communaut\u00e9 \u00e9ducative.[\/vc_column_text][\/vc_tta_section][\/vc_tta_tabs][\/vc_column][\/vc_row]<\/p>\n","protected":false},"excerpt":{"rendered":"<p>[vc_row][vc_column width=\u00a0\u00bb1\/5&Prime;][\/vc_column][vc_column width=\u00a0\u00bb1\/5&Prime;][\/vc_column][vc_column width=\u00a0\u00bb1\/5&Prime;][vc_single_image image=\u00a0\u00bb10970&Prime; img_size=\u00a0\u00bbmedium\u00a0\u00bb alignment=\u00a0\u00bbcenter\u00a0\u00bb onclick=\u00a0\u00bbcustom_link\u00a0\u00bb img_link_target=\u00a0\u00bb_blank\u00a0\u00bb link=\u00a0\u00bbhttps:\/\/www.mlfmonde.org\/\u00a0\u00bb][\/vc_column][vc_column width=\u00a0\u00bb1\/5&Prime;][\/vc_column][vc_column width=\u00a0\u00bb1\/5&Prime;][\/vc_column][\/vc_row][vc_row 0=\u00a0\u00bb\u00a0\u00bb][vc_column 0=\u00a0\u00bb\u00a0\u00bb][vc_tta_tabs alignment=\u00a0\u00bbcenter\u00a0\u00bb active_section=\u00a0\u00bb1&Prime; el_class=\u00a0\u00bbztl-tabs\u00a0\u00bb][vc_tta_section title=\u00a0\u00bbLa Mission la\u00efque fran\u00e7aise\u00a0\u00bb tab_id=\u00a0\u00bb1617704337212-5042203e-1a4f\u00a0\u00bb][vc_empty_space height=\u00a0\u00bb50px\u00a0\u00bb][vc_column_text 0=\u00a0\u00bb\u00a0\u00bb]LA MISSION LAIQUE FRANCAISE &nbsp; Association \u00e0 but non lucratif reconnue d\u2019utilit\u00e9 publique, la Mission la\u00efque fran\u00e7aise est \u00e0 la t\u00eate d\u2019un r\u00e9seau de 109 \u00e9tablissements d\u2019enseignement fran\u00e7ais \u00e0 l\u2019\u00e9tranger scolarisant plus [&hellip;]<\/p>\n","protected":false},"author":1,"featured_media":0,"parent":0,"menu_order":0,"comment_status":"closed","ping_status":"closed","template":"","meta":{"_monsterinsights_skip_tracking":false,"_monsterinsights_sitenote_active":false,"_monsterinsights_sitenote_note":"","_monsterinsights_sitenote_category":0,"_uf_show_specific_survey":0,"_uf_disable_surveys":false,"footnotes":""},"aioseo_notices":[],"_links":{"self":[{"href":"https:\/\/lfipalma.es\/fr\/wp-json\/wp\/v2\/pages\/7562"}],"collection":[{"href":"https:\/\/lfipalma.es\/fr\/wp-json\/wp\/v2\/pages"}],"about":[{"href":"https:\/\/lfipalma.es\/fr\/wp-json\/wp\/v2\/types\/page"}],"author":[{"embeddable":true,"href":"https:\/\/lfipalma.es\/fr\/wp-json\/wp\/v2\/users\/1"}],"replies":[{"embeddable":true,"href":"https:\/\/lfipalma.es\/fr\/wp-json\/wp\/v2\/comments?post=7562"}],"version-history":[{"count":0,"href":"https:\/\/lfipalma.es\/fr\/wp-json\/wp\/v2\/pages\/7562\/revisions"}],"wp:attachment":[{"href":"https:\/\/lfipalma.es\/fr\/wp-json\/wp\/v2\/media?parent=7562"}],"curies":[{"name":"wp","href":"https:\/\/api.w.org\/{rel}","templated":true}]}}