{"id":7589,"date":"2019-04-10T12:04:18","date_gmt":"2019-04-10T12:04:18","guid":{"rendered":"https:\/\/lfipalma.es\/?page_id=7589"},"modified":"2025-11-11T11:14:18","modified_gmt":"2025-11-11T09:14:18","slug":"parents","status":"publish","type":"page","link":"https:\/\/lfipalma.es\/fr\/parents\/","title":{"rendered":"PARENTS"},"content":{"rendered":"<p>[vc_row css=\u00a0\u00bb.vc_custom_1548234776747{margin-top: -5em !important;background-image: url(https:\/\/lfipalma.es\/wp-content\/uploads\/2019\/01\/MG_6330.jpg?id=5953) !important;background-position: center !important;background-repeat: no-repeat !important;background-size: cover !important;}\u00a0\u00bb][vc_column][vc_empty_space height=\u00a0\u00bb400px\u00a0\u00bb][\/vc_column][\/vc_row][vc_row full_width=\u00a0\u00bbstretch_row_content\u00a0\u00bb][vc_column width=\u00a0\u00bb1\/2&Prime;][vc_single_image image=\u00a0\u00bb14749&Prime; img_size=\u00a0\u00bbfull\u00a0\u00bb alignment=\u00a0\u00bbcenter\u00a0\u00bb][vc_empty_space height=\u00a0\u00bb40px\u00a0\u00bb][\/vc_column][vc_column width=\u00a0\u00bb1\/2&Prime;]<h3 style=\"color:;\" class=\"ztl-mobile-center ztl-accent-font ztl-left ztl-font-normal\">\u00caTRE PARENTS D\u2019ELEVES AU LFiP<\/h3>[vc_empty_space height=\u00a0\u00bb20px\u00a0\u00bb][vc_tta_accordion style=\u00a0\u00bboutline\u00a0\u00bb shape=\u00a0\u00bbsquare\u00a0\u00bb active_section=\u00a0\u00bb987897&Prime; no_fill=\u00a0\u00bbtrue\u00a0\u00bb collapsible_all=\u00a0\u00bbtrue\u00a0\u00bb el_class=\u00a0\u00bbztl-accordion\u00a0\u00bb][vc_tta_section title=\u00a0\u00bbALI\u00a0\u00bb tab_id=\u00a0\u00bb1492714211238-7eac1c8e-cb54&Prime;][vc_column_text]<span style=\"font-weight: 400;\">l\u2019Association des Parents d\u2019El\u00e8ves du LFiP est active et participe r\u00e9guli\u00e8rement \u00e0 la vie et aux \u00e9v\u00e9nements du lyc\u00e9e. <\/span><\/p>\n<p><a href=\"http:\/\/alilfp.org\/\">http:\/\/alilfp.org\/<\/a>[\/vc_column_text][\/vc_tta_section][vc_tta_section title=\u00a0\u00bbAPPI\u00a0\u00bb tab_id=\u00a0\u00bb1762789080283-5808f3cf-c5be\u00a0\u00bb][vc_column_text]<span data-olk-copy-source=\"MessageBody\">Le Collectif de Parents Ind\u00e9pendants APPI est pr\u00e9sent de la Maternelle jusqu\u2019au Lyc\u00e9e.<br \/>\nApolitique, engag\u00e9 et constructif, APPI met l\u2019accent sur l\u2019\u00e9coute des familles, la transparence et le bien-\u00eatre des \u00e9l\u00e8ves.<u><\/u><u><\/u><\/span><\/p>\n<p><b>Notre blog :<\/b>\u00a0<a title=\"http:\/\/appi-lfip.com\/\" href=\"http:\/\/appi-lfip.com\/\" data-auth=\"NotApplicable\" data-linkindex=\"3\">http:\/\/appi-lfip.com<\/a><br \/>\n\u2192 Il permet d\u2019informer les familles en toute transparence, de partager les r\u00e9sum\u00e9s des r\u00e9unions, les sujets importants et nos actions en cours.[\/vc_column_text][\/vc_tta_section][vc_tta_section title=\u00a0\u00bbCaf\u00e9 des parents.\u00a0\u00bb tab_id=\u00a0\u00bb1492714278176-dbc511f9-a2e7&Prime;][vc_column_text]<span style=\"font-weight: 400;\">Des r\u00e9unions informelles des parents sont organis\u00e9es cinq fois dans l\u2019ann\u00e9e le matin autour d\u2019un caf\u00e9. Chaque r\u00e9union aborde un th\u00e8me particulier concernant l\u2019\u00e9ducation ou la scolarit\u00e9 des enfants. <\/span>[\/vc_column_text][\/vc_tta_section][vc_tta_section title=\u00a0\u00bbR\u00e9union d\u2019information des parents.\u00a0\u00bb tab_id=\u00a0\u00bb1495393785236-cab00421-e577&Prime;][vc_column_text]<span style=\"font-weight: 400;\">A diff\u00e9rents moments de la scolarit\u00e9, les parents sont invit\u00e9s \u00e0 des r\u00e9unions d\u2019information : entr\u00e9e en maternelle, en CP, en 6\u00e8me, au lyc\u00e9e, orientation, p\u00e9dagogie, voyages, etc. <\/span>[\/vc_column_text][\/vc_tta_section][vc_tta_section title=\u00a0\u00bbRencontres parents-professeurs.\u00a0\u00bb tab_id=\u00a0\u00bb1495393786073-94f111aa-8739&Prime;][vc_column_text]<span style=\"font-weight: 400;\">Des rencontres parents-professeurs sont organis\u00e9es plusieurs fois par an, que ce soit de mani\u00e8re collective, en d\u00e9but d\u2019ann\u00e9e, ou individuelle en fin de trimestre. <\/span>[\/vc_column_text][\/vc_tta_section][vc_tta_section title=\u00a0\u00bbR\u00f4le des parents dans la vie du lyc\u00e9e.\u00a0\u00bb tab_id=\u00a0\u00bb1492700177446-c886c798-16f9&Prime;][vc_column_text]<span style=\"font-weight: 400;\">Les instances du LFiP permettent aux parents de prendre une part active \u00e0 la vie de l\u2019\u00e9tablissement : <\/span><\/p>\n<ul>\n<li style=\"font-weight: 400;\"><span style=\"font-weight: 400;\">Conseil d&rsquo;\u00c9cole : <\/span><\/li>\n<li style=\"font-weight: 400;\"><span style=\"font-weight: 400;\">Conseil d&rsquo;\u00c9tablissement<\/span><\/li>\n<li style=\"font-weight: 400;\"><span style=\"font-weight: 400;\">Conseils de classe : <\/span><\/li>\n<li style=\"font-weight: 400;\"><span style=\"font-weight: 400;\">Conseil d\u2019Education \u00e0 la Sant\u00e9 et \u00e0 la Citoyennet\u00e9 (CESC)<\/span><\/li>\n<\/ul>\n<p><span style=\"font-weight: 400;\">Les repr\u00e9sentants des parents au Conseil d&rsquo;\u00c9cole et au Conseil d&rsquo;\u00c9tablissement sont \u00e9lus au mois d\u2019octobre de chaque ann\u00e9e. Les repr\u00e9sentants aux conseils de classe du coll\u00e8ge et du lyc\u00e9e et au CESC sont des volontaires. <\/span>[\/vc_column_text][\/vc_tta_section][vc_tta_section title=\u00a0\u00bbLe conseil de classe\u00a0\u00bb tab_id=\u00a0\u00bb1550056185767-506c7734-1270&Prime;][vc_column_text]<span style=\"color: #003366;\"><b>Missions du conseil de classe:<\/b><\/span><\/p>\n<ul>\n<li style=\"font-weight: 400;\"><span style=\"font-weight: 400;\">Traiter les questions p\u00e9dagogiques int\u00e9ressant la vie de classe ;<\/span><\/li>\n<li style=\"font-weight: 400;\"><span style=\"font-weight: 400;\">Examiner les r\u00e9sultats scolaires individuels des \u00e9l\u00e8ves en proposant un bilan et des conseils ;<\/span><\/li>\n<li style=\"font-weight: 400;\"><span style=\"font-weight: 400;\">Emettre un avis sur les d\u00e9cisions d&rsquo;orientation ;<\/span><\/li>\n<\/ul>\n<p><span style=\"font-weight: 400;\">S\u2019appuyant sur les appr\u00e9ciations et \u00e9valuations port\u00e9es sur le bulletin, le conseil recherche et propose \u00e0 l\u2019\u00e9l\u00e8ve et \u00e0 sa famille des conseils pour la suite de sa scolarit\u00e9. Il peut permettre \u00e9galement de faire le point sur la participation, le dynamisme et la mise au travail des \u00e9l\u00e8ves. Des questions relatives \u00e0 ces points peuvent \u00eatre \u00e9voqu\u00e9es par les d\u00e9l\u00e9gu\u00e9s des \u00e9l\u00e8ves et des parents.<\/span><\/p>\n<p><span style=\"font-weight: 400;\">Il est pr\u00e9sid\u00e9 par le chef d\u2019\u00e9tablissement ou par son repr\u00e9sentant. <\/span><\/p>\n<p><b>\u00a0<\/b><\/p>\n<p><span style=\"color: #003366;\"><b>D\u00e9l\u00e9gu\u00e9s parents et \u00e9l\u00e8ves:<\/b><\/span><\/p>\n<p><span style=\"font-weight: 400;\">Membres \u00e0 part enti\u00e8re du conseil, les d\u00e9l\u00e9gu\u00e9s des parents sont invit\u00e9s \u00e0 rencontrer les professeurs principaux avant la r\u00e9union du conseil de classe pour instruire les questions que posent les parents sur la classe : travail personnel, \u00e9valuation, relations entre \u00e9l\u00e8ves, relations entre \u00e9l\u00e8ves et enseignants, etc. <\/span><\/p>\n<p><span style=\"font-weight: 400;\">Ils sont aussi invit\u00e9s \u00e0 faire remonter aux repr\u00e9sentants des parents au Conseil d&rsquo;\u00c9tablissement, les questions qui portent sur la vie au LFiP, les questions concernant la demi-pension, les horaires, etc. <\/span><\/p>\n<p><span style=\"font-weight: 400;\">Lors des r\u00e9unions du conseil de classe, ils disposent des moyennes par discipline de tous les \u00e9l\u00e8ves uniquement pendant la r\u00e9union du conseil de classe. Les d\u00e9l\u00e9gu\u00e9s des parents peuvent joindre un compte rendu lors de l\u2019envoi des bulletins\u00a0; il ne traite pas des cas individuels mais des appr\u00e9ciations et remarques d\u2019ordre g\u00e9n\u00e9ral. Lors de l\u2019examen du cas\u00a0des d\u00e9l\u00e9gu\u00e9s des \u00e9l\u00e8ves, les membres ne s\u2019adresseront pas directement \u00e0 lui en tant qu\u2019\u00e9l\u00e8ve.<\/span><\/p>\n<p><span style=\"font-weight: 400;\">L\u2019ensemble des membres du conseil de classe est tenu au devoir de discr\u00e9tion et de r\u00e9serve. <\/span><\/p>\n<p>&nbsp;<\/p>\n<p><span style=\"color: #003366;\"><b>D\u00e9roulement:<\/b><\/span><\/p>\n<ol>\n<li style=\"font-weight: 400;\"><span style=\"color: #003366;\"><b>Appr\u00e9ciation g\u00e9n\u00e9rale\u00a0du professeur principal:<\/b><\/span><span style=\"font-weight: 400;\"> Le professeur principal aura pr\u00e9alablement r\u00e9dig\u00e9 sur PRONOTE une proposition d\u2019appr\u00e9ciation qui pourra \u00eatre modifi\u00e9e au cours de la r\u00e9union. Il portera cette appr\u00e9ciation \u00e0 la connaissance du conseil de classe. Les professeurs qui le souhaitent pourront apporter des modifications ou des nuances.<\/span><\/li>\n<li style=\"font-weight: 400;\"><span style=\"color: #003366;\"><b>Intervention et questions les d\u00e9l\u00e9gu\u00e9s des parents et des \u00e9l\u00e8ves<\/b><span style=\"font-weight: 400;\">.<\/span><\/span><\/li>\n<li style=\"font-weight: 400;\"><span style=\"color: #003366;\"><b>Bilan de la scolarit\u00e9 des \u00e9l\u00e8ves de la classe<\/b><\/span><span style=\"font-weight: 400;\">. \u00a0<\/span><i><span style=\"font-weight: 400;\">\u00ab\u00a0Le professeur principal [&#8230;] expose au conseil de classe les r\u00e9sultats obtenus par les \u00e9l\u00e8ves et pr\u00e9sente ses observations sur les conseils en orientation formul\u00e9s par l\u2019\u00e9quipe. (\u2026)<\/span><\/i> <i><span style=\"font-weight: 400;\">Sur ces bases et en prenant en compte l\u2019ensemble des \u00e9l\u00e9ments d\u2019ordre \u00e9ducatif, m\u00e9dical et social apport\u00e9 par ses membres, le conseil de classe examine le d\u00e9roulement de la scolarit\u00e9 de chaque \u00e9l\u00e8ve afin de mieux le guider dans son travail et ses choix d\u2019\u00e9tudes. [&#8230;]. Le conseil de classe \u00e9met des propositions d\u2019orientation [&#8230;] ou de redoublement.\u00a0\u00bb<\/span><\/i><b> (<\/b><span style=\"font-weight: 400;\">art. 33 du d\u00e9cret de 1985)<\/span><\/li>\n<li style=\"font-weight: 400;\"><span style=\"color: #003366;\"><b>Mentions<\/b><\/span><span style=\"font-weight: 400;\"> : Conform\u00e9ment au R\u00e8glement Int\u00e9rieur du LFiP, trois mentions pourront \u00eatre d\u00e9cern\u00e9es en conseil de classe par l\u2019\u00e9quipe p\u00e9dagogique\u00a0: les encouragements, les compliments et les f\u00e9licitations\u00a0; ces mentions seront port\u00e9es sur le bulletin. Les d\u00e9finitions correspondant \u00e0 chaque mention sont les suivantes\u00a0: <\/span><\/li>\n<\/ol>\n<ul>\n<li style=\"list-style-type: none;\">\n<ul>\n<li style=\"font-weight: 400;\"><span style=\"color: #003366;\"><b>Encouragements<\/b><\/span><span style=\"font-weight: 400;\">\u00a0: L\u2019attitude face au travail et le comportement sont m\u00e9ritoires<\/span><\/li>\n<li style=\"font-weight: 400;\"><span style=\"color: #003366;\"><b>Compliments<\/b><\/span><b>\u00a0:<\/b> <span style=\"font-weight: 400;\">Tr\u00e8s bons r\u00e9sultats, mais le comportement peut s\u2019am\u00e9liorer<\/span><b>.<\/b><\/li>\n<li style=\"font-weight: 400;\"><span style=\"color: #003366;\"><b>F\u00e9licitations<\/b><\/span><span style=\"font-weight: 400;\">\u00a0: Le travail, les r\u00e9sultats et le comportement sont exemplaires.<\/span><\/li>\n<\/ul>\n<\/li>\n<\/ul>\n<p><span style=\"color: #003366;\"><b>NB\u00a0: les \u00e9l\u00e8ves volontaires pourront assister \u00e0 la partie de la r\u00e9union qui les concerne. Ils se feront conna\u00eetre de leurs d\u00e9l\u00e9gu\u00e9s.<\/b><\/span>[\/vc_column_text][\/vc_tta_section][vc_tta_section title=\u00a0\u00bbLe conseil d&rsquo;\u00e9cole\u00a0\u00bb tab_id=\u00a0\u00bb1652892208455-5951da6e-1d6d\u00a0\u00bb][vc_column_text]<\/p>\n<h3><span style=\"color: #003366;\"><b>Le conseil d\u2019\u00e9cole<br \/>\n<\/b><b>(Primaire)<\/b><\/span><\/h3>\n<p><span style=\"font-weight: 400;\">Le conseil d\u2019\u00e9cole <\/span><\/p>\n<ul>\n<li style=\"font-weight: 400;\"><span style=\"font-weight: 400;\">vote le r\u00e8glement int\u00e9rieur de l\u2019\u00e9cole primaire, <\/span><\/li>\n<li style=\"font-weight: 400;\"><span style=\"font-weight: 400;\">adopte le projet d\u2019\u00e9cole, <\/span><\/li>\n<li style=\"font-weight: 400;\"><span style=\"font-weight: 400;\">donne des avis sur le fonctionnement et les questions li\u00e9es \u00e0 la vie de l\u2019\u00e9cole (int\u00e9gration des enfants handicap\u00e9s, activit\u00e9s p\u00e9riscolaires, restauration scolaire, hygi\u00e8ne, s\u00e9curit\u00e9 des enfants, organisation de l\u2019aide personnalis\u00e9e, etc.) <\/span><\/li>\n<li style=\"font-weight: 400;\"><span style=\"font-weight: 400;\">est inform\u00e9 des r\u00e9sultats globaux de l\u2019\u00e9cole.<\/span><\/li>\n<\/ul>\n<p><span style=\"font-weight: 400;\">Le conseil d\u2019\u00e9cole est compos\u00e9 des membres suivants\u00a0:<\/span><\/p>\n<ul>\n<li style=\"list-style-type: none;\">\n<ul>\n<li style=\"font-weight: 400;\"><span style=\"font-weight: 400;\">le directeur de l\u2019\u00e9cole primaire, pr\u00e9sident\u00a0; <\/span><\/li>\n<li style=\"font-weight: 400;\"><span style=\"font-weight: 400;\">les enseignants; <\/span><\/li>\n<\/ul>\n<\/li>\n<\/ul>\n<p>&nbsp;<\/p>\n<ul>\n<li style=\"font-weight: 400;\"><i><span style=\"font-weight: 400;\">12 repr\u00e9sentants des parents d\u2019\u00e9l\u00e8ves \u00e9lus.<\/span><\/i><\/li>\n<\/ul>\n<p>[\/vc_column_text][vc_row_inner][vc_column_inner width=\u00a0\u00bb1\/3&Prime;][vc_icon type=\u00a0\u00bbfontawesome\u00a0\u00bb icon_fontawesome=\u00a0\u00bbfas fa-file-pdf\u00a0\u00bb size=\u00a0\u00bblg\u00a0\u00bb link=\u00a0\u00bburl:https%3A%2F%2Flfipalma.es%2Fwp-content%2Fuploads%2F2022%2F04%2FPV-CEcole_20102021_Fr.pdf|target:_blank\u00a0\u00bb][vc_column_text]20 octobre 2021[\/vc_column_text][\/vc_column_inner][vc_column_inner width=\u00a0\u00bb1\/3&Prime;][vc_icon type=\u00a0\u00bbfontawesome\u00a0\u00bb icon_fontawesome=\u00a0\u00bbfas fa-file-pdf\u00a0\u00bb size=\u00a0\u00bblg\u00a0\u00bb link=\u00a0\u00bburl:https%3A%2F%2Flfipalma.es%2Fwp-content%2Fuploads%2F2022%2F04%2FPV-CEcole-90621.pdf|target:_blank\u00a0\u00bb][vc_column_text]9 juin 2021[\/vc_column_text][\/vc_column_inner][vc_column_inner width=\u00a0\u00bb1\/3&Prime;][vc_icon type=\u00a0\u00bbfontawesome\u00a0\u00bb icon_fontawesome=\u00a0\u00bbfas fa-file-pdf\u00a0\u00bb size=\u00a0\u00bblg\u00a0\u00bb link=\u00a0\u00bburl:https%3A%2F%2Flfipalma.es%2Fwp-content%2Fuploads%2F2022%2F04%2FPV-CEcole-100321.pdf|target:_blank\u00a0\u00bb][vc_column_text]10 mars 2021[\/vc_column_text][\/vc_column_inner][\/vc_row_inner][vc_row_inner][vc_column_inner width=\u00a0\u00bb1\/3&Prime;][vc_icon type=\u00a0\u00bbfontawesome\u00a0\u00bb icon_fontawesome=\u00a0\u00bbfas fa-file-pdf\u00a0\u00bb size=\u00a0\u00bblg\u00a0\u00bb link=\u00a0\u00bburl:https%3A%2F%2Flfipalma.es%2Fwp-content%2Fuploads%2F2022%2F04%2FPV-CEcole-141020.pdf|target:_blank\u00a0\u00bb][vc_column_text]14 octobre 2020[\/vc_column_text][\/vc_column_inner][vc_column_inner width=\u00a0\u00bb1\/3&Prime;][vc_icon type=\u00a0\u00bbfontawesome\u00a0\u00bb icon_fontawesome=\u00a0\u00bbfas fa-file-pdf\u00a0\u00bb size=\u00a0\u00bblg\u00a0\u00bb link=\u00a0\u00bburl:https%3A%2F%2Flfipalma.es%2Fwp-content%2Fuploads%2F2022%2F04%2FCR-ConseilEcole-100620.pdf|target:_blank\u00a0\u00bb][vc_column_text]10 juin 2020[\/vc_column_text][\/vc_column_inner][vc_column_inner width=\u00a0\u00bb1\/3&Prime;][vc_icon type=\u00a0\u00bbfontawesome\u00a0\u00bb icon_fontawesome=\u00a0\u00bbfas fa-file-pdf\u00a0\u00bb size=\u00a0\u00bblg\u00a0\u00bb link=\u00a0\u00bburl:https%3A%2F%2Flfipalma.es%2Fwp-content%2Fuploads%2F2022%2F04%2FLFPalma-Conseil-Ecole-161019.pdf|target:_blank\u00a0\u00bb][vc_column_text]16 octobre 2019[\/vc_column_text][\/vc_column_inner][\/vc_row_inner][\/vc_tta_section][vc_tta_section title=\u00a0\u00bbLe conseil d&rsquo;\u00e9tablissement\u00a0\u00bb tab_id=\u00a0\u00bb1652892209245-09ab6895-891d\u00a0\u00bb][vc_column_text]<\/p>\n<h3><span style=\"color: #003366;\"><b>Le conseil d\u2019\u00e9tablissement<br \/>\n<\/b><b>(Primaire &amp; Secondaire)<\/b><\/span><\/h3>\n<p><span style=\"font-weight: 400;\">Le conseil d&rsquo;\u00e9tablissement <\/span><\/p>\n<ul>\n<li style=\"font-weight: 400;\"><span style=\"font-weight: 400;\">vote le r\u00e8glement int\u00e9rieur de l&rsquo;\u00e9tablissement <\/span><\/li>\n<li style=\"font-weight: 400;\"><span style=\"font-weight: 400;\">adopte le projet d&rsquo;\u00e9tablissement<\/span><\/li>\n<li style=\"font-weight: 400;\"><span style=\"font-weight: 400;\">donne son avis et fait des suggestions sur toutes questions int\u00e9ressant la vie de l&rsquo;\u00e9tablissement et son fonctionnement (scolarisation des \u00e9l\u00e8ves porteurs de handicap, activit\u00e9s p\u00e9riscolaires, restauration scolaire, hygi\u00e8ne scolaire, s\u00e9curit\u00e9 des \u00e9l\u00e8ves). <\/span><\/li>\n<\/ul>\n<p><span style=\"font-weight: 400;\">Ce conseil propose un projet d&rsquo;organisation du temps de travail (rythmes scolaires, organisation de la semaine scolaire&#8230;).<\/span>[\/vc_column_text][\/vc_tta_section][\/vc_tta_accordion][vc_empty_space height=\u00a0\u00bb40px\u00a0\u00bb][\/vc_column][\/vc_row][vc_row css=\u00a0\u00bb.vc_custom_1548235621966{margin-bottom: 40px !important;background-image: url(https:\/\/lfipalma.es\/wp-content\/uploads\/2019\/01\/MG_6456.jpg?id=5967) !important;background-position: center !important;background-repeat: no-repeat !important;background-size: cover !important;}\u00a0\u00bb][vc_column][vc_empty_space height=\u00a0\u00bb400px\u00a0\u00bb][\/vc_column][\/vc_row][vc_row full_width=\u00a0\u00bbstretch_row\u00a0\u00bb full_height=\u00a0\u00bbyes\u00a0\u00bb equal_height=\u00a0\u00bbyes\u00a0\u00bb css=\u00a0\u00bb.vc_custom_1732283687058{margin-bottom: 40px !important;background-image: url(https:\/\/lfipalma.es\/wp-content\/uploads\/2024\/11\/CHARTE_-FR_1-FR.jpg?id=20047) !important;background-position: center !important;background-repeat: no-repeat !important;background-size: contain !important;}\u00a0\u00bb][vc_column][vc_empty_space height=\u00a0\u00bb400px\u00a0\u00bb][\/vc_column][\/vc_row][vc_row full_width=\u00a0\u00bbstretch_row\u00a0\u00bb full_height=\u00a0\u00bbyes\u00a0\u00bb equal_height=\u00a0\u00bbyes\u00a0\u00bb css=\u00a0\u00bb.vc_custom_1732275541986{margin-bottom: 40px !important;background-image: url(https:\/\/lfipalma.es\/wp-content\/uploads\/2024\/11\/CHARTE_-FR_2-FR.jpg?id=20045) !important;background-position: center !important;background-repeat: no-repeat !important;background-size: contain !important;}\u00a0\u00bb][vc_column][vc_empty_space height=\u00a0\u00bb400px\u00a0\u00bb][\/vc_column][\/vc_row][vc_row full_width=\u00a0\u00bbstretch_row\u00a0\u00bb full_height=\u00a0\u00bbyes\u00a0\u00bb equal_height=\u00a0\u00bbyes\u00a0\u00bb css=\u00a0\u00bb.vc_custom_1732283717096{margin-bottom: 40px !important;background-image: url(https:\/\/lfipalma.es\/wp-content\/uploads\/2024\/11\/CHARTE_-FR_3-FR.jpg?id=20043) !important;background-position: center !important;background-repeat: no-repeat !important;background-size: contain !important;}\u00a0\u00bb][vc_column][vc_empty_space height=\u00a0\u00bb400px\u00a0\u00bb][\/vc_column][\/vc_row][vc_row full_width=\u00a0\u00bbstretch_row\u00a0\u00bb disable_element=\u00a0\u00bbyes\u00a0\u00bb css=\u00a0\u00bb.vc_custom_1554709344398{margin-bottom: -50px !important;background-color: #f2f2f2 !important;}\u00a0\u00bb][vc_column css=\u00a0\u00bb.vc_custom_1480863659858{margin-top: 0px !important;padding-top: 0px !important;}\u00a0\u00bb]<div class=\"ztl-announcement  \">\r\n            <div class=\"row table-row\">\r\n                <div class=\"ztl-col col-lg-9 col-md-9 col-sm-9 col-xs-12 \">\r\n                    <div class=\"ztl-flex ztl-mobile-container\">\r\n                        <div class=\"ztl-icon left\" style=\"background-color:#ffffff\">\r\n                            <span class=\"flaticon-board\" style=\"color:#ff4e31\"><\/span>\r\n                        <\/div>\r\n                        <div class=\"content\" style=\"color:#002749\">\r\n                            <div class=\"line-1\">\r\n                                <h3>INSCRIPCIONES<\/h3>\r\n                            <\/div>\r\n                            <div class=\"line-2\">\r\n                             Si necesita m\u00e1s informaci\u00f3n sobre nuestro centro cont\u00e1ctenos\r\n                            <\/div>\r\n                        <\/div>\r\n                    <\/div>\r\n                <\/div>\r\n                <div class=\"ztl-action ztl-col col-lg-3 col-md-3 col-sm-3 col-xs-12 \">\r\n                    <div class=\"ztl-button-one\"><a href=\"https:\/\/lfipalma.es\/inscripciones\/\" target=\"_self\">CONTACTO<\/a><\/div>\r\n                <\/div>\r\n            <\/div>\r\n\t<\/div>[\/vc_column][\/vc_row]<\/p>\n","protected":false},"excerpt":{"rendered":"<p>[vc_row css=\u00a0\u00bb.vc_custom_1548234776747{margin-top: -5em !important;background-image: url(https:\/\/lfipalma.es\/wp-content\/uploads\/2019\/01\/MG_6330.jpg?id=5953) !important;background-position: center !important;background-repeat: no-repeat !important;background-size: cover !important;}\u00a0\u00bb][vc_column][vc_empty_space height=\u00a0\u00bb400px\u00a0\u00bb][\/vc_column][\/vc_row][vc_row full_width=\u00a0\u00bbstretch_row_content\u00a0\u00bb][vc_column width=\u00a0\u00bb1\/2&Prime;][vc_single_image image=\u00a0\u00bb14749&Prime; img_size=\u00a0\u00bbfull\u00a0\u00bb alignment=\u00a0\u00bbcenter\u00a0\u00bb][vc_empty_space height=\u00a0\u00bb40px\u00a0\u00bb][\/vc_column][vc_column width=\u00a0\u00bb1\/2&Prime;][vc_empty_space height=\u00a0\u00bb20px\u00a0\u00bb][vc_tta_accordion style=\u00a0\u00bboutline\u00a0\u00bb shape=\u00a0\u00bbsquare\u00a0\u00bb active_section=\u00a0\u00bb987897&Prime; no_fill=\u00a0\u00bbtrue\u00a0\u00bb collapsible_all=\u00a0\u00bbtrue\u00a0\u00bb el_class=\u00a0\u00bbztl-accordion\u00a0\u00bb][vc_tta_section title=\u00a0\u00bbALI\u00a0\u00bb tab_id=\u00a0\u00bb1492714211238-7eac1c8e-cb54&Prime;][vc_column_text]l\u2019Association des Parents d\u2019El\u00e8ves du LFiP est active et participe r\u00e9guli\u00e8rement \u00e0 la vie et aux \u00e9v\u00e9nements du lyc\u00e9e. http:\/\/alilfp.org\/[\/vc_column_text][\/vc_tta_section][vc_tta_section title=\u00a0\u00bbAPPI\u00a0\u00bb tab_id=\u00a0\u00bb1762789080283-5808f3cf-c5be\u00a0\u00bb][vc_column_text]Le Collectif de Parents Ind\u00e9pendants APPI [&hellip;]<\/p>\n","protected":false},"author":1,"featured_media":0,"parent":0,"menu_order":0,"comment_status":"closed","ping_status":"closed","template":"","meta":{"_monsterinsights_skip_tracking":false,"_monsterinsights_sitenote_active":false,"_monsterinsights_sitenote_note":"","_monsterinsights_sitenote_category":0,"_uf_show_specific_survey":0,"_uf_disable_surveys":false,"footnotes":""},"aioseo_notices":[],"_links":{"self":[{"href":"https:\/\/lfipalma.es\/fr\/wp-json\/wp\/v2\/pages\/7589"}],"collection":[{"href":"https:\/\/lfipalma.es\/fr\/wp-json\/wp\/v2\/pages"}],"about":[{"href":"https:\/\/lfipalma.es\/fr\/wp-json\/wp\/v2\/types\/page"}],"author":[{"embeddable":true,"href":"https:\/\/lfipalma.es\/fr\/wp-json\/wp\/v2\/users\/1"}],"replies":[{"embeddable":true,"href":"https:\/\/lfipalma.es\/fr\/wp-json\/wp\/v2\/comments?post=7589"}],"version-history":[{"count":6,"href":"https:\/\/lfipalma.es\/fr\/wp-json\/wp\/v2\/pages\/7589\/revisions"}],"predecessor-version":[{"id":21422,"href":"https:\/\/lfipalma.es\/fr\/wp-json\/wp\/v2\/pages\/7589\/revisions\/21422"}],"wp:attachment":[{"href":"https:\/\/lfipalma.es\/fr\/wp-json\/wp\/v2\/media?parent=7589"}],"curies":[{"name":"wp","href":"https:\/\/api.w.org\/{rel}","templated":true}]}}