{"id":7610,"date":"2019-04-10T14:49:15","date_gmt":"2019-04-10T14:49:15","guid":{"rendered":"https:\/\/lfipalma.es\/?page_id=7610"},"modified":"2025-11-17T17:26:33","modified_gmt":"2025-11-17T15:26:33","slug":"faq","status":"publish","type":"page","link":"https:\/\/lfipalma.es\/fr\/faq\/","title":{"rendered":"FAQ"},"content":{"rendered":"<p>[vc_row][vc_column][vc_single_image image=\u00a0\u00bb16892&Prime; img_size=\u00a0\u00bblarge\u00a0\u00bb][\/vc_column][\/vc_row][vc_row][vc_column]<h3 style=\"color:;\" class=\"ztl-mobile-center ztl-accent-font ztl-left ztl-font-normal\">Questions fr\u00e9quentes (FAQs)<\/h3><h4 style=\"color:;line-height:1.3;\" class=\"ztl-mobile-center ztl-main-font ztl-left ztl-font-light\"><\/h4>[vc_empty_space height=\u00a0\u00bb20px\u00a0\u00bb][vc_tta_accordion style=\u00a0\u00bboutline\u00a0\u00bb shape=\u00a0\u00bbsquare\u00a0\u00bb active_section=\u00a0\u00bb0&Prime; no_fill=\u00a0\u00bbtrue\u00a0\u00bb el_class=\u00a0\u00bbztl-accordion\u00a0\u00bb][vc_tta_section title=\u00a0\u00bbQuels sont les horaires des classes?\u00a0\u00bb tab_id=\u00a0\u00bb1492877084322-31fcbd2b-0af2&Prime;][vc_column_text]<\/p>\n<p data-start=\"35\" data-end=\"125\">En Maternelle et en \u00c9l\u00e9mentaire, les cours ont lieu de 8h45 \u00e0 15h30, du lundi au vendredi.<\/p>\n<p data-start=\"127\" data-end=\"200\">Au Coll\u00e8ge, les cours se d\u00e9roulent g\u00e9n\u00e9ralement de 8h30 \u00e0 15h45 ou 16h40.<\/p>\n<p data-start=\"202\" data-end=\"295\" data-is-last-node=\"\" data-is-only-node=\"\">En 1\u00e8re et Terminale, certains cours se terminent \u00e0 17h35, ou selon les sp\u00e9cialit\u00e9s, \u00e0 18h30.<\/p>\n<p>[\/vc_column_text][\/vc_tta_section][vc_tta_section title=\u00a0\u00bbQuel est le projet \u00e9ducatif du LFiP ?\u00a0\u00bb tab_id=\u00a0\u00bb1494878687411-48dfb84b-c8fa\u00a0\u00bb][vc_column_text]Le Lyc\u00e9e Fran\u00e7ais International de Palma accueille des enfants de toutes origines et de toutes cultures. Au-del\u00e0 de la r\u00e9ussite scolaire et de l\u2019\u00e9panouissement individuel des \u00e9l\u00e8ves, il s\u2019attache \u00e0 d\u00e9velopper chez eux l\u2019exercice du libre jugement, le respect d\u2019autrui, la compr\u00e9hension des h\u00e9ritages historiques et l\u2019ouverture au monde dans toute sa diversit\u00e9, gr\u00e2ce \u00e0 la ma\u00eetrise de plusieurs langues. Il les initie \u00e9galement \u00e0 l\u2019exercice des droits et des devoirs de la citoyennet\u00e9.[\/vc_column_text][\/vc_tta_section][vc_tta_section title=\u00a0\u00bbQuelles sont les installations du lyc\u00e9e?\u00a0\u00bb tab_id=\u00a0\u00bb1492714211238-7eac1c8e-cb54&Prime;][vc_column_text]<span style=\"font-weight: 400;\">\u00c0 la rentr\u00e9e 2021, le LFiP s\u2019est install\u00e9 dans un tout nouvel \u00e9tablissement dans le quartier de Sa Teulera sur un terrain de 5000 m2 mis \u00e0 disposition par la mairie de Palma. Cet \u00e9tablissement a \u00e9t\u00e9 construit \u00e0 notre mesure et nous permettra d\u2019accueillir de nouveaux \u00e9l\u00e8ves dans des installations modernes et accueillantes.<\/span>[\/vc_column_text][\/vc_tta_section][vc_tta_section title=\u00a0\u00bbY a-t-il un service de cantine ?\u00a0\u00bb tab_id=\u00a0\u00bb1492714278176-dbc511f9-a2e7&Prime;][vc_column_text]<span style=\"font-weight: 400;\">Oui, un service de demi-pension est propos\u00e9 tous les jours aux \u00e9l\u00e8ves de tous les niveaux.<\/span>[\/vc_column_text][\/vc_tta_section][vc_tta_section title=\u00a0\u00bbY a-t-il un service de transport scolaire ?\u00a0\u00bb tab_id=\u00a0\u00bb1492714310844-40fc0f82-c382&Prime;][vc_column_text]Le projet a \u00e9t\u00e9 \u00e9tudi\u00e9 \u00e0 plusieurs reprises, mais n\u2019a pas abouti. Nous conseillons aux parents de contacter les associations de parents (ALI et APPI) afin de trouver des solutions de covoiturage.[\/vc_column_text][\/vc_tta_section][vc_tta_section title=\u00a0\u00bbY a-t-il un uniforme scolaire ?\u00a0\u00bb tab_id=\u00a0\u00bb1492700177446-c886c798-16f9&Prime;][vc_column_text]<span style=\"color: #333333;\"><span style=\"font-weight: 400;\">Seulement pour les activit\u00e9s physiques et sportives et pour les sorties scolaires. <\/span><span class=\"\">L\u2019uniforme sportif s&rsquo;ach\u00e8te \u00e0 El Corte Ingl\u00e9s, avinguda Alexandre Rossello ou \u00e0 travers leur site internet en cliquant sur le lien suivant :<\/span><\/span><\/p>\n<div class=\"\"><a href=\"https:\/\/www.elcorteingles.es\/uniformes\/baleares\/palma\/lycee-francais\/\">https:\/\/www.elcorteingles.es\/uniformes\/baleares\/palma-de-mallorca\/lycee-frances-palma.<\/a><\/div>\n<p><span style=\"font-weight: 400;\"><span class=\"\">Le reste du temps, une tenue correcte est exig\u00e9e.<\/span><\/span>[\/vc_column_text][\/vc_tta_section][vc_tta_section title=\u00a0\u00bbQuels sont les avantages d\u2019un apprentissage pr\u00e9coce des langues?\u00a0\u00bb tab_id=\u00a0\u00bb1494878645403-e5758e22-40dd\u00a0\u00bb][vc_column_text]L\u2019apprentissage pr\u00e9coce des langues permet \u00e0 nos \u00e9l\u00e8ves d\u2019\u00eatre parfaitement bilingues en fran\u00e7ais et en espagnol \u00e0 la fin de leur scolarit\u00e9, tout en atteignant une excellente ma\u00eetrise de l\u2019anglais et du catalan.[\/vc_column_text][\/vc_tta_section][vc_tta_section title=\u00a0\u00bbQuels sports sont pratiqu\u00e9s au LFiP ?\u00a0\u00bb tab_id=\u00a0\u00bb1492714463421-eb1cc2f9-9d4e\u00a0\u00bb][vc_column_text]<span style=\"font-weight: 400;\">Les sports pratiqu\u00e9s sont les suivants : gymnastique, athl\u00e9tisme, natation, voile, escalade, handball, basketball, course d\u2019orientation, arts du cirque, etc<\/span>[\/vc_column_text][\/vc_tta_section][vc_tta_section title=\u00a0\u00bbY a-t-il du travail \u00e0 la maison pour les \u00e9l\u00e8ves ?\u00a0\u00bb tab_id=\u00a0\u00bb1543312845867-b90558eb-3e04&Prime;][vc_column_text]<span style=\"font-weight: 400;\">Il n\u2019y a pas de devoirs \u00e0 la maison \u00e0 l\u2019\u00e9cole maternelle. En \u00e9cole \u00e9l\u00e9mentaire, les \u00e9l\u00e8ves doivent consacrer 10 \u00e0 15 minutes \u00e0 l\u2019apprentissage des le\u00e7ons, mais il n\u2019y a pas de devoirs \u00e9crits. <\/span><\/p>\n<p><span style=\"font-weight: 400;\">Au coll\u00e8ge et au lyc\u00e9e, les \u00e9l\u00e8ves doivent faire un travail personnel d\u2019apprentissage, de r\u00e9daction et de recherche qui varie de 30 minutes en 6\u00e8me \u00e0 1h30 en lyc\u00e9e. <\/span>[\/vc_column_text][\/vc_tta_section][vc_tta_section title=\u00a0\u00bbQuel est l\u2019avantage du double cursus pour l\u2019acc\u00e8s \u00e0 l\u2019universit\u00e9 ?\u00a0\u00bb tab_id=\u00a0\u00bb1543312844495-2712d70c-39c8&Prime;][vc_column_text]<span style=\"font-weight: 400;\">Les \u00e9l\u00e8ves qui terminent leur scolarit\u00e9 au LFP obtiennent deux dipl\u00f4mes, le Baccalaur\u00e9at <\/span><span style=\"font-weight: 400;\">fran\u00e7ais et le <\/span><i><span style=\"font-weight: 400;\">T\u00edtulo de Bachiller<\/span><\/i><span style=\"font-weight: 400;\"> espagnol. Ils peuvent ainsi acc\u00e9der \u00e0 l\u2019enseignement sup\u00e9rieur des deux pays, mais aussi d\u2019autres pays o\u00f9 ces dipl\u00f4mes sont reconnus gr\u00e2ce \u00e0 leur ma\u00eetrise des langues. <\/span>[\/vc_column_text][\/vc_tta_section][vc_tta_section title=\u00a0\u00bbQuelles certifications compl\u00e9mentaires obtiennent les \u00e9l\u00e8ves en fin de scolarit\u00e9 ?\u00a0\u00bb tab_id=\u00a0\u00bb1543312844303-360098dd-0983&Prime;][vc_column_text]<span style=\"font-weight: 400;\">En plus des deux dipl\u00f4mes de fin d\u2019\u00e9tude secondaire, les \u00e9l\u00e8ves du LFiP obtiennent \u00e9galement des certifications dans plusieurs langues : fran\u00e7ais, espagnol, anglais, catalan et allemand.<\/span>[\/vc_column_text][\/vc_tta_section][vc_tta_section title=\u00a0\u00bbComment se passe la poursuite d\u2019\u00e9tudes sup\u00e9rieures en France pour les \u00e9l\u00e8ves du LFiP ?\u00a0\u00bb tab_id=\u00a0\u00bb1543312844123-1c80d1a4-4954&Prime;][vc_column_text]<span style=\"font-weight: 400;\">Le Lyc\u00e9e Fran\u00e7ais international de Palma ouvre les portes du monde pour que les ambitions de nos<br \/>\n\u00e9l\u00e8ves soient sans limites.<br \/>\nL\u2019objectif du Lyc\u00e9e Fran\u00e7ais international de Palma est de construire avec chaque \u00e9l\u00e8ve un projet<br \/>\nambitieux pour l\u2019avenir, que ce soit en Espagne, en France ou dans le reste du monde.<\/span><\/p>\n<p><span style=\"font-weight: 400;\">40% des \u00e9l\u00e8ves \u00e9tudient en France, 30% en Espagne et 30% dans le reste du Monde.<\/span>[\/vc_column_text][\/vc_tta_section][vc_tta_section title=\u00a0\u00bbLes \u00e9l\u00e8ves du LFiP peuvent-ils poursuivre leurs \u00e9tudes dans des universit\u00e9s anglophones ?\u00a0\u00bb tab_id=\u00a0\u00bb1543312843954-3b72b552-9028&Prime;][vc_column_text]<span style=\"font-weight: 400;\">Environ 20% des \u00e9l\u00e8ves du LFiP <\/span><span style=\"font-weight: 400;\">poursuivent leur scolarit\u00e9 dans des universit\u00e9s anglophones (Grande-Bretagne, Pays-Bas, Irlande, Canada, etc). Nous les accompagnons dans la proc\u00e9dure d\u2019inscription et de pr\u00e9paration de leurs dossiers. <\/span>[\/vc_column_text][\/vc_tta_section][vc_tta_section title=\u00a0\u00bbSi l\u2019objectif de l\u2019\u00e9l\u00e8ve est d\u2019acc\u00e9der \u00e0 l\u2019universit\u00e9 en Espagne, peut-il acc\u00e9der \u00e0 des formations qui demandent une note \u00e9lev\u00e9e ?\u00a0\u00bb tab_id=\u00a0\u00bb1543312843786-7dc02a02-a010&Prime;][vc_column_text]<span style=\"font-weight: 400;\">30% de <\/span><span style=\"font-weight: 400;\">nos \u00e9l\u00e8ves poursuivent leurs \u00e9tudes dans des universit\u00e9s espagnoles. Gr\u00e2ce \u00e0 la reconnaissance des \u00e9tudes du <\/span><span style=\"font-weight: 400;\">LFiP <\/span><span style=\"font-weight: 400;\">par le Minist\u00e8re de l\u2019\u00e9ducation espagnol, ils se voient attribuer une <\/span><i><span style=\"font-weight: 400;\">Nota de Acceso a la Universidad<\/span><\/i><span style=\"font-weight: 400;\"> qu\u2019ils peuvent augmenter au moyen de leurs notes du baccalaur\u00e9at fran\u00e7ais, sans passer les \u00e9preuves \u00e9crites de la PAU. Cette proc\u00e9dure est possible pour un certain nombre de r\u00e9gions. Pour les autres, nos \u00e9l\u00e8ves passent les \u00e9preuves \u00e9crites PCE dans deux ou trois mati\u00e8res.\u00a0<\/span><\/p>\n<p><span style=\"font-weight: 400;\">Ils ont ainsi acc\u00e8s aux formations exigeant une note \u00e9lev\u00e9e. <\/span>[\/vc_column_text][\/vc_tta_section][vc_tta_section title=\u00a0\u00bbQuelles sont les qualit\u00e9s que les parents reconnaissent \u00e0 l\u2019\u00e9tablissement?\u00a0\u00bb tab_id=\u00a0\u00bb1543312843595-72be6c42-f430&Prime;][vc_column_text]<span style=\"font-weight: 400;\">L\u2019atmosph\u00e8re familiale de l\u2019\u00e9tablissement, le suivi personnalis\u00e9 des \u00e9l\u00e8ves, l\u2019ouverture culturelle internationale, le plurilinguisme. <\/span>[\/vc_column_text][\/vc_tta_section][vc_tta_section title=\u00a0\u00bbComment est compos\u00e9e la communaut\u00e9 \u00e9ducative ?\u00a0\u00bb tab_id=\u00a0\u00bb1543312843425-4d935a9f-c4e8&Prime;][vc_column_text]<span style=\"font-weight: 400;\">L\u2019\u00e9tablissement accueille des \u00e9l\u00e8ves de 62<\/span><span style=\"font-weight: 400;\">\u00a0<\/span><span style=\"font-weight: 400;\">nationalit\u00e9s diff\u00e9rentes <\/span><span style=\"font-weight: 400;\">(2025)<\/span><span style=\"font-weight: 400;\">. Environ 30% sont de parents fran\u00e7ais install\u00e9s \u00e0 Majorque depuis plus ou moins longtemps, 25% sont de parents franco-espagnols souvent install\u00e9s sur l\u2019\u00eele de mani\u00e8re permanente, 30% sont de parents espagnols ayant fait le choix d\u2019une \u00e9ducation fran\u00e7aise et 15% sont de parents d\u2019autres nationalit\u00e9s, francophones ou non. <\/span>[\/vc_column_text][\/vc_tta_section][vc_tta_section title=\u00a0\u00bbY a-t-il un droit d\u2019inscription ?\u00a0\u00bb tab_id=\u00a0\u00bb1543312843245-a30a75b1-6314&Prime;][vc_column_text]<span style=\"font-weight: 400;\">Oui, les frais de 1\u00e8re inscription s\u2019\u00e9l\u00e8vent \u00e0 1200 euros. <\/span>[\/vc_column_text][\/vc_tta_section][vc_tta_section title=\u00a0\u00bbQuel est le montant des frais de scolarit\u00e9 mensuels ?\u00a0\u00bb tab_id=\u00a0\u00bb1543312843043-1915faef-8ff3&Prime;][vc_column_text]Entre 7 100 \u20ac par an en maternelle et en \u00e9l\u00e9mentaire, 8 020 \u20ac par an au coll\u00e8ge et 8 800 \u20ac par an au lyc\u00e9e.[\/vc_column_text][\/vc_tta_section][vc_tta_section title=\u00a0\u00bbComment dois-je proc\u00e9der pour inscrire mon enfant ?\u00a0\u00bb tab_id=\u00a0\u00bb1543312842334-8fbe9727-7216&Prime;][vc_column_text]<span style=\"font-weight: 400;\">Vous pouvez prendre rendez-vous aupr\u00e8s du secr\u00e9tariat pour une visite de l\u2019\u00e9tablissement, un entretien en visio-conf\u00e9rence ou proc\u00e9der directement \u00e0 la pr\u00e9-inscription\u00a0 de votre enfant sur notre site. Nous vous recontacterons ensuite pour la suite de la proc\u00e9dure. <\/span>[\/vc_column_text][\/vc_tta_section][vc_tta_section title=\u00a0\u00bbMon enfant ne parle pas espagnol.\u00a0\u00bb tab_id=\u00a0\u00bb1543312841717-6acdb325-0879&Prime;][vc_column_text]<span style=\"font-weight: 400;\">Nous accueillons des enfants qui ne parlent pas espagnol \u00e0 tous les niveaux. Ils sont pris en charge plusieurs heures par semaine par un professeur d\u2019<\/span><span style=\"font-weight: 400;\">Espagnol Langue Etrang\u00e8re (ELE) <\/span><span style=\"font-weight: 400;\">pendant les deux premi\u00e8res ann\u00e9es de leur scolarit\u00e9. Ils sont alors dispens\u00e9s d\u2019\u00e9valuation en Histoire-g\u00e9ographie en espagnol.<\/span>[\/vc_column_text][\/vc_tta_section][vc_tta_section title=\u00a0\u00bbMon enfant ne parle pas catalan.\u00a0\u00bb tab_id=\u00a0\u00bb1543313078875-a8421807-8d3a\u00a0\u00bb][vc_column_text]<span style=\"font-weight: 400;\">L\u2019enseignement du catalan est obligatoire pour tous dans le cadre de l\u2019homologation des \u00e9tudes au LFiP par le minist\u00e8re de l\u2019\u00e9ducation espagnol. Les enfants qui ne parlent pas catalan sont pris en charge d\u00e8s leur arriv\u00e9e et b\u00e9n\u00e9ficient d\u2019une dispense d\u2019\u00e9valuation qu\u2019il faut solliciter chaque ann\u00e9e pendant trois ans. Au-del\u00e0, ils sont \u00e9valu\u00e9s. <\/span><\/p>\n<p><span style=\"font-weight: 400;\">Les enfants arrivant en lyc\u00e9e et ne parlant pas catalan peuvent \u00eatre dispens\u00e9s de cours de catalan s\u2019ils en font la demande.<\/span>[\/vc_column_text][\/vc_tta_section][\/vc_tta_accordion][vc_empty_space height=\u00a0\u00bb40px\u00a0\u00bb][\/vc_column][\/vc_row][vc_row full_width=\u00a0\u00bbstretch_row\u00a0\u00bb css=\u00a0\u00bb.vc_custom_1493634132991{background-color: #f2f2f2 !important;}\u00a0\u00bb][vc_column css=\u00a0\u00bb.vc_custom_1497210535835{padding-top: 0px !important;padding-bottom: 0px !important;}\u00a0\u00bb]<div class=\"ztl-announcement  \">\r\n            <div class=\"row table-row\">\r\n                <div class=\"ztl-col col-lg-9 col-md-9 col-sm-9 col-xs-12 \">\r\n                    <div class=\"ztl-flex ztl-mobile-container\">\r\n                        <div class=\"ztl-icon left\" style=\"background-color:#ffffff\">\r\n                            <span class=\"flaticon-paper-plane\" style=\"color:#ff4e31\"><\/span>\r\n                        <\/div>\r\n                        <div class=\"content\" style=\"color:#002749\">\r\n                            <div class=\"line-1\">\r\n                                <h3>SI VOUS AVEZ BESOIN DE PLUS D&#039;INFORMATIONS<\/h3>\r\n                            <\/div>\r\n                            <div class=\"line-2\">\r\n                             \r\n                            <\/div>\r\n                        <\/div>\r\n                    <\/div>\r\n                <\/div>\r\n                <div class=\"ztl-action ztl-col col-lg-3 col-md-3 col-sm-3 col-xs-12 \">\r\n                    <div class=\"ztl-button-one\"><a href=\"https:\/\/lfipalma.es\/fr\/contact\/\" target=\"_self\">CONTACTEZ NOUS<\/a><\/div>\r\n                <\/div>\r\n            <\/div>\r\n\t<\/div>[\/vc_column][\/vc_row]<\/p>\n","protected":false},"excerpt":{"rendered":"<p>[vc_row][vc_column][vc_single_image image=\u00a0\u00bb16892&Prime; img_size=\u00a0\u00bblarge\u00a0\u00bb][\/vc_column][\/vc_row][vc_row][vc_column][vc_empty_space height=\u00a0\u00bb20px\u00a0\u00bb][vc_tta_accordion style=\u00a0\u00bboutline\u00a0\u00bb shape=\u00a0\u00bbsquare\u00a0\u00bb active_section=\u00a0\u00bb0&Prime; no_fill=\u00a0\u00bbtrue\u00a0\u00bb el_class=\u00a0\u00bbztl-accordion\u00a0\u00bb][vc_tta_section title=\u00a0\u00bbQuels sont les horaires des classes?\u00a0\u00bb tab_id=\u00a0\u00bb1492877084322-31fcbd2b-0af2&Prime;][vc_column_text] En Maternelle et en \u00c9l\u00e9mentaire, les cours ont lieu de 8h45 \u00e0 15h30, du lundi au vendredi. Au Coll\u00e8ge, les cours se d\u00e9roulent g\u00e9n\u00e9ralement de 8h30 \u00e0 15h45 ou 16h40. En 1\u00e8re et Terminale, certains cours se terminent \u00e0 [&hellip;]<\/p>\n","protected":false},"author":1,"featured_media":0,"parent":0,"menu_order":0,"comment_status":"closed","ping_status":"closed","template":"","meta":{"_monsterinsights_skip_tracking":false,"_monsterinsights_sitenote_active":false,"_monsterinsights_sitenote_note":"","_monsterinsights_sitenote_category":0,"_uf_show_specific_survey":0,"_uf_disable_surveys":false,"footnotes":""},"aioseo_notices":[],"_links":{"self":[{"href":"https:\/\/lfipalma.es\/fr\/wp-json\/wp\/v2\/pages\/7610"}],"collection":[{"href":"https:\/\/lfipalma.es\/fr\/wp-json\/wp\/v2\/pages"}],"about":[{"href":"https:\/\/lfipalma.es\/fr\/wp-json\/wp\/v2\/types\/page"}],"author":[{"embeddable":true,"href":"https:\/\/lfipalma.es\/fr\/wp-json\/wp\/v2\/users\/1"}],"replies":[{"embeddable":true,"href":"https:\/\/lfipalma.es\/fr\/wp-json\/wp\/v2\/comments?post=7610"}],"version-history":[{"count":13,"href":"https:\/\/lfipalma.es\/fr\/wp-json\/wp\/v2\/pages\/7610\/revisions"}],"predecessor-version":[{"id":21522,"href":"https:\/\/lfipalma.es\/fr\/wp-json\/wp\/v2\/pages\/7610\/revisions\/21522"}],"wp:attachment":[{"href":"https:\/\/lfipalma.es\/fr\/wp-json\/wp\/v2\/media?parent=7610"}],"curies":[{"name":"wp","href":"https:\/\/api.w.org\/{rel}","templated":true}]}}