{"id":7636,"date":"2019-04-11T08:47:05","date_gmt":"2019-04-11T08:47:05","guid":{"rendered":"https:\/\/lfipalma.es\/?page_id=7636"},"modified":"2021-02-22T15:11:52","modified_gmt":"2021-02-22T15:11:52","slug":"ouverture-culturelle-artistique-scientifique-et-sportive","status":"publish","type":"page","link":"https:\/\/lfipalma.es\/fr\/ouverture-culturelle-artistique-scientifique-et-sportive\/","title":{"rendered":"Ouverture culturelle, artistique, scientifique et sportive"},"content":{"rendered":"<p>[vc_row][vc_column][vc_btn title=\u00a0\u00bbRevenir\u00a0\u00bb link=\u00a0\u00bburl:https%3A%2F%2Flfipalma.es%2Ffr%2Fprojet-educatif%2F|||\u00a0\u00bb][\/vc_column][\/vc_row][vc_row][vc_column width=\u00a0\u00bb1\/2&Prime;][vc_empty_space height=\u00a0\u00bb100px\u00a0\u00bb][vc_column_text]<\/p>\n<p class=\"p1\">Le Lyc\u00e9e Fran\u00e7ais de Palma propose \u00e0 ses \u00e9l\u00e8ves, \u00e0 chaque niveau de leur scolarit\u00e9 une ouverture culturelle, artistique, scientifique et sportive riche en diversit\u00e9 et d\u00e9couverte. L\u2019\u00e9quipe p\u00e9dagogique veille \u00e0 garantir cette richesse et diversit\u00e9 gr\u00e2ce notamment \u00e0:<\/p>\n<p class=\"p3\">\u2022 Un Parcours d\u2019Education Artistique et Culturelle;<\/p>\n<p class=\"p3\">\u2022 Des activit\u00e9s culturelles nombreuses (cin\u00e9ma, conf\u00e9rences, etc);<\/p>\n<p class=\"p3\">\u2022 Des voyages scolaires;<\/p>\n<p class=\"p3\">\u2022 Une offre vari\u00e9e d\u2019activit\u00e9s extrascolaires;<\/p>\n<p class=\"p3\">\u2022 Un projet d\u2019Education Physique et Sportive mettant en coh\u00e9rence les enseignements sur l\u2019ensemble de la scolarit\u00e9;<\/p>\n<p class=\"p3\">\u2022 Des activit\u00e9s innovantes en sciences.<\/p>\n<p>[\/vc_column_text][\/vc_column][vc_column width=\u00a0\u00bb1\/2&Prime;][vc_single_image image=\u00a0\u00bb7638&Prime; img_size=\u00a0\u00bbfull\u00a0\u00bb][vc_column_text]<\/p>\n<h4 class=\"p1\" style=\"text-align: right;\"><span style=\"color: #808080;\"><i>\u201cA mind is like a parachute. It only works when it is open.\u201d<\/i><\/span><\/h4>\n<p class=\"p1\" style=\"text-align: right;\"><span style=\"color: #003366;\"><i>(Cit\u00e9 par Isabel &amp; Tomas, 6B)<\/i><\/span><\/p>\n<p>[\/vc_column_text][\/vc_column][\/vc_row]<\/p>\n","protected":false},"excerpt":{"rendered":"<p>[vc_row][vc_column][vc_btn title=\u00a0\u00bbRevenir\u00a0\u00bb link=\u00a0\u00bburl:https%3A%2F%2Flfipalma.es%2Ffr%2Fprojet-educatif%2F|||\u00a0\u00bb][\/vc_column][\/vc_row][vc_row][vc_column width=\u00a0\u00bb1\/2&Prime;][vc_empty_space height=\u00a0\u00bb100px\u00a0\u00bb][vc_column_text] Le Lyc\u00e9e Fran\u00e7ais de Palma propose \u00e0 ses \u00e9l\u00e8ves, \u00e0 chaque niveau de leur scolarit\u00e9 une ouverture culturelle, artistique, scientifique et sportive riche en diversit\u00e9 et d\u00e9couverte. L\u2019\u00e9quipe p\u00e9dagogique veille \u00e0 garantir cette richesse et diversit\u00e9 gr\u00e2ce notamment \u00e0: \u2022 Un Parcours d\u2019Education Artistique et Culturelle; \u2022 Des activit\u00e9s culturelles [&hellip;]<\/p>\n","protected":false},"author":1,"featured_media":0,"parent":0,"menu_order":0,"comment_status":"closed","ping_status":"closed","template":"","meta":{"_monsterinsights_skip_tracking":false,"_monsterinsights_sitenote_active":false,"_monsterinsights_sitenote_note":"","_monsterinsights_sitenote_category":0,"_uf_show_specific_survey":0,"_uf_disable_surveys":false,"footnotes":""},"aioseo_notices":[],"_links":{"self":[{"href":"https:\/\/lfipalma.es\/fr\/wp-json\/wp\/v2\/pages\/7636"}],"collection":[{"href":"https:\/\/lfipalma.es\/fr\/wp-json\/wp\/v2\/pages"}],"about":[{"href":"https:\/\/lfipalma.es\/fr\/wp-json\/wp\/v2\/types\/page"}],"author":[{"embeddable":true,"href":"https:\/\/lfipalma.es\/fr\/wp-json\/wp\/v2\/users\/1"}],"replies":[{"embeddable":true,"href":"https:\/\/lfipalma.es\/fr\/wp-json\/wp\/v2\/comments?post=7636"}],"version-history":[{"count":0,"href":"https:\/\/lfipalma.es\/fr\/wp-json\/wp\/v2\/pages\/7636\/revisions"}],"wp:attachment":[{"href":"https:\/\/lfipalma.es\/fr\/wp-json\/wp\/v2\/media?parent=7636"}],"curies":[{"name":"wp","href":"https:\/\/api.w.org\/{rel}","templated":true}]}}