{"id":7644,"date":"2019-04-11T09:28:22","date_gmt":"2019-04-11T09:28:22","guid":{"rendered":"https:\/\/lfipalma.es\/?page_id=7644"},"modified":"2021-02-22T15:12:29","modified_gmt":"2021-02-22T15:12:29","slug":"citoyens-responsables-et-conscients-des-enjeux-de-notre-societe","status":"publish","type":"page","link":"https:\/\/lfipalma.es\/fr\/citoyens-responsables-et-conscients-des-enjeux-de-notre-societe\/","title":{"rendered":"Citoyens responsables et conscients des  enjeux de notre soci\u00e9t\u00e9"},"content":{"rendered":"<p>[vc_row][vc_column][vc_btn title=\u00a0\u00bbRevenir\u00a0\u00bb link=\u00a0\u00bburl:https%3A%2F%2Flfipalma.es%2Ffr%2Fprojet-educatif%2F|||\u00a0\u00bb][\/vc_column][\/vc_row][vc_row][vc_column width=\u00a0\u00bb1\/2&Prime;][vc_empty_space height=\u00a0\u00bb70px\u00a0\u00bb][vc_column_text]<\/p>\n<p class=\"p1\">Nos \u00e9l\u00e8ves prennent progressivement conscience de leurs droits, de leurs devoirs et de leurs responsabilit\u00e9s. Ils comprennent peu \u00e0 peu les principes de la vie dans les soci\u00e9t\u00e9s d\u00e9mocratiques: \u00e9galit\u00e9 entre les sexes et respect mutuel, lutte contre la discrimination, ouverture \u00e0 l\u2019Europe et au Monde, protection de l\u2019environnement et d\u00e9veloppement durable, \u00e9ducation aux media et \u00e0 l\u2019information, au moyen de:<\/p>\n<p class=\"p3\">\u2022 Connaissances dispens\u00e9es dans le cadre des enseignements;<\/p>\n<p class=\"p3\">\u2022 Rencontres avec des acteurs ou des institutions \u00e0 dimension citoyenne;<\/p>\n<p class=\"p3\">\u2022 Engagements dans des projets \u00e0 dimension citoyenne: Conseil de quartier, Europarlement, PALMUN, etc;<\/p>\n<p class=\"p3\">\u2022 Engagement dans des projets solidaires: March\u00e9 de No\u00ebl, Semaine du Respect des Diff\u00e9rences, Course contre la faim, etc.<\/p>\n<p>&nbsp;<\/p>\n<p><a href=\"https:\/\/lfipalma.es\/wp-content\/uploads\/2019\/01\/46324227_1996833230381379_5683311806529929216_o.jpg\"><img fetchpriority=\"high\" decoding=\"async\" class=\"alignnone size-medium wp-image-6102\" src=\"https:\/\/lfipalma.es\/wp-content\/uploads\/2019\/01\/46324227_1996833230381379_5683311806529929216_o-300x169.jpg\" alt=\"\" width=\"300\" height=\"169\" srcset=\"https:\/\/lfipalma.es\/wp-content\/uploads\/2019\/01\/46324227_1996833230381379_5683311806529929216_o-300x169.jpg 300w, https:\/\/lfipalma.es\/wp-content\/uploads\/2019\/01\/46324227_1996833230381379_5683311806529929216_o-768x433.jpg 768w, https:\/\/lfipalma.es\/wp-content\/uploads\/2019\/01\/46324227_1996833230381379_5683311806529929216_o-1024x578.jpg 1024w, https:\/\/lfipalma.es\/wp-content\/uploads\/2019\/01\/46324227_1996833230381379_5683311806529929216_o.jpg 2048w\" sizes=\"(max-width: 300px) 100vw, 300px\" \/><\/a><a href=\"https:\/\/lfipalma.es\/wp-content\/uploads\/2019\/01\/46380387_1996833577048011_2172963541483520000_o.jpg\"><img decoding=\"async\" class=\"alignnone size-medium wp-image-6103\" src=\"https:\/\/lfipalma.es\/wp-content\/uploads\/2019\/01\/46380387_1996833577048011_2172963541483520000_o-300x168.jpg\" alt=\"\" width=\"300\" height=\"168\" srcset=\"https:\/\/lfipalma.es\/wp-content\/uploads\/2019\/01\/46380387_1996833577048011_2172963541483520000_o-300x168.jpg 300w, https:\/\/lfipalma.es\/wp-content\/uploads\/2019\/01\/46380387_1996833577048011_2172963541483520000_o-768x430.jpg 768w, https:\/\/lfipalma.es\/wp-content\/uploads\/2019\/01\/46380387_1996833577048011_2172963541483520000_o-1024x573.jpg 1024w, https:\/\/lfipalma.es\/wp-content\/uploads\/2019\/01\/46380387_1996833577048011_2172963541483520000_o.jpg 2048w\" sizes=\"(max-width: 300px) 100vw, 300px\" \/><\/a>[\/vc_column_text][\/vc_column][vc_column width=\u00a0\u00bb1\/2&Prime;][vc_single_image image=\u00a0\u00bb7648&Prime; img_size=\u00a0\u00bbfull\u00a0\u00bb][vc_column_text]<\/p>\n<h4 class=\"p1\" style=\"text-align: right;\"><i><span style=\"color: #808080;\">\u201cD\u00e9velopper l\u2019exercice du libre jugement, le respect de l\u2019autre, la compr\u00e9hension des h\u00e9ritages de l\u2018histoire, l\u2019ouverture au monde dans sa diversit\u00e9.\u201d<\/span> <\/i><\/h4>\n<p class=\"p2\" style=\"text-align: right;\"><span class=\"s1\" style=\"color: #003366;\"><b>Charte de la Mission la\u00efque fran\u00e7aise<\/b><\/span><\/p>\n<p>[\/vc_column_text][\/vc_column][\/vc_row]<\/p>\n","protected":false},"excerpt":{"rendered":"<p>[vc_row][vc_column][vc_btn title=\u00a0\u00bbRevenir\u00a0\u00bb link=\u00a0\u00bburl:https%3A%2F%2Flfipalma.es%2Ffr%2Fprojet-educatif%2F|||\u00a0\u00bb][\/vc_column][\/vc_row][vc_row][vc_column width=\u00a0\u00bb1\/2&Prime;][vc_empty_space height=\u00a0\u00bb70px\u00a0\u00bb][vc_column_text] Nos \u00e9l\u00e8ves prennent progressivement conscience de leurs droits, de leurs devoirs et de leurs responsabilit\u00e9s. Ils comprennent peu \u00e0 peu les principes de la vie dans les soci\u00e9t\u00e9s d\u00e9mocratiques: \u00e9galit\u00e9 entre les sexes et respect mutuel, lutte contre la discrimination, ouverture \u00e0 l\u2019Europe et au Monde, protection de l\u2019environnement et [&hellip;]<\/p>\n","protected":false},"author":1,"featured_media":0,"parent":0,"menu_order":0,"comment_status":"closed","ping_status":"closed","template":"","meta":{"_monsterinsights_skip_tracking":false,"_monsterinsights_sitenote_active":false,"_monsterinsights_sitenote_note":"","_monsterinsights_sitenote_category":0,"_uf_show_specific_survey":0,"_uf_disable_surveys":false,"footnotes":""},"aioseo_notices":[],"_links":{"self":[{"href":"https:\/\/lfipalma.es\/fr\/wp-json\/wp\/v2\/pages\/7644"}],"collection":[{"href":"https:\/\/lfipalma.es\/fr\/wp-json\/wp\/v2\/pages"}],"about":[{"href":"https:\/\/lfipalma.es\/fr\/wp-json\/wp\/v2\/types\/page"}],"author":[{"embeddable":true,"href":"https:\/\/lfipalma.es\/fr\/wp-json\/wp\/v2\/users\/1"}],"replies":[{"embeddable":true,"href":"https:\/\/lfipalma.es\/fr\/wp-json\/wp\/v2\/comments?post=7644"}],"version-history":[{"count":0,"href":"https:\/\/lfipalma.es\/fr\/wp-json\/wp\/v2\/pages\/7644\/revisions"}],"wp:attachment":[{"href":"https:\/\/lfipalma.es\/fr\/wp-json\/wp\/v2\/media?parent=7644"}],"curies":[{"name":"wp","href":"https:\/\/api.w.org\/{rel}","templated":true}]}}