{"id":7655,"date":"2019-04-11T09:52:06","date_gmt":"2019-04-11T09:52:06","guid":{"rendered":"https:\/\/lfipalma.es\/?page_id=7655"},"modified":"2025-03-11T14:11:15","modified_gmt":"2025-03-11T12:11:15","slug":"contact","status":"publish","type":"page","link":"https:\/\/lfipalma.es\/fr\/contact\/","title":{"rendered":"Contact"},"content":{"rendered":"<p>[vc_row disable_element=\u00a0\u00bbyes\u00a0\u00bb][vc_column][vc_icon type=\u00a0\u00bbfontawesome\u00a0\u00bb icon_fontawesome=\u00a0\u00bbfa fa-certificate\u00a0\u00bb color=\u00a0\u00bbcustom\u00a0\u00bb background_style=\u00a0\u00bbrounded-outline\u00a0\u00bb size=\u00a0\u00bbztl-lg\u00a0\u00bb align=\u00a0\u00bbcenter\u00a0\u00bb custom_color=\u00a0\u00bb#ff4e31&Prime; css=\u00a0\u00bb.vc_custom_1562068007486{margin-top: 0px !important;margin-right: 0px !important;margin-bottom: 25px !important;margin-left: 0px !important;padding-top: 0px !important;padding-right: 0px !important;padding-bottom: 0px !important;padding-left: 0px !important;}\u00a0\u00bb]<h5 style=\"color:;line-height:1.3;\" class=\" ztl-accent-font ztl-center ztl-font-normal\">PERMANENCE D\u2019\u00c9T\u00c9<\/h5>[vc_column_text el_class=\u00a0\u00bbztl-contact-box\u00a0\u00bb]<\/p>\n<p class=\"p1\" style=\"text-align: center;\"><span class=\"s1\">Horaire de l\u2019administration :<\/span><\/p>\n<p class=\"p3\" style=\"text-align: center;\"><span class=\"s1\">Du lundi <span style=\"color: #003366;\">1<\/span><\/span><span class=\"s2\" style=\"color: #003366;\"><sup>er<\/sup><\/span><span class=\"s1\"><span style=\"color: #003366;\"> juillet<\/span> au mercredi <span style=\"color: #003366;\">10 juillet<\/span><br \/>\n<\/span><span class=\"s1\">de 08h30 \u00e0 14h00,<\/span><\/p>\n<p class=\"p3\" style=\"text-align: center;\"><span class=\"s1\">ET<\/span><\/p>\n<p class=\"p3\" style=\"text-align: center;\"><span class=\"s1\">Du jeudi <span style=\"color: #003366;\">22 ao\u00fbt<\/span> au mercredi <span style=\"color: #003366;\">30 ao\u00fbt<\/span><br \/>\n<\/span><span class=\"s1\">de 08h30 \u00e0 14h00.<\/span><\/p>\n<p>[\/vc_column_text][\/vc_column][\/vc_row][vc_row full_width=\u00a0\u00bbstretch_row\u00a0\u00bb css=\u00a0\u00bb.vc_custom_1492526895254{background-color: rgba(255,255,255,0.9) !important;*background-color: rgb(255,255,255) !important;}\u00a0\u00bb][vc_column width=\u00a0\u00bb1\/2&Prime; css=\u00a0\u00bb.vc_custom_1492537332846{margin-top: 0px !important;margin-right: 0px !important;margin-bottom: 0px !important;margin-left: 0px !important;padding-top: 0px !important;padding-right: 0px !important;padding-bottom: 0px !important;padding-left: 0px !important;}\u00a0\u00bb offset=\u00a0\u00bbvc_col-lg-3 vc_col-md-3 vc_col-xs-12&Prime;][vc_icon color=\u00a0\u00bbcustom\u00a0\u00bb background_style=\u00a0\u00bbrounded-outline\u00a0\u00bb background_color=\u00a0\u00bbcustom\u00a0\u00bb size=\u00a0\u00bbztl-lg\u00a0\u00bb align=\u00a0\u00bbcenter\u00a0\u00bb icon_flaticon=\u00a0\u00bbflaticon-school\u00a0\u00bb custom_color=\u00a0\u00bb#ff4e31&Prime; custom_background_color=\u00a0\u00bb#f2f2f2&Prime; css=\u00a0\u00bb.vc_custom_1492535066449{margin: 0px !important;padding: 0px !important;}\u00a0\u00bb][vc_empty_space height=\u00a0\u00bb20px\u00a0\u00bb]<h5 style=\"color:;line-height:1.3;\" class=\" ztl-accent-font ztl-center ztl-font-normal\">ADRESSE<\/h5>[vc_empty_space height=\u00a0\u00bb10px\u00a0\u00bb][vc_column_text el_class=\u00a0\u00bbztl-contact-box\u00a0\u00bb]<\/p>\n<p style=\"text-align: center;\">Carrer Illes Balears 142A,<br \/>\n07014 Palma<\/p>\n<p>[\/vc_column_text][vc_empty_space height=\u00a0\u00bb5px\u00a0\u00bb][\/vc_column][vc_column width=\u00a0\u00bb1\/2&Prime; offset=\u00a0\u00bbvc_col-lg-3 vc_col-md-3 vc_col-xs-12&Prime; css=\u00a0\u00bb.vc_custom_1492537340935{margin-top: 0px !important;margin-right: 0px !important;margin-bottom: 0px !important;margin-left: 0px !important;padding-top: 0px !important;padding-right: 0px !important;padding-bottom: 0px !important;padding-left: 0px !important;}\u00a0\u00bb][vc_icon type=\u00a0\u00bbfontawesome\u00a0\u00bb icon_fontawesome=\u00a0\u00bbfa fa-phone\u00a0\u00bb color=\u00a0\u00bbcustom\u00a0\u00bb background_style=\u00a0\u00bbrounded-outline\u00a0\u00bb size=\u00a0\u00bbztl-lg\u00a0\u00bb align=\u00a0\u00bbcenter\u00a0\u00bb custom_color=\u00a0\u00bb#ff4e31&Prime; css=\u00a0\u00bb.vc_custom_1548191109868{margin-top: 0px !important;margin-right: 0px !important;margin-bottom: 0px !important;margin-left: 0px !important;padding-top: 0px !important;padding-right: 0px !important;padding-bottom: 0px !important;padding-left: 0px !important;}\u00a0\u00bb][vc_empty_space height=\u00a0\u00bb20px\u00a0\u00bb]<h5 style=\"color:;line-height:1.3;\" class=\" ztl-accent-font ztl-center ztl-font-normal\">T\u00c9L\u00c9PHONE<\/h5>[vc_empty_space height=\u00a0\u00bb10px\u00a0\u00bb][vc_column_text el_class=\u00a0\u00bbztl-contact-box\u00a0\u00bb]<\/p>\n<p style=\"text-align: center;\">971 73 92 60<\/p>\n<p>[\/vc_column_text][vc_empty_space height=\u00a0\u00bb5px\u00a0\u00bb][\/vc_column][vc_column width=\u00a0\u00bb1\/2&Prime; css=\u00a0\u00bb.vc_custom_1492537350599{margin-top: 0px !important;margin-right: 0px !important;margin-bottom: 0px !important;margin-left: 0px !important;padding-top: 0px !important;padding-right: 0px !important;padding-bottom: 0px !important;padding-left: 0px !important;}\u00a0\u00bb offset=\u00a0\u00bbvc_col-lg-3 vc_col-md-3 vc_col-xs-12&Prime;][vc_icon color=\u00a0\u00bbcustom\u00a0\u00bb background_style=\u00a0\u00bbrounded-outline\u00a0\u00bb size=\u00a0\u00bbztl-lg\u00a0\u00bb align=\u00a0\u00bbcenter\u00a0\u00bb icon_flaticon=\u00a0\u00bbflaticon-clock-1&Prime; custom_color=\u00a0\u00bb#ff4e31&Prime; css=\u00a0\u00bb.vc_custom_1492625220775{margin-top: 0px !important;margin-right: 0px !important;margin-bottom: 0px !important;margin-left: 0px !important;padding-top: 0px !important;padding-right: 0px !important;padding-bottom: 0px !important;padding-left: 0px !important;}\u00a0\u00bb][vc_empty_space height=\u00a0\u00bb20px\u00a0\u00bb]<h5 style=\"color:;line-height:1.3;\" class=\" ztl-accent-font ztl-center ztl-font-normal\">HORAIRE<\/h5>[vc_empty_space height=\u00a0\u00bb10px\u00a0\u00bb][vc_column_text el_class=\u00a0\u00bbztl-contact-box\u00a0\u00bb]<\/p>\n<p style=\"text-align: center;\">Lundi au vendredi<br \/>\n8:30 am &#8211; 17:00<\/p>\n<p>[\/vc_column_text][vc_empty_space height=\u00a0\u00bb5px\u00a0\u00bb][\/vc_column][vc_column width=\u00a0\u00bb1\/2&Prime; css=\u00a0\u00bb.vc_custom_1492537356190{margin-top: 0px !important;margin-right: 0px !important;margin-bottom: 0px !important;margin-left: 0px !important;padding-top: 0px !important;padding-right: 0px !important;padding-bottom: 0px !important;padding-left: 0px !important;}\u00a0\u00bb offset=\u00a0\u00bbvc_col-lg-3 vc_col-md-3 vc_col-xs-12&Prime;][vc_icon color=\u00a0\u00bbcustom\u00a0\u00bb background_style=\u00a0\u00bbrounded-outline\u00a0\u00bb size=\u00a0\u00bbztl-lg\u00a0\u00bb align=\u00a0\u00bbcenter\u00a0\u00bb icon_flaticon=\u00a0\u00bbflaticon-grades\u00a0\u00bb custom_color=\u00a0\u00bb#ff4e31&Prime; css=\u00a0\u00bb.vc_custom_1548191219885{margin-top: 0px !important;margin-right: 0px !important;margin-bottom: 0px !important;margin-left: 0px !important;padding-top: 0px !important;padding-right: 0px !important;padding-bottom: 0px !important;padding-left: 0px !important;}\u00a0\u00bb][vc_empty_space height=\u00a0\u00bb20px\u00a0\u00bb]<h5 style=\"color:;line-height:1.3;\" class=\" ztl-accent-font ztl-center ztl-font-normal\">EMAIL<\/h5>[vc_empty_space height=\u00a0\u00bb10px\u00a0\u00bb][vc_column_text el_class=\u00a0\u00bbztl-contact-box\u00a0\u00bb]<\/p>\n<p style=\"text-align: center;\">secretaria.palma@mlfmonde.org<\/p>\n<p>[\/vc_column_text][vc_empty_space height=\u00a0\u00bb5px\u00a0\u00bb][\/vc_column][\/vc_row][vc_row][vc_column][vc_single_image image=\u00a0\u00bb16524&Prime; img_size=\u00a0\u00bblarge\u00a0\u00bb alignment=\u00a0\u00bbcenter\u00a0\u00bb][\/vc_column][\/vc_row][vc_row css=\u00a0\u00bb.vc_custom_1435087865321{margin-right: 0px !important;margin-left: 0px !important;}\u00a0\u00bb][vc_column 0=\u00a0\u00bb\u00a0\u00bb]<h2 style=\"color:;\" class=\" ztl-accent-font ztl-center ztl-font-normal\">CONTACTER<\/h2><p style=\"color:;\" class=\" ztl-main-font ztl-center ztl-font-normal\">Nous aimerions recevoir votre demande<\/p><div class=\"ztl-divider  center primary \">\r\n                <span style=\"border-color:; \" class=\"circle\">\r\n                    <span style=\"background-color:; \"><\/span>\r\n                    <span style=\"background-color:; \"><\/span>\r\n                <\/span>\r\n            <\/div>[vc_empty_space height=\u00a0\u00bb60px\u00a0\u00bb][\/vc_column][\/vc_row][vc_row css=\u00a0\u00bb.vc_custom_1435087871722{margin-right: 0px !important;margin-left: 0px !important;}\u00a0\u00bb][vc_column width=\u00a0\u00bb1\/2&Prime; el_class=\u00a0\u00bbztl-contact-form\u00a0\u00bb]\n<div class=\"wpcf7 no-js\" id=\"wpcf7-f7832-o1\" lang=\"es-ES\" dir=\"ltr\">\n<div class=\"screen-reader-response\"><p role=\"status\" aria-live=\"polite\" aria-atomic=\"true\"><\/p> <ul><\/ul><\/div>\n<form action=\"\/fr\/wp-json\/wp\/v2\/pages\/7655#wpcf7-f7832-o1\" method=\"post\" class=\"wpcf7-form init\" aria-label=\"Formulario de contacto\" novalidate=\"novalidate\" data-status=\"init\">\n<div style=\"display: none;\">\n<input type=\"hidden\" name=\"_wpcf7\" value=\"7832\" \/>\n<input type=\"hidden\" name=\"_wpcf7_version\" value=\"5.9.3\" \/>\n<input type=\"hidden\" name=\"_wpcf7_locale\" value=\"es_ES\" \/>\n<input type=\"hidden\" name=\"_wpcf7_unit_tag\" value=\"wpcf7-f7832-o1\" \/>\n<input type=\"hidden\" name=\"_wpcf7_container_post\" value=\"0\" \/>\n<input type=\"hidden\" name=\"_wpcf7_posted_data_hash\" value=\"\" \/>\n<\/div>\n<p><span class=\"wpcf7-form-control-wrap\" data-name=\"your-name\"><input size=\"40\" class=\"wpcf7-form-control wpcf7-text wpcf7-validates-as-required\" aria-required=\"true\" aria-invalid=\"false\" placeholder=\"Nom *\" value=\"\" type=\"text\" name=\"your-name\" \/><\/span>\n<\/p>\n<p><span class=\"wpcf7-form-control-wrap\" data-name=\"your-email\"><input size=\"40\" class=\"wpcf7-form-control wpcf7-email wpcf7-validates-as-required wpcf7-text wpcf7-validates-as-email\" aria-required=\"true\" aria-invalid=\"false\" placeholder=\"Email *\" value=\"\" type=\"email\" name=\"your-email\" \/><\/span>\n<\/p>\n<p><span class=\"wpcf7-form-control-wrap\" data-name=\"your-subject\"><input size=\"40\" class=\"wpcf7-form-control wpcf7-text\" aria-invalid=\"false\" placeholder=\"Sujet\" value=\"\" type=\"text\" name=\"your-subject\" \/><\/span>\n<\/p>\n<p><span class=\"wpcf7-form-control-wrap\" data-name=\"your-message\"><textarea cols=\"40\" rows=\"10\" class=\"wpcf7-form-control wpcf7-textarea wpcf7-validates-as-required\" aria-required=\"true\" aria-invalid=\"false\" placeholder=\"Message *\" name=\"your-message\"><\/textarea><\/span>\n<\/p>\n<div class=\"ztl-button-three\">\n\t<p><button type=\"submit\">Envoyer un message<\/button>\n\t<\/p>\n<\/div><div class=\"wpcf7-response-output\" aria-hidden=\"true\"><\/div>\n<\/form>\n<\/div>\n[vc_column_text]<strong>Protection des donn\u00e9es &#8211; Informations de base :<\/strong><\/p>\n<p><strong>Responsable du traitement :<\/strong> Dataseg. Finalit\u00e9 du traitement : gestion de la relation contractuelle ; gestion des demandes de devis, pr\u00e9paration et suivi par email, t\u00e9l\u00e9phone ou en personne ; d\u00e9veloppement de la prestation de services ; gestion de l&rsquo;agenda des contacts. Droits : vous disposez d&rsquo;un droit d&rsquo;acc\u00e8s, de rectification et de suppression de vos donn\u00e9es. Vous disposez \u00e9galement d&rsquo;autres droits, comme expliqu\u00e9 dans les informations compl\u00e9mentaires figurant dans notre politique de protection de la vie priv\u00e9e \u00e0 l&rsquo;adresse <a href=\"http:\/\/www.dataseg.es\">www.dataseg.es<\/a><\/p>\n<p><strong>Confidentialit\u00e9 du contenu.<\/strong> Les informations contenues dans ce courrier \u00e9lectronique sont CONFIDENTIELLES. Toute utilisation, divulgation, distribution et\/ou reproduction sans notre autorisation ou celle du destinataire est interdite. Si vous avez re\u00e7u ce message par erreur, veuillez nous en informer imm\u00e9diatement et le supprimer.<\/p>\n<p>N&rsquo;imprimez pas ce courrier si cela n&rsquo;est pas n\u00e9cessaire. Prot\u00e9gez l&rsquo;environnement.[\/vc_column_text][vc_empty_space height=\u00a0\u00bb60px\u00a0\u00bb][\/vc_column][vc_column width=\u00a0\u00bb1\/2&Prime;]\r\n        <div class=\"ztl_map_canvas\" id=\"ztl_map_69e3abeaa1621\"\r\n             style=\"height:550px; width:100%;\"><\/div>\r\n             \r\n        \r\n            <script type=\"text\/javascript\">\r\n\t\t\t(function($){\r\n                \"use strict\";\r\n                var map;\r\n                var mapId = \"ztl_map_69e3abeaa1621\";\r\n                \r\n                function initialize() {\r\n\t\t    \t\tvar featureOpts = [{\"stylers\":[{\"saturation\":\"-100\"}]},{\"featureType\":\"road\",\"elementType\":\"geometry\",\"stylers\":[{\"visibility\":\"simplified\"},{\"color\":\"#ff6d50\"}]},{\"featureType\":\"road\",\"elementType\":\"labels.text.stroke\",\"stylers\":[{\"color\":\"#FFFFFF\"}]},{\"featureType\":\"water\",\"elementType\":\"geometry\",\"stylers\":[{\"color\":\"#365379\"}]},{\"featureType\":\"poi\",\"elementType\":\"labels\",\"stylers\":[{\"visibility\":\"off\"}]},{\"featureType\":\"road\",\"elementType\":\"labels.text.fill\",\"stylers\":[{\"color\":\"#545454\"}]},{\"featureType\":\"water\",\"elementType\":\"labels\",\"stylers\":[{\"visibility\":\"off\"}]},{\"featureType\":\"landscape.man_made\",\"stylers\":[{\"color\":\"#F5F5F5\"}]},{\"featureType\":\"landscape.natural\",\"stylers\":[{\"color\":\"#F5F5F5\"}]},{\"featureType\":\"poi\",\"stylers\":[{\"color\":\"#E8E8E8\"}]}];\r\n\t\t\t\t\t\t\t\t\t\r\n\t\t\t\t\tvar mapOptions = {\r\n\t\t\t\t\t\tzoom: 15,\r\n                        center: new google.maps.LatLng(39.571660,2.614533),\r\n                        mapTypeId: mapId,\r\n                        streetViewControl: false,\r\n                        mapTypeControl: false,\r\n                        panControl: false,\r\n                        zoomControl: 1,\r\n                        scrollwheel: 1,\r\n                        draggable:false,\r\n                    };\r\n                    \r\n                    map = new google.maps.Map(document.getElementById(\"ztl_map_69e3abeaa1621\"), mapOptions);\r\n                    var customMapType = new google.maps.StyledMapType(featureOpts);\r\n                    map.mapTypes.set(mapId, customMapType);\r\n                   \r\n                    \r\n                    var image = {\r\n                        url: \"\",\r\n                        \/\/ This marker is 64 pixels wide by 64 pixels high.\r\n                        scaledSize: new google.maps.Size(128, 128),\r\n                        \/\/ The origin for this image is (0, 0).\r\n                        origin: new google.maps.Point(0, 0),\r\n                        \/\/ The anchor for this image is the base of the flagpole at (0, 32).\r\n                        anchor: new google.maps.Point(64, 64)\r\n                      };\r\n                    \r\n                    \/\/add custom marker\r\n                    var marker = new google.maps.Marker({\r\n                        position: map.getCenter(),\r\n                        map: map,\r\n                        icon: image\r\n                    });\r\n                    \r\n               \r\n                    \r\n                    google.maps.event.addDomListener(window, \"resize\", function() {\r\n                        map.setCenter(mapOptions.center);\r\n                    });\r\n                    \r\n                    map.addListener(\"bounds_changed\", function() {\r\n                        map.setCenter(mapOptions.center);\r\n                    });\r\n                    \r\n                    }\r\n                    $(document).ready(function(){\r\n                        google.maps.event.addDomListener(window, \"load\", initialize);\r\n                    });\r\n                \r\n                }(jQuery));\r\n                <\/script>[\/vc_column][\/vc_row][vc_row full_width=\u00a0\u00bbstretch_row_content_no_spaces\u00a0\u00bb css=\u00a0\u00bb.vc_custom_1492467318243{margin-top: -50px !important;}\u00a0\u00bb][vc_column 0=\u00a0\u00bb\u00a0\u00bb][vc_empty_space height=\u00a0\u00bb40px\u00a0\u00bb][\/vc_column][\/vc_row][vc_row full_width=\u00a0\u00bbstretch_row\u00a0\u00bb css=\u00a0\u00bb.vc_custom_1492613299452{margin-bottom: -50px !important;background-color: #f2f2f2 !important;}\u00a0\u00bb][vc_column css=\u00a0\u00bb.vc_custom_1492613286270{margin-top: 0px !important;padding-top: 0px !important;}\u00a0\u00bb]<div class=\"ztl-subscriber  \">\r\n            <div class=\"row\">\r\n                <div class=\"ztl-col col-lg-12 col-md-12 col-sm-12 col-xs-12 \">\r\n                    <div class=\"ztl-icon\" style=\"background-color:#ffffff\">\r\n                        <span class=\"flaticon-grades\" style=\"color:#ff4e31\"><\/span>\r\n                    <\/div>\r\n                    <div class=\"content\" style=\"color:#002749\">\r\n                        <div class=\"line-1\">\r\n                            <h2>Voulez-vous recevoir notre newsletter?<\/h2>\r\n                        <\/div>\r\n                        <div class=\"line-2\">\r\n                         <script>(function() {\n\twindow.mc4wp = window.mc4wp || {\n\t\tlisteners: [],\n\t\tforms: {\n\t\t\ton: function(evt, cb) {\n\t\t\t\twindow.mc4wp.listeners.push(\n\t\t\t\t\t{\n\t\t\t\t\t\tevent   : evt,\n\t\t\t\t\t\tcallback: cb\n\t\t\t\t\t}\n\t\t\t\t);\n\t\t\t}\n\t\t}\n\t}\n})();\n<\/script><!-- Mailchimp for WordPress v4.9.11 - https:\/\/wordpress.org\/plugins\/mailchimp-for-wp\/ --><form id=\"mc4wp-form-1\" class=\"mc4wp-form mc4wp-form-7945\" method=\"post\" data-id=\"7945\" data-name=\"Subscribe Enfant2\" ><div class=\"mc4wp-form-fields\"><div class=\"ztl-subscribe-form\">\r\n<div>\r\n  <input class=\"ztl-input\" type=\"email\" name=\"EMAIL\" placeholder=\"Entrez votre email\" required \/>\r\n<\/div>\r\n<div class=\"ztl-button-three  ztl-subscribe-button\">\r\n  <button>S'INSCRIRE<\/button>\r\n<\/div>\r\n<\/div>\r\n<\/div><label style=\"display: none !important;\">Laissez ce champ vide si vous \u00eates humain\u00a0: <input type=\"text\" name=\"_mc4wp_honeypot\" value=\"\" tabindex=\"-1\" autocomplete=\"off\" \/><\/label><input type=\"hidden\" name=\"_mc4wp_timestamp\" value=\"1776528362\" \/><input type=\"hidden\" name=\"_mc4wp_form_id\" value=\"7945\" \/><input type=\"hidden\" name=\"_mc4wp_form_element_id\" value=\"mc4wp-form-1\" \/><div class=\"mc4wp-response\"><\/div><\/form><!-- \/ Mailchimp for WordPress Plugin -->\r\n                        <\/div>\r\n                    <\/div>\r\n                <\/div>\r\n            <\/div>\r\n\t<\/div>[\/vc_column][\/vc_row]<\/p>\n","protected":false},"excerpt":{"rendered":"<p>[vc_row disable_element=\u00a0\u00bbyes\u00a0\u00bb][vc_column][vc_icon type=\u00a0\u00bbfontawesome\u00a0\u00bb icon_fontawesome=\u00a0\u00bbfa fa-certificate\u00a0\u00bb color=\u00a0\u00bbcustom\u00a0\u00bb background_style=\u00a0\u00bbrounded-outline\u00a0\u00bb size=\u00a0\u00bbztl-lg\u00a0\u00bb align=\u00a0\u00bbcenter\u00a0\u00bb custom_color=\u00a0\u00bb#ff4e31&Prime; css=\u00a0\u00bb.vc_custom_1562068007486{margin-top: 0px !important;margin-right: 0px !important;margin-bottom: 25px !important;margin-left: 0px !important;padding-top: 0px !important;padding-right: 0px !important;padding-bottom: 0px !important;padding-left: 0px !important;}\u00a0\u00bb][vc_column_text el_class=\u00a0\u00bbztl-contact-box\u00a0\u00bb] Horaire de l\u2019administration : Du lundi 1er juillet au mercredi 10 juillet de 08h30 \u00e0 14h00, ET Du jeudi 22 ao\u00fbt au mercredi 30 ao\u00fbt de 08h30 [&hellip;]<\/p>\n","protected":false},"author":1,"featured_media":0,"parent":0,"menu_order":0,"comment_status":"closed","ping_status":"closed","template":"","meta":{"_monsterinsights_skip_tracking":false,"_monsterinsights_sitenote_active":false,"_monsterinsights_sitenote_note":"","_monsterinsights_sitenote_category":0,"_uf_show_specific_survey":0,"_uf_disable_surveys":false,"footnotes":""},"aioseo_notices":[],"_links":{"self":[{"href":"https:\/\/lfipalma.es\/fr\/wp-json\/wp\/v2\/pages\/7655"}],"collection":[{"href":"https:\/\/lfipalma.es\/fr\/wp-json\/wp\/v2\/pages"}],"about":[{"href":"https:\/\/lfipalma.es\/fr\/wp-json\/wp\/v2\/types\/page"}],"author":[{"embeddable":true,"href":"https:\/\/lfipalma.es\/fr\/wp-json\/wp\/v2\/users\/1"}],"replies":[{"embeddable":true,"href":"https:\/\/lfipalma.es\/fr\/wp-json\/wp\/v2\/comments?post=7655"}],"version-history":[{"count":4,"href":"https:\/\/lfipalma.es\/fr\/wp-json\/wp\/v2\/pages\/7655\/revisions"}],"predecessor-version":[{"id":20408,"href":"https:\/\/lfipalma.es\/fr\/wp-json\/wp\/v2\/pages\/7655\/revisions\/20408"}],"wp:attachment":[{"href":"https:\/\/lfipalma.es\/fr\/wp-json\/wp\/v2\/media?parent=7655"}],"curies":[{"name":"wp","href":"https:\/\/api.w.org\/{rel}","templated":true}]}}