{"id":7659,"date":"2019-04-11T10:39:08","date_gmt":"2019-04-11T10:39:08","guid":{"rendered":"https:\/\/lfipalma.es\/?page_id=7659"},"modified":"2021-02-22T15:10:37","modified_gmt":"2021-02-22T15:10:37","slug":"enseignement-plurilingue-de-qualite","status":"publish","type":"page","link":"https:\/\/lfipalma.es\/fr\/enseignement-plurilingue-de-qualite\/","title":{"rendered":"Enseignement plurilingue de qualit\u00e9"},"content":{"rendered":"<p>[vc_row][vc_column][vc_btn title=\u00a0\u00bbRevenir\u00a0\u00bb link=\u00a0\u00bburl:https%3A%2F%2Flfipalma.es%2Ffr%2Fprojet-educatif%2F|||\u00a0\u00bb][\/vc_column][\/vc_row][vc_row][vc_column][vc_column_text]<\/p>\n<h4 class=\"p1\"><span style=\"color: #808080;\"><i>\u201cLanguages are very important to talk to the world\u201d .<\/i><\/span><\/h4>\n<p class=\"p1\"><span style=\"color: #003366;\"><i>(Martina &amp; Alex, CP)<\/i><\/span><\/p>\n<p>[\/vc_column_text][vc_single_image image=\u00a0\u00bb7671&Prime; img_size=\u00a0\u00bbfull\u00a0\u00bb][\/vc_column][\/vc_row][vc_row][vc_column width=\u00a0\u00bb1\/2&Prime;][vc_column_text]<\/p>\n<p class=\"p1\"><span style=\"color: #003366;\">OBJECTIFS apr\u00e8s une scolarit\u00e9 compl\u00e8te au LFP:<\/span><\/p>\n<p>[\/vc_column_text][vc_column_text]<\/p>\n<p class=\"p1\"><strong>Fran\u00e7ais :<\/strong><\/p>\n<p class=\"p2\">\u2022 Niveau C1 pour non-francophones.<\/p>\n<p class=\"p1\"><strong>Espagnol :<\/strong><\/p>\n<p class=\"p2\">\u2022 Niveau C1 pour non-hispanophones.<\/p>\n<p class=\"p1\"><strong>Anglais :<\/strong><\/p>\n<p class=\"p2\">\u2022 Niveau C1 pour tous.<\/p>\n<p class=\"p1\"><strong>Catalan :<\/strong><\/p>\n<p class=\"p2\">\u2022 Niveau B2\/C1 pour hispanophones.<\/p>\n<p class=\"p2\">\u2022 Niveau A2\/B1 pour francophones.<\/p>\n<p class=\"p1\"><strong>Allemand (<\/strong>option<strong>) :<\/strong><\/p>\n<p class=\"p2\">\u2022 Niveau A2\/B1.<\/p>\n<p>[\/vc_column_text][\/vc_column][vc_column width=\u00a0\u00bb1\/2&Prime;][vc_column_text]<\/p>\n<p class=\"p1\"><span style=\"color: #003366;\">MOYENS:<\/span><\/p>\n<p>[\/vc_column_text][vc_column_text]<\/p>\n<p class=\"p1\">Enseignement en fran\u00e7ais, anglais et espagnol d\u00e8s la maternelle.<\/p>\n<p class=\"p2\">\u2022 Enseignement en catalan d\u00e8s le CP.<\/p>\n<p class=\"p2\">\u2022 Enseignement optionnel de l\u2019allemand d\u00e8s la 4\u00e8me.<\/p>\n<p class=\"p2\">\u2022 Professeurs locuteurs natifs et form\u00e9s.<\/p>\n<p class=\"p2\">\u2022 Activit\u00e9s compl\u00e9mentaires en fran\u00e7ais, anglais, espagnol et catalan au 1<span class=\"s2\">e\u200br<\/span> \u200bdegr\u00e9.<\/p>\n<p class=\"p2\">\u2022 Groupes de comp\u00e9tences en langues<\/p>\n<p class=\"p2\">\u2022 Curriculum harmonis\u00e9 en fran\u00e7ais, anglais, espagnol et catalan.<\/p>\n<p class=\"p2\">\u2022 Certifications en langues pour tous en CM2 et Terminale.<\/p>\n<p class=\"p2\">\u2022 Pr\u00e9paration de l\u2019IGCSE \u200bEnglish Language e\u200bt English Literature\u200b en fin de 2<span class=\"s2\">n\u200bde<\/span>\u200b.<\/p>\n<p>[\/vc_column_text][\/vc_column][\/vc_row]<\/p>\n","protected":false},"excerpt":{"rendered":"<p>[vc_row][vc_column][vc_btn title=\u00a0\u00bbRevenir\u00a0\u00bb link=\u00a0\u00bburl:https%3A%2F%2Flfipalma.es%2Ffr%2Fprojet-educatif%2F|||\u00a0\u00bb][\/vc_column][\/vc_row][vc_row][vc_column][vc_column_text] \u201cLanguages are very important to talk to the world\u201d . (Martina &amp; Alex, CP) [\/vc_column_text][vc_single_image image=\u00a0\u00bb7671&Prime; img_size=\u00a0\u00bbfull\u00a0\u00bb][\/vc_column][\/vc_row][vc_row][vc_column width=\u00a0\u00bb1\/2&Prime;][vc_column_text] OBJECTIFS apr\u00e8s une scolarit\u00e9 compl\u00e8te au LFP: [\/vc_column_text][vc_column_text] Fran\u00e7ais : \u2022 Niveau C1 pour non-francophones. Espagnol : \u2022 Niveau C1 pour non-hispanophones. Anglais : \u2022 Niveau C1 pour tous. Catalan : \u2022 Niveau B2\/C1 [&hellip;]<\/p>\n","protected":false},"author":1,"featured_media":0,"parent":0,"menu_order":0,"comment_status":"closed","ping_status":"closed","template":"","meta":{"_monsterinsights_skip_tracking":false,"_monsterinsights_sitenote_active":false,"_monsterinsights_sitenote_note":"","_monsterinsights_sitenote_category":0,"_uf_show_specific_survey":0,"_uf_disable_surveys":false,"footnotes":""},"aioseo_notices":[],"_links":{"self":[{"href":"https:\/\/lfipalma.es\/fr\/wp-json\/wp\/v2\/pages\/7659"}],"collection":[{"href":"https:\/\/lfipalma.es\/fr\/wp-json\/wp\/v2\/pages"}],"about":[{"href":"https:\/\/lfipalma.es\/fr\/wp-json\/wp\/v2\/types\/page"}],"author":[{"embeddable":true,"href":"https:\/\/lfipalma.es\/fr\/wp-json\/wp\/v2\/users\/1"}],"replies":[{"embeddable":true,"href":"https:\/\/lfipalma.es\/fr\/wp-json\/wp\/v2\/comments?post=7659"}],"version-history":[{"count":0,"href":"https:\/\/lfipalma.es\/fr\/wp-json\/wp\/v2\/pages\/7659\/revisions"}],"wp:attachment":[{"href":"https:\/\/lfipalma.es\/fr\/wp-json\/wp\/v2\/media?parent=7659"}],"curies":[{"name":"wp","href":"https:\/\/api.w.org\/{rel}","templated":true}]}}