{"id":7664,"date":"2019-04-11T10:41:00","date_gmt":"2019-04-11T10:41:00","guid":{"rendered":"https:\/\/lfipalma.es\/?page_id=7664"},"modified":"2026-01-15T17:15:20","modified_gmt":"2026-01-15T15:15:20","slug":"el-liceo-en-cifras","status":"publish","type":"page","link":"https:\/\/lfipalma.es\/fr\/el-liceo-en-cifras\/","title":{"rendered":"Le Lyc\u00e9e en chiffres"},"content":{"rendered":"<p>[vc_row][vc_column][vc_column_text]<\/p>\n<h3><span style=\"color: #808080;\"><em>Le Lyc\u00e9e Fran\u00e7ais international de Palma appartient au plus grand r\u00e9seau d\u2019\u00e9tablissements d\u2019enseignement \u00e9tranger au monde.<\/em><\/span><\/h3>\n<p>[\/vc_column_text][\/vc_column][\/vc_row][vc_row css=\u00a0\u00bb.vc_custom_1553864339733{background-color: #1e73be !important;}\u00a0\u00bb][vc_column width=\u00a0\u00bb1\/4&Prime;][vc_column_text]<\/p>\n<h2 style=\"text-align: center;\"><span style=\"color: #ffffff;\">Plus de 600<\/span><em><br \/>\n<\/em><span style=\"color: #ffffff;\">\u00c9tablissements scolaires<\/span><\/h2>\n<p>[\/vc_column_text][\/vc_column][vc_column width=\u00a0\u00bb1\/4&Prime;][vc_column_text]<\/p>\n<h2 style=\"text-align: center;\"><span style=\"color: #ffffff;\">140<\/span><br \/>\n<span style=\"color: #ffffff;\">Pays<\/span><\/h2>\n<p>[\/vc_column_text][\/vc_column][vc_column width=\u00a0\u00bb1\/4&Prime;][vc_column_text]<\/p>\n<h2 style=\"text-align: center;\"><span style=\"color: #ffffff;\">Plus de 400 000<\/span><br \/>\n<span style=\"color: #ffffff;\">\u00c9l\u00e8ves<\/span><\/h2>\n<p>[\/vc_column_text][\/vc_column][vc_column width=\u00a0\u00bb1\/4&Prime;][vc_column_text]<\/p>\n<h2 style=\"text-align: center;\"><span style=\"color: #ffffff;\">20.900<\/span><br \/>\n<span style=\"color: #ffffff;\">Professeurs<\/span><\/h2>\n<p>[\/vc_column_text][\/vc_column][\/vc_row][vc_row][vc_column][vc_column_text]<\/p>\n<h3><span style=\"color: #808080;\"><em>Le r\u00e9seau mlfmonde g\u00e8re 108 \u00e9tablissements d&rsquo;enseignement fran\u00e7ais \u00e0 l&rsquo;\u00e9tranger, formant plus de 61 000 \u00e9l\u00e8ves dans 37 pays.<\/em><\/span><\/h3>\n<p>[\/vc_column_text][\/vc_column][\/vc_row][vc_row full_width=\u00a0\u00bbstretch_row\u00a0\u00bb css=\u00a0\u00bb.vc_custom_1537455804615{padding-top: 20px !important;padding-bottom: 20px !important;background-color: #f2f2f2 !important;}\u00a0\u00bb][vc_column css=\u00a0\u00bb.vc_custom_1497211241822{padding-top: 0px !important;padding-bottom: 0px !important;}\u00a0\u00bb]<h2 style=\"color:;\" class=\" ztl-accent-font ztl-center ztl-font-normal\">Les chiffres du lyc\u00e9e<\/h2><p style=\"color:;\" class=\" ztl-main-font ztl-center ztl-font-normal\">Progression des \u00e9l\u00e8ves par ann\u00e9e scolaire<\/p><div class=\"ztl-divider  center primary \">\r\n                <span style=\"border-color:; \" class=\"circle\">\r\n                    <span style=\"background-color:; \"><\/span>\r\n                    <span style=\"background-color:; \"><\/span>\r\n                <\/span>\r\n            <\/div>[\/vc_column][\/vc_row][vc_row][vc_column][vc_line_chart legend=\u00a0\u00bb\u00a0\u00bb x_values=\u00a0\u00bb85\/86;86\/87;87\/88;88\/89;89\/90;90\/91;91\/92;92\/93;93\/94;94\/95;95\/96;96\/97;97\/98;98\/99;99\/00;00\/01;01\/02;02\/03;03\/04;04\/05;05\/06;06\/07;07\/08;08\/09;09\/10;10\/11;11\/12;12\/13;13\/14;14\/15;15\/16;16\/17;17\/18;18\/19;19\/20;20\/21&Prime; values=\u00a0\u00bb%5B%7B%22title%22%3A%22Alumnos%22%2C%22y_values%22%3A%22283%3B283%3B279%3B298%3B321%3B316%3B315%3B275%3B268%3B282%3B300%3B319%3B314%3B308%3B297%3B338%3B382%3B397%3B405%3B386%3B404%3B403%3B434%3B433%3B406%3B369%3B366%3B421%3B400%3B415%3B475%3B513%3B530%3B533%3B545%3B528%22%2C%22color%22%3A%22blue%22%7D%5D\u00a0\u00bb][\/vc_column][\/vc_row][vc_row disable_element=\u00a0\u00bbyes\u00a0\u00bb][vc_column][vc_btn title=\u00a0\u00bbLe Lyc\u00e9e en chiffres\u00a0\u00bb color=\u00a0\u00bbjuicy-pink\u00a0\u00bb align=\u00a0\u00bbcenter\u00a0\u00bb i_icon_fontawesome=\u00a0\u00bbfa fa-percent\u00a0\u00bb add_icon=\u00a0\u00bbtrue\u00a0\u00bb link=\u00a0\u00bburl:https%3A%2F%2Flfipalma.es%2Fwp-content%2Fuploads%2F2019%2F04%2F2.3-LE-LFP-en-chiffres-ES.pdf|title:LICEO%20EN%20CIFRAS|target:%20_blank|\u00a0\u00bb][\/vc_column][\/vc_row]<\/p>\n","protected":false},"excerpt":{"rendered":"<p>[vc_row][vc_column][vc_column_text] Le Lyc\u00e9e Fran\u00e7ais international de Palma appartient au plus grand r\u00e9seau d\u2019\u00e9tablissements d\u2019enseignement \u00e9tranger au monde. [\/vc_column_text][\/vc_column][\/vc_row][vc_row css=\u00a0\u00bb.vc_custom_1553864339733{background-color: #1e73be !important;}\u00a0\u00bb][vc_column width=\u00a0\u00bb1\/4&Prime;][vc_column_text] Plus de 600 \u00c9tablissements scolaires [\/vc_column_text][\/vc_column][vc_column width=\u00a0\u00bb1\/4&Prime;][vc_column_text] 140 Pays [\/vc_column_text][\/vc_column][vc_column width=\u00a0\u00bb1\/4&Prime;][vc_column_text] Plus de 400 000 \u00c9l\u00e8ves [\/vc_column_text][\/vc_column][vc_column width=\u00a0\u00bb1\/4&Prime;][vc_column_text] 20.900 Professeurs [\/vc_column_text][\/vc_column][\/vc_row][vc_row][vc_column][vc_column_text] Le r\u00e9seau mlfmonde g\u00e8re 108 \u00e9tablissements d&rsquo;enseignement fran\u00e7ais \u00e0 l&rsquo;\u00e9tranger, formant plus [&hellip;]<\/p>\n","protected":false},"author":1,"featured_media":0,"parent":0,"menu_order":0,"comment_status":"closed","ping_status":"closed","template":"","meta":{"_monsterinsights_skip_tracking":false,"_monsterinsights_sitenote_active":false,"_monsterinsights_sitenote_note":"","_monsterinsights_sitenote_category":0,"_uf_show_specific_survey":0,"_uf_disable_surveys":false,"footnotes":""},"aioseo_notices":[],"_links":{"self":[{"href":"https:\/\/lfipalma.es\/fr\/wp-json\/wp\/v2\/pages\/7664"}],"collection":[{"href":"https:\/\/lfipalma.es\/fr\/wp-json\/wp\/v2\/pages"}],"about":[{"href":"https:\/\/lfipalma.es\/fr\/wp-json\/wp\/v2\/types\/page"}],"author":[{"embeddable":true,"href":"https:\/\/lfipalma.es\/fr\/wp-json\/wp\/v2\/users\/1"}],"replies":[{"embeddable":true,"href":"https:\/\/lfipalma.es\/fr\/wp-json\/wp\/v2\/comments?post=7664"}],"version-history":[{"count":2,"href":"https:\/\/lfipalma.es\/fr\/wp-json\/wp\/v2\/pages\/7664\/revisions"}],"predecessor-version":[{"id":21769,"href":"https:\/\/lfipalma.es\/fr\/wp-json\/wp\/v2\/pages\/7664\/revisions\/21769"}],"wp:attachment":[{"href":"https:\/\/lfipalma.es\/fr\/wp-json\/wp\/v2\/media?parent=7664"}],"curies":[{"name":"wp","href":"https:\/\/api.w.org\/{rel}","templated":true}]}}