{"id":7675,"date":"2019-04-11T11:43:11","date_gmt":"2019-04-11T11:43:11","guid":{"rendered":"https:\/\/lfipalma.es\/?page_id=7675"},"modified":"2026-04-15T11:03:06","modified_gmt":"2026-04-15T09:03:06","slug":"examens-et-certifications","status":"publish","type":"page","link":"https:\/\/lfipalma.es\/fr\/examens-et-certifications\/","title":{"rendered":"Examens et Certifications"},"content":{"rendered":"<p>[vc_row full_width=\u00a0\u00bbstretch_row_content_no_spaces\u00a0\u00bb css=\u00a0\u00bb.vc_custom_1547578797088{margin-top: -5em !important;background-image: url(https:\/\/lfipalma.es\/wp-content\/uploads\/2019\/01\/DSC02102.jpg?id=5982) !important;background-position: center !important;background-repeat: no-repeat !important;background-size: cover !important;}\u00a0\u00bb][vc_column][vc_empty_space height=\u00a0\u00bb400px\u00a0\u00bb][\/vc_column][\/vc_row][vc_row][vc_column][vc_empty_space height=\u00a0\u00bb20px\u00a0\u00bb]<h2 style=\"color:;\" class=\" ztl-accent-font ztl-center ztl-font-normal\">LA DOUBLE HOMOLOGATION DES ETUDES<\/h2><div class=\"ztl-divider  center primary \">\r\n                <span style=\"border-color:; \" class=\"circle\">\r\n                    <span style=\"background-color:; \"><\/span>\r\n                    <span style=\"background-color:; \"><\/span>\r\n                <\/span>\r\n            <\/div>[vc_empty_space height=\u00a0\u00bb60px\u00a0\u00bb][\/vc_column][\/vc_row][vc_row][vc_column][vc_empty_space height=\u00a0\u00bb40px\u00a0\u00bb][vc_column_text]<span style=\"font-weight: 400;\">Le Lyc\u00e9e Fran\u00e7ais international de Palma est un \u00e9tablissement priv\u00e9 de droit espagnol, g\u00e9r\u00e9 par la <\/span><a href=\"http:\/\/www.mlfmonde.org\/\"><span style=\"font-weight: 400;\">Mission La\u00efque Fran\u00e7aise<\/span><\/a><span style=\"font-weight: 400;\">, association fond\u00e9e en 1902, reconnue d\u2019utilit\u00e9 publique depuis 1907 et forte de plus d\u2019un si\u00e8cle d\u2019exp\u00e9rience de l\u2019enseignement fran\u00e7ais \u00e0 l\u2019\u00e9tranger. <\/span>[\/vc_column_text][vc_tta_accordion style=\u00a0\u00bboutline\u00a0\u00bb shape=\u00a0\u00bbsquare\u00a0\u00bb active_section=\u00a0\u00bb5&Prime; no_fill=\u00a0\u00bbtrue\u00a0\u00bb collapsible_all=\u00a0\u00bbtrue\u00a0\u00bb el_class=\u00a0\u00bbztl-accordion\u00a0\u00bb][vc_tta_section title=\u00a0\u00bbHOMOLOGATION FRAN\u00c7AISE\u00a0\u00bb tab_id=\u00a0\u00bb1492714211238-7eac1c8e-cb54&Prime;][vc_column_text]<span style=\"font-weight: 400;\">Le Lyc\u00e9e est li\u00e9 \u00e0 l\u2019Etat fran\u00e7ais et \u00e0 l\u2019Ambassade de France en Espagne par une charte d\u2019association. Depuis 2009, il est homologu\u00e9 par le Minist\u00e8re de l&rsquo;\u00c9ducation Nationale Fran\u00e7ais pour l\u2019enseignement direct aux niveaux maternelle, \u00e9l\u00e9mentaire, coll\u00e8ge et lyc\u00e9e. <\/span><\/p>\n<p><span style=\"color: #003366;\"><b>Section internationale espagnole : <\/b><\/span><span style=\"font-weight: 400;\">L\u2019enseignement de la langue espagnole au Lyc\u00e9e Fran\u00e7ais international de Palma a \u00e9t\u00e9 reconnue comme section internationale espagnole aux niveaux \u00e9l\u00e9mentaire et coll\u00e8ge au Journal Officiel du 18 janvier 2019. <\/span><\/p>\n<p><span style=\"color: #003366;\"><strong>Dipl\u00f4mes<\/strong><\/span><span style=\"font-weight: 400;\"><span style=\"color: #003366;\"><strong>\u00a0:<\/strong><\/span> Le Lyc\u00e9e est centre d\u2019examen pour le Dipl\u00f4me National du Brevet (DNB) s\u00e9rie coll\u00e8ge, le Dipl\u00f4me National du Brevet International (DNBi) et centre d\u2019\u00e9preuves du Baccalaur\u00e9at g\u00e9n\u00e9ral fran\u00e7ais. <\/span><\/p>\n<p><span style=\"color: #003366;\"><strong>Tutelle<\/strong><\/span><span style=\"font-weight: 400;\"><span style=\"color: #003366;\"><strong>\u00a0:<\/strong><\/span> La scolarit\u00e9 fran\u00e7aise se d\u00e9roule sous le contr\u00f4le du Service de Coop\u00e9ration et d\u2019Action Culturelle (SCAC) de l\u2019Ambassade de France \u00e0 Madrid et de l\u2019Agence pour l\u2019Enseignement Fran\u00e7ais \u00e0 l\u2019Etranger (AEFE).<\/span><\/p>\n<p><span style=\"color: #003366;\"><strong>Acc\u00e8s aux \u00e9tudes sup\u00e9rieures<\/strong><\/span><span style=\"font-weight: 400;\"><span style=\"color: #003366;\"><strong>\u00a0:<\/strong><\/span> Nos \u00e9l\u00e8ves proc\u00e8dent \u00e0 leurs demandes d\u2019admission dans l\u2019enseignement sup\u00e9rieur fran\u00e7ais (universit\u00e9s, classes pr\u00e9paratoires, BTS, DUT, etc) par la plateforme <\/span><i><span style=\"font-weight: 400;\">Parcoursup<\/span><\/i><span style=\"font-weight: 400;\">.<\/span>[\/vc_column_text][\/vc_tta_section][vc_tta_section title=\u00a0\u00bbHOMOLOGATION ESPAGNOLE\u00a0\u00bb tab_id=\u00a0\u00bb1492714278176-dbc511f9-a2e7&Prime;][vc_column_text]<span style=\"font-weight: 400;\">Depuis 1979, le Lyc\u00e9e est \u00e9galement reconnu par le minist\u00e8re espagnol de l\u2019Education, et par la <\/span><i><span style=\"font-weight: 400;\">Conselleria de Educaci\u00f3<\/span><\/i><span style=\"font-weight: 400;\"> de la Communaut\u00e9 Autonome des Iles Bal\u00e9ares pour tous les niveaux d\u2019enseignement\u00a0: 1r et 2o <\/span><i><span style=\"font-weight: 400;\">ciclo<\/span><\/i><span style=\"font-weight: 400;\"> de <\/span><i><span style=\"font-weight: 400;\">Educaci\u00f3n<\/span><\/i> <i><span style=\"font-weight: 400;\">Infantil<\/span><\/i><span style=\"font-weight: 400;\">, \u00a0<\/span><i><span style=\"font-weight: 400;\">Educaci\u00f3n<\/span><\/i> <i><span style=\"font-weight: 400;\">Primaria<\/span><\/i><span style=\"font-weight: 400;\">, <\/span><i><span style=\"font-weight: 400;\">Educaci\u00f3n<\/span><\/i> <i><span style=\"font-weight: 400;\">Secundaria Obligatoria (ESO<\/span><\/i><span style=\"font-weight: 400;\">) et <\/span><i><span style=\"font-weight: 400;\">Bachillerato<\/span><\/i><span style=\"font-weight: 400;\">. <\/span><\/p>\n<p><strong><span style=\"color: #003366;\">Tutelle<\/span><\/strong><span style=\"font-weight: 400;\"><strong><span style=\"color: #003366;\">\u00a0:<\/span><\/strong> La scolarit\u00e9 espagnole se d\u00e9roule sous le contr\u00f4le du <\/span><i><span style=\"font-weight: 400;\">Ministerio de Educaci\u00f3n<\/span><\/i><span style=\"font-weight: 400;\"> espagnol et de la <\/span><i><span style=\"font-weight: 400;\">Conselleria de Educaci\u00f3<\/span><\/i><span style=\"font-weight: 400;\"> de la Communaut\u00e9 Autonome des Iles Bal\u00e9ares avec laquelle nous sommes en relation r\u00e9guli\u00e8re et devons tenir inform\u00e9s des horaires et contenus d\u2019enseignement d\u00e9livr\u00e9s en espagnol et catalan. <\/span><\/p>\n<p><span style=\"color: #003366;\"><strong>Dipl\u00f4mes<\/strong><\/span><span style=\"font-weight: 400;\"><span style=\"color: #003366;\"><strong>\u00a0:<\/strong><\/span> Le <\/span><i><span style=\"font-weight: 400;\">Ministerio de Educaci\u00f3n<\/span><\/i><span style=\"font-weight: 400;\"> d\u00e9livre les dipl\u00f4mes suivants\u00a0:<\/span><\/p>\n<ul>\n<li style=\"font-weight: 400;\"><i><span style=\"font-weight: 400;\">Titulo Graduado ESO<\/span><\/i><span style=\"font-weight: 400;\"> \u00e0 la fin de la 2<\/span><span style=\"font-weight: 400;\">nde<\/span><span style=\"font-weight: 400;\"> aux \u00e9l\u00e8ves qui obtiennent la moyenne dans en Espagnol, Catalan et Histoire-G\u00e9ographie en espagnol.<\/span><\/li>\n<li style=\"font-weight: 400;\"><i><span style=\"font-weight: 400;\">Bachillerato<\/span><\/i><span style=\"font-weight: 400;\"> \u00e0 tous les \u00e9l\u00e8ves titulaires du <\/span><i><span style=\"font-weight: 400;\">Titulo Graduado ESO<\/span><\/i><span style=\"font-weight: 400;\"> qui r\u00e9ussissent les \u00e9preuves du Baccalaur\u00e9at fran\u00e7ais <\/span><span style=\"font-weight: 400;\">et qui en font la demande<\/span><span style=\"font-weight: 400;\">. <\/span><\/li>\n<\/ul>\n<p><span style=\"color: #003366;\"><strong>Acc\u00e8s \u00e0 l\u2019universit\u00e9<\/strong><\/span><span style=\"font-weight: 400;\"><span style=\"color: #003366;\"><strong> : <\/strong><\/span><\/span><span style=\"font-weight: 400;\">Les \u00e9l\u00e8ves du Lyc\u00e9e Fran\u00e7ais international de Palma qui choisissent de poursuivre leurs \u00e9tudes en Espagne obtiennent la <\/span><i><span style=\"font-weight: 400;\">Nota de<\/span><\/i> <i><span style=\"font-weight: 400;\">Acesso a la Universidad<\/span><\/i><span style=\"font-weight: 400;\"> (<\/span><i><span style=\"font-weight: 400;\">Credencial) <\/span><\/i><span style=\"font-weight: 400;\">sur 10, sur la base des notes obtenues au Baccalaur\u00e9at et aux contr\u00f4les continus de 1\u00e8re et Terminale, sans passer d\u2019\u00e9preuves sp\u00e9cifiques.<\/span><\/p>\n<p><span style=\"font-weight: 400;\">Pour obtenir une note sur 14 pour entrer dans les meilleures universit\u00e9s, deux options leur sont offertes en fonction de l\u2019Universit\u00e9 \u00e0 laquelle ils aspirent :<\/span><\/p>\n<ul>\n<li style=\"font-weight: 400;\" aria-level=\"1\"><span style=\"font-weight: 400;\">Les universit\u00e9s du Pays Basques, de la communaut\u00e9 de Madrid, d\u2019Aragon, de Navarre, de Cantabria, de la Rioja, d\u2019Oviedo et de la communaut\u00e9 de Valence, permettent \u00e0 nos \u00e9l\u00e8ves d\u2019augmenter la <\/span><i><span style=\"font-weight: 400;\">Credencial <\/span><\/i><span style=\"font-weight: 400;\">avec les notes de certaines \u00e9preuves du Baccalaur\u00e9at (<\/span><i><span style=\"font-weight: 400;\">Reconocimiento de Asignaturas<\/span><\/i><span style=\"font-weight: 400;\">).<\/span><\/li>\n<li><span style=\"font-weight: 400;\">Dans les autres universit\u00e9s, il est n\u00e9cessaire de passer des \u00e9preuves sp\u00e9cifiques de <i>PCE<\/i> (<i>Selectividad)<\/i> pour am\u00e9liorer cette note.\u00a0 <\/span><\/li>\n<\/ul>\n<p>[\/vc_column_text][\/vc_tta_section][vc_tta_section title=\u00a0\u00bbAMENAGEMENTS DE SCOLARITE\u00a0\u00bb tab_id=\u00a0\u00bb1495393785236-cab00421-e577&Prime;][vc_column_text]<span style=\"font-weight: 400;\">La double homologation fran\u00e7aise et espagnole, implique que l\u2019ensemble des programmes fran\u00e7ais soient enseign\u00e9s, ainsi que trois disciplines du programme de la Communaut\u00e9 Autonome des Iles Bal\u00e9ares\u00a0: Espagnol, Catalan et <\/span><i><span style=\"font-weight: 400;\">Ciencias Sociales<\/span><\/i><span style=\"font-weight: 400;\"> (Histoire et G\u00e9ographie <\/span><span style=\"font-weight: 400;\">en espagnol<\/span><span style=\"font-weight: 400;\">). <\/span><\/p>\n<p><span style=\"color: #003366;\"><strong>Espagnol\u00a0: <\/strong><\/span><\/p>\n<p><span style=\"font-weight: 400;\">Il est enseign\u00e9 \u00e0 tous les niveaux, de la maternelle \u00e0 la terminale. A partir de la 6<\/span><span style=\"font-weight: 400;\">\u00e8me<\/span><span style=\"font-weight: 400;\">, plusieurs groupes de niveaux permettent d\u2019assurer l\u2019enseignement du programme espagnol pour les groupes B et C et de mettre \u00e0 niveau les \u00e9l\u00e8ves non-hispanophones dans le groupe A.<\/span><\/p>\n<p><span style=\"color: #003366;\"><strong>Catalan\u00a0: <\/strong><\/span><\/p>\n<p><span style=\"font-weight: 400;\">Il est enseign\u00e9 du CP \u00e0 la Terminale. A partir de la 6<\/span><span style=\"font-weight: 400;\">\u00e8me<\/span><span style=\"font-weight: 400;\">, plusieurs groupes de niveaux permettent d\u2019adapter les enseignements aux profils des \u00e9l\u00e8ves en suivant le programme officiel pour les groupes B et C. <\/span><\/p>\n<p><span style=\"font-weight: 400;\">Il est obligatoire pour tous les \u00e9l\u00e8ves au primaire et pour les \u00e9l\u00e8ves de la 6<\/span><span style=\"font-weight: 400;\">\u00e8me<\/span><span style=\"font-weight: 400;\"> \u00e0 la 2<\/span><span style=\"font-weight: 400;\">nde<\/span><span style=\"font-weight: 400;\">. Il peut \u00eatre choisi comme langue B ou C en 1<\/span><span style=\"font-weight: 400;\">\u00e8re<\/span><span style=\"font-weight: 400;\"> et Terminale.<\/span><\/p>\n<p><span style=\"font-weight: 400;\">Une dispense d\u2019\u00e9valuation en catalan peut-\u00eatre sollicit\u00e9e par les familles pour les enfants dont le s\u00e9jour aux Bal\u00e9ares est inf\u00e9rieur \u00e0 trois ans ou pour les \u00e9l\u00e8ves souffrant de handicap cognitif attest\u00e9 par certificat m\u00e9dical. Cette demande doit \u00eatre faite chaque ann\u00e9e et d\u00e9pos\u00e9e aupr\u00e8s du Lyc\u00e9e avec les documents justificatifs en septembre. <\/span><\/p>\n<p><span style=\"color: #003366;\"><b><i>Ciencias Sociales<\/i><\/b><b> (Histoire et G\u00e9ographie)\u00a0: <\/b><\/span><\/p>\n<p><span style=\"font-weight: 400;\">De la 6\u00e8me \u00e0 la 2nde, les \u00e9l\u00e8ves suivent quatre heures d\u2019enseignement de l\u2019histoire et de la g\u00e9ographie, deux heures en fran\u00e7ais et deux heures en espagnol. Le programme officiel fran\u00e7ais est r\u00e9parti entre les deux langues et s\u2019ajoutent <\/span><span style=\"font-weight: 400;\">des \u00e9l\u00e9ments du programme des Bal\u00e9ares dispens\u00e9s en espagnol.<\/span><\/p>\n<p><span style=\"font-weight: 400;\">En 1<\/span><span style=\"font-weight: 400;\">\u00e8re<\/span><span style=\"font-weight: 400;\"> et Terminale, une heure d\u2019histoire g\u00e9ographie est enseign\u00e9e en espagnol.<\/span>[\/vc_column_text][\/vc_tta_section][\/vc_tta_accordion][vc_empty_space height=\u00a0\u00bb40px\u00a0\u00bb][vc_btn title=\u00a0\u00bb\u00c9quivalences\u00a0\u00bb style=\u00a0\u00bb3d\u00a0\u00bb color=\u00a0\u00bbprimary\u00a0\u00bb link=\u00a0\u00bburl:https%3A%2F%2Flfipalma.es%2Fwp-content%2Fuploads%2F2019%2F03%2F1.0-Equivalences-fr-es_0.pdf||target:%20_blank|\u00a0\u00bb][\/vc_column][\/vc_row][vc_row full_width=\u00a0\u00bbstretch_row\u00a0\u00bb css=\u00a0\u00bb.vc_custom_1541683792394{background-color: #f2f2f2 !important;}\u00a0\u00bb][vc_column][vc_empty_space height=\u00a0\u00bb20px\u00a0\u00bb]<h2 style=\"color:;\" class=\" ztl-accent-font ztl-center ztl-font-normal\">EXAMENS ET CERTIFICATIONS<\/h2><div class=\"ztl-divider  center primary \">\r\n                <span style=\"border-color:; \" class=\"circle\">\r\n                    <span style=\"background-color:; \"><\/span>\r\n                    <span style=\"background-color:; \"><\/span>\r\n                <\/span>\r\n            <\/div>[vc_empty_space height=\u00a0\u00bb60px\u00a0\u00bb][\/vc_column][\/vc_row][vc_row][vc_column][vc_tta_tabs alignment=\u00a0\u00bbcenter\u00a0\u00bb active_section=\u00a0\u00bb1&Prime; el_class=\u00a0\u00bbztl-tabs\u00a0\u00bb][vc_tta_section title=\u00a0\u00bbLes dipl\u00f4mes nationaux fran\u00e7ais\u00a0\u00bb tab_id=\u00a0\u00bb1495277800996-0240fbac-b886&Prime;][vc_row_inner][vc_column_inner][vc_empty_space height=\u00a0\u00bb40px\u00a0\u00bb][\/vc_column_inner][\/vc_row_inner][vc_row_inner][vc_column_inner][vc_column_text]<span style=\"font-weight: 400;\">Le Lyc\u00e9e Fran\u00e7ais international de Palma est centre d\u2019examen officiel pour les dipl\u00f4mes du Minist\u00e8re de l&rsquo;Education Nationale\u00a0 fran\u00e7ais.\u00a0<\/span><span style=\"font-weight: 400;\"><br \/>\n<\/span><\/p>\n<p><a href=\"http:\/\/eduscol.education.fr\/pid23235\/diplome-national-du-brevet.html\"><span style=\"font-weight: 400;\">Dipl\u00f4me National du\u00a0Brevet<\/span><span style=\"font-weight: 400;\"><br \/>\n<\/span><\/a><i><span style=\"font-weight: 400;\">D\u00e9livr\u00e9 par un jury, le brevet est un dipl\u00f4me qui atteste des connaissances acquises en fin de classe de 3<\/span><\/i><i><span style=\"font-weight: 400;\">\u00e8me. <\/span><\/i><i><span style=\"font-weight: 400;\">Il comporte quatre \u00e9preuves \u00e9crites, un oral et une \u00e9valuation des comp\u00e9tences acquises.<\/span><\/i><\/p>\n<p><a href=\"http:\/\/eduscol.education.fr\/pid23233\/baccalaureat-general.html\"><span style=\"font-weight: 400;\">Baccalaur\u00e9at<\/span><\/a><span style=\"font-weight: 400;\"> g\u00e9n\u00e9ral<\/span><span style=\"font-weight: 400;\"><br \/>\n<\/span><i><span style=\"font-weight: 400;\">Dipl\u00f4me fran\u00e7ais sanctionnant la fin des \u00e9tudes secondaires g\u00e9n\u00e9rales et ouvrant l\u2019acc\u00e8s \u00e0 l\u2019enseignement sup\u00e9rieur.<\/span><\/i><span style=\"font-weight: 400;\"><br \/>\n<\/span><\/p>\n<p><span style=\"font-weight: 400;\">L&rsquo;organisation des examens des \u00e9tablissements fran\u00e7ais de la zone ib\u00e9rique est pilot\u00e9e par le service culturel de l\u2019Ambassade de France \u00e0 Madrid, en partenariat avec l&rsquo;Acad\u00e9mie de Toulouse.<\/span>[\/vc_column_text][\/vc_column_inner][\/vc_row_inner][\/vc_tta_section][vc_tta_section title=\u00a0\u00bbLes dipl\u00f4mes nationaux espagnols\u00a0\u00bb tab_id=\u00a0\u00bb1495484333894-2548d7eb-c7af\u00a0\u00bb][vc_row_inner][vc_column_inner][vc_empty_space height=\u00a0\u00bb40px\u00a0\u00bb][\/vc_column_inner][\/vc_row_inner][vc_row_inner][vc_column_inner][vc_column_text]<span style=\"font-weight: 400;\">Le Lyc\u00e9e Fran\u00e7ais international de Palma est reconnu par le Minist\u00e8re de l\u2019Education espagnole. A ce titre, ses \u00e9l\u00e8ves se voient d\u00e9livrer les dipl\u00f4mes suivants : <\/span><\/p>\n<p>&nbsp;<\/p>\n<p><span style=\"color: #003366;\"><strong>Titulo de Graduado en ESO<\/strong><\/span><\/p>\n<p><i><span style=\"font-weight: 400;\">Il est d\u00e9livr\u00e9 aux \u00e9l\u00e8ves ayant termin\u00e9 la scolarit\u00e9 obligatoire espagnole en fin de 2<\/span><\/i><i><span style=\"font-weight: 400;\">nde<\/span><\/i><i><span style=\"font-weight: 400;\">, sous certaines conditions de r\u00e9sultats scolaires et de mati\u00e8res obligatoires (espagnol, histoire g\u00e9ographie en espagnol, catalan).<\/span><\/i><\/p>\n<p>&nbsp;<\/p>\n<p><span style=\"color: #003366;\"><strong>Titulo de bachiller <\/strong><\/span><\/p>\n<p><i><span style=\"font-weight: 400;\">Il est d\u00e9livr\u00e9 \u00e0 tous les \u00e9l\u00e8ves titulaires du LFiP titulaires du Baccalaur\u00e9at fran\u00e7ais, s\u2019ils en font la demande pr\u00e9alable. <\/span><\/i><\/p>\n<p><span style=\"font-weight: 400;\"> Les proc\u00e9dures de d\u00e9livrance des dipl\u00f4mes espagnoles sont g\u00e9r\u00e9es par le directeur des \u00e9tudes espagnoles du LFiP. <\/span>[\/vc_column_text][\/vc_column_inner][\/vc_row_inner][\/vc_tta_section][vc_tta_section title=\u00a0\u00bbLes autres Dipl\u00f4mes et Certifications\u00a0\u00bb tab_id=\u00a0\u00bb1495484366007-6f8848c3-e334&Prime;][vc_row_inner][vc_column_inner][vc_empty_space height=\u00a0\u00bb40px\u00a0\u00bb][\/vc_column_inner][\/vc_row_inner][vc_row_inner][vc_column_inner][vc_column_text]Dans le cadre de sa politique des langues, le Lyc\u00e9e Fran\u00e7ais international de Palma propose des certifications en langue anglaise, catalane, fran\u00e7aise et espagnole.<\/p>\n<p>Anglais<\/p>\n<ul>\n<li aria-level=\"1\"><a href=\"http:\/\/www.cambridgeenglish.org\/fr\/exams-and-tests\/\">Cambridge exams <\/a>(Cambridge Assessment English)<\/li>\n<\/ul>\n<p>&nbsp;<\/p>\n<p>IELTS (A2 \u00e0 C2)<\/p>\n<ul>\n<li aria-level=\"1\"><a href=\"https:\/\/qualifications.pearson.com\/en\/qualifications\/edexcel-international-gcses-and-edexcel-certificates.html\">IGCSE<\/a> (International General Certificate of Secondary Education \u2013 Edexcel)<\/li>\n<\/ul>\n<p>o \u00a0 English Language<\/p>\n<p>&nbsp;<\/p>\n<p>Espagnol langue \u00e9trang\u00e8re<\/p>\n<ul>\n<li aria-level=\"1\"><a href=\"http:\/\/www.dele.org\/french\/\">DELE<\/a> (Instituto Cervantes) \u2013 B2\/ C1<\/li>\n<\/ul>\n<p>&nbsp;<\/p>\n<p>Fran\u00e7ais langue \u00e9trang\u00e8re<\/p>\n<ul>\n<li aria-level=\"1\"><a href=\"http:\/\/www.ciep.fr\/delf-dalf\">DELF Prim \/ DELF \/ DALF<\/a> (Alliance Fran\u00e7aise)<\/li>\n<\/ul>\n<p>&nbsp;<\/p>\n<p>Catalan<\/p>\n<p><a href=\"http:\/\/www.caib.cat\/govern\/organigrama\/area.do?lang=ca&amp;coduo=2390443\">Certificat de Llengua Catalana<\/a> (Universit\u00e9 des Iles Bal\u00e9ares)[\/vc_column_text][\/vc_column_inner][\/vc_row_inner][\/vc_tta_section][\/vc_tta_tabs][\/vc_column][\/vc_row][vc_row full_width=\u00a0\u00bbstretch_row\u00a0\u00bb css=\u00a0\u00bb.vc_custom_1494881170341{margin-bottom: -50px !important;background-color: #f2f2f2 !important;}\u00a0\u00bb][vc_column css=\u00a0\u00bb.vc_custom_1480863659858{margin-top: 0px !important;padding-top: 0px !important;}\u00a0\u00bb]<div class=\"ztl-announcement  \">\r\n            <div class=\"row table-row\">\r\n                <div class=\"ztl-col col-lg-9 col-md-9 col-sm-9 col-xs-12 \">\r\n                    <div class=\"ztl-flex ztl-mobile-container\">\r\n                        <div class=\"ztl-icon left\" style=\"background-color:#ffffff\">\r\n                            <span class=\"flaticon-board\" style=\"color:#ff4e31\"><\/span>\r\n                        <\/div>\r\n                        <div class=\"content\" style=\"color:#002749\">\r\n                            <div class=\"line-1\">\r\n                                <h3>INSCRIPTIONS<\/h3>\r\n                            <\/div>\r\n                            <div class=\"line-2\">\r\n                             Si vous avez besoin de plus d&#039;informations sur notre \u00e9cole.\r\n                            <\/div>\r\n                        <\/div>\r\n                    <\/div>\r\n                <\/div>\r\n                <div class=\"ztl-action ztl-col col-lg-3 col-md-3 col-sm-3 col-xs-12 \">\r\n                    <div class=\"ztl-button-one\"><a href=\"https:\/\/lfipalma.es\/fr\/inscripciones\/\" target=\"_self\">CONTACTEZ-NOUS<\/a><\/div>\r\n                <\/div>\r\n            <\/div>\r\n\t<\/div>[\/vc_column][\/vc_row]<\/p>\n","protected":false},"excerpt":{"rendered":"<p>[vc_row full_width=\u00a0\u00bbstretch_row_content_no_spaces\u00a0\u00bb css=\u00a0\u00bb.vc_custom_1547578797088{margin-top: -5em !important;background-image: url(https:\/\/lfipalma.es\/wp-content\/uploads\/2019\/01\/DSC02102.jpg?id=5982) !important;background-position: center !important;background-repeat: no-repeat !important;background-size: cover !important;}\u00a0\u00bb][vc_column][vc_empty_space height=\u00a0\u00bb400px\u00a0\u00bb][\/vc_column][\/vc_row][vc_row][vc_column][vc_empty_space height=\u00a0\u00bb20px\u00a0\u00bb][vc_empty_space height=\u00a0\u00bb60px\u00a0\u00bb][\/vc_column][\/vc_row][vc_row][vc_column][vc_empty_space height=\u00a0\u00bb40px\u00a0\u00bb][vc_column_text]Le Lyc\u00e9e Fran\u00e7ais international de Palma est un \u00e9tablissement priv\u00e9 de droit espagnol, g\u00e9r\u00e9 par la Mission La\u00efque Fran\u00e7aise, association fond\u00e9e en 1902, reconnue d\u2019utilit\u00e9 publique depuis 1907 et forte de plus d\u2019un si\u00e8cle d\u2019exp\u00e9rience de l\u2019enseignement fran\u00e7ais \u00e0 [&hellip;]<\/p>\n","protected":false},"author":1,"featured_media":0,"parent":0,"menu_order":0,"comment_status":"closed","ping_status":"closed","template":"","meta":{"_monsterinsights_skip_tracking":false,"_monsterinsights_sitenote_active":false,"_monsterinsights_sitenote_note":"","_monsterinsights_sitenote_category":0,"_uf_show_specific_survey":0,"_uf_disable_surveys":false,"footnotes":""},"aioseo_notices":[],"_links":{"self":[{"href":"https:\/\/lfipalma.es\/fr\/wp-json\/wp\/v2\/pages\/7675"}],"collection":[{"href":"https:\/\/lfipalma.es\/fr\/wp-json\/wp\/v2\/pages"}],"about":[{"href":"https:\/\/lfipalma.es\/fr\/wp-json\/wp\/v2\/types\/page"}],"author":[{"embeddable":true,"href":"https:\/\/lfipalma.es\/fr\/wp-json\/wp\/v2\/users\/1"}],"replies":[{"embeddable":true,"href":"https:\/\/lfipalma.es\/fr\/wp-json\/wp\/v2\/comments?post=7675"}],"version-history":[{"count":2,"href":"https:\/\/lfipalma.es\/fr\/wp-json\/wp\/v2\/pages\/7675\/revisions"}],"predecessor-version":[{"id":22171,"href":"https:\/\/lfipalma.es\/fr\/wp-json\/wp\/v2\/pages\/7675\/revisions\/22171"}],"wp:attachment":[{"href":"https:\/\/lfipalma.es\/fr\/wp-json\/wp\/v2\/media?parent=7675"}],"curies":[{"name":"wp","href":"https:\/\/api.w.org\/{rel}","templated":true}]}}