{"id":7683,"date":"2019-04-11T11:58:23","date_gmt":"2019-04-11T11:58:23","guid":{"rendered":"https:\/\/lfipalma.es\/?page_id=7683"},"modified":"2026-03-09T13:11:39","modified_gmt":"2026-03-09T11:11:39","slug":"inscripciones","status":"publish","type":"page","link":"https:\/\/lfipalma.es\/fr\/inscripciones\/","title":{"rendered":"Inscription"},"content":{"rendered":"<p>[vc_row full_width=\u00a0\u00bbstretch_row_content_no_spaces\u00a0\u00bb css=\u00a0\u00bb.vc_custom_1548173528071{margin-right: 0px !important;margin-left: 0px !important;background-color: rgba(0,0,0,0.04) !important;*background-color: rgb(0,0,0) !important;}\u00a0\u00bb][vc_column]<h2 style=\"color:;\" class=\" ztl-accent-font ztl-center ztl-font-normal\">FORMULAIRE DE CONTACT INSCRIPTIONS<\/h2>[vc_column_text]<\/p>\n<p style=\"text-align: center;\">Nous pouvons vous proposer une visite de l\u2019\u00e9tablissement au cours de laquelle nous vous expliquerons notre fonctionnement p\u00e9dagogique.<\/p>\n<p>[\/vc_column_text]<div class=\"ztl-divider  center primary \">\r\n                <span style=\"border-color:; \" class=\"circle\">\r\n                    <span style=\"background-color:; \"><\/span>\r\n                    <span style=\"background-color:; \"><\/span>\r\n                <\/span>\r\n            <\/div>[vc_empty_space height=\u00a0\u00bb60px\u00a0\u00bb][\/vc_column][\/vc_row][vc_row css=\u00a0\u00bb.vc_custom_1457029699671{margin-top: 10px !important;margin-bottom: 0px !important;}\u00a0\u00bb el_class=\u00a0\u00bbztl-contact-info\u00a0\u00bb][vc_column width=\u00a0\u00bb1\/2&Prime;][vc_row_inner el_class=\u00a0\u00bbztl-contact-form\u00a0\u00bb css=\u00a0\u00bb.vc_custom_1549019592724{padding-left: 35px !important;}\u00a0\u00bb][vc_column_inner][vc_icon type=\u00a0\u00bbfontawesome\u00a0\u00bb icon_fontawesome=\u00a0\u00bbfa fa-calendar-o\u00a0\u00bb color=\u00a0\u00bbcustom\u00a0\u00bb background_style=\u00a0\u00bbrounded-outline\u00a0\u00bb size=\u00a0\u00bbztl-lg\u00a0\u00bb align=\u00a0\u00bbcenter\u00a0\u00bb custom_color=\u00a0\u00bb#ff4e31&Prime; css=\u00a0\u00bb.vc_custom_1549017804158{margin-top: 0px !important;margin-right: 0px !important;margin-bottom: 0px !important;margin-left: 0px !important;padding-top: 0px !important;padding-right: 0px !important;padding-bottom: 0px !important;padding-left: 0px !important;}\u00a0\u00bb][vc_empty_space height=\u00a0\u00bb20px\u00a0\u00bb]<h5 style=\"color:;line-height:1.3;\" class=\" ztl-accent-font ztl-center ztl-font-normal\">DEMANDE DE VISITE PERSONNALIS\u00c9E<\/h5>[vc_empty_space height=\u00a0\u00bb10px\u00a0\u00bb][vc_column_text]Si vous souhaitez d\u00e9couvrir notre syst\u00e8me d&rsquo;enseignement multilingue, le Lyc\u00e9e Fran\u00e7ais de Palma vous propose des visites.[\/vc_column_text][\/vc_column_inner][\/vc_row_inner][vc_row_inner el_class=\u00a0\u00bbztl-contact-form\u00a0\u00bb][vc_column_inner]<h5 style=\"color:;line-height:1.3;\" class=\" ztl-accent-font ztl-center ztl-font-normal\">Remplissez le formulaire de demande de visite :<\/h5>[vc_empty_space height=\u00a0\u00bb20px\u00a0\u00bb]\n<div class=\"wpcf7 no-js\" id=\"wpcf7-f7837-o1\" lang=\"es-ES\" dir=\"ltr\">\n<div class=\"screen-reader-response\"><p role=\"status\" aria-live=\"polite\" aria-atomic=\"true\"><\/p> <ul><\/ul><\/div>\n<form action=\"\/fr\/wp-json\/wp\/v2\/pages\/7683#wpcf7-f7837-o1\" method=\"post\" class=\"wpcf7-form init\" aria-label=\"Formulario de contacto\" novalidate=\"novalidate\" data-status=\"init\">\n<div style=\"display: none;\">\n<input type=\"hidden\" name=\"_wpcf7\" value=\"7837\" \/>\n<input type=\"hidden\" name=\"_wpcf7_version\" value=\"5.9.3\" \/>\n<input type=\"hidden\" name=\"_wpcf7_locale\" value=\"es_ES\" \/>\n<input type=\"hidden\" name=\"_wpcf7_unit_tag\" value=\"wpcf7-f7837-o1\" \/>\n<input type=\"hidden\" name=\"_wpcf7_container_post\" value=\"0\" \/>\n<input type=\"hidden\" name=\"_wpcf7_posted_data_hash\" value=\"\" \/>\n<\/div>\n<p><span class=\"wpcf7-form-control-wrap\" data-name=\"your-name\"><input size=\"40\" class=\"wpcf7-form-control wpcf7-text wpcf7-validates-as-required\" aria-required=\"true\" aria-invalid=\"false\" placeholder=\"Nom *\" value=\"\" type=\"text\" name=\"your-name\" \/><\/span>\n<\/p>\n<p><span class=\"wpcf7-form-control-wrap\" data-name=\"your-email\"><input size=\"40\" class=\"wpcf7-form-control wpcf7-email wpcf7-validates-as-required wpcf7-text wpcf7-validates-as-email\" aria-required=\"true\" aria-invalid=\"false\" placeholder=\"Nom de famille\" value=\"\" type=\"email\" name=\"your-email\" \/><\/span>\n<\/p>\n<p><span class=\"wpcf7-form-control-wrap\" data-name=\"your-subject\"><input size=\"40\" class=\"wpcf7-form-control wpcf7-text\" aria-invalid=\"false\" placeholder=\"Email *\" value=\"\" type=\"text\" name=\"your-subject\" \/><\/span>\n<\/p>\n<p><span class=\"wpcf7-form-control-wrap\" data-name=\"your-tel\"><input size=\"40\" class=\"wpcf7-form-control wpcf7-tel wpcf7-text wpcf7-validates-as-tel\" aria-invalid=\"false\" placeholder=\"Tel *\" value=\"\" type=\"tel\" name=\"your-tel\" \/><\/span>\n<\/p>\n<p><span class=\"wpcf7-form-control-wrap\" data-name=\"your-message\"><textarea cols=\"40\" rows=\"10\" class=\"wpcf7-form-control wpcf7-textarea wpcf7-validates-as-required\" aria-required=\"true\" aria-invalid=\"false\" placeholder=\"Message *\" name=\"your-message\"><\/textarea><\/span>\n<\/p>\n<div class=\"ztl-button-three\">\n\t<p><button type=\"submit\">Envoyer un message<\/button>\n\t<\/p>\n<\/div>\n<p><strong>Informations de base sur la protection des donn\u00e9es<\/strong>\n<\/p>\n<p><br \/>\nResponsable du traitement des donn\u00e9es : Lyc\u00e9e Fran\u00e7ais International de Palma\n<\/p>\n<p>Coordonn\u00e9es du d\u00e9l\u00e9gu\u00e9 \u00e0 la protection des donn\u00e9es: <a href=\"mailto:dpolfip@dataseg.es\">dpolfip@dataseg.es<\/a>\n<\/p>\n<p>Objectif : traiter, g\u00e9rer et r\u00e9pondre \u00e0 votre demande, y compris vous contacter pour organiser un entretien ou une visite.\n<\/p>\n<p>Droits : acc\u00e8s, rectification, suppression et autres, comme expliqu\u00e9 dans les informations compl\u00e9mentaires dont vous pouvez prendre connaissance en visitant notre site web <a href=\"https:\/\/lfipalma.es\/politica-de-privacidad\/\" target=\"_blank\">Pol\u00edtica de Privacidad<\/a>.\n<\/p>\n<p><strong>Protection des donn\u00e9es \u2013 Informations de base :<\/strong>\n<\/p>\n<p><br \/>\nResponsable du traitement : Dataseg.\n<\/p>\n<p>Finalit\u00e9 du traitement : gestion de la relation contractuelle ; gestion des demandes de devis, pr\u00e9paration et suivi par email, t\u00e9l\u00e9phone ou en personne ; d\u00e9veloppement de la prestation de services ; gestion de l\u2019agenda des contacts.\n<\/p>\n<p>Droits : vous disposez d\u2019un droit d\u2019acc\u00e8s, de rectification et de suppression de vos donn\u00e9es. Vous disposez \u00e9galement d\u2019autres droits, comme expliqu\u00e9 dans les informations compl\u00e9mentaires figurant dans notre <a href=\"https:\/\/www.dataseg.es\" target=\"_blank\">dataseg<\/a>.\n<\/p>\n<p><strong>Confidentialit\u00e9 du contenu :<\/strong> Les informations contenues dans ce courrier \u00e9lectronique sont CONFIDENTIELLES. Toute utilisation, divulgation, distribution et\/ou reproduction sans notre autorisation ou celle du destinataire est interdite. Si vous avez re\u00e7u ce message par erreur, veuillez nous en informer imm\u00e9diatement et le supprimer.\n<\/p>\n<p><em>N\u2019imprimez pas ce courrier si cela n\u2019est pas n\u00e9cessaire. Prot\u00e9gez l\u2019environnement.<\/em>\n<\/p>\n<p><span class=\"wpcf7-form-control-wrap\" data-name=\"checkbox-831\"><span class=\"wpcf7-form-control wpcf7-checkbox wpcf7-validates-as-required\"><span class=\"wpcf7-list-item first last\"><label><input type=\"checkbox\" name=\"checkbox-831[]\" value=\"J&#039;accepte la politique de confidentialit\u00e9\" \/><span class=\"wpcf7-list-item-label\">J&#039;accepte la politique de confidentialit\u00e9<\/span><\/label><\/span><\/span><\/span>\n<\/p><div class=\"wpcf7-response-output\" aria-hidden=\"true\"><\/div>\n<\/form>\n<\/div>\n[\/vc_column_inner][\/vc_row_inner][vc_empty_space height=\u00a0\u00bb10px\u00a0\u00bb][\/vc_column][vc_column width=\u00a0\u00bb1\/2&Prime;][vc_row_inner][vc_column_inner css=\u00a0\u00bb.vc_custom_1492615485494{margin-bottom: 40px !important;}\u00a0\u00bb][vc_icon type=\u00a0\u00bbfontawesome\u00a0\u00bb icon_fontawesome=\u00a0\u00bbfa fa-pencil-square-o\u00a0\u00bb color=\u00a0\u00bbcustom\u00a0\u00bb background_style=\u00a0\u00bbrounded-outline\u00a0\u00bb size=\u00a0\u00bbztl-lg\u00a0\u00bb align=\u00a0\u00bbcenter\u00a0\u00bb custom_color=\u00a0\u00bb#ff4e31&Prime; css=\u00a0\u00bb.vc_custom_1549018748598{margin-top: 0px !important;margin-right: 0px !important;margin-bottom: 0px !important;margin-left: 0px !important;padding-top: 0px !important;padding-right: 0px !important;padding-bottom: 0px !important;padding-left: 0px !important;}\u00a0\u00bb][vc_empty_space height=\u00a0\u00bb20px\u00a0\u00bb]<h5 style=\"color:;line-height:1.3;\" class=\" ztl-accent-font ztl-center ztl-font-normal\">INSCRIPTION 2026-2027<\/h5>[vc_empty_space height=\u00a0\u00bb10px\u00a0\u00bb][vc_column_text css=\u00a0\u00bb.vc_custom_1671446853417{padding-left: 60px !important;}\u00a0\u00bb]Vous pouvez d\u2019ors et d\u00e9j\u00e0 initier le processus d\u2019inscription en suivant les \u00e9tapes mentionn\u00e9es ci-dessous\u00a0:<\/p>\n<p>1. Remplir la demande de pr\u00e9inscription en ligne.[\/vc_column_text][vc_single_image image=\u00a0\u00bb14791&Prime; img_size=\u00a0\u00bb120&#215;80&Prime; alignment=\u00a0\u00bbcenter\u00a0\u00bb onclick=\u00a0\u00bbcustom_link\u00a0\u00bb link=\u00a0\u00bbhttps:\/\/mlfespagne.eduka.school\/palma\u00a0\u00bb][vc_column_text css=\u00a0\u00bb.vc_custom_1671446915745{padding-left: 60px !important;}\u00a0\u00bb]2. Compl\u00e9ter le dossier d&rsquo;inscription ICONE (T\u00e9l\u00e9charger le dossier d\u2019inscription)[\/vc_column_text][vc_btn title=\u00a0\u00bbDossier d\u2019inscription 2025-2026&Prime; style=\u00a0\u00bb3d\u00a0\u00bb color=\u00a0\u00bbprimary\u00a0\u00bb align=\u00a0\u00bbcenter\u00a0\u00bb css_animation=\u00a0\u00bbbounceIn\u00a0\u00bb link=\u00a0\u00bburl:https%3A%2F%2Flfipalma.es%2Fwp-content%2Fuploads%2F2025%2F02%2FReglement-financier-2025_2026_PALMA-en-FR_signe.pdf|target:_blank\u00a0\u00bb][vc_btn title=\u00a0\u00bbDossier d\u2019inscription 2026-2027&Prime; style=\u00a0\u00bb3d\u00a0\u00bb color=\u00a0\u00bbprimary\u00a0\u00bb align=\u00a0\u00bbcenter\u00a0\u00bb css_animation=\u00a0\u00bbbounceIn\u00a0\u00bb link=\u00a0\u00bburl:https%3A%2F%2Flfipalma.es%2Fwp-content%2Fuploads%2F2026%2F03%2FDossier-dinscription-2026-2027_FR.pdf|target:_blank\u00a0\u00bb][vc_column_text css=\u00a0\u00bb.vc_custom_1671447020011{padding-left: 60px !important;}\u00a0\u00bb]3. (Si vous t\u00e9l\u00e9charger le dossier d\u2019inscription, merci de bien vouloir prendre connaissance du r\u00e8glement financier. ICONE T\u00e9l\u00e9charger le r\u00e8glement financier).<em>\u00a0<\/em>[\/vc_column_text][vc_btn title=\u00a0\u00bbR\u00e8glement financier 2025-2026&Prime; style=\u00a0\u00bb3d\u00a0\u00bb color=\u00a0\u00bbprimary\u00a0\u00bb align=\u00a0\u00bbcenter\u00a0\u00bb css_animation=\u00a0\u00bbbounceIn\u00a0\u00bb link=\u00a0\u00bburl:https%3A%2F%2Flfipalma.es%2Fwp-content%2Fuploads%2F2025%2F02%2FReglement-financier-2025_2026_PALMA-en-FR_signe.pdf|target:_blank\u00a0\u00bb][vc_btn title=\u00a0\u00bbR\u00e8glement financier 2026-2027&Prime; style=\u00a0\u00bb3d\u00a0\u00bb color=\u00a0\u00bbprimary\u00a0\u00bb align=\u00a0\u00bbcenter\u00a0\u00bb css_animation=\u00a0\u00bbbounceIn\u00a0\u00bb link=\u00a0\u00bburl:https%3A%2F%2Flfipalma.es%2Fwp-content%2Fuploads%2F2026%2F03%2FRF-et-tarifs-26_27-LFiPALMA-en-FR.pdf|target:_blank\u00a0\u00bb]<div class=\"ztl-divider  center primary \">\r\n                <span style=\"border-color:; \" class=\"circle\">\r\n                    <span style=\"background-color:; \"><\/span>\r\n                    <span style=\"background-color:; \"><\/span>\r\n                <\/span>\r\n            <\/div>[vc_empty_space height=\u00a0\u00bb50px\u00a0\u00bb][vc_btn title=\u00a0\u00bbAnnexe 1&Prime; style=\u00a0\u00bb3d\u00a0\u00bb color=\u00a0\u00bbprimary\u00a0\u00bb align=\u00a0\u00bbcenter\u00a0\u00bb css_animation=\u00a0\u00bbbounceIn\u00a0\u00bb link=\u00a0\u00bburl:https%3A%2F%2Flfipalma.es%2Fwp-content%2Fuploads%2F2025%2F02%2FAnnexe-1-Tarifs-25_26.pdf|target:_blank\u00a0\u00bb][vc_btn title=\u00a0\u00bbAnnexe 2&Prime; style=\u00a0\u00bb3d\u00a0\u00bb color=\u00a0\u00bbprimary\u00a0\u00bb align=\u00a0\u00bbcenter\u00a0\u00bb css_animation=\u00a0\u00bbbounceIn\u00a0\u00bb link=\u00a0\u00bburl:https%3A%2F%2Flfipalma.es%2Fwp-content%2Fuploads%2F2025%2F08%2Fanexo-2-plazos.pdf|target:_blank\u00a0\u00bb][vc_column_text css=\u00a0\u00bb.vc_custom_1671625158362{padding-left: 60px !important;}\u00a0\u00bb]4. Remettre le dossier original au secr\u00e9tariat, accompagn\u00e9 de l\u2019ensemble des documents et pi\u00e8ces justificatives demand\u00e9s. (Pr\u00e9sentiel ou par courrier.)<\/p>\n<p>5. Payer les droits d&rsquo;inscription par virement sur le compte bancaire du lyc\u00e9e indiquant : Inscription + Nom et pr\u00e9nom de l&rsquo;\u00e9l\u00e8ve.\u00a0\u00bb IBAN : ES68 2100 8122 8813 0078 4577 BIC : CAIXESBBXXX<\/p>\n<p>&nbsp;<\/p>\n<p>&nbsp;<\/p>\n<p>L\u2019inscription est d\u00e9finitive dans la limite des places disponibles apr\u00e8s r\u00e9ception du dossier d\u2019inscription et des droits d\u2019inscription.<\/p>\n<p>Vous envisagez de faire une demande de bourse\u00a0? Comment, o\u00f9 et quand\u00a0?[\/vc_column_text][\/vc_column_inner][\/vc_row_inner][vc_row_inner][vc_column_inner width=\u00a0\u00bb1\/3&Prime;][vc_icon type=\u00a0\u00bbfontawesome\u00a0\u00bb icon_fontawesome=\u00a0\u00bbfas fa-download\u00a0\u00bb align=\u00a0\u00bbcenter\u00a0\u00bb link=\u00a0\u00bburl:https%3A%2F%2Flfipalma.es%2Fwp-content%2Fuploads%2F2022%2F12%2FLe-dispositif-des-bourses-scolaires.pdf|target:_blank\u00a0\u00bb][vc_column_text]<\/p>\n<p style=\"text-align: center;\">Le dispositif des bourses scolaires<\/p>\n<p>[\/vc_column_text][\/vc_column_inner][vc_column_inner width=\u00a0\u00bb1\/3&Prime;][vc_icon type=\u00a0\u00bbfontawesome\u00a0\u00bb icon_fontawesome=\u00a0\u00bbfas fa-download\u00a0\u00bb align=\u00a0\u00bbcenter\u00a0\u00bb link=\u00a0\u00bburl:https%3A%2F%2Flfipalma.es%2Fwp-content%2Fuploads%2F2024%2F09%2Fdiaporama_explicatif_2023-2024.pdf|target:_blank\u00a0\u00bb][vc_column_text]<\/p>\n<p style=\"text-align: center;\">Diaporama explicatif Bourses scolaire 2026-2027<\/p>\n<p>[\/vc_column_text][\/vc_column_inner][vc_column_inner width=\u00a0\u00bb1\/3&Prime;][vc_icon type=\u00a0\u00bbfontawesome\u00a0\u00bb icon_fontawesome=\u00a0\u00bbfas fa-download\u00a0\u00bb align=\u00a0\u00bbcenter\u00a0\u00bb link=\u00a0\u00bburl:https%3A%2F%2Flfipalma.es%2Fwp-content%2Fuploads%2F2024%2F09%2Fbrochure_d_information_aefe_2024-2025.pdf|target:_blank\u00a0\u00bb][vc_column_text]<\/p>\n<p style=\"text-align: center;\">Brochure information \u2013 Bourses 2026 -2027<\/p>\n<p>[\/vc_column_text][\/vc_column_inner][\/vc_row_inner][vc_empty_space height=\u00a0\u00bb50px\u00a0\u00bb][\/vc_column][\/vc_row][vc_row css=\u00a0\u00bb.vc_custom_1549625651426{margin-right: 0px !important;margin-left: 0px !important;border-top-width: px !important;border-bottom-width: px !important;border-left-width: px !important;background-color: #ffffff !important;border-left-color: #ffffff !important;border-top-color: #ffffff !important;border-bottom-color: #ffffff !important;}\u00a0\u00bb][vc_column css=\u00a0\u00bb.vc_custom_1549625407333{background-color: rgba(255,255,255,0.01) !important;*background-color: rgb(255,255,255) !important;}\u00a0\u00bb][vc_empty_space height=\u00a0\u00bb10px\u00a0\u00bb][\/vc_column][\/vc_row][vc_row][vc_column width=\u00a0\u00bb1\/6&Prime;][\/vc_column][vc_column width=\u00a0\u00bb2\/3&Prime;]<div class=\"ztl-divider  center primary \">\r\n                <span style=\"border-color:; \" class=\"circle\">\r\n                    <span style=\"background-color:; \"><\/span>\r\n                    <span style=\"background-color:; \"><\/span>\r\n                <\/span>\r\n            <\/div>[vc_empty_space height=\u00a0\u00bb40px\u00a0\u00bb][vc_column_text]<\/p>\n<p style=\"text-align: center;\"><span style=\"font-weight: 400;\">Vous pouvez contacter le secr\u00e9tariat pour plus d&rsquo;informations.\u00a0<\/span><\/p>\n<p style=\"text-align: center;\"><span style=\"font-weight: 400;\">Le secr\u00e9tariat est ouvert de 8h30 \u00e0 17h30 h du lundi au vendredi. \u00a0<\/span><\/p>\n<p style=\"text-align: center;\"><b>Tel:<\/b> <b>(00 34) 971 73 92 60\u00a0 &#8211;\u00a0 Administration :<\/b><span style=\"font-weight: 400;\">\u00a0<\/span><a href=\"mailto:secretaria.palma@mlfmonde.org\"><span style=\"font-weight: 400;\">sec<\/span><span style=\"font-weight: 400;\">retaria.palma@mlfmonde.org <\/span><\/a><\/p>\n<p>[\/vc_column_text][vc_empty_space height=\u00a0\u00bb60px\u00a0\u00bb][vc_column_text]<\/p>\n<p style=\"text-align: center;\"><strong>Tarifs pour l&rsquo;ann\u00e9e scolaire 2024-2025 &#8211; Annuel<\/strong><\/p>\n<p>[\/vc_column_text][vc_column_text]<\/p>\n<table width=\"100%\">\n<tbody>\n<tr>\n<td width=\"34%\"><\/td>\n<td width=\"15%\"><strong>Pr\u00e9-\u00e9l\u00e9mentaire<\/strong><\/td>\n<td width=\"16%\"><strong>El\u00e9mentaire<\/strong><\/td>\n<td width=\"16%\"><strong>Coll\u00e8ge<\/strong><\/td>\n<td width=\"16%\"><strong>Lyc\u00e9e<\/strong><\/td>\n<\/tr>\n<tr>\n<td width=\"34%\"><strong>Scolarit\u00e9<\/strong><\/td>\n<td width=\"15%\">\u00a07.100\u20ac<\/td>\n<td width=\"16%\">7.100 \u20ac<\/td>\n<td width=\"16%\">8.020 \u20ac<\/td>\n<td width=\"16%\">8.880 \u20ac<\/td>\n<\/tr>\n<tr>\n<td width=\"34%\"><strong>Demi-pension<\/strong><\/td>\n<td width=\"15%\">1.450 \u20ac<\/td>\n<td colspan=\"3\" width=\"50%\"><\/td>\n<\/tr>\n<\/tbody>\n<\/table>\n<p>[\/vc_column_text][vc_column_text]<strong>Frais de 1\u00e8re inscription : 1200 \u20ac<\/strong>[\/vc_column_text][vc_empty_space height=\u00a0\u00bb60px\u00a0\u00bb][\/vc_column][vc_column width=\u00a0\u00bb1\/6&Prime;][\/vc_column][\/vc_row]<\/p>\n","protected":false},"excerpt":{"rendered":"<p>[vc_row full_width=\u00a0\u00bbstretch_row_content_no_spaces\u00a0\u00bb css=\u00a0\u00bb.vc_custom_1548173528071{margin-right: 0px !important;margin-left: 0px !important;background-color: rgba(0,0,0,0.04) !important;*background-color: rgb(0,0,0) !important;}\u00a0\u00bb][vc_column][vc_column_text] Nous pouvons vous proposer une visite de l\u2019\u00e9tablissement au cours de laquelle nous vous expliquerons notre fonctionnement p\u00e9dagogique. [\/vc_column_text][vc_empty_space height=\u00a0\u00bb60px\u00a0\u00bb][\/vc_column][\/vc_row][vc_row css=\u00a0\u00bb.vc_custom_1457029699671{margin-top: 10px !important;margin-bottom: 0px !important;}\u00a0\u00bb el_class=\u00a0\u00bbztl-contact-info\u00a0\u00bb][vc_column width=\u00a0\u00bb1\/2&Prime;][vc_row_inner el_class=\u00a0\u00bbztl-contact-form\u00a0\u00bb css=\u00a0\u00bb.vc_custom_1549019592724{padding-left: 35px !important;}\u00a0\u00bb][vc_column_inner][vc_icon type=\u00a0\u00bbfontawesome\u00a0\u00bb icon_fontawesome=\u00a0\u00bbfa fa-calendar-o\u00a0\u00bb color=\u00a0\u00bbcustom\u00a0\u00bb background_style=\u00a0\u00bbrounded-outline\u00a0\u00bb size=\u00a0\u00bbztl-lg\u00a0\u00bb align=\u00a0\u00bbcenter\u00a0\u00bb custom_color=\u00a0\u00bb#ff4e31&Prime; css=\u00a0\u00bb.vc_custom_1549017804158{margin-top: 0px !important;margin-right: 0px !important;margin-bottom: [&hellip;]<\/p>\n","protected":false},"author":1,"featured_media":0,"parent":0,"menu_order":0,"comment_status":"closed","ping_status":"closed","template":"","meta":{"_monsterinsights_skip_tracking":false,"_monsterinsights_sitenote_active":false,"_monsterinsights_sitenote_note":"","_monsterinsights_sitenote_category":0,"_uf_show_specific_survey":0,"_uf_disable_surveys":false,"footnotes":""},"aioseo_notices":[],"_links":{"self":[{"href":"https:\/\/lfipalma.es\/fr\/wp-json\/wp\/v2\/pages\/7683"}],"collection":[{"href":"https:\/\/lfipalma.es\/fr\/wp-json\/wp\/v2\/pages"}],"about":[{"href":"https:\/\/lfipalma.es\/fr\/wp-json\/wp\/v2\/types\/page"}],"author":[{"embeddable":true,"href":"https:\/\/lfipalma.es\/fr\/wp-json\/wp\/v2\/users\/1"}],"replies":[{"embeddable":true,"href":"https:\/\/lfipalma.es\/fr\/wp-json\/wp\/v2\/comments?post=7683"}],"version-history":[{"count":49,"href":"https:\/\/lfipalma.es\/fr\/wp-json\/wp\/v2\/pages\/7683\/revisions"}],"predecessor-version":[{"id":22106,"href":"https:\/\/lfipalma.es\/fr\/wp-json\/wp\/v2\/pages\/7683\/revisions\/22106"}],"wp:attachment":[{"href":"https:\/\/lfipalma.es\/fr\/wp-json\/wp\/v2\/media?parent=7683"}],"curies":[{"name":"wp","href":"https:\/\/api.w.org\/{rel}","templated":true}]}}