{"id":7725,"date":"2019-04-11T13:22:30","date_gmt":"2019-04-11T13:22:30","guid":{"rendered":"https:\/\/lfipalma.es\/?page_id=7725"},"modified":"2023-05-10T11:35:05","modified_gmt":"2023-05-10T09:35:05","slug":"orientation","status":"publish","type":"page","link":"https:\/\/lfipalma.es\/fr\/orientation\/","title":{"rendered":"Orientation"},"content":{"rendered":"<p>[vc_row][vc_column][vc_column_text]Gr\u00e2ce \u00e0 un accompagnement personnalis\u00e9, les \u00e9tudiants du LFiP sont \u00e0 m\u00eame de choisir quels parcours et quels \u00e9tablissements d\u2019enseignement sup\u00e9rieur correspondent le mieux \u00e0 leur profil. Le Baccalaur\u00e9at fran\u00e7ais, reconnu et appr\u00e9ci\u00e9 dans le monde entier, permet aux \u00e9l\u00e8ves de postuler \u00e0 l\u2019international.<\/p>\n<p>Ainsi, la plupart des \u00e9l\u00e8ves obtiennent, d\u00e8s la fin du premier tour d\u2019admissions, une place l\u00e0 o\u00f9 ils le d\u00e9sirent. Les \u00e9tudiants du LFiP sont r\u00e9guli\u00e8rement reconnus pour leur excellence, et choisissent les domaines suivants : Sciences &amp; Technologies (36%), Commerce (26%), Droit &amp; Sciences politiques (11%), Sant\u00e9 (10%), Arts et Architecture (6%), Lettres et Langues (5%), Communication et Audiovisuel (4%).[\/vc_column_text][vc_empty_space height=\u00a0\u00bb60px\u00a0\u00bb][\/vc_column][\/vc_row][vc_row disable_element=\u00a0\u00bbyes\u00a0\u00bb][vc_column][vc_empty_space height=\u00a0\u00bb20px\u00a0\u00bb][vc_empty_space height=\u00a0\u00bb400px\u00a0\u00bb css=\u00a0\u00bb.vc_custom_1548236872223{background-image: url(https:\/\/lfipalma.es\/wp-content\/uploads\/2019\/01\/MG_6458.jpg?id=5968) !important;background-position: center !important;background-repeat: no-repeat !important;background-size: cover !important;}\u00a0\u00bb][vc_empty_space height=\u00a0\u00bb20px\u00a0\u00bb][\/vc_column][\/vc_row][vc_row][vc_column width=\u00a0\u00bb1\/6&Prime;][vc_single_image image=\u00a0\u00bb12414&Prime; img_size=\u00a0\u00bbmedium\u00a0\u00bb alignment=\u00a0\u00bbcenter\u00a0\u00bb][\/vc_column][vc_column width=\u00a0\u00bb1\/6&Prime;][vc_single_image image=\u00a0\u00bb12416&Prime; img_size=\u00a0\u00bbmedium\u00a0\u00bb alignment=\u00a0\u00bbcenter\u00a0\u00bb][\/vc_column][vc_column width=\u00a0\u00bb1\/6&Prime;][vc_single_image image=\u00a0\u00bb12418&Prime; img_size=\u00a0\u00bbmedium\u00a0\u00bb alignment=\u00a0\u00bbcenter\u00a0\u00bb][\/vc_column][vc_column width=\u00a0\u00bb1\/6&Prime;][vc_single_image image=\u00a0\u00bb12420&Prime; img_size=\u00a0\u00bbmedium\u00a0\u00bb alignment=\u00a0\u00bbcenter\u00a0\u00bb][\/vc_column][vc_column width=\u00a0\u00bb1\/6&Prime;][vc_single_image image=\u00a0\u00bb12422&Prime; img_size=\u00a0\u00bbmedium\u00a0\u00bb alignment=\u00a0\u00bbcenter\u00a0\u00bb][\/vc_column][vc_column width=\u00a0\u00bb1\/6&Prime;][vc_single_image image=\u00a0\u00bb12424&Prime; img_size=\u00a0\u00bbmedium\u00a0\u00bb alignment=\u00a0\u00bbcenter\u00a0\u00bb][\/vc_column][\/vc_row][vc_row][vc_column width=\u00a0\u00bb1\/6&Prime;][vc_single_image image=\u00a0\u00bb12426&Prime; img_size=\u00a0\u00bbmedium\u00a0\u00bb alignment=\u00a0\u00bbcenter\u00a0\u00bb][\/vc_column][vc_column width=\u00a0\u00bb1\/6&Prime;][vc_single_image image=\u00a0\u00bb12428&Prime; img_size=\u00a0\u00bbmedium\u00a0\u00bb alignment=\u00a0\u00bbcenter\u00a0\u00bb][\/vc_column][vc_column width=\u00a0\u00bb1\/6&Prime;][vc_single_image image=\u00a0\u00bb12430&Prime; img_size=\u00a0\u00bbmedium\u00a0\u00bb alignment=\u00a0\u00bbcenter\u00a0\u00bb][\/vc_column][vc_column width=\u00a0\u00bb1\/6&Prime;][vc_single_image image=\u00a0\u00bb12432&Prime; img_size=\u00a0\u00bbmedium\u00a0\u00bb alignment=\u00a0\u00bbcenter\u00a0\u00bb][\/vc_column][vc_column width=\u00a0\u00bb1\/6&Prime;][vc_single_image image=\u00a0\u00bb12434&Prime; img_size=\u00a0\u00bbmedium\u00a0\u00bb alignment=\u00a0\u00bbcenter\u00a0\u00bb][\/vc_column][vc_column width=\u00a0\u00bb1\/6&Prime;][vc_single_image image=\u00a0\u00bb12436&Prime; img_size=\u00a0\u00bbmedium\u00a0\u00bb alignment=\u00a0\u00bbcenter\u00a0\u00bb][\/vc_column][\/vc_row][vc_row][vc_column width=\u00a0\u00bb1\/6&Prime;][\/vc_column][vc_column width=\u00a0\u00bb1\/6&Prime;][vc_single_image image=\u00a0\u00bb12438&Prime; img_size=\u00a0\u00bbmedium\u00a0\u00bb alignment=\u00a0\u00bbcenter\u00a0\u00bb][\/vc_column][vc_column width=\u00a0\u00bb1\/6&Prime;][vc_single_image image=\u00a0\u00bb12440&Prime; img_size=\u00a0\u00bbmedium\u00a0\u00bb alignment=\u00a0\u00bbcenter\u00a0\u00bb][\/vc_column][vc_column width=\u00a0\u00bb1\/6&Prime;][vc_single_image image=\u00a0\u00bb12442&Prime; img_size=\u00a0\u00bbmedium\u00a0\u00bb alignment=\u00a0\u00bbcenter\u00a0\u00bb][\/vc_column][vc_column width=\u00a0\u00bb1\/6&Prime;][vc_single_image image=\u00a0\u00bb12444&Prime; img_size=\u00a0\u00bbmedium\u00a0\u00bb alignment=\u00a0\u00bbcenter\u00a0\u00bb][\/vc_column][vc_column width=\u00a0\u00bb1\/6&Prime;][\/vc_column][\/vc_row][vc_row][vc_column][vc_empty_space height=\u00a0\u00bb60px\u00a0\u00bb][vc_tta_accordion style=\u00a0\u00bboutline\u00a0\u00bb shape=\u00a0\u00bbsquare\u00a0\u00bb active_section=\u00a0\u00bb123123&Prime; no_fill=\u00a0\u00bbtrue\u00a0\u00bb collapsible_all=\u00a0\u00bbtrue\u00a0\u00bb el_class=\u00a0\u00bbztl-accordion\u00a0\u00bb][vc_tta_section title=\u00a0\u00bbEtudier en France\u00a0\u00bb tab_id=\u00a0\u00bb1547730539523-769d45dd-48ba\u00a0\u00bb][vc_column_text]La poursuite d\u2019\u00e9tudes dans l\u2019enseignement sup\u00e9rieur en France est r\u00e9gie par la plateforme<a href=\"https:\/\/www.parcoursup.fr\/\"> PARCOURSUP<\/a>, portail national des admissions dans l\u2019enseignement sup\u00e9rieur en France.<\/p>\n<p>Un espace de documentation met \u00e0 disposition de nombreux documents publi\u00e9s par l\u2019<a href=\"https:\/\/www.onisep.fr\/\">ONISEP<\/a>.<\/p>\n<p>Pour toute information suppl\u00e9mentaire, contacter <a href=\"mailto:charles.corbeau@mlfmonde.org\">shannon.dejesus@mlfmonde.org<\/a>[\/vc_column_text][\/vc_tta_section][vc_tta_section title=\u00a0\u00bbEtudier en Espagne\u00a0\u00bb tab_id=\u00a0\u00bb1548236946054-f2cf9563-cd26&Prime;][vc_column_text]<span style=\"font-weight: 400;\">Les \u00e9l\u00e8ves du Lyc\u00e9e Fran\u00e7ais international de Palma qui choisissent de poursuivre leurs \u00e9tudes en Espagne obtiennent la <\/span><i><span style=\"font-weight: 400;\">Nota de<\/span><\/i> <i><span style=\"font-weight: 400;\">Acesso a la Universidad<\/span><\/i><span style=\"font-weight: 400;\"> (<\/span><i><span style=\"font-weight: 400;\">Credencial) <\/span><\/i><span style=\"font-weight: 400;\">sur 10, sur la base des notes obtenues au Baccalaur\u00e9at et aux contr\u00f4les continus de 1\u00e8re et Terminale, sans passer d\u2019\u00e9preuves sp\u00e9cifiques.<\/span><\/p>\n<p><span style=\"font-weight: 400;\">Pour obtenir une note sur 14 pour entrer dans les meilleures universit\u00e9s, deux options leur sont offertes en fonction de l\u2019Universit\u00e9 \u00e0 laquelle ils aspirent :<\/span><\/p>\n<ul>\n<li style=\"font-weight: 400;\" aria-level=\"1\"><span style=\"font-weight: 400;\">Les universit\u00e9s du Pays Basques, de la communaut\u00e9 de Madrid, d\u2019Aragon, de Navarre, de Cantabria, de la Rioja, d\u2019Oviedo et de la communaut\u00e9 de Valence, permettent \u00e0 nos \u00e9l\u00e8ves d\u2019augmenter la <\/span><i><span style=\"font-weight: 400;\">Credencial <\/span><\/i><span style=\"font-weight: 400;\">avec les notes de certaines \u00e9preuves du Baccalaur\u00e9at (<\/span><i><span style=\"font-weight: 400;\">Reconocimiento de Asignaturas<\/span><\/i><span style=\"font-weight: 400;\">).<\/span><\/li>\n<li style=\"font-weight: 400;\" aria-level=\"1\"><span style=\"font-weight: 400;\">Dans les autres universit\u00e9s, il est n\u00e9cessaire de passer des \u00e9preuves sp\u00e9cifiques de <\/span><a href=\"http:\/\/portal.uned.es\/portal\/page?_pageid=93,55223674,93_55219630&amp;_dad=portal\"><i><span style=\"font-weight: 400;\">PCE<\/span><\/i><span style=\"font-weight: 400;\"> (<\/span><i><span style=\"font-weight: 400;\">Selectividad)<\/span><\/i><\/a><span style=\"font-weight: 400;\"> pour am\u00e9liorer cette note.\u00a0\u00a0<\/span><\/li>\n<\/ul>\n<p><span style=\"font-weight: 400;\">Une aide sp\u00e9cifique leur est apport\u00e9e par le Directeur des \u00c9tudes Espagnoles pour postuler dans des \u00e9tablissements, s\u2019inscrire aux \u00e9preuves \u00e9crites de la PCE, solliciter la \u2018<\/span><i><span style=\"font-weight: 400;\">Nota de acceso a la Universidad\u2019<\/span><\/i><span style=\"font-weight: 400;\">, l\u2019homologation du <\/span><i><span style=\"font-weight: 400;\">Titulo de Bachiller<\/span><\/i><span style=\"font-weight: 400;\">, monter leurs dossiers et faire leurs choix en fonction des \u2018<\/span><i><span style=\"font-weight: 400;\">notas de corte<\/span><\/i><span style=\"font-weight: 400;\">\u2019 et des r\u00e9sultats obtenus.<\/span><\/p>\n<p><span style=\"font-weight: 400;\">Pour toute information suppl\u00e9mentaire, contacter le Directeur des \u00c9tudes Espagnoles : <\/span><a href=\"mailto:juan-carlos.triay@mlfmonde.org\"><span style=\"font-weight: 400;\">juan-carlos.triay@mlfmonde.org<\/span><\/a>[\/vc_column_text][\/vc_tta_section][vc_tta_section title=\u00a0\u00bbEtudier en anglais\u00a0\u00bb tab_id=\u00a0\u00bb1547730598318-e50c18ac-bd3e\u00a0\u00bb][vc_column_text]<span style=\"font-weight: 400;\">Un nombre croissant d\u2019\u00e9l\u00e8ves du Lyc\u00e9e Fran\u00e7ais international de Palma choisissent une orientation dans<\/span><a href=\"https:\/\/www.eunicas.ie\/\"> <span style=\"font-weight: 400;\">l\u2019enseignement sup\u00e9rieur anglophone,<\/span><\/a><span style=\"font-weight: 400;\"> au Royaume Uni, Canada, Pays Bas, Belgique, Irlande, etc.<\/span><\/p>\n<p><span style=\"font-weight: 400;\">Une aide sp\u00e9cifique leur est apport\u00e9e pour postuler dans ces \u00e9tablissements, monter leurs dossiers (<\/span><i><span style=\"font-weight: 400;\">predicted grades<\/span><\/i><span style=\"font-weight: 400;\">, lettres de recommandation), r\u00e9diger leurs lettres de motivation et faire leurs choix en fonction des r\u00e9sultats obtenus.<\/span>[\/vc_column_text][\/vc_tta_section][vc_tta_section title=\u00a0\u00bbActions\u00a0\u00bb tab_id=\u00a0\u00bb1547730616488-e3a55a9d-195c\u00a0\u00bb][vc_column_text]<\/p>\n<ul>\n<li style=\"font-weight: 400;\">\n<ul>\n<li style=\"font-weight: 400;\"><span style=\"font-weight: 400;\">Stages en entreprise (3<\/span><span style=\"font-weight: 400;\">\u00e8me<\/span><span style=\"font-weight: 400;\">, 2<\/span><span style=\"font-weight: 400;\">nde<\/span><span style=\"font-weight: 400;\"> )<\/span><\/li>\n<\/ul>\n<p><span style=\"font-weight: 400;\">Au cours de l\u2019ann\u00e9e de 3<\/span><span style=\"font-weight: 400;\">\u00e8me<\/span><span style=\"font-weight: 400;\"> et en fin de 2<\/span><span style=\"font-weight: 400;\">nde<\/span><span style=\"font-weight: 400;\">, tous les \u00e9l\u00e8ves du LFiP effectuent un stage en entreprise. Cette premi\u00e8re rencontre directe avec le monde du travail est pr\u00e9par\u00e9e par le professeur principal : \u00e9criture d\u2019un CV, d\u2019une lettre de motivation, entretien, appel t\u00e9l\u00e9phonique, etc. <\/span><\/p>\n<p><span style=\"font-weight: 400;\">Ce stage s\u2019effectue dans le cadre d\u2019une convention entre l\u2019entreprise et le LFiP. Il fait ensuite l\u2019objet d\u2019un rapport de stage \u00e9crit et d\u2019une soutenance orale qui sont \u00e9valu\u00e9s. <\/span><\/p>\n<ul>\n<li style=\"font-weight: 400;\"><span style=\"font-weight: 400;\">Un forum des m\u00e9tiers est organis\u00e9 pour les \u00e9l\u00e8ves de 4e \u00e0 Terminale.<\/span><\/li>\n<li style=\"font-weight: 400;\"><span style=\"font-weight: 400;\">Des soir\u00e9es th\u00e9matiques sont mises en place pour les \u00e9tudes scientifiques, les \u00e9tudes en sciences humaines, les \u00e9tudes litt\u00e9raires et artistiques.<\/span><\/li>\n<li style=\"font-weight: 400;\"><span style=\"font-weight: 400;\">Des r\u00e9unions d\u2019information destin\u00e9es aux \u00e9l\u00e8ves et aux parents sont propos\u00e9s au cours des trois ann\u00e9es de lyc\u00e9e.<\/span><\/li>\n<li style=\"font-weight: 400;\"><span style=\"font-weight: 400;\">Une plateforme de communication d\u00e9di\u00e9e aux \u00e9l\u00e8ves est propos\u00e9e \u00e0 partir de la rentr\u00e9e pour les accompagner dans leur orientation, quelle qu&rsquo;elle soit. <\/span><\/li>\n<\/ul>\n<\/li>\n<\/ul>\n<p>[\/vc_column_text][\/vc_tta_section][vc_tta_section title=\u00a0\u00bbQue deviennent nos \u00e9l\u00e8ves ?\u00a0\u00bb tab_id=\u00a0\u00bb1547730647662-95d2bd50-b3e8&Prime;][vc_column_text]<span style=\"font-weight: 400;\">Gr\u00e2ce \u00e0 la plateforme <\/span><b>AGORA <\/b><span style=\"font-weight: 400;\">(Alliance G\u00e9n\u00e9rations Orientation R\u00e9seau AEFE), nos \u00e9l\u00e8ves ont acc\u00e8s \u00e0 un espace de partage et de mutualisation d\u2019exp\u00e9riences entre lyc\u00e9ens et anciens lyc\u00e9ens du r\u00e9seau AEFE : un forum, des interviews, des t\u00e9moignages vid\u00e9o, etc. <\/span><\/p>\n<h3><a href=\"http:\/\/efep.es\/resultados-4\/acceso-a-la-universidad\/\"><span style=\"color: #008080;\">Acc\u00e8s \u00e0 l&rsquo;universit\u00e9.<\/span><\/a><\/h3>\n<p>[\/vc_column_text][\/vc_tta_section][\/vc_tta_accordion][vc_empty_space height=\u00a0\u00bb40px\u00a0\u00bb][\/vc_column][\/vc_row][vc_row full_width=\u00a0\u00bbstretch_row\u00a0\u00bb disable_element=\u00a0\u00bbyes\u00a0\u00bb css=\u00a0\u00bb.vc_custom_1614007905980{background-color: #f2f2f2 !important;}\u00a0\u00bb][vc_column width=\u00a0\u00bb1\/6&Prime;][\/vc_column][vc_column width=\u00a0\u00bb2\/3&Prime;]<h2 style=\"color:;\" class=\"  ztl-center \">Autres pays<\/h2><div class=\"ztl-divider  center primary \">\r\n                <span style=\"border-color:; \" class=\"circle\">\r\n                    <span style=\"background-color:; \"><\/span>\r\n                    <span style=\"background-color:; \"><\/span>\r\n                <\/span>\r\n            <\/div>[vc_empty_space height=\u00a0\u00bb60px\u00a0\u00bb][\/vc_column][vc_column width=\u00a0\u00bb1\/6&Prime;][\/vc_column][\/vc_row][vc_row disable_element=\u00a0\u00bbyes\u00a0\u00bb][vc_column width=\u00a0\u00bb1\/6&Prime;][\/vc_column][vc_column width=\u00a0\u00bb2\/3&Prime;][vc_images_carousel images=\u00a0\u00bb5743,5744,5745,5746,5747,5748,5749,5750,5751,5752,5753,5754,5755,5756,5757,5758,5759,5760,5761,5762,5763,5764,5765,5766,5767,5768,5769,5770,5771,5772,5773,5774,5775,5776,5777,5778,5779,5780,5781,5782&Prime; img_size=\u00a0\u00bbfull\u00a0\u00bb autoplay=\u00a0\u00bbyes\u00a0\u00bb hide_pagination_control=\u00a0\u00bbyes\u00a0\u00bb wrap=\u00a0\u00bbyes\u00a0\u00bb][\/vc_column][vc_column width=\u00a0\u00bb1\/6&Prime;][\/vc_column][\/vc_row][vc_row full_width=\u00a0\u00bbstretch_row\u00a0\u00bb css=\u00a0\u00bb.vc_custom_1494881170341{margin-bottom: -50px !important;background-color: #f2f2f2 !important;}\u00a0\u00bb][vc_column css=\u00a0\u00bb.vc_custom_1480863659858{margin-top: 0px !important;padding-top: 0px !important;}\u00a0\u00bb]<div class=\"ztl-announcement  \">\r\n            <div class=\"row table-row\">\r\n                <div class=\"ztl-col col-lg-9 col-md-9 col-sm-9 col-xs-12 \">\r\n                    <div class=\"ztl-flex ztl-mobile-container\">\r\n                        <div class=\"ztl-icon left\" style=\"background-color:#ffffff\">\r\n                            <span class=\"flaticon-board\" style=\"color:#ff4e31\"><\/span>\r\n                        <\/div>\r\n                        <div class=\"content\" style=\"color:#002749\">\r\n                            <div class=\"line-1\">\r\n                                <h3>BESOIN DE PLUS D&#039;INFORMATIONS?<\/h3>\r\n                            <\/div>\r\n                            <div class=\"line-2\">\r\n                             Contactez nous pour plus de d\u00e9tails\r\n                            <\/div>\r\n                        <\/div>\r\n                    <\/div>\r\n                <\/div>\r\n                <div class=\"ztl-action ztl-col col-lg-3 col-md-3 col-sm-3 col-xs-12 \">\r\n                    <div class=\"ztl-button-one\"><a href=\"https:\/\/lfipalma.es\/fr\/contact\/\" target=\"_self\">CONTACT<\/a><\/div>\r\n                <\/div>\r\n            <\/div>\r\n\t<\/div>[\/vc_column][\/vc_row]<\/p>\n","protected":false},"excerpt":{"rendered":"<p>[vc_row][vc_column][vc_column_text]Gr\u00e2ce \u00e0 un accompagnement personnalis\u00e9, les \u00e9tudiants du LFiP sont \u00e0 m\u00eame de choisir quels parcours et quels \u00e9tablissements d\u2019enseignement sup\u00e9rieur correspondent le mieux \u00e0 leur profil. Le Baccalaur\u00e9at fran\u00e7ais, reconnu et appr\u00e9ci\u00e9 dans le monde entier, permet aux \u00e9l\u00e8ves de postuler \u00e0 l\u2019international. Ainsi, la plupart des \u00e9l\u00e8ves obtiennent, d\u00e8s la fin du premier [&hellip;]<\/p>\n","protected":false},"author":1,"featured_media":12414,"parent":0,"menu_order":0,"comment_status":"closed","ping_status":"closed","template":"","meta":{"_monsterinsights_skip_tracking":false,"_monsterinsights_sitenote_active":false,"_monsterinsights_sitenote_note":"","_monsterinsights_sitenote_category":0,"_uf_show_specific_survey":0,"_uf_disable_surveys":false,"footnotes":""},"aioseo_notices":[],"_links":{"self":[{"href":"https:\/\/lfipalma.es\/fr\/wp-json\/wp\/v2\/pages\/7725"}],"collection":[{"href":"https:\/\/lfipalma.es\/fr\/wp-json\/wp\/v2\/pages"}],"about":[{"href":"https:\/\/lfipalma.es\/fr\/wp-json\/wp\/v2\/types\/page"}],"author":[{"embeddable":true,"href":"https:\/\/lfipalma.es\/fr\/wp-json\/wp\/v2\/users\/1"}],"replies":[{"embeddable":true,"href":"https:\/\/lfipalma.es\/fr\/wp-json\/wp\/v2\/comments?post=7725"}],"version-history":[{"count":1,"href":"https:\/\/lfipalma.es\/fr\/wp-json\/wp\/v2\/pages\/7725\/revisions"}],"predecessor-version":[{"id":16666,"href":"https:\/\/lfipalma.es\/fr\/wp-json\/wp\/v2\/pages\/7725\/revisions\/16666"}],"wp:featuredmedia":[{"embeddable":true,"href":"https:\/\/lfipalma.es\/fr\/wp-json\/wp\/v2\/media\/12414"}],"wp:attachment":[{"href":"https:\/\/lfipalma.es\/fr\/wp-json\/wp\/v2\/media?parent=7725"}],"curies":[{"name":"wp","href":"https:\/\/api.w.org\/{rel}","templated":true}]}}