{"id":7736,"date":"2018-03-09T11:16:09","date_gmt":"2018-03-09T11:16:09","guid":{"rendered":"https:\/\/lfipalma.es\/?page_id=7736"},"modified":"2021-04-08T08:57:38","modified_gmt":"2021-04-08T08:57:38","slug":"projet-educatif","status":"publish","type":"page","link":"https:\/\/lfipalma.es\/fr\/projet-educatif\/","title":{"rendered":"Notre Projet \u00e9ducatif"},"content":{"rendered":"<p>[vc_row 0=\u00a0\u00bb\u00a0\u00bb][vc_column][vc_column_text]<\/p>\n<p class=\"p1\">Le Lyc\u00e9e Fran\u00e7ais international de Palma est un \u00e9tablissement fran\u00e7ais multilingue qui accueille des enfants de toutes nationalit\u00e9s de 2 \u00e0 18 ans. L\u2019enseignement dispens\u00e9 est reconnu par les Minist\u00e8res de l\u2019\u00c9ducation espagnol et fran\u00e7ais.<\/p>\n<p class=\"p1\">C\u2019est un \u00e9tablissement \u00e0 dimension humaine qui privil\u00e9gie le dialogue entre \u00e9l\u00e8ves et enseignants, entre \u00e9l\u00e8ves d\u2019origines et de cultures diff\u00e9rentes, et avec les familles. L\u2019\u00e9l\u00e8ve accueilli ici b\u00e9n\u00e9ficie d\u2019un suivi attentif et personnalis\u00e9, visant \u00e0 l\u2019accompagner dans son \u00e9volution personnelle comme dans sa scolarit\u00e9.<\/p>\n<p>[\/vc_column_text][\/vc_column][\/vc_row][vc_row 0=\u00a0\u00bb\u00a0\u00bb][vc_column width=\u00a0\u00bb1\/2&Prime;][vc_single_image image=\u00a0\u00bb7742&Prime; img_size=\u00a0\u00bb400&#215;400&Prime; alignment=\u00a0\u00bbright\u00a0\u00bb onclick=\u00a0\u00bbcustom_link\u00a0\u00bb css_animation=\u00a0\u00bbfadeInLeft\u00a0\u00bb css=\u00a0\u00bb.vc_custom_1555325876426{margin-right: -112px !important;margin-bottom: -193px !important;}\u00a0\u00bb link=\u00a0\u00bbhttps:\/\/lfipalma.es\/fr\/enseignement-plurilingue-de-qualite\/\u00a0\u00bb][vc_single_image image=\u00a0\u00bb7744&Prime; img_size=\u00a0\u00bb400&#215;400&Prime; alignment=\u00a0\u00bbright\u00a0\u00bb onclick=\u00a0\u00bbcustom_link\u00a0\u00bb css_animation=\u00a0\u00bbfadeInLeft\u00a0\u00bb css=\u00a0\u00bb.vc_custom_1555327048016{margin-top: -193px !important;margin-right: -112px !important;}\u00a0\u00bb link=\u00a0\u00bbhttps:\/\/lfipalma.es\/fr\/citoyens-responsables-et-conscients-des-enjeux-de-notre-societe\/\u00a0\u00bb][\/vc_column][vc_column width=\u00a0\u00bb1\/2&Prime;][vc_single_image image=\u00a0\u00bb7746&Prime; img_size=\u00a0\u00bb400&#215;400&Prime; onclick=\u00a0\u00bbcustom_link\u00a0\u00bb css_animation=\u00a0\u00bbfadeInRight\u00a0\u00bb css=\u00a0\u00bb.vc_custom_1555325901942{margin-bottom: -193px !important;margin-left: -112px !important;}\u00a0\u00bb link=\u00a0\u00bbhttps:\/\/lfipalma.es\/fr\/ouverture-culturelle-artistique-scientifique-et-sportive\/\u00a0\u00bb][vc_single_image image=\u00a0\u00bb7748&Prime; img_size=\u00a0\u00bb400&#215;400&Prime; onclick=\u00a0\u00bbcustom_link\u00a0\u00bb css_animation=\u00a0\u00bbfadeInRight\u00a0\u00bb css=\u00a0\u00bb.vc_custom_1555326711623{margin-top: -193px !important;margin-left: -112px !important;}\u00a0\u00bb link=\u00a0\u00bbhttps:\/\/lfipalma.es\/fr\/accompagnement-personnalise-pour-un-projet-dorientation-ambitieux\/\u00a0\u00bb][\/vc_column][\/vc_row][vc_row full_width=\u00a0\u00bbstretch_row\u00a0\u00bb css=\u00a0\u00bb.vc_custom_1494881170341{margin-bottom: -50px !important;background-color: #f2f2f2 !important;}\u00a0\u00bb][vc_column css=\u00a0\u00bb.vc_custom_1480863659858{margin-top: 0px !important;padding-top: 0px !important;}\u00a0\u00bb]<div class=\"ztl-announcement  \">\r\n            <div class=\"row table-row\">\r\n                <div class=\"ztl-col col-lg-9 col-md-9 col-sm-9 col-xs-12 \">\r\n                    <div class=\"ztl-flex ztl-mobile-container\">\r\n                        <div class=\"ztl-icon left\" style=\"background-color:#ffffff\">\r\n                            <span class=\"flaticon-board\" style=\"color:#ff4e31\"><\/span>\r\n                        <\/div>\r\n                        <div class=\"content\" style=\"color:#002749\">\r\n                            <div class=\"line-1\">\r\n                                <h3>INSCRIPTIONS<\/h3>\r\n                            <\/div>\r\n                            <div class=\"line-2\">\r\n                             Si vous avez besoin de plus d&#039;informations sur notre \u00e9cole\r\n                            <\/div>\r\n                        <\/div>\r\n                    <\/div>\r\n                <\/div>\r\n                <div class=\"ztl-action ztl-col col-lg-3 col-md-3 col-sm-3 col-xs-12 \">\r\n                    <div class=\"ztl-button-one\"><a href=\"https:\/\/lfipalma.es\/fr\/inscripciones\/\" target=\"_self\">CONTACTEZ-NOUS<\/a><\/div>\r\n                <\/div>\r\n            <\/div>\r\n\t<\/div>[\/vc_column][\/vc_row][vc_row][vc_column][vc_video link=\u00a0\u00bbhttps:\/\/www.youtube.com\/watch?v=tA2Jt4W4Dzo&amp;feature=youtu.be\u00a0\u00bb align=\u00a0\u00bbcenter\u00a0\u00bb][\/vc_column][\/vc_row]<\/p>\n","protected":false},"excerpt":{"rendered":"<p>[vc_row 0=\u00a0\u00bb\u00a0\u00bb][vc_column][vc_column_text] Le Lyc\u00e9e Fran\u00e7ais international de Palma est un \u00e9tablissement fran\u00e7ais multilingue qui accueille des enfants de toutes nationalit\u00e9s de 2 \u00e0 18 ans. L\u2019enseignement dispens\u00e9 est reconnu par les Minist\u00e8res de l\u2019\u00c9ducation espagnol et fran\u00e7ais. C\u2019est un \u00e9tablissement \u00e0 dimension humaine qui privil\u00e9gie le dialogue entre \u00e9l\u00e8ves et enseignants, entre \u00e9l\u00e8ves d\u2019origines et [&hellip;]<\/p>\n","protected":false},"author":1,"featured_media":0,"parent":0,"menu_order":0,"comment_status":"closed","ping_status":"closed","template":"","meta":{"_monsterinsights_skip_tracking":false,"_monsterinsights_sitenote_active":false,"_monsterinsights_sitenote_note":"","_monsterinsights_sitenote_category":0,"_uf_show_specific_survey":0,"_uf_disable_surveys":false,"footnotes":""},"aioseo_notices":[],"_links":{"self":[{"href":"https:\/\/lfipalma.es\/fr\/wp-json\/wp\/v2\/pages\/7736"}],"collection":[{"href":"https:\/\/lfipalma.es\/fr\/wp-json\/wp\/v2\/pages"}],"about":[{"href":"https:\/\/lfipalma.es\/fr\/wp-json\/wp\/v2\/types\/page"}],"author":[{"embeddable":true,"href":"https:\/\/lfipalma.es\/fr\/wp-json\/wp\/v2\/users\/1"}],"replies":[{"embeddable":true,"href":"https:\/\/lfipalma.es\/fr\/wp-json\/wp\/v2\/comments?post=7736"}],"version-history":[{"count":0,"href":"https:\/\/lfipalma.es\/fr\/wp-json\/wp\/v2\/pages\/7736\/revisions"}],"wp:attachment":[{"href":"https:\/\/lfipalma.es\/fr\/wp-json\/wp\/v2\/media?parent=7736"}],"curies":[{"name":"wp","href":"https:\/\/api.w.org\/{rel}","templated":true}]}}