{"id":7770,"date":"2019-04-15T11:10:07","date_gmt":"2019-04-15T11:10:07","guid":{"rendered":"https:\/\/lfipalma.es\/?page_id=7770"},"modified":"2021-02-22T15:15:30","modified_gmt":"2021-02-22T15:15:30","slug":"accompagnement-personnalise-pour-un-projet-dorientation-ambitieux","status":"publish","type":"page","link":"https:\/\/lfipalma.es\/fr\/accompagnement-personnalise-pour-un-projet-dorientation-ambitieux\/","title":{"rendered":"Accompagnement  personnalis\u00e9 pour  un projet  d\u2019orientation ambitieux"},"content":{"rendered":"<p>[vc_row][vc_column][vc_btn title=\u00a0\u00bbRevenir\u00a0\u00bb link=\u00a0\u00bburl:https%3A%2F%2Flfipalma.es%2Ffr%2Fprojet-educatif%2F|||\u00a0\u00bb][\/vc_column][\/vc_row][vc_row][vc_column width=\u00a0\u00bb1\/2&Prime;][vc_column_text]<\/p>\n<p class=\"p1\">Depuis plus de 40 ans, l\u2019\u00e9quipe p\u00e9dagogique s\u2019appuie sur des bases solides pour accompagner nos \u00e9l\u00e8ves vers la r\u00e9ussite:<\/p>\n<p class=\"p1\">Une ambiance de travail sereine et familiale\u200b renforc\u00e9e par des protocoles visant \u00e0 garantir un bon climat scolaire (tutorat, accueil, respect des diff\u00e9rences, lutte contre le harc\u00e8lement&#8230;).<\/p>\n<p>&nbsp;<\/p>\n<p class=\"p1\"><span class=\"s1\" style=\"color: #003366;\"><b>Un suivi personnalis\u00e9 des \u00e9l\u00e8ves \u200b:<\/b><\/span><\/p>\n<p class=\"p2\">\u2022 De la maternelle au Lyc\u00e9e, un travail dans la continuit\u00e9;<\/p>\n<p class=\"p2\">\u2022 Un taux d\u2019encadrement \u00e9lev\u00e9;<\/p>\n<p class=\"p2\">\u2022 Des groupes de comp\u00e9tences adapt\u00e9s aux niveaux des \u00e9l\u00e8ves en langues;<\/p>\n<p class=\"p2\">\u2022 Des protocoles et des partenariats pour assurer le suivi des \u00e9l\u00e8ves \u00e0 besoin \u00e9ducatifs particuliers (Haut Potentiel IntellectueL, Dys&#8230;).<\/p>\n<p class=\"p1\"><span class=\"s1\" style=\"color: #003366;\"><b>Un gage de r\u00e9ussite :<\/b><\/span><\/p>\n<p class=\"p2\">\u2022 En France, en Espagne et ailleurs dans le monde dans des \u00e9tablissements prestigieux\u200b;<\/p>\n<p class=\"p2\"><span class=\"s2\">\u2022 92% de nos \u00e9l\u00e8ves \u00e9tudient dans l\u2019universit\u00e9 choisie en premi\u00e8re position (Commerce: 23%, <\/span><span class=\"s2\">Sciences: 25%, Sciences humaines et sociales: 20%, Droit:14%, Sant\u00e9: 9%, CPGE: 5%, autres: <\/span><span class=\"s2\">4%).<\/span><\/p>\n<p class=\"p1\"><span class=\"s1\">\u00a0<\/span><\/p>\n<p>[\/vc_column_text][\/vc_column][vc_column width=\u00a0\u00bb1\/2&Prime;][vc_column_text]<\/p>\n<h4 class=\"p1\" style=\"text-align: right;\"><span style=\"color: #808080;\"><i>\u201cLearning is our opportunity to acquire new skills with which we build our future\u201d. <\/i><\/span><\/h4>\n<p class=\"p2\" style=\"text-align: right;\"><span style=\"color: #003366;\"><strong><span class=\"s1\">(Johanna &amp; Nina, Terminale &#8211; 2\u00b0 Bac.)<\/span><\/strong><\/span><\/p>\n<p>[\/vc_column_text][vc_single_image image=\u00a0\u00bb6756&Prime; img_size=\u00a0\u00bbfull\u00a0\u00bb][\/vc_column][\/vc_row]<\/p>\n","protected":false},"excerpt":{"rendered":"<p>[vc_row][vc_column][vc_btn title=\u00a0\u00bbRevenir\u00a0\u00bb link=\u00a0\u00bburl:https%3A%2F%2Flfipalma.es%2Ffr%2Fprojet-educatif%2F|||\u00a0\u00bb][\/vc_column][\/vc_row][vc_row][vc_column width=\u00a0\u00bb1\/2&Prime;][vc_column_text] Depuis plus de 40 ans, l\u2019\u00e9quipe p\u00e9dagogique s\u2019appuie sur des bases solides pour accompagner nos \u00e9l\u00e8ves vers la r\u00e9ussite: Une ambiance de travail sereine et familiale\u200b renforc\u00e9e par des protocoles visant \u00e0 garantir un bon climat scolaire (tutorat, accueil, respect des diff\u00e9rences, lutte contre le harc\u00e8lement&#8230;). &nbsp; Un suivi personnalis\u00e9 des [&hellip;]<\/p>\n","protected":false},"author":1,"featured_media":0,"parent":0,"menu_order":0,"comment_status":"closed","ping_status":"closed","template":"","meta":{"_monsterinsights_skip_tracking":false,"_monsterinsights_sitenote_active":false,"_monsterinsights_sitenote_note":"","_monsterinsights_sitenote_category":0,"_uf_show_specific_survey":0,"_uf_disable_surveys":false,"footnotes":""},"aioseo_notices":[],"_links":{"self":[{"href":"https:\/\/lfipalma.es\/fr\/wp-json\/wp\/v2\/pages\/7770"}],"collection":[{"href":"https:\/\/lfipalma.es\/fr\/wp-json\/wp\/v2\/pages"}],"about":[{"href":"https:\/\/lfipalma.es\/fr\/wp-json\/wp\/v2\/types\/page"}],"author":[{"embeddable":true,"href":"https:\/\/lfipalma.es\/fr\/wp-json\/wp\/v2\/users\/1"}],"replies":[{"embeddable":true,"href":"https:\/\/lfipalma.es\/fr\/wp-json\/wp\/v2\/comments?post=7770"}],"version-history":[{"count":0,"href":"https:\/\/lfipalma.es\/fr\/wp-json\/wp\/v2\/pages\/7770\/revisions"}],"wp:attachment":[{"href":"https:\/\/lfipalma.es\/fr\/wp-json\/wp\/v2\/media?parent=7770"}],"curies":[{"name":"wp","href":"https:\/\/api.w.org\/{rel}","templated":true}]}}