{"id":7798,"date":"2019-04-15T11:55:28","date_gmt":"2019-04-15T11:55:28","guid":{"rendered":"https:\/\/lfipalma.es\/?page_id=7798"},"modified":"2023-01-25T10:30:41","modified_gmt":"2023-01-25T08:30:41","slug":"une-journee-a-lfp","status":"publish","type":"page","link":"https:\/\/lfipalma.es\/fr\/une-journee-a-lfp\/","title":{"rendered":"Une journ\u00e9e au LFiP"},"content":{"rendered":"<p>[vc_row 0=\u00a0\u00bb\u00a0\u00bb][vc_column][vc_video link=\u00a0\u00bbhttps:\/\/youtu.be\/5t_wgeFz6lQ\u00a0\u00bb][vc_empty_space height=\u00a0\u00bb40px\u00a0\u00bb][\/vc_column][\/vc_row][vc_row 0=\u00a0\u00bb\u00a0\u00bb disable_element=\u00a0\u00bbyes\u00a0\u00bb][vc_column][vc_video link=\u00a0\u00bbhttps:\/\/youtu.be\/aVHis4CdNHA\u00a0\u00bb][vc_empty_space height=\u00a0\u00bb20px\u00a0\u00bb]<h3 style=\"color:;\" class=\"ztl-mobile-center ztl-accent-font ztl-center ztl-font-normal\">VISITA GUIADA<\/h3><h4 style=\"color:;line-height:1.3;\" class=\"ztl-mobile-center ztl-main-font ztl-center ztl-font-light\">``4 idiomas, 3 culturas``<\/h4>[vc_empty_space height=\u00a0\u00bb20px\u00a0\u00bb][vc_column_text 0=\u00a0\u00bb\u00a0\u00bb]<\/p>\n<p style=\"text-align: center;\"><span style=\"font-weight: 400;\">Si desea matricular a su hijo(a) en nuestro centro o solamente quiere descubrir nuestro sistema multiling\u00fce de ense\u00f1anza, el Liceo Franc\u00e9s de Palma, les propone visitas. Alexandre Debarre, Director de la Educaci\u00f3n Primaria, les propondr\u00e1 una presentaci\u00f3n del sistema de ense\u00f1anza as\u00ed como una visita a las instalaciones del centro. <\/span><\/p>\n<p style=\"text-align: center;\"><span style=\"font-weight: 400;\">No dude en contactar con nosotros por tel\u00e9fono al 971.73.92.60 o bien por correo: <\/span><span style=\"font-weight: 400;\">secretaria.palma@mlfmonde.org<\/span><\/p>\n<p style=\"text-align: center;\"><b>Ser francoparlante no es un requisito para matricularse.<\/b><\/p>\n<p>[\/vc_column_text][vc_empty_space height=\u00a0\u00bb40px\u00a0\u00bb][\/vc_column][\/vc_row]<\/p>\n","protected":false},"excerpt":{"rendered":"<p>[vc_row 0=\u00a0\u00bb\u00a0\u00bb][vc_column][vc_video link=\u00a0\u00bbhttps:\/\/youtu.be\/5t_wgeFz6lQ\u00a0\u00bb][vc_empty_space height=\u00a0\u00bb40px\u00a0\u00bb][\/vc_column][\/vc_row][vc_row 0=\u00a0\u00bb\u00a0\u00bb disable_element=\u00a0\u00bbyes\u00a0\u00bb][vc_column][vc_video link=\u00a0\u00bbhttps:\/\/youtu.be\/aVHis4CdNHA\u00a0\u00bb][vc_empty_space height=\u00a0\u00bb20px\u00a0\u00bb][vc_empty_space height=\u00a0\u00bb20px\u00a0\u00bb][vc_column_text 0=\u00a0\u00bb\u00a0\u00bb] Si desea matricular a su hijo(a) en nuestro centro o solamente quiere descubrir nuestro sistema multiling\u00fce de ense\u00f1anza, el Liceo Franc\u00e9s de Palma, les propone visitas. Alexandre Debarre, Director de la Educaci\u00f3n Primaria, les propondr\u00e1 una presentaci\u00f3n del sistema de ense\u00f1anza as\u00ed como una visita [&hellip;]<\/p>\n","protected":false},"author":1,"featured_media":0,"parent":0,"menu_order":0,"comment_status":"closed","ping_status":"closed","template":"","meta":{"_monsterinsights_skip_tracking":false,"_monsterinsights_sitenote_active":false,"_monsterinsights_sitenote_note":"","_monsterinsights_sitenote_category":0,"_uf_show_specific_survey":0,"_uf_disable_surveys":false,"footnotes":""},"aioseo_notices":[],"_links":{"self":[{"href":"https:\/\/lfipalma.es\/fr\/wp-json\/wp\/v2\/pages\/7798"}],"collection":[{"href":"https:\/\/lfipalma.es\/fr\/wp-json\/wp\/v2\/pages"}],"about":[{"href":"https:\/\/lfipalma.es\/fr\/wp-json\/wp\/v2\/types\/page"}],"author":[{"embeddable":true,"href":"https:\/\/lfipalma.es\/fr\/wp-json\/wp\/v2\/users\/1"}],"replies":[{"embeddable":true,"href":"https:\/\/lfipalma.es\/fr\/wp-json\/wp\/v2\/comments?post=7798"}],"version-history":[{"count":1,"href":"https:\/\/lfipalma.es\/fr\/wp-json\/wp\/v2\/pages\/7798\/revisions"}],"predecessor-version":[{"id":16439,"href":"https:\/\/lfipalma.es\/fr\/wp-json\/wp\/v2\/pages\/7798\/revisions\/16439"}],"wp:attachment":[{"href":"https:\/\/lfipalma.es\/fr\/wp-json\/wp\/v2\/media?parent=7798"}],"curies":[{"name":"wp","href":"https:\/\/api.w.org\/{rel}","templated":true}]}}