{"id":9706,"date":"2019-04-30T10:43:59","date_gmt":"2019-04-30T10:43:59","guid":{"rendered":"https:\/\/lfipalma.es\/euro-parlamento\/"},"modified":"2022-12-15T16:13:18","modified_gmt":"2022-12-15T14:13:18","slug":"euro-parlamento","status":"publish","type":"page","link":"https:\/\/lfipalma.es\/fr\/euro-parlamento\/","title":{"rendered":"Euro Parlament"},"content":{"rendered":"<p>[vc_row][vc_column][vc_tta_tabs][vc_tta_section title=\u00a0\u00bbAccueil\u00a0\u00bb tab_id=\u00a0\u00bb1557309131999-7589e319-82e6&Prime;][vc_custom_heading source=\u00a0\u00bbpost_title\u00a0\u00bb font_container=\u00a0\u00bbtag:h2|text_align:center\u00a0\u00bb][vc_single_image image=\u00a0\u00bb7859&Prime; img_size=\u00a0\u00bbmedium\u00a0\u00bb alignment=\u00a0\u00bbcenter\u00a0\u00bb][vc_column_text]<\/p>\n<p style=\"text-align: center;\"><span style=\"color: #003366;\"><strong>UNE MOD\u00c9LISATION DU PARLEMENT EUROP\u00c9EN POUR LES \u00c9L\u00c8VES DE 13 \u00c0 18 ANS.<\/strong><\/span><\/p>\n<p>[\/vc_column_text][vc_column_text]<span style=\"color: #003366;\"><strong>Euro Parlamento Palma <\/strong><\/span><span lang=\"FR\">est la reproduction \u00e0 petite \u00e9chelle du fonctionnement du Parlement europ\u00e9en, le plus fid\u00e8lement possible : structure, fonctionnement, proc\u00e9dure des diff\u00e9rents organes, politiques des \u00c9tats, probl\u00e8mes mondiaux, etc.<\/span><\/p>\n<p class=\"Standard\" style=\"text-align: justify; text-justify: inter-ideograph;\"><span lang=\"FR\">Dans ce vaste jeu de r\u00f4le en fran\u00e7ais, espagnol et anglais, chaque jeune se voit confier le r\u00f4le d\u2019un d\u00e9put\u00e9 europ\u00e9en avec son pays, son parti et la commission dont il est membre. Dans ce contexte, les jeunes doivent proposer et d\u00e9fendre des r\u00e9solutions et des lois qui peuvent am\u00e9liorer la situation europ\u00e9enne.<\/span><\/p>\n<p class=\"Standard\" style=\"text-align: justify; text-justify: inter-ideograph;\"><span lang=\"FR\">Les sujets leur sont propos\u00e9s plusieurs mois \u00e0 l\u2019avance pour leur permettre de faire les recherches n\u00e9cessaires afin de mieux comprendre leur pays, le parti qu\u2019ils repr\u00e9sentent et les d\u00e9fis sur lesquels ils vont travailler.<\/span><\/p>\n<p>[\/vc_column_text][vc_btn title=\u00a0\u00bbBLOG\u00a0\u00bb color=\u00a0\u00bbprimary\u00a0\u00bb align=\u00a0\u00bbcenter\u00a0\u00bb link=\u00a0\u00bburl:https%3A%2F%2Feuroparlementpalma.wordpress.com%2F|target:_blank\u00a0\u00bb][vc_single_image image=\u00a0\u00bb12541&Prime; img_size=\u00a0\u00bbfull\u00a0\u00bb alignment=\u00a0\u00bbcenter\u00a0\u00bb][\/vc_tta_section][vc_tta_section title=\u00a0\u00bbPr\u00e9sentation\u00a0\u00bb tab_id=\u00a0\u00bb1557309132017-908ba129-120f\u00a0\u00bb][vc_single_image image=\u00a0\u00bb7859&Prime; img_size=\u00a0\u00bbmedium\u00a0\u00bb alignment=\u00a0\u00bbcenter\u00a0\u00bb][vc_custom_heading text=\u00a0\u00bbPRESENTACI\u00d3N\u00a0\u00bb font_container=\u00a0\u00bbtag:h2|text_align:center\u00a0\u00bb][vc_column_text]<\/p>\n<div class=\"\"><strong style=\"color: #003366;\">Les objectifs du projet<\/strong><\/div>\n<div class=\"\">\n<div class=\"\">\n<p><span style=\"color: #003366;\"><strong>1)\u00a0Mieux <\/strong><strong>conna\u00eetre le<\/strong><strong> fonctionnement et le r\u00f4le de l\u2019Union Europ\u00e9enne et des institutions europ\u00e9ennes<\/strong><\/span><\/p>\n<p>Au travers d\u2019un vaste jeu de r\u00f4le transdisciplinaire simulant le fonctionnement du Parlement Europ\u00e9en, nous nous proposons de faire travailler ensemble coll\u00e9giens et lyc\u00e9ens d\u2019\u00e9tablissements locaux et internationaux et leurs enseignants<\/p>\n<p><span style=\"color: #003366;\"><strong>2)\u00a0Faire conna\u00eetre et comprendre les enjeux d\u2019aujourd\u2019hui et de demain<\/strong><\/span><\/p>\n<p>La conf\u00e9rence permet aux participants d\u2019appr\u00e9hender de mani\u00e8re concr\u00e8te et r\u00e9aliste des grandes questions europ\u00e9ennes.<\/p>\n<p><span style=\"color: #003366;\"><strong>3)\u00a0D\u00e9velopper une v\u00e9ritable citoyennet\u00e9 europ\u00e9enne en rendant l\u2019Union Europ\u00e9enne plus accessible et plus compr\u00e9hensible<\/strong><\/span><\/p>\n<p>Offrir aux jeunes la possibilit\u00e9 d\u2019\u00e9largir leur horizon, de se rencontrer et d\u2019\u00e9changer leurs id\u00e9es.<\/p>\n<p><span style=\"color: #003366;\"><strong>4)\u00a0D\u00e9velopper les qualit\u00e9s de communication \u00e9crite et orale chez les jeunes ainsi que les \u00e9changes multilingues et multiculturels<\/strong><\/span><\/p>\n<p>La conf\u00e9rence permet de valoriser les \u00e9l\u00e8ves de toutes langues et cultures scolaris\u00e9s dans nos \u00e9tablissements et de valoriser les langues (fran\u00e7ais, espagnol et anglais)<\/p>\n<p>&nbsp;<\/p>\n<h2><span style=\"color: #003366;\"><strong>5<sup>\u00e8me<\/sup> Euro Parlement Palma 2023<\/strong><\/span><\/h2>\n<p><span style=\"color: #003366;\"><strong>Nombre de participants :\u00a0<\/strong><\/span><\/p>\n<ul>\n<li>15 \u00e9tablissements scolaires d\u2019Allemagne, Espagne, France, Gr\u00e8ce, Lettonie, Luxembourg et Royaume Uni,<\/li>\n<li>250 eurod\u00e9put\u00e9s (\u00e9l\u00e8ves de 14 \u00e0 17 ans)<\/li>\n<li>2 pr\u00e9sidents par commission<\/li>\n<\/ul>\n<p><span style=\"color: #003366;\"><strong>Les commissions de la session 2023:<\/strong><\/span><\/p>\n<ol>\n<li>AFET + DROI : Affaires \u00e9trang\u00e8res et d\u00e9fense + Droits de l\u2019homme<\/li>\n<li>ECON + FISC : Affaires \u00e9conomiques et mon\u00e9taires + Affaires fiscales<\/li>\n<li>FEMM + TRAN : Droits de la femme et \u00e9galit\u00e9 des genres + Transports et tourisme<\/li>\n<li>AGRI + INGE : Agriculture et d\u00e9veloppement rural + ing\u00e9rence \u00e9trang\u00e8re dans tous les processus d\u00e9mocratiques de l\u2019UE, y compris la d\u00e9sinformation<\/li>\n<li>ENVI + ITRE : Environnement, sant\u00e9 publique et s\u00e9curit\u00e9 alimentaire + Industrie, recherche et \u00e9nergie<\/li>\n<li>AFCO + LIBE : Affaires constitutionnelles + Libert\u00e9s publiques<\/li>\n<\/ol>\n<p><a href=\"https:\/\/lfipalma.es\/wp-content\/uploads\/2022\/11\/EPP-Issues-2022-2.pdf\"><span style=\"color: #003366;\"><strong>\u00a0Les th\u00e8mes 2023 (\u00e0 t\u00e9l\u00e9charger)<\/strong><\/span><\/a><\/p>\n<h2><span style=\"color: #003366;\"><strong>Le r\u00f4le de l\u2019\u00e9l\u00e8ve\u00a0<\/strong><strong>\u00a0<\/strong><\/span><\/h2>\n<p><strong><span style=\"color: #003366;\">Les eurod\u00e9put\u00e9s:\u00a0<\/span><\/strong><\/p>\n<ul>\n<li>S\u2019informent sur l\u2019eurod\u00e9put\u00e9 qu\u2019ils repr\u00e9sentent, son pays, son parti et les th\u00e8mes de la commission\u00a0;<\/li>\n<li>Pr\u00e9parent un projet d\u2019Acte L\u00e9gislatif sur l\u2019un des th\u00e8mes de la commission\u00a0;<\/li>\n<li>Au cours de la r\u00e9union de la commission, d\u00e9battent avec d\u2019autres d\u00e9put\u00e9s, r\u00e9digent des propositions ou amendements communs, pr\u00e9sentent et d\u00e9fendent leurs propositions lors du d\u00e9bat en commission (et en s\u00e9ance pl\u00e9ni\u00e8re si le texte est approuv\u00e9 par la Commission).<strong>\u00a0<\/strong><\/li>\n<\/ul>\n<p><span style=\"color: #003366;\"><strong>Les pr\u00e9sidents de Commission :\u00a0<\/strong><\/span><\/p>\n<ul>\n<li>Aide les eurod\u00e9put\u00e9s de leur commission \u00e0 r\u00e9diger les propositions et amendements.<\/li>\n<li>Anime les d\u00e9bats dans les commissions\u00a0;<\/li>\n<\/ul>\n<p><strong>\u00a0<\/strong><\/p>\n<p><span style=\"color: #003366;\"><strong>Les pr\u00e9sidents de groupes politiques\u00a0<\/strong><\/span><\/p>\n<ul>\n<li>Pr\u00e9sentent les id\u00e9es politiques de leur groupe dans un discours d\u2019ouverture\u00a0;<\/li>\n<li>Encadrent et dirigent les eurod\u00e9put\u00e9s lors des commissions et de la session pl\u00e9ni\u00e8re.<\/li>\n<\/ul>\n<p><strong>\u00a0<\/strong><\/p>\n<p><span style=\"color: #003366;\"><strong>Les principales comp\u00e9tences d\u00e9velopp\u00e9es :\u00a0<\/strong><\/span><\/p>\n<ol>\n<li>Ma\u00eetrise du fonctionnement de l\u2019Union Europ\u00e9enne<\/li>\n<li>Connaissance des 27 pays membres de l\u2019Union Europ\u00e9enne<\/li>\n<li>Recherche d\u2019information et analyse de l\u2019actualit\u00e9<\/li>\n<li>Ecriture dans un cadre formel<\/li>\n<li>Prise de parole en public<\/li>\n<li>D\u00e9bat, n\u00e9gociation, recherche de consensus<\/li>\n<\/ol>\n<\/div>\n<\/div>\n<p><span style=\"color: #003366;\"><strong>Contacto:<\/strong><\/span><\/p>\n<p>Fran\u00e7ois\u00a0 CORNU, director del <span style=\"font-weight: 400;\">Lyc\u00e9e Fran\u00e7ais international de Palma<\/span>:<\/p>\n<p><a href=\"mailto:euro.parlament@mlfmonde.org\"><span style=\"font-weight: 400;\">europarlament.palma@mlfmonde.org<\/span><\/a>[\/vc_column_text][\/vc_tta_section][vc_tta_section title=\u00a0\u00bbPreparation Handbooks\u00a0\u00bb tab_id=\u00a0\u00bb1557309175317-caf43c1c-e1e5&Prime;][vc_single_image image=\u00a0\u00bb7865&Prime;][vc_column_text]<\/p>\n<h2><span style=\"color: #003366;\">T\u00e9l\u00e9chargements<\/span><\/h2>\n<p><a href=\"https:\/\/lfipalma.es\/wp-content\/uploads\/2021\/05\/Euro-parliament-Palma-2021-handbook-EN.pdf\"><span style=\"font-weight: 400;\">European Parliament Palma 2021 Handbook EN<\/span><\/a>[\/vc_column_text][\/vc_tta_section][vc_tta_section title=\u00a0\u00bbArchives\u00a0\u00bb tab_id=\u00a0\u00bb1557309177411-54793f7a-2c43&Prime;][vc_column_text]<a href=\"https:\/\/lfipalma.es\/wp-content\/uploads\/2022\/11\/Euro-parliament-Palma-2021-livret-FR.pdf\" target=\"_blank\" rel=\"noopener\">Europarlament Livret<\/a><\/p>\n<p><a href=\"https:\/\/lfipalma.es\/wp-content\/uploads\/2021\/05\/Pre\u0301sentation-Euro-Parlement-Palma-2021-FR.pdf\" target=\"_blank\" rel=\"noopener\">Pre\u0301sentation Euro Parlement Palma 2021<\/a>[\/vc_column_text][vc_single_image image=\u00a0\u00bb7871&Prime; img_size=\u00a0\u00bb\u00a0\u00bb][vc_single_image image=\u00a0\u00bb7867&Prime; img_size=\u00a0\u00bb\u00a0\u00bb][vc_btn title=\u00a0\u00bbEntrevista a Lia\u00a0\u00bb color=\u00a0\u00bbdanger\u00a0\u00bb size=\u00a0\u00bblg\u00a0\u00bb align=\u00a0\u00bbcenter\u00a0\u00bb i_icon_fontawesome=\u00a0\u00bbfa fa-id-badge\u00a0\u00bb add_icon=\u00a0\u00bbtrue\u00a0\u00bb link=\u00a0\u00bburl:https%3A%2F%2Flfipalma.es%2Fwp-content%2Fuploads%2F2019%2F05%2FLia-INTERVIEW-1.pdf||target:%20_blank|\u00a0\u00bb][vc_column_text]<span style=\"color: #ff6600;\"><b><i> \u00a0\u00a0\u00a0<\/i><\/b><b><i>BIENVENIDA A LA SEGUNDA EDICI\u00d3N DEL EUROPARLAMENTO DE PALMA <\/i><\/b><\/span><\/p>\n<p>&nbsp;<\/p>\n<p><span style=\"color: #003366;\"><b><i>El LFP organiza, por segundo a\u00f1o consecutivo, un proyecto pedag\u00f3gico que pretende acercar a los estudiantes al funcionamiento del Parlamento Europeo. 160 alumnos de diversos institutos de Baleares y Tenerife se han reunido como eurodiputados en el Auditorium de Palma.<\/i><\/b><\/span><\/p>\n<p>&nbsp;<\/p>\n<p><span style=\"font-weight: 400;\">Hoy arranca la que es una cita pedag\u00f3gica ineludible para conocer desde dentro el funcionamiento del Parlamento Europeo. <\/span><\/p>\n<p><span style=\"font-weight: 400;\">Asisten los alumnos convertidos en Eurodiputados que vivir\u00e1n una experiencia \u00fanica y enriquecedora. <\/span><\/p>\n<p><span style=\"font-weight: 400;\">Los Eurodiputados se han integrado en 6 comisiones diferentes donde han tratado los principales problemas que acucian a los Europeos con el fin de elaborar un texto legislativo que de llegar a buen puerto se convertir\u00e1 en un acto legislativo de derecho, siempre entendiendo que es un juego lo m\u00e1s parecido a lo real.<\/span><\/p>\n<p><span style=\"font-weight: 400;\">Los alumnos deber\u00e1n proponer un texto legislativo que es enmendado, aprobado total y parcialmente mediante el debate entre partidos con el fin de llegar a un acuerdo que contente a la mayor parte.<\/span><\/p>\n<p><span style=\"font-weight: 400;\">En los di\u00e1logos debe primar el respeto sin ceder a los planteamientos ideol\u00f3gicos de otros partidos siendo fiel a la ideolog\u00eda del propio.<\/span><\/p>\n<p><span style=\"font-weight: 400;\">De tal manera que el pr\u00f3ximo d\u00eda, reunidos en un hemiciclo , 160 alumnos tendr\u00e1n que dar su voto aquellas propuestas que m\u00e1s consenso hayan alcanzado.<\/span><\/p>\n<p>&nbsp;<\/p>\n<p><span style=\"font-weight: 400; color: #003366;\">Las comisiones est\u00e1n distribuidas:<\/span><\/p>\n<p><span style=\"font-weight: 400;\">-Foreign Affairs &amp; Defence <span style=\"color: #003366;\">(AFET)<\/span><\/span><\/p>\n<p><span style=\"font-weight: 400;\">-Culture and Education<span style=\"color: #003366;\">(CULT)<\/span><\/span><\/p>\n<p><span style=\"font-weight: 400;\">-Human Rights <span style=\"color: #003366;\">(DROI)<\/span><\/span><\/p>\n<p><span style=\"font-weight: 400;\">-Civil Liberties,Justice and Home Affairs <span style=\"color: #003366;\">(LIBE)<\/span><\/span><\/p>\n<p><span style=\"font-weight: 400;\">-Environment,Public Health and Food Safety <span style=\"color: #003366;\">(ENVI)<\/span><\/span><\/p>\n<p><span style=\"font-weight: 400;\">-Transport and Tourism <span style=\"color: #003366;\">(TRAN)<\/span><\/span><\/p>\n<p><span style=\"font-weight: 400;\">Y ma\u00f1ana, D\u00eda de Europa, no hay mejor manera de celebrarlo que con una sesi\u00f3n plenaria. \u00a1 Suerte Eurodiputados!<\/span><\/p>\n<p>&nbsp;<\/p>\n<p><span style=\"font-weight: 400;\"><span style=\"color: #ff6600;\">Texto de:<\/span><br \/>\n<\/span><span style=\"font-weight: 400; color: #003366;\">Luc\u00eda Flores, Erika Costa, Marilyn Jara. <\/span>[\/vc_column_text][vc_column_text]<b><span style=\"color: #ff6600;\">\u201cResulta de m\u00e1xima importancia que todos los pa\u00edses adopten el euro como moneda de intercambio\u201d.<\/span><br \/>\n<\/b><span style=\"color: #003366;\"><b><i>-Maria Sardi , Eurodiputada de Asuntos Exteriores y Defensa. <\/i><\/b><\/span><\/p>\n<p>&nbsp;<\/p>\n<p><span style=\"font-weight: 400;\">Buenos d\u00edas , somos las reporteras y nos gustar\u00eda poderle realizar una serie de preguntas.<\/span><\/p>\n<p><span style=\"font-weight: 400;\">Tras las elecciones Europeas se est\u00e1 planteando el futuro de Europa. Hablamos de una crisis de identidad Europea, Inglaterra es posible que abandone la Uni\u00f3n Europea, podr\u00eda desencadenarse una salida violenta por parte de otros pa\u00edses y la subida de los partidos nacionalistas.<\/span><\/p>\n<p>&nbsp;<\/p>\n<p><span style=\"color: #003366;\"><span style=\"font-weight: 400;\">1.<\/span><span style=\"font-weight: 400;\">\u00bfQu\u00e9 posici\u00f3n mantiene vuestro grupo pol\u00edtico ?<\/span><\/span><\/p>\n<p><span style=\"font-weight: 400;\">-Respecto al bretxit deber\u00edan ser una mayor\u00eda de un 60% y no un 50% de la ciudadan\u00eda quien pudiera decidir el destino de la naci\u00f3n, dificultando de est\u00e0 manera una decisi\u00f3n tan precipitada y tan contraproducente. Queremos reforzar la educaci\u00f3n y crear una asignatura en los colegios relacionada con todo lo referente a Europa y as\u00ed en un futuro tengamos ciudadanos comprometidos con Europa, ciudadanos que voten en las selecciones Europeas y sientan a Europa como algo suyo.<\/span><\/p>\n<p>&nbsp;<\/p>\n<p><span style=\"font-weight: 400;\"><span style=\"color: #ff6600;\">Entrevistadora:<\/span>Todas las personas deber\u00edan entonces ser capaces llegado su momento de tomar decisiones de saber elegir aquello que m\u00e1s conviene a la comunidad.<\/span><\/p>\n<p>&nbsp;<\/p>\n<p><span style=\"color: #003366;\"><span style=\"font-weight: 400;\">2.<\/span><span style=\"font-weight: 400;\">\u00bfQu\u00e9 posici\u00f3n pol\u00edtica mantiene su partido?<\/span><\/span><\/p>\n<p>&nbsp;<\/p>\n<p><span style=\"font-weight: 400;\">-Somos un partido de centro derecha.<\/span><\/p>\n<p>&nbsp;<\/p>\n<p><span style=\"color: #003366;\"><span style=\"font-weight: 400;\">3.<\/span><span style=\"font-weight: 400;\">\u00bfQu\u00e9 medidas legislativas propone?<\/span><\/span><\/p>\n<p>&nbsp;<\/p>\n<p><span style=\"font-weight: 400;\">-Resulta de suma importancia que todos los pa\u00edses adopten el euro como moneda de intercambio, como forma indispensable para el mantenimiento de la econom\u00eda, adem\u00e1s el fundamento de la Uni\u00f3n Europea fue la libre circulaci\u00f3n de personas, bienes y servicios dentro de un mercado \u00fanico y solidario. Con monedas diferentes la complejidad de las transacciones y la convertibilidad generalizada problemas que ya ten\u00edamos en el pasado. <\/span><\/p>\n<p>&nbsp;<\/p>\n<p><span style=\"color: #003366;\"><span style=\"font-weight: 400;\">4.<\/span><span style=\"font-weight: 400;\">\u00bfSe ha logrado alg\u00fan consenso con los dem\u00e1s partidos pol\u00edticos?<\/span><\/span><\/p>\n<p>&nbsp;<\/p>\n<p><span style=\"font-weight: 400;\">-En general ha habido discrepancias con el tema de el euro y con la visi\u00f3n del mercado econ\u00f3mico, pero b\u00e1sicamente nuestras posiciones est\u00e1n saliendo adelante, creo que llegaremos a un buen acuerdo donde todos saldremos ganando.<\/span><\/p>\n<p>&nbsp;<\/p>\n<p><span style=\"font-weight: 400; color: #ff6600;\">Reporteras: <\/span><\/p>\n<p><span style=\"font-weight: 400;\">-Muchas gracias por todo Maria Sardi del colegio Arcangel San Rafael en el papel de eurodiputada en el partido de EPP.<\/span>[\/vc_column_text][vc_single_image image=\u00a0\u00bb7914&Prime; img_size=\u00a0\u00bbmedium\u00a0\u00bb alignment=\u00a0\u00bbcenter\u00a0\u00bb][\/vc_tta_section][\/vc_tta_tabs][\/vc_column][\/vc_row][vc_row][vc_column width=\u00a0\u00bb1\/4&Prime;][vc_single_image image=\u00a0\u00bb12543&Prime; img_size=\u00a0\u00bb\u00a0\u00bb alignment=\u00a0\u00bbcenter\u00a0\u00bb][\/vc_column][vc_column width=\u00a0\u00bb1\/4&Prime;][vc_single_image image=\u00a0\u00bb12547&Prime; img_size=\u00a0\u00bb\u00a0\u00bb alignment=\u00a0\u00bbcenter\u00a0\u00bb][\/vc_column][vc_column width=\u00a0\u00bb1\/4&Prime;][vc_single_image image=\u00a0\u00bb12545&Prime; img_size=\u00a0\u00bb\u00a0\u00bb alignment=\u00a0\u00bbcenter\u00a0\u00bb][\/vc_column][vc_column width=\u00a0\u00bb1\/4&Prime;][vc_single_image image=\u00a0\u00bb12549&Prime; img_size=\u00a0\u00bb\u00a0\u00bb alignment=\u00a0\u00bbcenter\u00a0\u00bb][\/vc_column][\/vc_row][vc_row disable_element=\u00a0\u00bbyes\u00a0\u00bb][vc_column][vc_column_text]<\/p>\n<h2 style=\"text-align: center;\"><span style=\"color: #003366;\">Registration for 2020 conference now open.<\/span><\/h2>\n<p>[\/vc_column_text][vc_btn title=\u00a0\u00bbCONTACTO\u00a0\u00bb color=\u00a0\u00bbjuicy-pink\u00a0\u00bb align=\u00a0\u00bbcenter\u00a0\u00bb link=\u00a0\u00bburl:mailto%3Aeuroparlament.palma%40mlfmonde.org%20||target:%20_blank|\u00a0\u00bb][\/vc_column][\/vc_row]<\/p>\n","protected":false},"excerpt":{"rendered":"<p>[vc_row][vc_column][vc_tta_tabs][vc_tta_section title=\u00a0\u00bbAccueil\u00a0\u00bb tab_id=\u00a0\u00bb1557309131999-7589e319-82e6&Prime;][vc_custom_heading source=\u00a0\u00bbpost_title\u00a0\u00bb font_container=\u00a0\u00bbtag:h2|text_align:center\u00a0\u00bb][vc_single_image image=\u00a0\u00bb7859&Prime; img_size=\u00a0\u00bbmedium\u00a0\u00bb alignment=\u00a0\u00bbcenter\u00a0\u00bb][vc_column_text] UNE MOD\u00c9LISATION DU PARLEMENT EUROP\u00c9EN POUR LES \u00c9L\u00c8VES DE 13 \u00c0 18 ANS. [\/vc_column_text][vc_column_text]Euro Parlamento Palma est la reproduction \u00e0 petite \u00e9chelle du fonctionnement du Parlement europ\u00e9en, le plus fid\u00e8lement possible : structure, fonctionnement, proc\u00e9dure des diff\u00e9rents organes, politiques des \u00c9tats, probl\u00e8mes mondiaux, etc. Dans ce vaste [&hellip;]<\/p>\n","protected":false},"author":1,"featured_media":0,"parent":0,"menu_order":0,"comment_status":"closed","ping_status":"closed","template":"","meta":{"_monsterinsights_skip_tracking":false,"_monsterinsights_sitenote_active":false,"_monsterinsights_sitenote_note":"","_monsterinsights_sitenote_category":0,"_uf_show_specific_survey":0,"_uf_disable_surveys":false,"footnotes":""},"aioseo_notices":[],"_links":{"self":[{"href":"https:\/\/lfipalma.es\/fr\/wp-json\/wp\/v2\/pages\/9706"}],"collection":[{"href":"https:\/\/lfipalma.es\/fr\/wp-json\/wp\/v2\/pages"}],"about":[{"href":"https:\/\/lfipalma.es\/fr\/wp-json\/wp\/v2\/types\/page"}],"author":[{"embeddable":true,"href":"https:\/\/lfipalma.es\/fr\/wp-json\/wp\/v2\/users\/1"}],"replies":[{"embeddable":true,"href":"https:\/\/lfipalma.es\/fr\/wp-json\/wp\/v2\/comments?post=9706"}],"version-history":[{"count":5,"href":"https:\/\/lfipalma.es\/fr\/wp-json\/wp\/v2\/pages\/9706\/revisions"}],"predecessor-version":[{"id":16367,"href":"https:\/\/lfipalma.es\/fr\/wp-json\/wp\/v2\/pages\/9706\/revisions\/16367"}],"wp:attachment":[{"href":"https:\/\/lfipalma.es\/fr\/wp-json\/wp\/v2\/media?parent=9706"}],"curies":[{"name":"wp","href":"https:\/\/api.w.org\/{rel}","templated":true}]}}